{"id":354,"date":"2019-11-15T19:27:31","date_gmt":"2019-11-15T19:27:31","guid":{"rendered":"https:\/\/site.educa.madrid.org\/cp.mariadevillota.madrid\/?page_id=354"},"modified":"2024-09-04T11:16:07","modified_gmt":"2024-09-04T09:16:07","slug":"informaciones-2","status":"publish","type":"page","link":"https:\/\/site.educa.madrid.org\/cp.mariadevillota.madrid\/index.php\/informaciones-2\/","title":{"rendered":"Informaciones"},"content":{"rendered":"\n<p><\/p>\n\n\n\n<p><\/p>\n\n\n\n<p class=\"has-text-align-center has-black-color has-text-color has-background has-link-color has-large-font-size wp-elements-c0606c078323cf7d99deabe930b7e5c0\" style=\"background-color:#d7b6f6\"><strong>BECAS DE COMEDOR ESCOLAR 2024-2025<\/strong><\/p>\n\n\n\n<p class=\"has-black-color has-text-color has-link-color wp-elements-3839304e0476f016ee9c9ccd327eac36\"><strong>Estimadas familias,<\/strong><\/p>\n\n\n\n<p class=\"has-black-color has-text-color has-link-color wp-elements-4b4c1b0f1377e6d962a5918f4ac34e26\"><strong>Os informamos de la publicaci\u00f3n en BOCM del extracto de la Orden 2232\/2024, de la Consejer\u00eda de Educaci\u00f3n, Ciencia y Universidades, por la que se declara el importe de los cr\u00e9ditos disponibles para la concesi\u00f3n directa de las becas para comedor escolar para alumnos\/as escolarizados en centros sostenidos con fondos p\u00fablicos de la Comunidad de Madrid, durante el per\u00edodo lectivo del curso 2024-2025. El plazo de presentaci\u00f3n de solicitudes de beca para comedor escolar ser\u00e1 de 20 d\u00edas h\u00e1biles y abarcar\u00e1&nbsp;desde el 21 de mayo al 17 de junio, ambos inclusive.<\/strong><\/p>\n\n\n\n<p class=\"has-black-color has-text-color has-link-color wp-elements-564db9ea0ed67ed8f9494b439fa2769b\"><strong>Las solicitudes se presentar\u00e1n prioritariamente de manera telem\u00e1tica, a trav\u00e9s del Portal de Internet de la Comunidad de Madrid. Os dejamos los dos enlaces necesarios para llevar a cabo el proceso:<\/strong><\/p>\n\n\n\n<p><a href=\"https:\/\/sede.comunidad.madrid\/ayudas-becas-subvenciones\/becas-comedor-escolar-2024-2025\">https:\/\/sede.comunidad.madrid\/ayudas-becas-subvenciones\/becas-comedor-escolar-2024-2025<\/a><\/p>\n\n\n\n<p><a href=\"https:\/\/www.comunidad.madrid\/servicios\/educacion\/becas-comedor-escolar\">https:\/\/www.comunidad.madrid\/servicios\/educacion\/becas-comedor-escolar<\/a><\/p>\n\n\n\n<p class=\"has-black-color has-text-color has-link-color wp-elements-b121bb8749f9291fe895cf71040327ed\"><strong>Si alguna familia no dispone de certificado digital, podr\u00e1 entregar la solicitud y la documentaci\u00f3n en un Registro de la Comunidad de Madrid.<\/strong>&nbsp;<strong>En el siguiente enlace pod\u00e9is concertar cita previa en los Registros. Si alguien tiene alguna duda, pod\u00e9is contactar con Secretar\u00eda.&nbsp;Os indicamos asimismo los enlaces a las preguntas m\u00e1s frecuentes sobre el procedimiento.<\/strong><\/p>\n\n\n\n<p><a href=\"https:\/\/site.educa.madrid.org\/cp.mariadevillota.madrid\/\/wp-content\/uploads\/cp.mariadevillota.madrid\/2024\/05\/Preguntas-mas-frecuentes-fase-presentacion-de-solicitudes.pdf\"><strong>Preguntas-mas-frecuentes-fase-presentacion-de-solicitudes<\/strong>Descarga<\/a><\/p>\n\n\n\n<p><a href=\"https:\/\/site.educa.madrid.org\/cp.mariadevillota.madrid\/\/wp-content\/uploads\/cp.mariadevillota.madrid\/2024\/05\/BECAS-DE-COMEDOR-TUTORIAL-1.pdf\"><strong>BECAS-DE-COMEDOR-TUTORIAL-1<\/strong>Descarga<\/a><\/p>\n\n\n\n<p><a href=\"https:\/\/site.educa.madrid.org\/cp.mariadevillota.madrid\/\/wp-content\/uploads\/cp.mariadevillota.madrid\/2024\/05\/Procedimiento-Presentacion-Becas-comedor-escolar-2024-25.pdf\"><strong>Procedimiento-Presentacion-Becas-comedor-escolar-2024-25<\/strong>Descarga<\/a><\/p>\n\n\n\n<p><a href=\"https:\/\/www.comunidad.madrid\/servicios\/atencion-ciudadano\/cita-previa-oficinas-registro-atencion-ciudadano\">https:\/\/www.comunidad.madrid\/servicios\/atencion-ciudadano\/cita-previa-oficinas-registro-atencion-ciudadano<\/a><\/p>\n\n\n\n<p><\/p>\n\n\n\n<p class=\"has-background\" style=\"background-color:#6bb7e3;font-size:22px\"><strong><mark style=\"background-color:rgba(0, 0, 0, 0);color:#111111\" class=\"has-inline-color\">AYUDAS PARA ALUMNOS CON NECESIDAD ESPEC\u00cdFICA DE APOYO EDUCATIVO PARA EL CURSO ACAD\u00c9MICO 2024-2025<\/mark><\/strong><\/p>\n\n\n\n<p class=\"has-background\" style=\"background-color:#e7eff6\"><strong><mark style=\"background-color:rgba(0, 0, 0, 0);color:#151414\" class=\"has-inline-color\"><br><\/mark><\/strong>Estimadas familias,<br>El plazo para solicitar las ayudas para alumnado con necesidades espec\u00edficas de apoyo educativo comienza el d\u00eda 30 de abril y termina el d\u00eda 13 de septiembre. Ten\u00e9is toda la informaci\u00f3n sobre la tramitaci\u00f3n en la web del Ministerio:&nbsp;<a rel=\"noreferrer noopener\" href=\"https:\/\/www.becaseducacion.gob.es\/becas-y-ayudas\/ayudas-apoyo-educativo\/tipos-de-becas.html\" target=\"_blank\">https:\/\/www.becaseducacion.gob.es\/becas-y-ayudas\/ayudas-apoyo-educativo\/tipos-de-becas.html<\/a><br>Un saludo cordial.&nbsp;<\/p>\n\n\n\n<figure class=\"wp-block-image size-full\"><img loading=\"lazy\" decoding=\"async\" width=\"676\" height=\"1024\" src=\"https:\/\/site.educa.madrid.org\/cp.mariadevillota.madrid\/\/wp-content\/uploads\/cp.mariadevillota.madrid\/2024\/06\/Becas-Acneae.jpg\" alt=\"\" class=\"wp-image-13082\" srcset=\"https:\/\/site.educa.madrid.org\/cp.mariadevillota.madrid\/\/wp-content\/uploads\/cp.mariadevillota.madrid\/2024\/06\/Becas-Acneae.jpg 676w, https:\/\/site.educa.madrid.org\/cp.mariadevillota.madrid\/\/wp-content\/uploads\/cp.mariadevillota.madrid\/2024\/06\/Becas-Acneae-198x300.jpg 198w\" sizes=\"auto, (max-width: 676px) 100vw, 676px\" \/><\/figure>\n\n\n\n<p class=\"has-text-align-center has-background has-medium-font-size\" style=\"background-color:#68a3c7\"><strong><mark style=\"background-color:rgba(0, 0, 0, 0);color:#121010\" class=\"has-inline-color\">PROCESO SELECCI\u00d3N DE DIRECTORES<\/mark><\/strong><\/p>\n\n\n\n<p class=\"has-background\" style=\"background-color:#f1f7fc\"><strong><mark style=\"background-color:rgba(0, 0, 0, 0);color:#0f0f0f\" class=\"has-inline-color\">A continuaci\u00f3n se publica informaci\u00f3n relativa al Concurso de M\u00e9ritos para la renovaci\u00f3n y la selecci\u00f3n de directores de centros docentes p\u00fablicos no universitarios de la Comunidad de Madrid.<\/mark><\/strong><\/p>\n\n\n\n<p><\/p>\n\n\n\n<div class=\"wp-block-file aligncenter\"><a id=\"wp-block-file--media-8aef296d-46de-49ee-8e8d-7c0e90078de4\" href=\"https:\/\/site.educa.madrid.org\/cp.mariadevillota.madrid\/\/wp-content\/uploads\/cp.mariadevillota.madrid\/2023\/04\/CITACION-SELECCION-DE-DIRECCION.pdf\"><strong><mark style=\"background-color:rgba(0, 0, 0, 0);color:#090808\" class=\"has-inline-color\">CITACION-SELECCION-DE-DIRECCION<\/mark><\/strong><\/a><a href=\"https:\/\/site.educa.madrid.org\/cp.mariadevillota.madrid\/\/wp-content\/uploads\/cp.mariadevillota.madrid\/2023\/04\/CITACION-SELECCION-DE-DIRECCION.pdf\" class=\"wp-block-file__button wp-element-button\" download aria-describedby=\"wp-block-file--media-8aef296d-46de-49ee-8e8d-7c0e90078de4\">Descarga<\/a><\/div>\n\n\n\n<p><\/p>\n\n\n\n<p class=\"has-text-align-center has-background\" style=\"background-color:#f07e7e;font-size:25px\"><strong><mark style=\"background-color:rgba(0, 0, 0, 0);color:#110f0f\" class=\"has-inline-color\">SOLICITUD PRECIO REDUCIDO COMEDOR 2022-2023<\/mark><\/strong><\/p>\n\n\n\n<p class=\"has-text-color has-background\" style=\"color:#050404;background-color:#bbf0db\"><strong>Estimadas familias: Se abre el plazo para la solicitud de precio reducido de comedor para el curso 2022-2023. Pueden acogerse a estas ayudas:<\/strong><\/p>\n\n\n\n<p class=\"has-text-color has-background\" style=\"color:#050404;background-color:#d7e4ef\"><strong>* Familias con&nbsp;una renta Per C\u00e1pita de la unidad familiar inferior a 4260\u20ac&nbsp;en el&nbsp;ejercicio 2020&nbsp;<\/strong><\/p>\n\n\n\n<p class=\"has-text-color has-background\" style=\"color:#050404;background-color:#d7e4ef\"><strong>* Familias beneficiarias de la&nbsp;Renta M\u00ednima de Inserci\u00f3n.<\/strong><\/p>\n\n\n\n<p class=\"has-text-color has-background\" style=\"color:#050404;background-color:#d7e4ef\"><strong>* Familias v\u00edctimas de&nbsp;violencia de g\u00e9nero.<\/strong><\/p>\n\n\n\n<p class=\"has-text-color has-background\" style=\"color:#050404;background-color:#d7e4ef\"><strong>* Familias beneficiarias del IMV.<\/strong><\/p>\n\n\n\n<p class=\"has-text-color has-background\" style=\"color:#050404;background-color:#d7e4ef\"><strong>* Familias&nbsp;V\u00edctimas del terrorismo.<\/strong><\/p>\n\n\n\n<p class=\"has-text-color has-background\" style=\"color:#050404;background-color:#d7e4ef\"><strong>* Alumnos en situaci\u00f3n de&nbsp;Acogimiento Familiar.<\/strong><\/p>\n\n\n\n<p class=\"has-text-color has-background\" style=\"color:#050404;background-color:#d7e4ef\"><strong>* Familias de Fuerzas y Cuerpos de seguridad del Estado (Guardia Civil y Polic\u00eda Nacional)<\/strong><\/p>\n\n\n\n<p class=\"has-text-color has-background\" style=\"color:#050404;background-color:#d7e4ef\"><strong>* Alumnos en situaci\u00f3n&nbsp;de protecci\u00f3n internacional.<\/strong><\/p>\n\n\n\n<p class=\"has-text-color has-background\" style=\"color:#0b0909;background-color:#c5f7e3\"><strong>La documentaci\u00f3n a entregar (seg\u00fan proceda) es la siguiente:<\/strong><\/p>\n\n\n\n<p class=\"has-text-color has-background\" style=\"color:#0b0909;background-color:#d4e3ef\"><strong>\u00b7Hoja de Solicitud&nbsp;a cumplimentar por las familias:<\/strong><\/p>\n\n\n\n<p><\/p>\n\n\n\n<div class=\"wp-block-file aligncenter\"><a id=\"wp-block-file--media-0aa7dbef-3f99-44a4-bfea-e8ee8bba5a65\" href=\"https:\/\/site.educa.madrid.org\/cp.mariadevillota.madrid\/\/wp-content\/uploads\/cp.mariadevillota.madrid\/2022\/06\/SOLICITUD-BECAS-COMEDOR-2022-2023-1.pdf\"><strong><mark style=\"background-color:rgba(0, 0, 0, 0);color:#0b0909\" class=\"has-inline-color\">SOLICITUD BECAS COMEDOR 2022-2023<\/mark><\/strong><\/a><a href=\"https:\/\/site.educa.madrid.org\/cp.mariadevillota.madrid\/\/wp-content\/uploads\/cp.mariadevillota.madrid\/2022\/06\/SOLICITUD-BECAS-COMEDOR-2022-2023-1.pdf\" class=\"wp-block-file__button wp-element-button\" download aria-describedby=\"wp-block-file--media-0aa7dbef-3f99-44a4-bfea-e8ee8bba5a65\">Descarga<\/a><\/div>\n\n\n\n<p><\/p>\n\n\n\n<p class=\"has-text-color has-background\" style=\"color:#0b0909;background-color:#d4e3ef\"><strong>\u00b7Libro de familia: solo para&nbsp;nuevos alumnos solicitantes por primera vez el precio reducido de comedor.<\/strong><\/p>\n\n\n\n<p class=\"has-text-color has-background\" style=\"color:#0b0909;background-color:#d4e3ef\"><strong>\u00b7&nbsp;Renta ejercicio 2020:&nbsp;aportar este documento en el caso de oponerse a la consulta.<\/strong><\/p>\n\n\n\n<p class=\"has-text-color has-background\" style=\"color:#0b0909;background-color:#d4e3ef\"><strong>\u00b7&nbsp;RMI:&nbsp;aportar este documento&nbsp;en el caso de oponerse a la consulta.<\/strong><\/p>\n\n\n\n<p class=\"has-text-color has-background\" style=\"color:#0b0909;background-color:#d4e3ef\"><strong>\u00b7IMV: Resoluci\u00f3n de la Consejer\u00eda de Pol\u00edticas Sociales por la que se extingue la RMI o resoluci\u00f3n de concesi\u00f3n del IMV<\/strong><\/p>\n\n\n\n<p class=\"has-text-color has-background\" style=\"color:#0b0909;background-color:#d4e3ef\"><strong>\u00b7&nbsp;Cuerpos de seguridad del Estado: Documento acreditativo actualizado de prestar servicio en la Comunidad de Madrid.<\/strong><\/p>\n\n\n\n<p class=\"has-text-color has-background\" style=\"color:#0b0909;background-color:#d4e3ef\"><strong>. Victima Terrorismo:&nbsp;Copia de la resoluci\u00f3n del Ministerio del Interior.<\/strong><\/p>\n\n\n\n<p class=\"has-text-color has-background\" style=\"color:#0b0909;background-color:#d4e3ef\"><strong>\u00b7&nbsp;Acogimiento familiar:&nbsp;Copia de la resoluci\u00f3n judicial del acogimiento o certificado de Comisi\u00f3n de Tutela.<\/strong><\/p>\n\n\n\n<p class=\"has-text-color has-background\" style=\"color:#0b0909;background-color:#d4e3ef\"><strong>\u00b7Violencia de g\u00e9nero. Orden de Protecci\u00f3n o cualquier otro de los medios previstos en el art\u00edculo 31 de la Ley 5\/2005<\/strong><\/p>\n\n\n\n<p class=\"has-text-color has-background\" style=\"color:#0b0909;background-color:#d4e3ef\"><strong>Protecci\u00f3n internacional: Resoluci\u00f3n del Ministerio del Interior.<\/strong><\/p>\n\n\n\n<p class=\"has-background\" style=\"background-color:#7ac6f6\"><strong><mark style=\"background-color:rgba(0, 0, 0, 0);color:#0f0e0e\" class=\"has-inline-color\">El primer plazo para entregar la solicitud comienza hoy d\u00eda 22, y termina el d\u00eda 4 de julio, lunes (el 5 de  septiembre se abrir\u00e1 un nuevo plazo, aunque la concesi\u00f3n de las becas de ese siguiente plazo se resolver\u00e1 en octubre, por lo que os recomendamos realizar la solicitud de precio reducido en esta primera fase). La solicitud se puede enviar firmada a trav\u00e9s del correo de Secretar\u00eda <\/mark><a href=\"mailto:secretaria.cp.mariadevillota.madrid@educa.madrid.org\"><mark style=\"background-color:rgba(0, 0, 0, 0);color:#060505\" class=\"has-inline-color\">secretaria.cp.mariadevillota.madrid@educa.madrid.org<\/mark><\/a><mark style=\"background-color:rgba(0, 0, 0, 0);color:#0f0e0e\" class=\"has-inline-color\"> o llamando al colegio para pedir cita previa y acudir a entregarla.<\/mark><\/strong><\/p>\n\n\n\n<p><\/p>\n\n\n\n<div class=\"wp-block-file aligncenter\"><a id=\"wp-block-file--media-f04029b4-dc6a-4ca2-b2e5-8daef65425af\" href=\"https:\/\/site.educa.madrid.org\/cp.mariadevillota.madrid\/\/wp-content\/uploads\/cp.mariadevillota.madrid\/2022\/06\/SOLICITUD-BECAS-COMEDOR-2022-2023.pdf\"><strong><mark style=\"background-color:rgba(0, 0, 0, 0);color:#0a0808\" class=\"has-inline-color\">SOLICITUD BECAS COMEDOR 2022-2023<\/mark><\/strong><\/a><a href=\"https:\/\/site.educa.madrid.org\/cp.mariadevillota.madrid\/\/wp-content\/uploads\/cp.mariadevillota.madrid\/2022\/06\/SOLICITUD-BECAS-COMEDOR-2022-2023.pdf\" class=\"wp-block-file__button wp-element-button\" download aria-describedby=\"wp-block-file--media-f04029b4-dc6a-4ca2-b2e5-8daef65425af\">Descarga<\/a><\/div>\n\n\n\n<p><\/p>\n\n\n\n<p class=\"has-very-light-gray-background-color has-background\">Si tiene alguna cuesti\u00f3n sobre documentos oficiales o necesita alg\u00fan formulario, m\u00e1ndenos un correo electr\u00f3nico a <a href=\"mailto:secretaria.cp.mariadevillota.madrid@educa.madrid.org\"><span style=\"color:#101111\" class=\"has-inline-color\">secretaria.cp.mariadevillota.madrid@educa.madrid.org<\/span><\/a> o ll\u00e1menos al 913053429.<\/p>\n\n\n\n<p><\/p>\n\n\n\n<p><\/p>\n","protected":false},"excerpt":{"rendered":"<p>BECAS DE COMEDOR ESCOLAR 2024-2025 Estimadas familias, Os informamos de la publicaci\u00f3n en BOCM del extracto de la Orden 2232\/2024, de la Consejer\u00eda de Educaci\u00f3n, Ciencia y Universidades, por la que se declara el importe de los cr\u00e9ditos disponibles para la concesi\u00f3n directa de las becas para comedor escolar para alumnos\/as escolarizados en centros sostenidos<\/p><\/div>\n<div class=\"blog-btn\"><a href=\"https:\/\/site.educa.madrid.org\/cp.mariadevillota.madrid\/index.php\/informaciones-2\/\" class=\"home-blog-btn\">Leer m\u00e1s<\/a><\/p>\n","protected":false},"author":3,"featured_media":0,"parent":0,"menu_order":0,"comment_status":"closed","ping_status":"closed","template":"","meta":{"footnotes":""},"folder":[],"class_list":["post-354","page","type-page","status-publish","hentry"],"rttpg_featured_image_url":null,"rttpg_author":{"display_name":"cp.mariadevillota.madrid","author_link":"https:\/\/site.educa.madrid.org\/cp.mariadevillota.madrid\/index.php\/author\/cuenta_cp-mariadevillota-madrid\/"},"rttpg_comment":0,"rttpg_category":false,"rttpg_excerpt":"BECAS DE COMEDOR ESCOLAR 2024-2025 Estimadas familias, Os informamos de la publicaci\u00f3n en BOCM del extracto de la Orden 2232\/2024, de la Consejer\u00eda de Educaci\u00f3n, Ciencia y Universidades, por la que se declara el importe de los cr\u00e9ditos disponibles para la concesi\u00f3n directa de las becas para comedor escolar para alumnos\/as escolarizados en centros sostenidosLeer&hellip;","post_mailing_queue_ids":[],"_links":{"self":[{"href":"https:\/\/site.educa.madrid.org\/cp.mariadevillota.madrid\/index.php\/wp-json\/wp\/v2\/pages\/354","targetHints":{"allow":["GET"]}}],"collection":[{"href":"https:\/\/site.educa.madrid.org\/cp.mariadevillota.madrid\/index.php\/wp-json\/wp\/v2\/pages"}],"about":[{"href":"https:\/\/site.educa.madrid.org\/cp.mariadevillota.madrid\/index.php\/wp-json\/wp\/v2\/types\/page"}],"author":[{"embeddable":true,"href":"https:\/\/site.educa.madrid.org\/cp.mariadevillota.madrid\/index.php\/wp-json\/wp\/v2\/users\/3"}],"replies":[{"embeddable":true,"href":"https:\/\/site.educa.madrid.org\/cp.mariadevillota.madrid\/index.php\/wp-json\/wp\/v2\/comments?post=354"}],"version-history":[{"count":14,"href":"https:\/\/site.educa.madrid.org\/cp.mariadevillota.madrid\/index.php\/wp-json\/wp\/v2\/pages\/354\/revisions"}],"predecessor-version":[{"id":13316,"href":"https:\/\/site.educa.madrid.org\/cp.mariadevillota.madrid\/index.php\/wp-json\/wp\/v2\/pages\/354\/revisions\/13316"}],"wp:attachment":[{"href":"https:\/\/site.educa.madrid.org\/cp.mariadevillota.madrid\/index.php\/wp-json\/wp\/v2\/media?parent=354"}],"wp:term":[{"taxonomy":"folder","embeddable":true,"href":"https:\/\/site.educa.madrid.org\/cp.mariadevillota.madrid\/index.php\/wp-json\/wp\/v2\/folder?post=354"}],"curies":[{"name":"wp","href":"https:\/\/api.w.org\/{rel}","templated":true}]}}