{"id":356,"date":"2019-11-15T19:27:44","date_gmt":"2019-11-15T19:27:44","guid":{"rendered":"https:\/\/site.educa.madrid.org\/cp.mariadevillota.madrid\/?page_id=356"},"modified":"2022-03-09T11:09:59","modified_gmt":"2022-03-09T10:09:59","slug":"impresos","status":"publish","type":"page","link":"https:\/\/site.educa.madrid.org\/cp.mariadevillota.madrid\/index.php\/impresos\/","title":{"rendered":"HORARIO DE ATENCI\u00d3N"},"content":{"rendered":"\n<p class=\"has-very-light-gray-background-color has-text-color has-background has-normal-font-size\" style=\"color:#121313\"><strong><span class=\"has-inline-color has-very-dark-gray-color\">Todas las gestiones se realizar\u00e1n por medio de cita previa: Deb\u00e9is mandar un correo electr\u00f3nico a <a href=\"mailto:secretaria.cp.mariadevillota.madrid@educa.madrid.org\">secretaria.cp.mariadevillota.madrid@educa.madrid.org<\/a>  o llamar al tel\u00e9fono 913053429.<\/span><\/strong><\/p>\n","protected":false},"excerpt":{"rendered":"<p>Todas las gestiones se realizar\u00e1n por medio de cita previa: Deb\u00e9is mandar un correo electr\u00f3nico a secretaria.cp.mariadevillota.madrid@educa.madrid.org o llamar al tel\u00e9fono 913053429.<\/p>\n","protected":false},"author":3,"featured_media":0,"parent":0,"menu_order":0,"comment_status":"closed","ping_status":"closed","template":"","meta":{"footnotes":""},"folder":[],"class_list":["post-356","page","type-page","status-publish","hentry"],"rttpg_featured_image_url":null,"rttpg_author":{"display_name":"cp.mariadevillota.madrid","author_link":"https:\/\/site.educa.madrid.org\/cp.mariadevillota.madrid\/index.php\/author\/cuenta_cp-mariadevillota-madrid\/"},"rttpg_comment":0,"rttpg_category":false,"rttpg_excerpt":"Todas las gestiones se realizar\u00e1n por medio de cita previa: Deb\u00e9is mandar un correo electr\u00f3nico a secretaria.cp.mariadevillota.madrid@educa.madrid.org o llamar al tel\u00e9fono 913053429.","post_mailing_queue_ids":[],"_links":{"self":[{"href":"https:\/\/site.educa.madrid.org\/cp.mariadevillota.madrid\/index.php\/wp-json\/wp\/v2\/pages\/356","targetHints":{"allow":["GET"]}}],"collection":[{"href":"https:\/\/site.educa.madrid.org\/cp.mariadevillota.madrid\/index.php\/wp-json\/wp\/v2\/pages"}],"about":[{"href":"https:\/\/site.educa.madrid.org\/cp.mariadevillota.madrid\/index.php\/wp-json\/wp\/v2\/types\/page"}],"author":[{"embeddable":true,"href":"https:\/\/site.educa.madrid.org\/cp.mariadevillota.madrid\/index.php\/wp-json\/wp\/v2\/users\/3"}],"replies":[{"embeddable":true,"href":"https:\/\/site.educa.madrid.org\/cp.mariadevillota.madrid\/index.php\/wp-json\/wp\/v2\/comments?post=356"}],"version-history":[{"count":14,"href":"https:\/\/site.educa.madrid.org\/cp.mariadevillota.madrid\/index.php\/wp-json\/wp\/v2\/pages\/356\/revisions"}],"predecessor-version":[{"id":5032,"href":"https:\/\/site.educa.madrid.org\/cp.mariadevillota.madrid\/index.php\/wp-json\/wp\/v2\/pages\/356\/revisions\/5032"}],"wp:attachment":[{"href":"https:\/\/site.educa.madrid.org\/cp.mariadevillota.madrid\/index.php\/wp-json\/wp\/v2\/media?parent=356"}],"wp:term":[{"taxonomy":"folder","embeddable":true,"href":"https:\/\/site.educa.madrid.org\/cp.mariadevillota.madrid\/index.php\/wp-json\/wp\/v2\/folder?post=356"}],"curies":[{"name":"wp","href":"https:\/\/api.w.org\/{rel}","templated":true}]}}