{"id":5759,"date":"2022-06-10T11:51:48","date_gmt":"2022-06-10T09:51:48","guid":{"rendered":"https:\/\/site.educa.madrid.org\/cp.mariadevillota.madrid\/?page_id=5759"},"modified":"2024-05-27T18:44:05","modified_gmt":"2024-05-27T16:44:05","slug":"uniforme-escolar","status":"publish","type":"page","link":"https:\/\/site.educa.madrid.org\/cp.mariadevillota.madrid\/index.php\/uniforme-escolar\/","title":{"rendered":"Uniforme Escolar"},"content":{"rendered":"\n<p class=\"has-text-align-center has-vivid-red-color has-white-background-color has-text-color has-background has-medium-font-size\"><mark style=\"background-color:rgba(0, 0, 0, 0);color:#090808\" class=\"has-inline-color\"><strong>UNIFORME ESCOLAR<\/strong><\/mark><\/p>\n\n\n\n<p class=\"has-white-background-color has-background\"><mark style=\"background-color:rgba(0, 0, 0, 0);color:#090808\" class=\"has-inline-color\"><strong>Estimadas familias: <\/strong><\/mark><\/p>\n\n\n\n<p class=\"has-black-color has-text-color has-background\" style=\"background-color:#8dd2fcba\"><mark style=\"background-color:rgba(0, 0, 0, 0);color:#090808\" class=\"has-inline-color\">Para la adquisici\u00f3n de los uniformes escolares pod\u00e9is ir a la tienda f\u00edsica en<\/mark> la<strong> calle Marcelo Usera 144<\/strong><\/p>\n\n\n\n<figure class=\"wp-block-image size-full\"><img loading=\"lazy\" decoding=\"async\" width=\"686\" height=\"405\" src=\"https:\/\/site.educa.madrid.org\/cp.mariadevillota.madrid\/\/wp-content\/uploads\/cp.mariadevillota.madrid\/2024\/05\/map.png\" alt=\"\" class=\"wp-image-12994\" srcset=\"https:\/\/site.educa.madrid.org\/cp.mariadevillota.madrid\/\/wp-content\/uploads\/cp.mariadevillota.madrid\/2024\/05\/map.png 686w, https:\/\/site.educa.madrid.org\/cp.mariadevillota.madrid\/\/wp-content\/uploads\/cp.mariadevillota.madrid\/2024\/05\/map-300x177.png 300w\" sizes=\"auto, (max-width: 686px) 100vw, 686px\" \/><\/figure>\n\n\n\n<p><a href=\"https:\/\/g.co\/kgs\/SMQ8wWs\">https:\/\/g.co\/kgs\/SMQ8wWs<\/a><\/p>\n\n\n\n<p class=\"has-black-color has-pale-cyan-blue-background-color has-text-color has-background\"><mark style=\"background-color:rgba(0, 0, 0, 0);color:#090808\" class=\"has-inline-color\">deb\u00e9is acceder a la <\/mark><strong><mark style=\"background-color:rgba(0, 0, 0, 0);color:#090808\" class=\"has-inline-color\">WEB:<\/mark> <\/strong><\/p>\n\n\n\n<div class=\"wp-block-buttons is-layout-flex wp-block-buttons-is-layout-flex\">\n<div class=\"wp-block-button\"><a class=\"wp-block-button__link has-black-color has-text-color has-background wp-element-button\" href=\"https:\/\/urldefense.com\/v3\/__https:\/\/hipertextilcavero.com\/101032-maria-de-villota__;!!D9dNQwwGXtA!QL9eR9g1oqlRxW6Fs0VYD2oYScaFgXdTTuis-ssWtHoDHseUSmyPyltkUcTIDMOfg4qzuit-WDYfNJVU2MzlGcqMXmL9SUtiP7Z7_PAytYfgeYMs9kM$\" style=\"background-color:#cf2d2d8c\">UNIFORME: HAZ CLICK<\/a><\/div>\n<\/div>\n\n\n<div class=\"wp-block-image\">\n<figure class=\"alignleft size-full is-resized\"><img loading=\"lazy\" decoding=\"async\" src=\"https:\/\/site.educa.madrid.org\/cp.mariadevillota.madrid\/\/wp-content\/uploads\/cp.mariadevillota.madrid\/2024\/05\/depositphotos_469870344-stock-illustration-click-finger-gesture-icon-filled.webp\" alt=\"\" class=\"wp-image-12993\" width=\"82\" height=\"82\" srcset=\"https:\/\/site.educa.madrid.org\/cp.mariadevillota.madrid\/\/wp-content\/uploads\/cp.mariadevillota.madrid\/2024\/05\/depositphotos_469870344-stock-illustration-click-finger-gesture-icon-filled.webp 600w, https:\/\/site.educa.madrid.org\/cp.mariadevillota.madrid\/\/wp-content\/uploads\/cp.mariadevillota.madrid\/2024\/05\/depositphotos_469870344-stock-illustration-click-finger-gesture-icon-filled-300x300.webp 300w, https:\/\/site.educa.madrid.org\/cp.mariadevillota.madrid\/\/wp-content\/uploads\/cp.mariadevillota.madrid\/2024\/05\/depositphotos_469870344-stock-illustration-click-finger-gesture-icon-filled-150x150.webp 150w\" sizes=\"auto, (max-width: 82px) 100vw, 82px\" \/><\/figure>\n<\/div>\n\n\n<p><\/p>\n\n\n\n<figure class=\"wp-block-image size-large\"><img loading=\"lazy\" decoding=\"async\" width=\"1024\" height=\"649\" src=\"https:\/\/site.educa.madrid.org\/cp.mariadevillota.madrid\/\/wp-content\/uploads\/cp.mariadevillota.madrid\/2024\/05\/pagina-web-maria-de-villota-1024x649.jpg\" alt=\"\" class=\"wp-image-12846\" srcset=\"https:\/\/site.educa.madrid.org\/cp.mariadevillota.madrid\/\/wp-content\/uploads\/cp.mariadevillota.madrid\/2024\/05\/pagina-web-maria-de-villota-1024x649.jpg 1024w, https:\/\/site.educa.madrid.org\/cp.mariadevillota.madrid\/\/wp-content\/uploads\/cp.mariadevillota.madrid\/2024\/05\/pagina-web-maria-de-villota-300x190.jpg 300w, https:\/\/site.educa.madrid.org\/cp.mariadevillota.madrid\/\/wp-content\/uploads\/cp.mariadevillota.madrid\/2024\/05\/pagina-web-maria-de-villota-768x486.jpg 768w, https:\/\/site.educa.madrid.org\/cp.mariadevillota.madrid\/\/wp-content\/uploads\/cp.mariadevillota.madrid\/2024\/05\/pagina-web-maria-de-villota.jpg 1413w\" sizes=\"auto, (max-width: 1024px) 100vw, 1024px\" \/><\/figure>\n\n\n\n<p><\/p>\n\n\n\n<p><\/p>\n","protected":false},"excerpt":{"rendered":"<p>UNIFORME ESCOLAR Estimadas familias: Para la adquisici\u00f3n de los uniformes escolares pod\u00e9is ir a la tienda f\u00edsica en la calle Marcelo Usera 144 https:\/\/g.co\/kgs\/SMQ8wWs deb\u00e9is acceder a la WEB:<\/p>\n","protected":false},"author":3,"featured_media":0,"parent":0,"menu_order":0,"comment_status":"closed","ping_status":"closed","template":"","meta":{"footnotes":""},"folder":[],"class_list":["post-5759","page","type-page","status-publish","hentry"],"rttpg_featured_image_url":null,"rttpg_author":{"display_name":"cp.mariadevillota.madrid","author_link":"https:\/\/site.educa.madrid.org\/cp.mariadevillota.madrid\/index.php\/author\/cuenta_cp-mariadevillota-madrid\/"},"rttpg_comment":0,"rttpg_category":false,"rttpg_excerpt":"UNIFORME ESCOLAR Estimadas familias: Para la adquisici\u00f3n de los uniformes escolares pod\u00e9is ir a la tienda f\u00edsica en la calle Marcelo Usera 144 https:\/\/g.co\/kgs\/SMQ8wWs deb\u00e9is acceder a la WEB:","post_mailing_queue_ids":[],"_links":{"self":[{"href":"https:\/\/site.educa.madrid.org\/cp.mariadevillota.madrid\/index.php\/wp-json\/wp\/v2\/pages\/5759","targetHints":{"allow":["GET"]}}],"collection":[{"href":"https:\/\/site.educa.madrid.org\/cp.mariadevillota.madrid\/index.php\/wp-json\/wp\/v2\/pages"}],"about":[{"href":"https:\/\/site.educa.madrid.org\/cp.mariadevillota.madrid\/index.php\/wp-json\/wp\/v2\/types\/page"}],"author":[{"embeddable":true,"href":"https:\/\/site.educa.madrid.org\/cp.mariadevillota.madrid\/index.php\/wp-json\/wp\/v2\/users\/3"}],"replies":[{"embeddable":true,"href":"https:\/\/site.educa.madrid.org\/cp.mariadevillota.madrid\/index.php\/wp-json\/wp\/v2\/comments?post=5759"}],"version-history":[{"count":19,"href":"https:\/\/site.educa.madrid.org\/cp.mariadevillota.madrid\/index.php\/wp-json\/wp\/v2\/pages\/5759\/revisions"}],"predecessor-version":[{"id":12997,"href":"https:\/\/site.educa.madrid.org\/cp.mariadevillota.madrid\/index.php\/wp-json\/wp\/v2\/pages\/5759\/revisions\/12997"}],"wp:attachment":[{"href":"https:\/\/site.educa.madrid.org\/cp.mariadevillota.madrid\/index.php\/wp-json\/wp\/v2\/media?parent=5759"}],"wp:term":[{"taxonomy":"folder","embeddable":true,"href":"https:\/\/site.educa.madrid.org\/cp.mariadevillota.madrid\/index.php\/wp-json\/wp\/v2\/folder?post=5759"}],"curies":[{"name":"wp","href":"https:\/\/api.w.org\/{rel}","templated":true}]}}