{"id":9622,"date":"2023-12-20T16:30:00","date_gmt":"2023-12-20T15:30:00","guid":{"rendered":"https:\/\/site.educa.madrid.org\/cp.mariadevillota.madrid\/?page_id=9622"},"modified":"2025-10-02T22:05:22","modified_gmt":"2025-10-02T20:05:22","slug":"programas-del-centro","status":"publish","type":"page","link":"https:\/\/site.educa.madrid.org\/cp.mariadevillota.madrid\/index.php\/programas-del-centro\/","title":{"rendered":"Programas del Centro"},"content":{"rendered":"\n<p class=\"has-text-align-center has-black-color has-vivid-red-background-color has-text-color has-background has-large-font-size\"><strong>PROGRAMAS <\/strong>2025 2026<\/p>\n\n\n\n<p class=\"has-text-align-center has-black-color has-luminous-vivid-amber-background-color has-text-color has-background\"><strong>OBJETIVOS<\/strong><\/p>\n\n\n\n<p class=\"has-text-align-center has-black-color has-pale-cyan-blue-background-color has-text-color has-background\">1. <strong>&nbsp;PROGRAMA PARA LA MEJORA DEL  CLIMA ESCOLAR<\/strong><\/p>\n\n\n\n<p class=\"has-text-align-center has-black-color has-cyan-bluish-gray-background-color has-text-color has-background has-link-color wp-elements-196480c0be23ba0460e291fa10331bc9\"><strong>Viernes en horario lectivo<\/strong>. Impartido por profesionales educativos del distrito y que trabajan para ArciNature intervenci\u00f3n Social.<\/p>\n\n\n\n<figure class=\"wp-block-table\"><table class=\"has-black-color has-white-background-color has-text-color has-background\"><tbody><tr><td>1.Establecer grupos de intervenci\u00f3n con los que poder trabajar a lo largo del a\u00f1o con cada clase en concreto, adaptado al desarrollo de las personas integrantes de cada aula.<\/td><\/tr><tr><td>2. Trabajar diferentes \u00e1reas a trav\u00e9s de las sesiones y talleres programados con cada clase para mejorar la relaci\u00f3n entre los ni\u00f1os y ni\u00f1as del aula y reducir el n\u00famero de conflictos.&nbsp;<\/td><\/tr><tr><td>3. Potenciar el \u00e1rea de inteligencia emocional a trav\u00e9s de talleres en cada aula.<\/td><\/tr><tr><td>4. Desarrollar el \u00e1rea de las habilidades sociales con cada clase a trav\u00e9s de diferentes sesiones y talleres.<\/td><\/tr><tr><td>5.&nbsp; Trabajar g\u00e9nero, tolerancia, prejuicios y aceptaci\u00f3n de diferentes personas y\/o capacidades como pilar fundamental de la relaci\u00f3n entre personas.<\/td><\/tr><tr><td>6. Apoyo del equipo del programa de mejora de clima escolar al personal docente y al CEIP en eventos o situaciones especiales.<\/td><\/tr><\/tbody><\/table><\/figure>\n\n\n\n<p><a href=\"https:\/\/www.arcinature.com\/servicios\/programas-de-intervencion-con-familia-e-infancia\">https:\/\/www.arcinature.com\/servicios\/programas-de-intervencion-con-familia-e-infancia<\/a><\/p>\n\n\n<div class=\"wp-block-image is-style-default\">\n<figure class=\"aligncenter size-full is-resized\"><img loading=\"lazy\" decoding=\"async\" width=\"482\" height=\"482\" src=\"https:\/\/site.educa.madrid.org\/cp.mariadevillota.madrid\/\/wp-content\/uploads\/cp.mariadevillota.madrid\/2024\/09\/logo-arcinature.jpg\" alt=\"\" class=\"wp-image-13725\" style=\"width:122px;height:auto\" srcset=\"https:\/\/site.educa.madrid.org\/cp.mariadevillota.madrid\/\/wp-content\/uploads\/cp.mariadevillota.madrid\/2024\/09\/logo-arcinature.jpg 482w, https:\/\/site.educa.madrid.org\/cp.mariadevillota.madrid\/\/wp-content\/uploads\/cp.mariadevillota.madrid\/2024\/09\/logo-arcinature-300x300.jpg 300w, https:\/\/site.educa.madrid.org\/cp.mariadevillota.madrid\/\/wp-content\/uploads\/cp.mariadevillota.madrid\/2024\/09\/logo-arcinature-150x150.jpg 150w\" sizes=\"auto, (max-width: 482px) 100vw, 482px\" \/><\/figure>\n<\/div>\n\n\n<p class=\"has-text-align-center has-black-color has-pale-cyan-blue-background-color has-text-color has-background\">2.<strong>&nbsp;TARDE PAAE<\/strong> (Programa de Acompa\u00f1amiento y Apoyo Escolar 4\u00ba\/5\u00ba\/6\u00ba)<\/p>\n\n\n\n<p class=\"has-text-align-center has-black-color has-cyan-bluish-gray-background-color has-text-color has-background has-link-color wp-elements-fa17723fd545045460aef9c425bc366c\"><strong>Lunes a Jueves: 16.00-17.00<\/strong><\/p>\n\n\n\n<p class=\"has-text-align-left has-black-color has-white-background-color has-text-color has-background\"><strong>1. Objetivo<\/strong><br>El Programa de Acompa\u00f1amiento y Apoyo Escolar tiene por objeto mejorar el rendimiento acad\u00e9mico del alumnado que se encuentre en situaci\u00f3n de necesidad de compensaci\u00f3n educativa por desventaja socioeducativa y cultural escolarizado en centros p\u00fablicos que imparten ense\u00f1anzas de Educaci\u00f3n Primaria y que, por lo general, su situaci\u00f3n familiar se caracteriza por poseer escasos recursos y posibilidades para apoyar el proceso de ense\u00f1anza-aprendizaje desde el \u00e1mbito familiar, por lo que requieren un acompa\u00f1amiento y apoyo para reforzar las actividades que se desarrollan en horario lectivo.<\/p>\n\n\n\n<p class=\"has-black-color has-white-background-color has-text-color has-background\"><strong>2. Entre los objetivos concretos se reconocen:<\/strong><br>&#8211; Apoyar el aprendizaje en las \u00e1reas de Lengua Castellana y Literatura y de Matem\u00e1ticas, en especial los contenidos relacionados con lectura, escritura, desarrollo del pensamiento l\u00f3gico-matem\u00e1tico, c\u00e1lculo mental y resoluci\u00f3n de problemas.<br>&#8211; Facilitar la consecuci\u00f3n de los objetivos de la etapa de Educaci\u00f3n Primaria.<br>&#8211; Desarrollar h\u00e1bitos de trabajo y estudio en el alumnado participante, as\u00ed como la adquisici\u00f3n de las competencias clave.<\/p>\n\n\n\n<p class=\"has-black-color has-white-background-color has-text-color has-background\"><strong>3. Destinatarios del Programa<\/strong><br>Son destinatarios de este Programa los alumnos de los centros p\u00fablicos de la Comunidad de Madrid escolarizados en 4\u00ba, 5\u00ba y 6\u00ba curso de Educaci\u00f3n Primaria que se encuentran en situaci\u00f3n de desventaja socioeducativa y cultural o que presentan dificultades de aprendizaje en las \u00e1reas de Lengua Castellana y Literatura y Matem\u00e1ticas, con la excepci\u00f3n del alumnado identificado con necesidades educativas especiales. Excepcionalmente, cuando los grupos autorizados para el Programa no est\u00e9n completos y tengan vacantes, se har\u00e1 extensivo y podr\u00e1n participar los alumnos de 3\u00ba de Educaci\u00f3n Primaria.<br>El perfil de alumnado m\u00e1s adecuado es el de los que muestran una actitud favorable hacia el aprendizaje, pero carecen, en su \u00e1mbito familiar, de los recursos de apoyo, materiales o personales, que necesitan.<\/p>\n\n\n\n<p class=\"has-text-align-center has-black-color has-pale-cyan-blue-background-color has-text-color has-background\">3.<strong>&nbsp;PROGRAMA JUNTA MUNICIPAL DE DISTRITO \u201cCOPIA\u201d 4\u00ba\/5\u00ba\/6\u00ba<\/strong><\/p>\n\n\n\n<p class=\"has-text-align-center has-black-color has-cyan-bluish-gray-background-color has-text-color has-background has-link-color wp-elements-210036333976fe0b9ce6a90168ecb886\"><strong>Mi\u00e9rcoles 14.30-15.30<\/strong><\/p>\n\n\n\n<figure class=\"wp-block-table\"><table class=\"has-black-color has-white-background-color has-text-color has-background\"><tbody><tr><td>1. Dar a conocer los derechos de la infancia y establecer diferencias entre deseos y necesidades&nbsp;&nbsp;<\/td><\/tr><tr><td>2. Dar a conocer las herramientas y las v\u00edas de participaci\u00f3n infantil. Promover el aprendizaje de la participaci\u00f3n despertando valores democr\u00e1ticos y sentido de ciudadan\u00eda<\/td><\/tr><tr><td>3. Promover el conocimiento y la identificaci\u00f3n con nuestro entorno.Facilitar la identificaci\u00f3n de problemas, conflictos, demandas y necesidades para generar propuestas participativas de intervenci\u00f3n y\/o resoluci\u00f3n, acuerdos y\/o compromisos de trabajo.<\/td><\/tr><tr><td>4. Trabajar sobre las necesidades detectadas tratando de proponer soluciones y posibles propuestas.Inculcar las habilidades instrumentales necesarias para dise\u00f1ar y poner en marcha acciones transformadoras del entorno.<\/td><\/tr><\/tbody><\/table><\/figure>\n\n\n\n<p class=\"has-text-align-center has-black-color has-pale-cyan-blue-background-color has-text-color has-background\">4. <strong>&nbsp;PROGRAMA DE &nbsp;PROYECTO MUNICIPAL \u201cMADRID SALUD\u201d<\/strong><\/p>\n\n\n<div class=\"wp-block-image is-style-rounded\">\n<figure class=\"aligncenter size-large is-resized\"><img loading=\"lazy\" decoding=\"async\" width=\"1024\" height=\"768\" src=\"https:\/\/site.educa.madrid.org\/cp.mariadevillota.madrid\/\/wp-content\/uploads\/cp.mariadevillota.madrid\/2024\/05\/20240208_103742-1024x768.jpg\" alt=\"\" class=\"wp-image-12861\" style=\"width:546px;height:410px\" srcset=\"https:\/\/site.educa.madrid.org\/cp.mariadevillota.madrid\/\/wp-content\/uploads\/cp.mariadevillota.madrid\/2024\/05\/20240208_103742-1024x768.jpg 1024w, https:\/\/site.educa.madrid.org\/cp.mariadevillota.madrid\/\/wp-content\/uploads\/cp.mariadevillota.madrid\/2024\/05\/20240208_103742-300x225.jpg 300w, https:\/\/site.educa.madrid.org\/cp.mariadevillota.madrid\/\/wp-content\/uploads\/cp.mariadevillota.madrid\/2024\/05\/20240208_103742-768x576.jpg 768w, https:\/\/site.educa.madrid.org\/cp.mariadevillota.madrid\/\/wp-content\/uploads\/cp.mariadevillota.madrid\/2024\/05\/20240208_103742-1536x1152.jpg 1536w, https:\/\/site.educa.madrid.org\/cp.mariadevillota.madrid\/\/wp-content\/uploads\/cp.mariadevillota.madrid\/2024\/05\/20240208_103742-2048x1536.jpg 2048w\" sizes=\"auto, (max-width: 1024px) 100vw, 1024px\" \/><\/figure>\n<\/div>\n\n\n<p class=\"has-text-align-center has-black-color has-pale-cyan-blue-background-color has-text-color has-background\">5.<strong>&nbsp;SERVICIO PSICOPEDAG\u00d3GICO<\/strong> <strong>MUNICIPAL <\/strong> <strong>de los problemas del aprendizaje y conducta.<\/strong><\/p>\n\n\n\n<figure class=\"wp-block-table\"><table class=\"has-black-color has-white-background-color has-text-color has-background\"><tbody><tr><td>1. Dar a conocer los derechos de la infancia y establecer diferencias entre deseos y necesidades&nbsp;&nbsp;<\/td><\/tr><tr><td>2. Dar a conocer las herramientas y las v\u00edas de participaci\u00f3n infantil.Promover el aprendizaje de la participaci\u00f3n despertando valores democr\u00e1ticos y sentido de ciudadan\u00eda<\/td><\/tr><tr><td>3. Promover el conocimiento y la identificaci\u00f3n con nuestro entorno.Facilitar la identificaci\u00f3n de problemas, conflictos, demandas y necesidades para generar propuestas participativas de intervenci\u00f3n y\/o resoluci\u00f3n, acuerdos y\/o compromisos de trabajo.<\/td><\/tr><tr><td>4. Trabajar sobre las necesidades detectadas tratando de proponer soluciones y posibles propuestas.Inculcar las habilidades instrumentales necesarias para dise\u00f1ar y poner en marcha acciones transformadoras del entorno.<\/td><\/tr><\/tbody><\/table><\/figure>\n\n\n\n<p class=\"has-text-align-center has-black-color has-pale-cyan-blue-background-color has-text-color has-background\">6.<strong>&nbsp;&nbsp;PROGRAMA DE ACTIVIDADES MUNICIPALES EN CENTROS EDUCATIVOS PARA LA CONCILIACI\u00d3N DE LA VIDA LABORAL Y FAMILIAR.<\/strong><\/p>\n\n\n\n<figure class=\"wp-block-table\"><table class=\"has-black-color has-white-background-color has-text-color has-background\"><tbody><tr><td>1. A trav\u00e9s del taller \u201cAPOYO ESCOLAR\u201d y \u201cT\u00c9CNICAS DE ESTUDIO\u201d, ayudar a los alumnos\/as en las tareas del colegio.<\/td><\/tr><tr><td>&nbsp;&nbsp;2. A trav\u00e9s de \u201cDIVER ENGLISH\u201d, \u201cCHIQUITEATRO\u201d,\u201dMINIYOGA\u201d, \u201cVOLEIBOL\u201d Y \u201cMULTIDEPORTE\u201d establecer h\u00e1bitos saludables y participaci\u00f3n activa.<\/td><\/tr><\/tbody><\/table><\/figure>\n\n\n\n<p class=\"has-black-color has-cyan-bluish-gray-background-color has-text-color has-background has-link-color wp-elements-9331c821bdcaf9e7c1e10a204f680936\">Lunes\/mi\u00e9rcoles- Espacio Creativo 1\u00ba-2\u00ba &#8211; 16.00-17.00<\/p>\n\n\n\n<p class=\"has-black-color has-text-color has-background has-link-color wp-elements-cb071b290f2ae77d1d03c51f1d117249\" style=\"background-color:#abb7c27d\">Martes\/jueves- Espacio Creativo Educaci\u00f3n Infantil &#8211; 16.00-17.00<\/p>\n\n\n\n<p class=\"has-black-color has-cyan-bluish-gray-background-color has-text-color has-background has-link-color wp-elements-0e9ad9b636606203b49eec62b26069c1\">Lunes\/mi\u00e9rcoles- Multideporte y Juegos populares &#8211; Educaci\u00f3n Infantil<\/p>\n\n\n\n<p class=\"has-black-color has-text-color has-background has-link-color wp-elements-403b13bc845a0df0e6a6f3a095c55666\" style=\"background-color:#abb7c27d\">Martes\/jueves- Multideporte y Juegos populares- 1\u00ba, 2\u00ba, 3\u00ba<\/p>\n\n\n\n<p class=\"has-black-color has-cyan-bluish-gray-background-color has-text-color has-background has-link-color wp-elements-f128b7894f06c0db8dee8391711512f1\">Lunes\/mi\u00e9rcoles- Diverenglish &#8211; Educaci\u00f3n Infantil<\/p>\n\n\n\n<p class=\"has-black-color has-text-color has-background has-link-color wp-elements-5cf1a877ddf243c9e8f0327318dea134\" style=\"background-color:#abb7c27d\">Martes\/jueves- Diverenglish -1\u00ba\/2\u00ba<\/p>\n\n\n\n<p class=\"has-black-color has-cyan-bluish-gray-background-color has-text-color has-background has-link-color wp-elements-f9e29b8861620613539d736e1c71a9a6\">Lunes\/mi\u00e9rcoles- Espacio Cient\u00edfico &#8211; 1\u00ba\/2\u00ba\/3\u00ba<\/p>\n\n\n\n<p class=\"has-text-align-center has-black-color has-pale-cyan-blue-background-color has-text-color has-background\">7.<strong>&nbsp;<strong>PROGRAMA DE <\/strong><\/strong> <strong>JUNTA MUNICIPAL DE DISTRITO, AGENCIA PARA EL EMPLEO \u201cFORMACI\u00d3N EN ALTERNANCIA\u201d<\/strong><\/p>\n\n\n\n<figure class=\"wp-block-table\"><table class=\"has-black-color has-white-background-color has-text-color has-background\"><tbody><tr><td>1. Desarrollar y reforzar la labor del <strong>POSI <\/strong>del centro.<\/td><\/tr><tr><td>2. <strong>Integraci\u00f3n<\/strong> en todos los aspectos de la <strong>vida escolar.<\/strong>&nbsp;<\/td><\/tr><tr><td>3. Programar&nbsp; <strong>\u201cobras de mejora<\/strong>\u201d del centro a lo largo del curso.<\/td><\/tr><\/tbody><\/table><\/figure>\n\n\n\n<p class=\"has-text-align-center has-black-color has-pale-cyan-blue-background-color has-text-color has-background\">8.<strong>&nbsp;<strong>PROGRAMA DE <\/strong><\/strong> <strong>ACOMPA\u00d1AMIENTO Y APOYO ESCOLAR<\/strong><\/p>\n\n\n\n<div class=\"wp-block-group is-vertical is-layout-flex wp-container-core-group-is-layout-8cf370e7 wp-block-group-is-layout-flex\">\n<div class=\"wp-block-group\"><div class=\"wp-block-group__inner-container is-layout-constrained wp-block-group-is-layout-constrained\">\n<p class=\"has-black-color has-cyan-bluish-gray-background-color has-text-color has-background has-link-color has-small-font-size wp-elements-83032f3630bc49faf953e2b2479e8859\">El centro ha sido seleccionado con un grupo de alumnos\/as para participar en el Programa de Acompa\u00f1amiento y Apoyo Escolar para los cursos 2023-2024 y 2024-2025.                                                                                                                                     <\/p>\n\n\n\n<p class=\"has-black-color has-cyan-bluish-gray-background-color has-text-color has-background has-link-color has-small-font-size wp-elements-b60cb4deb5da1bfa71cda9f9e93fd1aa\">El grupo atender\u00e1 a un m\u00ednimo de 7 alumnos\/as y un m\u00e1ximo de 15, de los escolarizados en 4\u00ba, 5\u00ba o 6\u00ba de Educaci\u00f3n Primaria, a los que se podr\u00e1n sumar, excepcionalmente, los de 3\u00ba de Educaci\u00f3n Primaria.                                                             <\/p>\n\n\n\n<p class=\"has-black-color has-cyan-bluish-gray-background-color has-text-color has-background has-link-color has-small-font-size wp-elements-8ee1ceca361fb830434a1709a130b80b\">El programa se desarrollar\u00e1 del 1 de octubre al 15 de junio de cada curso acad\u00e9mico, en los d\u00edas lectivos que determine el calendario escolar que corresponda. Tendr\u00e1 una duraci\u00f3n m\u00ednima de un ahora diaria, de lunes a jueves, fuera del horario lectivo y fuera del horario de comedor escolar. En el centro se realizar\u00e1 de 16:00 a 17:00 horas. La Jefatura de Estudios actuar\u00e1 como Coordinadora del programa.<\/p>\n<\/div><\/div>\n<\/div>\n\n\n\n<p class=\"has-text-align-center has-black-color has-pale-cyan-blue-background-color has-text-color has-background\">9.<strong>\u00a0REFUERZO DE COMPETENCIA MATEM\u00c1TICA<\/strong> 25 26<\/p>\n\n\n\n<p class=\"has-black-color has-cyan-bluish-gray-background-color has-text-color has-background has-link-color wp-elements-b89c82bcb6f6f929ed70d5a4b8acb0d2\">Este apoyo en el \u00e1rea de matem\u00e1ticas se llevar\u00e1 a cabo con una profesora espec\u00edfica que se comparte con otro centro. <\/p>\n\n\n\n<p><\/p>\n","protected":false},"excerpt":{"rendered":"<p>PROGRAMAS 2025 2026 OBJETIVOS 1. &nbsp;PROGRAMA PARA LA MEJORA DEL CLIMA ESCOLAR Viernes en horario lectivo. Impartido por profesionales educativos del distrito y que trabajan para ArciNature intervenci\u00f3n Social. 1.Establecer grupos de intervenci\u00f3n con los que poder trabajar a lo largo del a\u00f1o con cada clase en concreto, adaptado al desarrollo de las personas integrantes<\/p><\/div>\n<div class=\"blog-btn\"><a href=\"https:\/\/site.educa.madrid.org\/cp.mariadevillota.madrid\/index.php\/programas-del-centro\/\" class=\"home-blog-btn\">Leer m\u00e1s<\/a><\/p>\n","protected":false},"author":3,"featured_media":0,"parent":0,"menu_order":0,"comment_status":"closed","ping_status":"closed","template":"","meta":{"footnotes":""},"folder":[],"class_list":["post-9622","page","type-page","status-publish","hentry"],"rttpg_featured_image_url":null,"rttpg_author":{"display_name":"cp.mariadevillota.madrid","author_link":"https:\/\/site.educa.madrid.org\/cp.mariadevillota.madrid\/index.php\/author\/cuenta_cp-mariadevillota-madrid\/"},"rttpg_comment":0,"rttpg_category":false,"rttpg_excerpt":"PROGRAMAS 2025 2026 OBJETIVOS 1. &nbsp;PROGRAMA PARA LA MEJORA DEL CLIMA ESCOLAR Viernes en horario lectivo. Impartido por profesionales educativos del distrito y que trabajan para ArciNature intervenci\u00f3n Social. 1.Establecer grupos de intervenci\u00f3n con los que poder trabajar a lo largo del a\u00f1o con cada clase en concreto, adaptado al desarrollo de las personas integrantesLeer&hellip;","post_mailing_queue_ids":[],"_links":{"self":[{"href":"https:\/\/site.educa.madrid.org\/cp.mariadevillota.madrid\/index.php\/wp-json\/wp\/v2\/pages\/9622","targetHints":{"allow":["GET"]}}],"collection":[{"href":"https:\/\/site.educa.madrid.org\/cp.mariadevillota.madrid\/index.php\/wp-json\/wp\/v2\/pages"}],"about":[{"href":"https:\/\/site.educa.madrid.org\/cp.mariadevillota.madrid\/index.php\/wp-json\/wp\/v2\/types\/page"}],"author":[{"embeddable":true,"href":"https:\/\/site.educa.madrid.org\/cp.mariadevillota.madrid\/index.php\/wp-json\/wp\/v2\/users\/3"}],"replies":[{"embeddable":true,"href":"https:\/\/site.educa.madrid.org\/cp.mariadevillota.madrid\/index.php\/wp-json\/wp\/v2\/comments?post=9622"}],"version-history":[{"count":39,"href":"https:\/\/site.educa.madrid.org\/cp.mariadevillota.madrid\/index.php\/wp-json\/wp\/v2\/pages\/9622\/revisions"}],"predecessor-version":[{"id":16911,"href":"https:\/\/site.educa.madrid.org\/cp.mariadevillota.madrid\/index.php\/wp-json\/wp\/v2\/pages\/9622\/revisions\/16911"}],"wp:attachment":[{"href":"https:\/\/site.educa.madrid.org\/cp.mariadevillota.madrid\/index.php\/wp-json\/wp\/v2\/media?parent=9622"}],"wp:term":[{"taxonomy":"folder","embeddable":true,"href":"https:\/\/site.educa.madrid.org\/cp.mariadevillota.madrid\/index.php\/wp-json\/wp\/v2\/folder?post=9622"}],"curies":[{"name":"wp","href":"https:\/\/api.w.org\/{rel}","templated":true}]}}