{"id":1037,"date":"2022-09-18T12:01:26","date_gmt":"2022-09-18T10:01:26","guid":{"rendered":"https:\/\/site.educa.madrid.org\/cp.mejico.madrid\/?page_id=1037"},"modified":"2024-06-06T18:40:48","modified_gmt":"2024-06-06T16:40:48","slug":"matriculacion","status":"publish","type":"page","link":"https:\/\/site.educa.madrid.org\/cp.mejico.madrid\/index.php\/matriculacion\/","title":{"rendered":"Matriculaci\u00f3n"},"content":{"rendered":"<p>\u00a0 El plazo de matr\u00edcula para curso 2024-25 es del 13 al 28 de junio. Los alumnos o alumnas que no formalicen la matr\u00edcula en el plazo indicado perder\u00e1n la plaza que les ha sido adjudicada en el periodo de admisi\u00f3n.<\/p>\n<p>\u00a0 Les aconsejamos que soliciten cita previa para evitar esperas a la hora de entregar la documentaci\u00f3n a trav\u00e9s del formulario que aparecen en la secci\u00f3n de contacto o llamando por tel\u00e9fono que encontrar\u00e1n en la misma secci\u00f3n.<\/p>\n<p>Tambi\u00e9n puede dirigirse al Servicio de Apoyo a la Escolarizaci\u00f3n (SAE)\u00a0 e indicarles que desea matricular un alumno en nuestro centro. El SAE al que pertenece nuestro colegio es el n\u00famero 2.<\/p>\n<p><strong>SAE n\u00ba2:\u00a0<\/strong>CEIP \u00abEl Sol\u00bb. Avenida de Canillejas a Vic\u00e1lvaro, 82.<\/p>\n<p>Tel\u00e9fonos: 696389979 \/ 696697978 \/ 628477962<\/p>\n<p>IMPORTANTE:<\/p>\n<p>En el caso de que el alumno que quiera matricular sea de necesidades espec\u00edficas de apoyo educativo debe dirigirse directamente al SAE expec\u00edfico para poder matricular o trasladar de centro al alumno o alumna.<\/p>\n<p><a href=\"https:\/\/www.educa2.madrid.org\/web\/direcciones-de-area\/nee\">SAE Expec\u00edfico ACNEE<\/a><\/p>\n\n\n<div data-wp-interactive=\"core\/file\" class=\"wp-block-file\"><object data-wp-bind--hidden=\"!state.hasPdfPreview\" hidden class=\"wp-block-file__embed\" data=\"https:\/\/site.educa.madrid.org\/cp.mejico.madrid\/\/wp-content\/uploads\/cp.mejico.madrid\/2024\/06\/Documentacion-matricula.pdf\" type=\"application\/pdf\" style=\"width:100%;height:600px\" aria-label=\"Incrustado de Documentaci\u00f3n matr\u00edcula.\"><\/object><a id=\"wp-block-file--media-d2bf0f11-ea1f-4741-880a-46f4bcd1dcc2\" href=\"https:\/\/site.educa.madrid.org\/cp.mejico.madrid\/\/wp-content\/uploads\/cp.mejico.madrid\/2024\/06\/Documentacion-matricula.pdf\">Documentaci\u00f3n matr\u00edcula<\/a><a href=\"https:\/\/site.educa.madrid.org\/cp.mejico.madrid\/\/wp-content\/uploads\/cp.mejico.madrid\/2024\/06\/Documentacion-matricula.pdf\" class=\"wp-block-file__button wp-element-button\" download aria-describedby=\"wp-block-file--media-d2bf0f11-ea1f-4741-880a-46f4bcd1dcc2\">Descarga<\/a><\/div>\n","protected":false},"excerpt":{"rendered":"<p>\u00a0 El plazo de matr\u00edcula para curso 2024-25 es del 13 al 28 de junio. Los alumnos o alumnas que no formalicen la matr\u00edcula en el plazo indicado perder\u00e1n la plaza que les ha sido adjudicada en el periodo de admisi\u00f3n. \u00a0 Les aconsejamos que soliciten cita previa para evitar esperas a la hora de &hellip; <\/p>\n<p class=\"link-more\"><a href=\"https:\/\/site.educa.madrid.org\/cp.mejico.madrid\/index.php\/matriculacion\/\" class=\"more-link\">Continuar leyendo<span class=\"screen-reader-text\"> \u00abMatriculaci\u00f3n\u00bb<\/span><\/a><\/p>\n","protected":false},"author":2,"featured_media":0,"parent":0,"menu_order":0,"comment_status":"closed","ping_status":"closed","template":"","meta":{"footnotes":""},"folder":[],"class_list":["post-1037","page","type-page","status-publish","hentry"],"rttpg_featured_image_url":null,"rttpg_author":{"display_name":"tic.cp.mejico.madrid","author_link":"https:\/\/site.educa.madrid.org\/cp.mejico.madrid\/index.php\/author\/cuenta_tic-cp-mejico-madrid\/"},"rttpg_comment":0,"rttpg_category":false,"rttpg_excerpt":"\u00a0 El plazo de matr\u00edcula para curso 2024-25 es del 13 al 28 de junio. Los alumnos o alumnas que no formalicen la matr\u00edcula en el plazo indicado perder\u00e1n la plaza que les ha sido adjudicada en el periodo de admisi\u00f3n. \u00a0 Les aconsejamos que soliciten cita previa para evitar esperas a la hora de&hellip;","post_mailing_queue_ids":[],"_links":{"self":[{"href":"https:\/\/site.educa.madrid.org\/cp.mejico.madrid\/index.php\/wp-json\/wp\/v2\/pages\/1037","targetHints":{"allow":["GET"]}}],"collection":[{"href":"https:\/\/site.educa.madrid.org\/cp.mejico.madrid\/index.php\/wp-json\/wp\/v2\/pages"}],"about":[{"href":"https:\/\/site.educa.madrid.org\/cp.mejico.madrid\/index.php\/wp-json\/wp\/v2\/types\/page"}],"author":[{"embeddable":true,"href":"https:\/\/site.educa.madrid.org\/cp.mejico.madrid\/index.php\/wp-json\/wp\/v2\/users\/2"}],"replies":[{"embeddable":true,"href":"https:\/\/site.educa.madrid.org\/cp.mejico.madrid\/index.php\/wp-json\/wp\/v2\/comments?post=1037"}],"version-history":[{"count":6,"href":"https:\/\/site.educa.madrid.org\/cp.mejico.madrid\/index.php\/wp-json\/wp\/v2\/pages\/1037\/revisions"}],"predecessor-version":[{"id":2464,"href":"https:\/\/site.educa.madrid.org\/cp.mejico.madrid\/index.php\/wp-json\/wp\/v2\/pages\/1037\/revisions\/2464"}],"wp:attachment":[{"href":"https:\/\/site.educa.madrid.org\/cp.mejico.madrid\/index.php\/wp-json\/wp\/v2\/media?parent=1037"}],"wp:term":[{"taxonomy":"folder","embeddable":true,"href":"https:\/\/site.educa.madrid.org\/cp.mejico.madrid\/index.php\/wp-json\/wp\/v2\/folder?post=1037"}],"curies":[{"name":"wp","href":"https:\/\/api.w.org\/{rel}","templated":true}]}}