{"id":1043,"date":"2022-09-18T12:11:43","date_gmt":"2022-09-18T10:11:43","guid":{"rendered":"https:\/\/site.educa.madrid.org\/cp.mejico.madrid\/?page_id=1043"},"modified":"2023-01-27T11:51:31","modified_gmt":"2023-01-27T10:51:31","slug":"contactosecre","status":"publish","type":"page","link":"https:\/\/site.educa.madrid.org\/cp.mejico.madrid\/index.php\/contactosecre\/","title":{"rendered":"Contacto Secretar\u00eda"},"content":{"rendered":"<p>Puede pedir cita o solicitar informaci\u00f3n de Secretar\u00eda en el tel\u00e9fono 91 4035744 o trav\u00e9s del siguiente formulario:<\/p>\n<p>&nbsp;<\/p>\n\n<div\n\t\t\t\n\t\t\tclass=\"so-widget-sow-contact-form so-widget-sow-contact-form-default-1135b78c9488\"\n\t\t\t\n\t\t><h3 class=\"widget-title\">Solicitar cita previa o informaci\u00f3n<\/h3>\t<form\n\t\taction=\"\/cp.mejico.madrid\/index.php\/wp-json\/wp\/v2\/pages\/1043\"\n\t\tmethod=\"POST\"\n\t\tclass=\"sow-contact-form\"\n\t\tid=\"contact-form-9022\"\n\t>\n\n\t\t\n\t\t            <p><em>Los campos marcados con * son obligatorios<\/em><\/p>\n\t\t\t\t\t\t<div class=\"sow-form-field sow-form-field-name\">\n\t\t\t\t<label class=\"sow-form-field-label-above\" for=\"sow-contact-form-field-tu-nombre-256659016326ef0557d1a124428656\">\n\t\t\t\t<strong>\n\t\t\t\t\tTu nombre\t\t\t\t\t\t\t\t\t\t\t<span class=\"sow-form-field-required\">*<\/span>\n\t\t\t\t\t\t\t\t\t<\/strong>\n\t\t\t<\/label>\n\t\t\t\t\t\t\t<span class=\"sow-field-container\">\n\t\t\t\t\t\t\t<input\n\t\t\ttype=\"text\"\n\t\t\tname=\"tu-nombre-256659016326ef0557d1a124428656\"\n\t\t\tid=\"sow-contact-form-field-tu-nombre-256659016326ef0557d1a124428656\"\n\t\t\tvalue=\"\"\n\t\t\tclass=\"sow-text-field\"\n\t\t\t\t\t\/>\n\t\t\t\t\t\t<\/span>\n\t\t\t\t\t\t\t<\/div>\n\t\t\t\t\t\t<div class=\"sow-form-field sow-form-field-email\">\n\t\t\t\t<label class=\"sow-form-field-label-above\" for=\"sow-contact-form-field-tu-correo-electrnico-256659016326ef0557d1a124428656\">\n\t\t\t\t<strong>\n\t\t\t\t\tTu correo electr\u00f3nico\t\t\t\t\t\t\t\t\t\t\t<span class=\"sow-form-field-required\">*<\/span>\n\t\t\t\t\t\t\t\t\t<\/strong>\n\t\t\t<\/label>\n\t\t\t\t\t\t\t<span class=\"sow-field-container\">\n\t\t\t\t\t\t\t<input\n\t\t\ttype=\"email\"\n\t\t\tname=\"tu-correo-electrnico-256659016326ef0557d1a124428656\"\n\t\t\tid=\"sow-contact-form-field-tu-correo-electrnico-256659016326ef0557d1a124428656\"\n\t\t\tvalue=\"\"\n\t\t\tclass=\"sow-text-field\"\t\t\t\t\t\t\t\t\/>\n\t\t\t\t\t\t<\/span>\n\t\t\t\t\t\t\t<\/div>\n\t\t\t\t\t\t<div class=\"sow-form-field sow-form-field-subject\">\n\t\t\t\t<label class=\"sow-form-field-label-above\" for=\"sow-contact-form-field-asunto-256659016326ef0557d1a124428656\">\n\t\t\t\t<strong>\n\t\t\t\t\tAsunto\t\t\t\t\t\t\t\t\t\t\t<span class=\"sow-form-field-required\">*<\/span>\n\t\t\t\t\t\t\t\t\t<\/strong>\n\t\t\t<\/label>\n\t\t\t\t\t\t\t<span class=\"sow-field-container\">\n\t\t\t\t\t\t\t<input\n\t\t\ttype=\"text\"\n\t\t\tname=\"asunto-256659016326ef0557d1a124428656\"\n\t\t\tid=\"sow-contact-form-field-asunto-256659016326ef0557d1a124428656\"\n\t\t\tvalue=\"\"\n\t\t\tclass=\"sow-text-field\"\n\t\t\t\t\t\t\t\t\/>\n\t\t\t\t\t\t<\/span>\n\t\t\t\t\t\t\t<\/div>\n\t\t\t\t\t\t<div class=\"sow-form-field sow-form-field-textarea\">\n\t\t\t\t<label class=\"sow-form-field-label-above\" for=\"sow-contact-form-field-mensaje-256659016326ef0557d1a124428656\">\n\t\t\t\t<strong>\n\t\t\t\t\tMensaje\t\t\t\t\t\t\t\t\t\t\t<span class=\"sow-form-field-required\">*<\/span>\n\t\t\t\t\t\t\t\t\t<\/strong>\n\t\t\t<\/label>\n\t\t\t\t\t\t\t<span class=\"sow-field-container\">\n\t\t\t\t\t\t\t<textarea\n\t\t\tname=\"mensaje-256659016326ef0557d1a124428656\"\n\t\t\tid=\"sow-contact-form-field-mensaje-256659016326ef0557d1a124428656\"\n\t\t\trows=\"10\"\n\t\t\t\t\t\t\t\t><\/textarea>\n\t\t\t\t\t\t<\/span>\n\t\t\t\t\t\t\t<\/div>\n\t\t\t\n\t\t\n\t\t<div class=\"sow-submit-wrapper sow-submit-styled\">\n\n\t\t\t<!----------- EducaMadrid captcha------------------------->\n\n                        <!----------- Educa Madrid FIN captcha------------------------->\n\n\t\t\t<button class=\"sow-submit\"\n\t\t\t\t\t\t\t>\n\t\t\t\tContacta con nosotros\t\t\t<\/button>\n\t\t<\/div>\n\t\t<input type=\"hidden\" name=\"instance_hash\" value=\"90227c2d896ad496bca95afd1f24aafc\" \/>\n\t\t<input type=\"hidden\" id=\"_wpnonce\" name=\"_wpnonce\" value=\"ae9ee7f202\" \/><input type=\"hidden\" name=\"_wp_http_referer\" value=\"\/cp.mejico.madrid\/index.php\/wp-json\/wp\/v2\/pages\/1043\" \/>\t<\/form>\n\t<\/div>","protected":false},"excerpt":{"rendered":"<p>Puede pedir cita o solicitar informaci\u00f3n de Secretar\u00eda en el tel\u00e9fono 91 4035744 o trav\u00e9s del siguiente formulario: &nbsp;<\/p>\n","protected":false},"author":2,"featured_media":0,"parent":0,"menu_order":0,"comment_status":"closed","ping_status":"closed","template":"","meta":{"footnotes":""},"folder":[],"class_list":["post-1043","page","type-page","status-publish","hentry"],"rttpg_featured_image_url":null,"rttpg_author":{"display_name":"tic.cp.mejico.madrid","author_link":"https:\/\/site.educa.madrid.org\/cp.mejico.madrid\/index.php\/author\/cuenta_tic-cp-mejico-madrid\/"},"rttpg_comment":0,"rttpg_category":false,"rttpg_excerpt":"Puede pedir cita o solicitar informaci\u00f3n de Secretar\u00eda en el tel\u00e9fono 91 4035744 o trav\u00e9s del siguiente formulario: &nbsp;","post_mailing_queue_ids":[],"_links":{"self":[{"href":"https:\/\/site.educa.madrid.org\/cp.mejico.madrid\/index.php\/wp-json\/wp\/v2\/pages\/1043","targetHints":{"allow":["GET"]}}],"collection":[{"href":"https:\/\/site.educa.madrid.org\/cp.mejico.madrid\/index.php\/wp-json\/wp\/v2\/pages"}],"about":[{"href":"https:\/\/site.educa.madrid.org\/cp.mejico.madrid\/index.php\/wp-json\/wp\/v2\/types\/page"}],"author":[{"embeddable":true,"href":"https:\/\/site.educa.madrid.org\/cp.mejico.madrid\/index.php\/wp-json\/wp\/v2\/users\/2"}],"replies":[{"embeddable":true,"href":"https:\/\/site.educa.madrid.org\/cp.mejico.madrid\/index.php\/wp-json\/wp\/v2\/comments?post=1043"}],"version-history":[{"count":6,"href":"https:\/\/site.educa.madrid.org\/cp.mejico.madrid\/index.php\/wp-json\/wp\/v2\/pages\/1043\/revisions"}],"predecessor-version":[{"id":1497,"href":"https:\/\/site.educa.madrid.org\/cp.mejico.madrid\/index.php\/wp-json\/wp\/v2\/pages\/1043\/revisions\/1497"}],"wp:attachment":[{"href":"https:\/\/site.educa.madrid.org\/cp.mejico.madrid\/index.php\/wp-json\/wp\/v2\/media?parent=1043"}],"wp:term":[{"taxonomy":"folder","embeddable":true,"href":"https:\/\/site.educa.madrid.org\/cp.mejico.madrid\/index.php\/wp-json\/wp\/v2\/folder?post=1043"}],"curies":[{"name":"wp","href":"https:\/\/api.w.org\/{rel}","templated":true}]}}