{"id":130,"date":"2020-10-26T16:47:17","date_gmt":"2020-10-26T16:47:17","guid":{"rendered":"https:\/\/site.educa.madrid.org\/cp.mejico.madrid\/?page_id=130"},"modified":"2024-11-09T13:08:21","modified_gmt":"2024-11-09T12:08:21","slug":"conocenos","status":"publish","type":"page","link":"https:\/\/site.educa.madrid.org\/cp.mejico.madrid\/index.php\/conocenos\/","title":{"rendered":"CON\u00d3CENOS"},"content":{"rendered":"\n<div class=\"wp-block-columns is-layout-flex wp-container-core-columns-is-layout-9d6595d7 wp-block-columns-is-layout-flex\">\n<div class=\"wp-block-column is-layout-flow wp-block-column-is-layout-flow\"><div style=\"width: 100%;\">\n<div style=\"position: relative; padding-bottom: 56.25%; padding-top: 0; height: 0;\"><iframe loading=\"lazy\" frameborder=\"0\" width=\"1200px\" height=\"675px\" style=\"position: absolute; top: 0; left: 0; width: 100%; height: 100%;\" src=\"https:\/\/view.genial.ly\/621c1f11718af20012ac693a\" type=\"text\/html\" allowscriptaccess=\"always\" allowfullscreen=\"true\" scrolling=\"yes\" allownetworking=\"all\"><\/iframe> <\/div>\n<\/p><\/div>\n<\/div>\n<\/div>\n\n\n\n<p>El C.E.I.P. M\u00e9jico es un colegio p\u00fablico situado en el barrio de San Pascual y perteneciente a la D.A.T. Madrid-Capital, cuyo principal objetivo es el <strong>bienestar de vuestros hijos<\/strong>, contribuyendo a su <strong>desarrollo integral<\/strong>. Ofrecemos una <strong>educaci\u00f3n de calidad<\/strong>, adaptada a los nuevos tiempos, con un <strong>profesorado estable <\/strong>e involucrado en la tarea educativa que se preocupa por ofrecer <strong>metodolog\u00edas innovadoras<\/strong> que mejoren el aprendizaje a trav\u00e9s de su continua formaci\u00f3n.<\/p>\n\n\n\n<p>Nuestro trabajo se basa en:<\/p>\n\n\n\n<ul class=\"wp-block-list\">\n<li>Potenciar el lenguaje, el pensamiento matem\u00e1tico, cient\u00edfico, computacional y el arte. Aprendizaje basado en proyectos en Ed. Infantil (A.B.P).<\/li>\n\n\n\n<li>Ense\u00f1anza de ingl\u00e9s y nuevas tecnolog\u00edas desde los 3 a\u00f1os.<\/li>\n\n\n\n<li>Ense\u00f1anza basada en las necesidades y caracter\u00edsticas de cada alumno.<\/li>\n<\/ul>\n\n\n\n<div class=\"wp-block-columns is-layout-flex wp-container-core-columns-is-layout-9d6595d7 wp-block-columns-is-layout-flex\">\n<div class=\"wp-block-column is-layout-flow wp-block-column-is-layout-flow\">\n<figure class=\"wp-block-gallery has-nested-images columns-default is-cropped wp-block-gallery-1 is-layout-flex wp-block-gallery-is-layout-flex\">\n<figure class=\"wp-block-image size-large\"><img loading=\"lazy\" decoding=\"async\" width=\"1024\" height=\"678\" data-id=\"648\" src=\"https:\/\/site.educa.madrid.org\/cp.mejico.madrid\/\/wp-content\/uploads\/cp.mejico.madrid\/2022\/02\/MG_6641-1024x678.jpg\" alt=\"\" class=\"wp-image-648\" srcset=\"https:\/\/site.educa.madrid.org\/cp.mejico.madrid\/\/wp-content\/uploads\/cp.mejico.madrid\/2022\/02\/MG_6641-1024x678.jpg 1024w, https:\/\/site.educa.madrid.org\/cp.mejico.madrid\/\/wp-content\/uploads\/cp.mejico.madrid\/2022\/02\/MG_6641-300x199.jpg 300w, https:\/\/site.educa.madrid.org\/cp.mejico.madrid\/\/wp-content\/uploads\/cp.mejico.madrid\/2022\/02\/MG_6641-768x509.jpg 768w, https:\/\/site.educa.madrid.org\/cp.mejico.madrid\/\/wp-content\/uploads\/cp.mejico.madrid\/2022\/02\/MG_6641-391x260.jpg 391w, https:\/\/site.educa.madrid.org\/cp.mejico.madrid\/\/wp-content\/uploads\/cp.mejico.madrid\/2022\/02\/MG_6641.jpg 1200w\" sizes=\"auto, (max-width: 767px) 89vw, (max-width: 1000px) 54vw, (max-width: 1071px) 543px, 580px\" \/><\/figure>\n<\/figure>\n<\/div>\n\n\n\n<div class=\"wp-block-column is-layout-flow wp-block-column-is-layout-flow\">\n<figure class=\"wp-block-gallery has-nested-images columns-default is-cropped wp-block-gallery-2 is-layout-flex wp-block-gallery-is-layout-flex\">\n<figure class=\"wp-block-image size-large\"><img loading=\"lazy\" decoding=\"async\" width=\"1024\" height=\"683\" data-id=\"649\" src=\"https:\/\/site.educa.madrid.org\/cp.mejico.madrid\/\/wp-content\/uploads\/cp.mejico.madrid\/2022\/02\/MG_6629-1024x683.jpg\" alt=\"\" class=\"wp-image-649\" srcset=\"https:\/\/site.educa.madrid.org\/cp.mejico.madrid\/\/wp-content\/uploads\/cp.mejico.madrid\/2022\/02\/MG_6629-1024x683.jpg 1024w, https:\/\/site.educa.madrid.org\/cp.mejico.madrid\/\/wp-content\/uploads\/cp.mejico.madrid\/2022\/02\/MG_6629-300x200.jpg 300w, https:\/\/site.educa.madrid.org\/cp.mejico.madrid\/\/wp-content\/uploads\/cp.mejico.madrid\/2022\/02\/MG_6629-768x512.jpg 768w, https:\/\/site.educa.madrid.org\/cp.mejico.madrid\/\/wp-content\/uploads\/cp.mejico.madrid\/2022\/02\/MG_6629-391x260.jpg 391w, https:\/\/site.educa.madrid.org\/cp.mejico.madrid\/\/wp-content\/uploads\/cp.mejico.madrid\/2022\/02\/MG_6629-450x300.jpg 450w, https:\/\/site.educa.madrid.org\/cp.mejico.madrid\/\/wp-content\/uploads\/cp.mejico.madrid\/2022\/02\/MG_6629-272x182.jpg 272w, https:\/\/site.educa.madrid.org\/cp.mejico.madrid\/\/wp-content\/uploads\/cp.mejico.madrid\/2022\/02\/MG_6629.jpg 1200w\" sizes=\"auto, (max-width: 767px) 89vw, (max-width: 1000px) 54vw, (max-width: 1071px) 543px, 580px\" \/><\/figure>\n<\/figure>\n<\/div>\n<\/div>\n\n\n<div id=\"pl-gb130-6a0399540ceb6\"  class=\"panel-layout\" ><div id=\"pg-gb130-6a0399540ceb6-0\"  class=\"panel-grid panel-no-style\"  data-style=\"{&quot;background_image_attachment&quot;:false,&quot;background_display&quot;:&quot;tile&quot;,&quot;background_image_size&quot;:&quot;full&quot;,&quot;background_image_opacity&quot;:&quot;100&quot;,&quot;border_thickness&quot;:&quot;1px&quot;,&quot;full_height&quot;:&quot;&quot;,&quot;cell_alignment&quot;:&quot;flex-start&quot;,&quot;link_overlay_new_window&quot;:&quot;&quot;}\" ><div id=\"pgc-gb130-6a0399540ceb6-0-0\"  class=\"panel-grid-cell\"  data-weight=\"1\" ><div id=\"panel-gb130-6a0399540ceb6-0-0-0\" class=\"so-panel widget widget_custom_html panel-first-child panel-last-child\" data-index=\"0\" data-style=\"{&quot;background_image_attachment&quot;:false,&quot;background_display&quot;:&quot;tile&quot;,&quot;background_image_size&quot;:&quot;full&quot;,&quot;background_image_opacity&quot;:&quot;100&quot;,&quot;border_thickness&quot;:&quot;1px&quot;,&quot;link_overlay_new_window&quot;:&quot;&quot;}\" ><div class=\"textwidget custom-html-widget\"><\/div><\/div><\/div><\/div><div id=\"pg-gb130-6a0399540ceb6-1\"  class=\"panel-grid panel-no-style\"  data-style=\"{&quot;background_image_attachment&quot;:false,&quot;background_display&quot;:&quot;tile&quot;,&quot;background_image_size&quot;:&quot;full&quot;,&quot;background_image_opacity&quot;:&quot;100&quot;,&quot;border_thickness&quot;:&quot;1px&quot;,&quot;full_height&quot;:&quot;&quot;,&quot;cell_alignment&quot;:&quot;flex-start&quot;,&quot;link_overlay_new_window&quot;:&quot;&quot;}\" ><div id=\"pgc-gb130-6a0399540ceb6-1-0\"  class=\"panel-grid-cell panel-grid-cell-empty\"  data-weight=\"1\" ><\/div><\/div><div id=\"pg-gb130-6a0399540ceb6-2\"  class=\"panel-grid panel-no-style\"  data-style=\"{&quot;background_image_attachment&quot;:false,&quot;background_display&quot;:&quot;tile&quot;,&quot;background_image_size&quot;:&quot;full&quot;,&quot;background_image_opacity&quot;:&quot;100&quot;,&quot;border_thickness&quot;:&quot;1px&quot;,&quot;full_height&quot;:&quot;&quot;,&quot;cell_alignment&quot;:&quot;flex-start&quot;,&quot;link_overlay_new_window&quot;:&quot;&quot;}\" ><div id=\"pgc-gb130-6a0399540ceb6-2-0\"  class=\"panel-grid-cell panel-grid-cell-empty\"  data-weight=\"0.069754866618601\" ><\/div><div id=\"pgc-gb130-6a0399540ceb6-2-1\"  class=\"panel-grid-cell panel-grid-cell-empty\"  data-weight=\"0.4302451333814\" ><\/div><div id=\"pgc-gb130-6a0399540ceb6-2-2\"  class=\"panel-grid-cell panel-grid-cell-empty panel-grid-cell-mobile-last\"  data-weight=\"0.42952415284787\" ><\/div><div id=\"pgc-gb130-6a0399540ceb6-2-3\"  class=\"panel-grid-cell panel-grid-cell-empty\"  data-weight=\"0.070475847152127\" ><\/div><\/div><\/div>","protected":false},"excerpt":{"rendered":"<p>El C.E.I.P. M\u00e9jico es un colegio p\u00fablico situado en el barrio de San Pascual y perteneciente a la D.A.T. Madrid-Capital, cuyo principal objetivo es el bienestar de vuestros hijos, contribuyendo a su desarrollo integral. Ofrecemos una educaci\u00f3n de calidad, adaptada a los nuevos tiempos, con un profesorado estable e involucrado en la tarea educativa que &hellip; <\/p>\n<p class=\"link-more\"><a href=\"https:\/\/site.educa.madrid.org\/cp.mejico.madrid\/index.php\/conocenos\/\" class=\"more-link\">Continuar leyendo<span class=\"screen-reader-text\"> \u00abCON\u00d3CENOS\u00bb<\/span><\/a><\/p>\n","protected":false},"author":2,"featured_media":0,"parent":0,"menu_order":0,"comment_status":"closed","ping_status":"closed","template":"","meta":{"footnotes":""},"folder":[],"class_list":["post-130","page","type-page","status-publish","hentry"],"rttpg_featured_image_url":null,"rttpg_author":{"display_name":"tic.cp.mejico.madrid","author_link":"https:\/\/site.educa.madrid.org\/cp.mejico.madrid\/index.php\/author\/cuenta_tic-cp-mejico-madrid\/"},"rttpg_comment":0,"rttpg_category":false,"rttpg_excerpt":"El C.E.I.P. M\u00e9jico es un colegio p\u00fablico situado en el barrio de San Pascual y perteneciente a la D.A.T. Madrid-Capital, cuyo principal objetivo es el bienestar de vuestros hijos, contribuyendo a su desarrollo integral. Ofrecemos una educaci\u00f3n de calidad, adaptada a los nuevos tiempos, con un profesorado estable e involucrado en la tarea educativa que&hellip;","post_mailing_queue_ids":[],"_links":{"self":[{"href":"https:\/\/site.educa.madrid.org\/cp.mejico.madrid\/index.php\/wp-json\/wp\/v2\/pages\/130","targetHints":{"allow":["GET"]}}],"collection":[{"href":"https:\/\/site.educa.madrid.org\/cp.mejico.madrid\/index.php\/wp-json\/wp\/v2\/pages"}],"about":[{"href":"https:\/\/site.educa.madrid.org\/cp.mejico.madrid\/index.php\/wp-json\/wp\/v2\/types\/page"}],"author":[{"embeddable":true,"href":"https:\/\/site.educa.madrid.org\/cp.mejico.madrid\/index.php\/wp-json\/wp\/v2\/users\/2"}],"replies":[{"embeddable":true,"href":"https:\/\/site.educa.madrid.org\/cp.mejico.madrid\/index.php\/wp-json\/wp\/v2\/comments?post=130"}],"version-history":[{"count":16,"href":"https:\/\/site.educa.madrid.org\/cp.mejico.madrid\/index.php\/wp-json\/wp\/v2\/pages\/130\/revisions"}],"predecessor-version":[{"id":2633,"href":"https:\/\/site.educa.madrid.org\/cp.mejico.madrid\/index.php\/wp-json\/wp\/v2\/pages\/130\/revisions\/2633"}],"wp:attachment":[{"href":"https:\/\/site.educa.madrid.org\/cp.mejico.madrid\/index.php\/wp-json\/wp\/v2\/media?parent=130"}],"wp:term":[{"taxonomy":"folder","embeddable":true,"href":"https:\/\/site.educa.madrid.org\/cp.mejico.madrid\/index.php\/wp-json\/wp\/v2\/folder?post=130"}],"curies":[{"name":"wp","href":"https:\/\/api.w.org\/{rel}","templated":true}]}}