{"id":186,"date":"2020-10-26T17:08:18","date_gmt":"2020-10-26T17:08:18","guid":{"rendered":"https:\/\/site.educa.madrid.org\/cp.mejico.madrid\/?page_id=186"},"modified":"2021-03-18T16:27:30","modified_gmt":"2021-03-18T16:27:30","slug":"equipo-de-apoyo-y-orientacion","status":"publish","type":"page","link":"https:\/\/site.educa.madrid.org\/cp.mejico.madrid\/index.php\/servicios\/equipo-de-apoyo-y-orientacion\/","title":{"rendered":"Equipo de Apoyo y Orientaci\u00f3n"},"content":{"rendered":"\n<p>Los Equipos de Orientaci\u00f3n Educativa y Psicopedag\u00f3gica Generales (EOEPs), son los responsables de la orientaci\u00f3n en los centros p\u00fablicos de Educaci\u00f3n Infantil y Primaria que escolarizan alumnos de entre 3 y 12 a\u00f1os.<\/p>\n\n\n\n<p>FINALIDAD: Colaborar los centros docentes en el cumplimiento de los objetivos educativos, especialmente en lo referido a la atenci\u00f3n a la diversidad, al alumnado con necesidades espec\u00edficas de apoyo y a la determinaci\u00f3n de necesidades educativas especiales. Favorecen el desarrollo global e inserci\u00f3n social de los alumnos, en coordinaci\u00f3n con servicios de su sector.<\/p>\n\n\n\n<figure class=\"wp-block-image size-large\"><img loading=\"lazy\" decoding=\"async\" width=\"817\" height=\"485\" src=\"https:\/\/site.educa.madrid.org\/cp.mejico.madrid\/\/wp-content\/uploads\/cp.mejico.madrid\/2021\/03\/s.jpg\" alt=\"\" class=\"wp-image-443\" srcset=\"https:\/\/site.educa.madrid.org\/cp.mejico.madrid\/\/wp-content\/uploads\/cp.mejico.madrid\/2021\/03\/s.jpg 817w, https:\/\/site.educa.madrid.org\/cp.mejico.madrid\/\/wp-content\/uploads\/cp.mejico.madrid\/2021\/03\/s-300x178.jpg 300w, https:\/\/site.educa.madrid.org\/cp.mejico.madrid\/\/wp-content\/uploads\/cp.mejico.madrid\/2021\/03\/s-768x456.jpg 768w\" sizes=\"auto, (max-width: 767px) 89vw, (max-width: 1000px) 54vw, (max-width: 1071px) 543px, 580px\" \/><\/figure>\n\n\n\n<p>Los EOEPs llevan a cabo el apoyo especializado a los centros educativos. Entre sus funciones destacan:<\/p>\n\n\n\n<ul class=\"wp-block-list\"><li>Contribuir a la mejora de la ense\u00f1anza y la calidad de los aprendizajes, colaborando con los \u00f3rganos de participaci\u00f3n del centro.<\/li><li>Contribuir a la mejora del funcionamiento de las estructuras organizativas de los centros.<\/li><li>Promover la cooperaci\u00f3n entre la familia y los centros.&nbsp;<\/li><li>Colaborar en la identificaci\u00f3n de las barreras de aprendizaje y en valoraci\u00f3n de las necesidades educativas especiales. La&nbsp;<em>evaluaci\u00f3n psicopedag\u00f3gica<\/em>, como proceso de recogida, an\u00e1lisis y valoraci\u00f3n de&nbsp;informaci\u00f3n relevante referida&nbsp;al alumno y a su contexto familiar y escolar,&nbsp;permite adoptar decisiones respecto a la mejor opci\u00f3n de escolarizaci\u00f3n.&nbsp;<\/li><\/ul>\n\n\n\n<p>Fuente: <\/p>\n\n\n\n<div class=\"wp-block-image\"><figure class=\"alignleft size-medium is-resized\"><a href=\"https:\/\/www.comunidad.madrid\/servicios\/educacion\/equipos-orientacion-educativa-psicopedagogica#:~:text=FINALIDAD-,Los%20Equipos%20de%20Orientaci%C3%B3n%20Educativa%20y%20Psicopedag%C3%B3gica%20de%20Atenci%C3%B3n%20Temprana,determinando%20las%20necesidades%20educativas%20especiales.\"><img loading=\"lazy\" decoding=\"async\" src=\"https:\/\/site.educa.madrid.org\/cp.mejico.madrid\/\/wp-content\/uploads\/cp.mejico.madrid\/2021\/03\/comunidad-de-madrid-300x100.jpg\" alt=\"\" class=\"wp-image-446\" width=\"220\" height=\"73\" srcset=\"https:\/\/site.educa.madrid.org\/cp.mejico.madrid\/\/wp-content\/uploads\/cp.mejico.madrid\/2021\/03\/comunidad-de-madrid-300x100.jpg 300w, https:\/\/site.educa.madrid.org\/cp.mejico.madrid\/\/wp-content\/uploads\/cp.mejico.madrid\/2021\/03\/comunidad-de-madrid-1024x341.jpg 1024w, https:\/\/site.educa.madrid.org\/cp.mejico.madrid\/\/wp-content\/uploads\/cp.mejico.madrid\/2021\/03\/comunidad-de-madrid-768x256.jpg 768w, https:\/\/site.educa.madrid.org\/cp.mejico.madrid\/\/wp-content\/uploads\/cp.mejico.madrid\/2021\/03\/comunidad-de-madrid.jpg 1200w\" sizes=\"auto, (max-width: 220px) 100vw, 220px\" \/><\/a><\/figure><\/div>\n\n\n\n<p><\/p>\n","protected":false},"excerpt":{"rendered":"<p>Los Equipos de Orientaci\u00f3n Educativa y Psicopedag\u00f3gica Generales (EOEPs), son los responsables de la orientaci\u00f3n en los centros p\u00fablicos de Educaci\u00f3n Infantil y Primaria que escolarizan alumnos de entre 3 y 12 a\u00f1os. FINALIDAD: Colaborar los centros docentes en el cumplimiento de los objetivos educativos, especialmente en lo referido a la atenci\u00f3n a la diversidad, &hellip; <\/p>\n<p class=\"link-more\"><a href=\"https:\/\/site.educa.madrid.org\/cp.mejico.madrid\/index.php\/servicios\/equipo-de-apoyo-y-orientacion\/\" class=\"more-link\">Continuar leyendo<span class=\"screen-reader-text\"> \u00abEquipo de Apoyo y Orientaci\u00f3n\u00bb<\/span><\/a><\/p>\n","protected":false},"author":2,"featured_media":0,"parent":184,"menu_order":0,"comment_status":"closed","ping_status":"closed","template":"","meta":{"footnotes":""},"folder":[],"class_list":["post-186","page","type-page","status-publish","hentry"],"rttpg_featured_image_url":null,"rttpg_author":{"display_name":"tic.cp.mejico.madrid","author_link":"https:\/\/site.educa.madrid.org\/cp.mejico.madrid\/index.php\/author\/cuenta_tic-cp-mejico-madrid\/"},"rttpg_comment":0,"rttpg_category":false,"rttpg_excerpt":"Los Equipos de Orientaci\u00f3n Educativa y Psicopedag\u00f3gica Generales (EOEPs), son los responsables de la orientaci\u00f3n en los centros p\u00fablicos de Educaci\u00f3n Infantil y Primaria que escolarizan alumnos de entre 3 y 12 a\u00f1os. FINALIDAD: Colaborar los centros docentes en el cumplimiento de los objetivos educativos, especialmente en lo referido a la atenci\u00f3n a la diversidad,&hellip;","post_mailing_queue_ids":[],"_links":{"self":[{"href":"https:\/\/site.educa.madrid.org\/cp.mejico.madrid\/index.php\/wp-json\/wp\/v2\/pages\/186","targetHints":{"allow":["GET"]}}],"collection":[{"href":"https:\/\/site.educa.madrid.org\/cp.mejico.madrid\/index.php\/wp-json\/wp\/v2\/pages"}],"about":[{"href":"https:\/\/site.educa.madrid.org\/cp.mejico.madrid\/index.php\/wp-json\/wp\/v2\/types\/page"}],"author":[{"embeddable":true,"href":"https:\/\/site.educa.madrid.org\/cp.mejico.madrid\/index.php\/wp-json\/wp\/v2\/users\/2"}],"replies":[{"embeddable":true,"href":"https:\/\/site.educa.madrid.org\/cp.mejico.madrid\/index.php\/wp-json\/wp\/v2\/comments?post=186"}],"version-history":[{"count":5,"href":"https:\/\/site.educa.madrid.org\/cp.mejico.madrid\/index.php\/wp-json\/wp\/v2\/pages\/186\/revisions"}],"predecessor-version":[{"id":534,"href":"https:\/\/site.educa.madrid.org\/cp.mejico.madrid\/index.php\/wp-json\/wp\/v2\/pages\/186\/revisions\/534"}],"up":[{"embeddable":true,"href":"https:\/\/site.educa.madrid.org\/cp.mejico.madrid\/index.php\/wp-json\/wp\/v2\/pages\/184"}],"wp:attachment":[{"href":"https:\/\/site.educa.madrid.org\/cp.mejico.madrid\/index.php\/wp-json\/wp\/v2\/media?parent=186"}],"wp:term":[{"taxonomy":"folder","embeddable":true,"href":"https:\/\/site.educa.madrid.org\/cp.mejico.madrid\/index.php\/wp-json\/wp\/v2\/folder?post=186"}],"curies":[{"name":"wp","href":"https:\/\/api.w.org\/{rel}","templated":true}]}}