{"id":188,"date":"2020-10-26T17:08:48","date_gmt":"2020-10-26T17:08:48","guid":{"rendered":"https:\/\/site.educa.madrid.org\/cp.mejico.madrid\/?page_id=188"},"modified":"2025-01-28T12:38:42","modified_gmt":"2025-01-28T11:38:42","slug":"enfermeria","status":"publish","type":"page","link":"https:\/\/site.educa.madrid.org\/cp.mejico.madrid\/index.php\/servicios\/enfermeria\/","title":{"rendered":"Enfermer\u00eda"},"content":{"rendered":"\n<p class=\"has-text-align-center\"><\/p>\n\n\n\n<hr class=\"wp-block-separator has-alpha-channel-opacity\"\/>\n\n\n<div id=\"pl-gb188-6a036306ee628\"  class=\"panel-layout\" ><div id=\"pg-gb188-6a036306ee628-0\"  class=\"panel-grid panel-has-style\"  data-style=\"{&quot;background_image_attachment&quot;:false,&quot;background_display&quot;:&quot;tile&quot;,&quot;background_image_size&quot;:&quot;full&quot;,&quot;background_image_opacity&quot;:&quot;100&quot;,&quot;border_thickness&quot;:&quot;1px&quot;,&quot;full_height&quot;:&quot;&quot;,&quot;row_stretch&quot;:&quot;full-width-stretch&quot;,&quot;cell_alignment&quot;:&quot;flex-start&quot;,&quot;link_overlay_new_window&quot;:&quot;&quot;}\" ><div class=\"siteorigin-panels-stretch panel-row-style panel-row-style-for-gb188-6a036306ee628-0\" data-stretch-type=\"full-width-stretch\" ><div id=\"pgc-gb188-6a036306ee628-0-0\"  class=\"panel-grid-cell panel-grid-cell-empty\"  data-weight=\"0.05021645021645\" ><\/div><div id=\"pgc-gb188-6a036306ee628-0-1\"  class=\"panel-grid-cell panel-grid-cell-mobile-last\"  data-weight=\"0.90021645021645\" ><div id=\"panel-gb188-6a036306ee628-0-1-0\" class=\"so-panel widget widget_text panel-first-child panel-last-child\" data-index=\"0\" data-style=\"{&quot;background_image_attachment&quot;:false,&quot;background_display&quot;:&quot;tile&quot;,&quot;background_image_size&quot;:&quot;full&quot;,&quot;background_image_opacity&quot;:&quot;100&quot;,&quot;border_thickness&quot;:&quot;1px&quot;,&quot;link_overlay_new_window&quot;:&quot;&quot;}\" >\t\t\t<div class=\"textwidget\"><p>Nuestro colegio cuenta con un Enfermero a jornada completa para cubrir las necesidades de enfermer\u00eda espec\u00edficas de los ni\u00f1os que han sido escolarizados por este fin en nuestro colegio y el servicio de enfermer\u00eda se generaliza para todos los alumnos y personal del centro.<\/p>\n<p>La funci\u00f3n prioritaria del enfermero del centro es atender y apoyar al alumnado con necesidades especiales, realizando tareas espec\u00edficas de enfermer\u00eda respecto a su salud para promover su desarrollo y aprendizaje, as\u00ed como su integraci\u00f3n en las actividades cotidianas del centro, promoviendo siempre su autonom\u00eda a trav\u00e9s de la formaci\u00f3n y fomento del auto cuidado.<\/p>\n<p>Para garantizar un adecuado servicio, hemos desarrollado unas normas b\u00e1sicas de funcionamiento:<\/p>\n<p>1. Los alumnos que est\u00e9n enfermos no deben acudir al colegio. Por su propio bienestar y por el del resto de los compa\u00f1eros, con el fin de evitar el contagio entre ellos.<\/p>\n<p>2. Si cualquier alumno del colegio precisara alg\u00fan tipo de atenci\u00f3n especial en torno a sus problemas de salud (patolog\u00edas importantes, alergias, administraci\u00f3n de medicaci\u00f3n, etc.) es necesario aportar el informe m\u00e9dico correspondiente y actualizarlo en las sucesivas revisiones que tenga.<\/p>\n<p>3. Si alg\u00fan alumno necesita recibir alguna medicaci\u00f3n durante la jornada escolar, es necesario que los padres entreguen al enfermero la receta o informe m\u00e9dico, indicando la medicaci\u00f3n, la dosis y el horario.<\/p>\n<p><strong>* Siempre que sea posible, ajustar el horario de la medicaci\u00f3n para que no coincida con la jornada escolar.<\/strong><\/p>\n<p>4. Los alumnos que necesitan medicaci\u00f3n de manera continuada es necesario aportar informe m\u00e9dico donde indique la medicaci\u00f3n y la pauta de administraci\u00f3n, y renovarlo peri\u00f3dicamente o cada vez que haya un cambio.<\/p>\n<p>5. El enfermero tambi\u00e9n se ocupa de atender las incidencias relacionadas con la salud de los alumnos ocurridas durante la jornada escolar. Cualquier enfermedad, problema de salud o accidente que pueda requerir tratamiento se comunicar\u00e1 a los padres que deber\u00e1n recoger al ni\u00f1o del colegio para consultar con su pediatra o servicio de urgencias.<\/p>\n<\/div>\n\t\t<\/div><\/div><div id=\"pgc-gb188-6a036306ee628-0-2\"  class=\"panel-grid-cell panel-grid-cell-empty\"  data-weight=\"0.0495670995671\" ><\/div><\/div><\/div><div id=\"pg-gb188-6a036306ee628-1\"  class=\"panel-grid panel-has-style\"  data-style=\"{&quot;background_image_attachment&quot;:false,&quot;background_display&quot;:&quot;tile&quot;,&quot;background_image_size&quot;:&quot;full&quot;,&quot;background_image_opacity&quot;:&quot;100&quot;,&quot;border_thickness&quot;:&quot;1px&quot;,&quot;full_height&quot;:&quot;&quot;,&quot;row_stretch&quot;:&quot;full-width-stretch&quot;,&quot;cell_alignment&quot;:&quot;flex-start&quot;,&quot;link_overlay_new_window&quot;:&quot;&quot;}\" ><div class=\"siteorigin-panels-stretch panel-row-style panel-row-style-for-gb188-6a036306ee628-1\" data-stretch-type=\"full-width-stretch\" ><div id=\"pgc-gb188-6a036306ee628-1-0\"  class=\"panel-grid-cell panel-grid-cell-empty\"  data-weight=\"0.05\" ><\/div><div id=\"pgc-gb188-6a036306ee628-1-1\"  class=\"panel-grid-cell\"  data-weight=\"0.30029239766082\" ><div id=\"panel-gb188-6a036306ee628-1-1-0\" class=\"so-panel widget widget_media_image panel-first-child panel-last-child\" data-index=\"1\" data-style=\"{&quot;background_image_attachment&quot;:false,&quot;background_display&quot;:&quot;tile&quot;,&quot;background_image_size&quot;:&quot;full&quot;,&quot;background_image_opacity&quot;:&quot;100&quot;,&quot;border_thickness&quot;:&quot;1px&quot;,&quot;link_overlay_new_window&quot;:&quot;&quot;}\" ><a href=\"https:\/\/site.educa.madrid.org\/cp.mejico.madrid\/\/wp-content\/uploads\/cp.mejico.madrid\/2025\/01\/dientes_brillantes_2024.pdf\"><img loading=\"lazy\" decoding=\"async\" width=\"269\" height=\"300\" src=\"https:\/\/site.educa.madrid.org\/cp.mejico.madrid\/\/wp-content\/uploads\/cp.mejico.madrid\/2025\/01\/Captura-de-pantalla-2025-01-28-12-11-10-269x300.png\" class=\"image wp-image-2748  attachment-medium size-medium\" alt=\"\" style=\"max-width: 100%; height: auto;\" srcset=\"https:\/\/site.educa.madrid.org\/cp.mejico.madrid\/\/wp-content\/uploads\/cp.mejico.madrid\/2025\/01\/Captura-de-pantalla-2025-01-28-12-11-10-269x300.png 269w, https:\/\/site.educa.madrid.org\/cp.mejico.madrid\/\/wp-content\/uploads\/cp.mejico.madrid\/2025\/01\/Captura-de-pantalla-2025-01-28-12-11-10.png 574w\" sizes=\"auto, 100vw\" \/><\/a><\/div><\/div><div id=\"pgc-gb188-6a036306ee628-1-2\"  class=\"panel-grid-cell\"  data-weight=\"0.29502923976608\" ><div id=\"panel-gb188-6a036306ee628-1-2-0\" class=\"so-panel widget widget_media_image panel-first-child panel-last-child\" data-index=\"2\" data-style=\"{&quot;background_image_attachment&quot;:false,&quot;background_display&quot;:&quot;tile&quot;,&quot;background_image_size&quot;:&quot;full&quot;,&quot;background_image_opacity&quot;:&quot;100&quot;,&quot;border_thickness&quot;:&quot;1px&quot;,&quot;link_overlay_new_window&quot;:&quot;&quot;}\" ><a href=\"https:\/\/site.educa.madrid.org\/cp.mejico.madrid\/\/wp-content\/uploads\/cp.mejico.madrid\/2025\/01\/folleto_piojos.pdf\"><img loading=\"lazy\" decoding=\"async\" width=\"176\" height=\"300\" src=\"https:\/\/site.educa.madrid.org\/cp.mejico.madrid\/\/wp-content\/uploads\/cp.mejico.madrid\/2025\/01\/Captura-de-pantalla-2025-01-28-12-11-48-176x300.png\" class=\"image wp-image-2747  attachment-medium size-medium\" alt=\"\" style=\"max-width: 100%; height: auto;\" srcset=\"https:\/\/site.educa.madrid.org\/cp.mejico.madrid\/\/wp-content\/uploads\/cp.mejico.madrid\/2025\/01\/Captura-de-pantalla-2025-01-28-12-11-48-176x300.png 176w, https:\/\/site.educa.madrid.org\/cp.mejico.madrid\/\/wp-content\/uploads\/cp.mejico.madrid\/2025\/01\/Captura-de-pantalla-2025-01-28-12-11-48.png 470w\" sizes=\"auto, 100vw\" \/><\/a><\/div><\/div><div id=\"pgc-gb188-6a036306ee628-1-3\"  class=\"panel-grid-cell panel-grid-cell-mobile-last\"  data-weight=\"0.3046783625731\" ><div id=\"panel-gb188-6a036306ee628-1-3-0\" class=\"so-panel widget widget_media_image panel-first-child panel-last-child\" data-index=\"3\" data-style=\"{&quot;background_image_attachment&quot;:false,&quot;background_display&quot;:&quot;tile&quot;,&quot;background_image_size&quot;:&quot;full&quot;,&quot;background_image_opacity&quot;:&quot;100&quot;,&quot;border_thickness&quot;:&quot;1px&quot;,&quot;link_overlay_new_window&quot;:&quot;&quot;}\" ><a href=\"https:\/\/site.educa.madrid.org\/cp.mejico.madrid\/\/wp-content\/uploads\/cp.mejico.madrid\/2025\/01\/guia-primeros-auxilios-para-padres-y-madres-1.pdf\"><img loading=\"lazy\" decoding=\"async\" width=\"243\" height=\"300\" src=\"https:\/\/site.educa.madrid.org\/cp.mejico.madrid\/\/wp-content\/uploads\/cp.mejico.madrid\/2025\/01\/Captura-de-pantalla-2025-01-28-12-12-29-243x300.png\" class=\"image wp-image-2746  attachment-medium size-medium\" alt=\"\" style=\"max-width: 100%; height: auto;\" srcset=\"https:\/\/site.educa.madrid.org\/cp.mejico.madrid\/\/wp-content\/uploads\/cp.mejico.madrid\/2025\/01\/Captura-de-pantalla-2025-01-28-12-12-29-243x300.png 243w, https:\/\/site.educa.madrid.org\/cp.mejico.madrid\/\/wp-content\/uploads\/cp.mejico.madrid\/2025\/01\/Captura-de-pantalla-2025-01-28-12-12-29.png 559w\" sizes=\"auto, 100vw\" \/><\/a><\/div><\/div><div id=\"pgc-gb188-6a036306ee628-1-4\"  class=\"panel-grid-cell panel-grid-cell-empty\"  data-weight=\"0.05\" ><\/div><\/div><\/div><\/div>\n\n\n<p><\/p>\n\n\n\n<p><\/p>\n","protected":false},"excerpt":{"rendered":"","protected":false},"author":2,"featured_media":0,"parent":184,"menu_order":0,"comment_status":"closed","ping_status":"closed","template":"","meta":{"footnotes":""},"folder":[],"class_list":["post-188","page","type-page","status-publish","hentry"],"rttpg_featured_image_url":null,"rttpg_author":{"display_name":"tic.cp.mejico.madrid","author_link":"https:\/\/site.educa.madrid.org\/cp.mejico.madrid\/index.php\/author\/cuenta_tic-cp-mejico-madrid\/"},"rttpg_comment":0,"rttpg_category":false,"rttpg_excerpt":null,"post_mailing_queue_ids":[],"_links":{"self":[{"href":"https:\/\/site.educa.madrid.org\/cp.mejico.madrid\/index.php\/wp-json\/wp\/v2\/pages\/188","targetHints":{"allow":["GET"]}}],"collection":[{"href":"https:\/\/site.educa.madrid.org\/cp.mejico.madrid\/index.php\/wp-json\/wp\/v2\/pages"}],"about":[{"href":"https:\/\/site.educa.madrid.org\/cp.mejico.madrid\/index.php\/wp-json\/wp\/v2\/types\/page"}],"author":[{"embeddable":true,"href":"https:\/\/site.educa.madrid.org\/cp.mejico.madrid\/index.php\/wp-json\/wp\/v2\/users\/2"}],"replies":[{"embeddable":true,"href":"https:\/\/site.educa.madrid.org\/cp.mejico.madrid\/index.php\/wp-json\/wp\/v2\/comments?post=188"}],"version-history":[{"count":12,"href":"https:\/\/site.educa.madrid.org\/cp.mejico.madrid\/index.php\/wp-json\/wp\/v2\/pages\/188\/revisions"}],"predecessor-version":[{"id":2753,"href":"https:\/\/site.educa.madrid.org\/cp.mejico.madrid\/index.php\/wp-json\/wp\/v2\/pages\/188\/revisions\/2753"}],"up":[{"embeddable":true,"href":"https:\/\/site.educa.madrid.org\/cp.mejico.madrid\/index.php\/wp-json\/wp\/v2\/pages\/184"}],"wp:attachment":[{"href":"https:\/\/site.educa.madrid.org\/cp.mejico.madrid\/index.php\/wp-json\/wp\/v2\/media?parent=188"}],"wp:term":[{"taxonomy":"folder","embeddable":true,"href":"https:\/\/site.educa.madrid.org\/cp.mejico.madrid\/index.php\/wp-json\/wp\/v2\/folder?post=188"}],"curies":[{"name":"wp","href":"https:\/\/api.w.org\/{rel}","templated":true}]}}