{"id":190,"date":"2020-10-26T17:09:25","date_gmt":"2020-10-26T17:09:25","guid":{"rendered":"https:\/\/site.educa.madrid.org\/cp.mejico.madrid\/?page_id=190"},"modified":"2025-03-11T19:04:50","modified_gmt":"2025-03-11T18:04:50","slug":"actividades-extraescolares","status":"publish","type":"page","link":"https:\/\/site.educa.madrid.org\/cp.mejico.madrid\/index.php\/servicios\/actividades-extraescolares\/","title":{"rendered":"Actividades Extraescolares"},"content":{"rendered":"\n<p>  Las actividades extraescolares del colegio las gestiona y organiza la AMPA  puedes acceder a la informaci\u00f3n en su p\u00e1gina web en la secci\u00f3n de <a href=\"https:\/\/site.educa.madrid.org\/cp.mejico.madrid\/\">INICIO<\/a><\/p>\n\n\n\n<figure class=\"wp-block-image size-full\"><img loading=\"lazy\" decoding=\"async\" width=\"737\" height=\"471\" src=\"https:\/\/site.educa.madrid.org\/cp.mejico.madrid\/\/wp-content\/uploads\/cp.mejico.madrid\/2025\/03\/Extraescolares-24-25.png\" alt=\"\" class=\"wp-image-2796\" srcset=\"https:\/\/site.educa.madrid.org\/cp.mejico.madrid\/\/wp-content\/uploads\/cp.mejico.madrid\/2025\/03\/Extraescolares-24-25.png 737w, https:\/\/site.educa.madrid.org\/cp.mejico.madrid\/\/wp-content\/uploads\/cp.mejico.madrid\/2025\/03\/Extraescolares-24-25-300x192.png 300w\" sizes=\"auto, (max-width: 737px) 100vw, 737px\" \/><\/figure>\n\n\n\n<figure class=\"wp-block-image size-full\"><img loading=\"lazy\" decoding=\"async\" width=\"756\" height=\"677\" src=\"https:\/\/site.educa.madrid.org\/cp.mejico.madrid\/\/wp-content\/uploads\/cp.mejico.madrid\/2024\/01\/Captura-desde-2024-01-20-18-27-37.png\" alt=\"\" class=\"wp-image-2221\" srcset=\"https:\/\/site.educa.madrid.org\/cp.mejico.madrid\/\/wp-content\/uploads\/cp.mejico.madrid\/2024\/01\/Captura-desde-2024-01-20-18-27-37.png 756w, https:\/\/site.educa.madrid.org\/cp.mejico.madrid\/\/wp-content\/uploads\/cp.mejico.madrid\/2024\/01\/Captura-desde-2024-01-20-18-27-37-300x269.png 300w\" sizes=\"auto, (max-width: 706px) 89vw, (max-width: 767px) 82vw, 740px\" \/><\/figure>\n","protected":false},"excerpt":{"rendered":"<p>Las actividades extraescolares del colegio las gestiona y organiza la AMPA puedes acceder a la informaci\u00f3n en su p\u00e1gina web en la secci\u00f3n de INICIO<\/p>\n","protected":false},"author":2,"featured_media":0,"parent":184,"menu_order":0,"comment_status":"closed","ping_status":"closed","template":"","meta":{"footnotes":""},"folder":[],"class_list":["post-190","page","type-page","status-publish","hentry"],"rttpg_featured_image_url":null,"rttpg_author":{"display_name":"tic.cp.mejico.madrid","author_link":"https:\/\/site.educa.madrid.org\/cp.mejico.madrid\/index.php\/author\/cuenta_tic-cp-mejico-madrid\/"},"rttpg_comment":0,"rttpg_category":false,"rttpg_excerpt":"Las actividades extraescolares del colegio las gestiona y organiza la AMPA puedes acceder a la informaci\u00f3n en su p\u00e1gina web en la secci\u00f3n de INICIO","post_mailing_queue_ids":[],"_links":{"self":[{"href":"https:\/\/site.educa.madrid.org\/cp.mejico.madrid\/index.php\/wp-json\/wp\/v2\/pages\/190","targetHints":{"allow":["GET"]}}],"collection":[{"href":"https:\/\/site.educa.madrid.org\/cp.mejico.madrid\/index.php\/wp-json\/wp\/v2\/pages"}],"about":[{"href":"https:\/\/site.educa.madrid.org\/cp.mejico.madrid\/index.php\/wp-json\/wp\/v2\/types\/page"}],"author":[{"embeddable":true,"href":"https:\/\/site.educa.madrid.org\/cp.mejico.madrid\/index.php\/wp-json\/wp\/v2\/users\/2"}],"replies":[{"embeddable":true,"href":"https:\/\/site.educa.madrid.org\/cp.mejico.madrid\/index.php\/wp-json\/wp\/v2\/comments?post=190"}],"version-history":[{"count":8,"href":"https:\/\/site.educa.madrid.org\/cp.mejico.madrid\/index.php\/wp-json\/wp\/v2\/pages\/190\/revisions"}],"predecessor-version":[{"id":2797,"href":"https:\/\/site.educa.madrid.org\/cp.mejico.madrid\/index.php\/wp-json\/wp\/v2\/pages\/190\/revisions\/2797"}],"up":[{"embeddable":true,"href":"https:\/\/site.educa.madrid.org\/cp.mejico.madrid\/index.php\/wp-json\/wp\/v2\/pages\/184"}],"wp:attachment":[{"href":"https:\/\/site.educa.madrid.org\/cp.mejico.madrid\/index.php\/wp-json\/wp\/v2\/media?parent=190"}],"wp:term":[{"taxonomy":"folder","embeddable":true,"href":"https:\/\/site.educa.madrid.org\/cp.mejico.madrid\/index.php\/wp-json\/wp\/v2\/folder?post=190"}],"curies":[{"name":"wp","href":"https:\/\/api.w.org\/{rel}","templated":true}]}}