{"id":2277,"date":"2024-03-04T19:27:49","date_gmt":"2024-03-04T18:27:49","guid":{"rendered":"https:\/\/site.educa.madrid.org\/cp.mejico.madrid\/?page_id=2277"},"modified":"2026-02-11T09:43:15","modified_gmt":"2026-02-11T08:43:15","slug":"oferta-educativa","status":"publish","type":"page","link":"https:\/\/site.educa.madrid.org\/cp.mejico.madrid\/index.php\/informacion-a-las-familias\/oferta-educativa\/","title":{"rendered":"Oferta Educativa"},"content":{"rendered":"<div id=\"pl-gb2277-6a0379aeb1520\"  class=\"panel-layout panel-layout\" ><div id=\"pg-gb2277-6a0379aeb1520-0\"  class=\"panel-grid panel-has-style\"  data-style=\"{&quot;background_image_attachment&quot;:false,&quot;background_display&quot;:&quot;tile&quot;,&quot;background_image_size&quot;:&quot;full&quot;,&quot;background_image_opacity&quot;:&quot;100&quot;,&quot;border_thickness&quot;:&quot;1px&quot;,&quot;full_height&quot;:&quot;&quot;,&quot;row_stretch&quot;:&quot;full-width-stretch&quot;,&quot;cell_alignment&quot;:&quot;stretch&quot;,&quot;link_overlay_new_window&quot;:&quot;&quot;}\" ><div class=\"siteorigin-panels-stretch panel-row-style panel-row-style-for-gb2277-6a0379aeb1520-0\" data-stretch-type=\"full-width-stretch\" ><div id=\"pgc-gb2277-6a0379aeb1520-0-0\"  class=\"panel-grid-cell\"  data-weight=\"1\" ><div id=\"panel-gb2277-6a0379aeb1520-0-0-0\" class=\"so-panel widget widget_sow-hero panel-first-child panel-last-child\" data-index=\"0\" data-style=\"{&quot;background_image_attachment&quot;:false,&quot;background_display&quot;:&quot;tile&quot;,&quot;background_image_size&quot;:&quot;full&quot;,&quot;border_thickness&quot;:&quot;1px&quot;,&quot;link_overlay_new_window&quot;:&quot;&quot;}\" ><div\n\t\t\t\n\t\t\tclass=\"so-widget-sow-hero so-widget-sow-hero-default-0f01d0903c4e so-widget-fittext-wrapper\"\n\t\t\t data-fit-text-compressor=\"0.85\"\n\t\t>\t\t\t\t<div class=\"sow-slider-base\" style=\"display: none\" tabindex=\"0\">\n\t\t\t\t\t<ul\n\t\t\t\t\tclass=\"sow-slider-images\"\n\t\t\t\t\tdata-settings=\"{&quot;pagination&quot;:true,&quot;speed&quot;:800,&quot;timeout&quot;:8000,&quot;paused&quot;:false,&quot;pause_on_hover&quot;:false,&quot;swipe&quot;:true,&quot;nav_always_show_desktop&quot;:&quot;&quot;,&quot;nav_always_show_mobile&quot;:&quot;&quot;,&quot;breakpoint&quot;:&quot;780px&quot;,&quot;unmute&quot;:false,&quot;anchor&quot;:null}\"\n\t\t\t\t\tstyle=\"min-height: 300px\"\t\t\t\t\tdata-anchor-id=\"\"\n\t\t\t\t>\t\t<li class=\"sow-slider-image  sow-slider-image-cover\" style=\"visibility: visible;;background-color: #333333;background-image: url(https:\/\/site.educa.madrid.org\/cp.mejico.madrid\/\/wp-content\/uploads\/cp.mejico.madrid\/2022\/09\/numicon.png)\" >\n\t\t\t\t\t<div class=\"sow-slider-image-container\">\n\t\t\t<div class=\"sow-slider-image-wrapper\">\n\t\t\t\t\t\t\t<\/div>\n\t\t<\/div>\n\t\t\t\t<\/li>\n\t\t<\/ul>\t\t\t\t<ol class=\"sow-slider-pagination\">\n\t\t\t\t\t\t\t\t\t\t\t<li><a href=\"#\" data-goto=\"0\" aria-label=\"mostrar diapositiva 1\"><\/a><\/li>\n\t\t\t\t\t\t\t\t\t<\/ol>\n\n\t\t\t\t<div class=\"sow-slide-nav sow-slide-nav-next\">\n\t\t\t\t\t<a href=\"#\" data-goto=\"next\" aria-label=\"diapositiva siguiente\" data-action=\"next\">\n\t\t\t\t\t\t<em class=\"sow-sld-icon-thin-right\"><\/em>\n\t\t\t\t\t<\/a>\n\t\t\t\t<\/div>\n\n\t\t\t\t<div class=\"sow-slide-nav sow-slide-nav-prev\">\n\t\t\t\t\t<a href=\"#\" data-goto=\"previous\" aria-label=\"diapositiva anterior\" data-action=\"prev\">\n\t\t\t\t\t\t<em class=\"sow-sld-icon-thin-left\"><\/em>\n\t\t\t\t\t<\/a>\n\t\t\t\t<\/div>\n\t\t\t\t<\/div><\/div><\/div><\/div><\/div><\/div><div id=\"pg-gb2277-6a0379aeb1520-1\"  class=\"panel-grid panel-has-style\"  data-style=\"{&quot;background_image_attachment&quot;:false,&quot;background_display&quot;:&quot;tile&quot;,&quot;background_image_size&quot;:&quot;full&quot;,&quot;background_image_opacity&quot;:&quot;100&quot;,&quot;border_thickness&quot;:&quot;1px&quot;,&quot;full_height&quot;:&quot;&quot;,&quot;row_stretch&quot;:&quot;full-width-stretch&quot;,&quot;cell_alignment&quot;:&quot;flex-start&quot;,&quot;link_overlay_new_window&quot;:&quot;&quot;}\" ><div class=\"siteorigin-panels-stretch panel-row-style panel-row-style-for-gb2277-6a0379aeb1520-1\" data-stretch-type=\"full-width-stretch\" ><div id=\"pgc-gb2277-6a0379aeb1520-1-0\"  class=\"panel-grid-cell panel-grid-cell-empty\"  data-weight=\"0.099975068561456\" ><\/div><div id=\"pgc-gb2277-6a0379aeb1520-1-1\"  class=\"panel-grid-cell panel-grid-cell-mobile-last\"  data-weight=\"0.80004986287709\" ><div id=\"panel-gb2277-6a0379aeb1520-1-1-0\" class=\"so-panel widget widget_text panel-first-child panel-last-child\" data-index=\"1\" data-style=\"{&quot;background_image_attachment&quot;:false,&quot;background_display&quot;:&quot;tile&quot;,&quot;background_image_size&quot;:&quot;full&quot;,&quot;background_image_opacity&quot;:&quot;100&quot;,&quot;border_thickness&quot;:&quot;1px&quot;,&quot;link_overlay_new_window&quot;:&quot;&quot;}\" ><h3 class=\"widget-title\">C.E.I.P. M\u00e9jico<\/h3>\t\t\t<div class=\"textwidget\"><p>Somos un <strong>Centro P\u00fablico,<\/strong> preferente de integraci\u00f3n motora\u00a0 en el que se imparte Segundo Ciclo de Educaci\u00f3n Infantil y Educaci\u00f3n Primaria. Nos encontramos en Madrid y pertenecemos\u00a0 a la DAT Madrid-Capital. Nos caracterizamos por ser un centro inclusivo donde el respeto y la educaci\u00f3n integral son el centro de nuestro d\u00eda a d\u00eda.<\/p>\n<p>Nuestra pedagog\u00eda se basa en metodolog\u00edas activas e innovadoras como el ABP. Las familias est\u00e1n integradas en el centro y son muy participativas.<\/p>\n<\/div>\n\t\t<\/div><\/div><div id=\"pgc-gb2277-6a0379aeb1520-1-2\"  class=\"panel-grid-cell panel-grid-cell-empty\"  data-weight=\"0.099975068561456\" ><\/div><\/div><\/div><div id=\"pg-gb2277-6a0379aeb1520-2\"  class=\"panel-grid panel-has-style\"  data-style=\"{&quot;background_image_attachment&quot;:false,&quot;background_display&quot;:&quot;tile&quot;,&quot;background_image_size&quot;:&quot;full&quot;,&quot;background_image_opacity&quot;:&quot;100&quot;,&quot;border_thickness&quot;:&quot;1px&quot;,&quot;full_height&quot;:&quot;&quot;,&quot;row_stretch&quot;:&quot;full-width-stretch&quot;,&quot;cell_alignment&quot;:&quot;flex-start&quot;,&quot;link_overlay_new_window&quot;:&quot;&quot;}\" ><div class=\"siteorigin-panels-stretch panel-row-style panel-row-style-for-gb2277-6a0379aeb1520-2\" data-stretch-type=\"full-width-stretch\" ><div id=\"pgc-gb2277-6a0379aeb1520-2-0\"  class=\"panel-grid-cell panel-grid-cell-empty\"  data-weight=\"0.099975068561456\" ><\/div><div id=\"pgc-gb2277-6a0379aeb1520-2-1\"  class=\"panel-grid-cell panel-grid-cell-mobile-last\"  data-weight=\"0.80004986287709\" ><div id=\"panel-gb2277-6a0379aeb1520-2-1-0\" class=\"so-panel widget widget_sow-tabs panel-first-child panel-last-child\" data-index=\"2\" data-style=\"{&quot;background_image_attachment&quot;:false,&quot;background_display&quot;:&quot;tile&quot;,&quot;background_image_size&quot;:&quot;full&quot;,&quot;background_image_opacity&quot;:&quot;100&quot;,&quot;border_thickness&quot;:&quot;1px&quot;,&quot;link_overlay_new_window&quot;:&quot;&quot;}\" ><div\n\t\t\t\n\t\t\tclass=\"so-widget-sow-tabs so-widget-sow-tabs-default-cdd2e8706d07\"\n\t\t\t\n\t\t><div class=\"sow-tabs\">\n\t<div class=\"sow-tabs-tab-container\" role=\"tablist\">\n\t\t\t<div\n\t\t\tclass=\"sow-tabs-tab sow-tabs-tab-selected\"\n\t\t\trole=\"tab\"\n\t\t\tdata-anchor=\"segundo-ciclo-de-educaci%c3%b3n-infantil\"\n\t\t\taria-selected=\"true\"\n\t\t\ttabindex=\"0\"\n\t\t>\n\t\t\t<div class=\"sow-tabs-title sow-tabs-title-icon-left\">\n\t\t\t\t\t\t\t\tSegundo Ciclo de Educaci\u00f3n Infantil\t\t\t\t\t\t\t<\/div>\n\t\t<\/div>\n\t\t\t<div\n\t\t\tclass=\"sow-tabs-tab\"\n\t\t\trole=\"tab\"\n\t\t\tdata-anchor=\"educaci%c3%b3n-primaria\"\n\t\t\taria-selected=\"false\"\n\t\t\ttabindex=\"0\"\n\t\t>\n\t\t\t<div class=\"sow-tabs-title sow-tabs-title-icon-left\">\n\t\t\t\t\t\t\t\tEducaci\u00f3n Primaria.\t\t\t\t\t\t\t<\/div>\n\t\t<\/div>\n\t\t\t<div\n\t\t\tclass=\"sow-tabs-tab\"\n\t\t\trole=\"tab\"\n\t\t\tdata-anchor=\"e-s-o\"\n\t\t\taria-selected=\"false\"\n\t\t\ttabindex=\"0\"\n\t\t>\n\t\t\t<div class=\"sow-tabs-title sow-tabs-title-icon-left\">\n\t\t\t\t\t\t\t\tE.S.O.\t\t\t\t\t\t\t<\/div>\n\t\t<\/div>\n\t\t<\/div>\n\n\t<div class=\"sow-tabs-panel-container\">\n\t\t\t<div class=\"sow-tabs-panel\">\n\t\t\t<div\n\t\t\t\tclass=\"sow-tabs-panel-content\"\n\t\t\t\trole=\"tabpanel\"\n\t\t\t\taria-hidden=\"false\"\n\t\t\t>\n\t\t\t\t<p>El centro cuenta en la actualidad con tres unidades de segundo ciclo de Educaci\u00f3n Infantil:<\/p>\n<ul>\n<li>3 a\u00f1os<\/li>\n<li>4 a\u00f1os<\/li>\n<li>5 a\u00f1os<\/li>\n<\/ul>\n<p>&nbsp;<\/p>\n<p>Contamos con un gran equipo humano de profesoras y profesores muy implicados en la formaci\u00f3n del alumnado y en constante actualizaci\u00f3n pedag\u00f3gico-formativa\u00a0 para poder ofrecer lo mejor, respetando los ritmos cognitivos, madurativos y\u00a0 de aprendizaje de nuestras alumnas y alumnos para que su desarrollo sea \u00f3ptimo.<\/p>\n<p>En esta etapa educativa se trabaja por proyectos y a trav\u00e9s de rincones que fomentan el descubrimiento, la creatividad y la autonom\u00eda personal.\u00a0 La psicomotricidad, m\u00fasica y lengua extranjera son impartidas por especialistas.<\/p>\n<p>En nuestro centro contamos con un Proyecto Propio de Lengua Extranjera que permite ampliar el n\u00famero de sesiones de Ingl\u00e9s que se imparten.<\/p>\n<p>&nbsp;<\/p>\n\t\t\t<\/div>\n\t\t<\/div>\n\t\t\t<div class=\"sow-tabs-panel\">\n\t\t\t<div\n\t\t\t\tclass=\"sow-tabs-panel-content\"\n\t\t\t\trole=\"tabpanel\"\n\t\t\t\taria-hidden=\"true\"\n\t\t\t>\n\t\t\t\t<p>El centro cuenta con siete unidades de Educaci\u00f3n Primaria:<\/p>\n<ul>\n<li>Primero<\/li>\n<li>Segundo<\/li>\n<li>Tercero<\/li>\n<li>Cuarto A<\/li>\n<li>Cuarto B<\/li>\n<li>Quinto<\/li>\n<li>Sexto<\/li>\n<\/ul>\n<p>&nbsp;<\/p>\n<p>Contamos con un gran equipo humano de profesoras y profesores muy implicados en la formaci\u00f3n del alumnado y en constante actualizaci\u00f3n pedag\u00f3gico-formativa\u00a0 para poder ofrecer lo mejor. Se ha establecido el horario para que los alumnos tengan todos los d\u00edas el \u00e1rea de Lengua Extrajera: Ingl\u00e9s, ya que damos mucha importancia al aprendizaje de esta lengua para el futuro de nuestros alumnos y alumnas.<\/p>\n<p>A lo largo de toda la etapa tambi\u00e9n cursan la asignatura de T\u00e9cnolog\u00eda, Programaci\u00f3n y Rob\u00f3tica en la que nuestros alumnos desarrollan en pensamiento computacional, relacionado con el m\u00e9todo cient\u00edfico, la resoluci\u00f3n de problemas, mejoran la Competencia Digital, tan necesaria en nuestros d\u00edas y aprenden a convivir con la tecnolog\u00eda de forma cr\u00edtica, sana y segura.<\/p>\n\t\t\t<\/div>\n\t\t<\/div>\n\t\t\t<div class=\"sow-tabs-panel\">\n\t\t\t<div\n\t\t\t\tclass=\"sow-tabs-panel-content\"\n\t\t\t\trole=\"tabpanel\"\n\t\t\t\taria-hidden=\"true\"\n\t\t\t>\n\t\t\t\t<p>En el colegio se imparten los siguientes niveles de\u00a0 Educaci\u00f3n Secundaria :<\/p>\n<ul>\n<li>Primero de E.S.O<\/li>\n<li>Segundo de E.S.O.<\/li>\n<\/ul>\n\t\t\t<\/div>\n\t\t<\/div>\n\t\t<\/div>\n<\/div>\n<\/div><\/div><\/div><div id=\"pgc-gb2277-6a0379aeb1520-2-2\"  class=\"panel-grid-cell panel-grid-cell-empty\"  data-weight=\"0.099975068561456\" ><\/div><\/div><\/div><\/div>","protected":false},"excerpt":{"rendered":"<p>Somos un Centro P\u00fablico, preferente de integraci\u00f3n motora\u00a0 en el que se imparte Segundo Ciclo de Educaci\u00f3n Infantil y Educaci\u00f3n Primaria. Nos encontramos en Madrid y pertenecemos\u00a0 a la DAT Madrid-Capital. Nos caracterizamos por ser un centro inclusivo donde el respeto y la educaci\u00f3n integral son el centro de nuestro d\u00eda a d\u00eda. Nuestra pedagog\u00eda &hellip; <\/p>\n<p class=\"link-more\"><a href=\"https:\/\/site.educa.madrid.org\/cp.mejico.madrid\/index.php\/informacion-a-las-familias\/oferta-educativa\/\" class=\"more-link\">Continuar leyendo<span class=\"screen-reader-text\"> \u00abOferta Educativa\u00bb<\/span><\/a><\/p>\n","protected":false},"author":2,"featured_media":0,"parent":2255,"menu_order":0,"comment_status":"closed","ping_status":"closed","template":"","meta":{"footnotes":""},"folder":[],"class_list":["post-2277","page","type-page","status-publish","hentry"],"rttpg_featured_image_url":null,"rttpg_author":{"display_name":"tic.cp.mejico.madrid","author_link":"https:\/\/site.educa.madrid.org\/cp.mejico.madrid\/index.php\/author\/cuenta_tic-cp-mejico-madrid\/"},"rttpg_comment":0,"rttpg_category":false,"rttpg_excerpt":"Somos un Centro P\u00fablico, preferente de integraci\u00f3n motora\u00a0 en el que se imparte Segundo Ciclo de Educaci\u00f3n Infantil y Educaci\u00f3n Primaria. Nos encontramos en Madrid y pertenecemos\u00a0 a la DAT Madrid-Capital. Nos caracterizamos por ser un centro inclusivo donde el respeto y la educaci\u00f3n integral son el centro de nuestro d\u00eda a d\u00eda. Nuestra pedagog\u00eda&hellip;","post_mailing_queue_ids":[],"_links":{"self":[{"href":"https:\/\/site.educa.madrid.org\/cp.mejico.madrid\/index.php\/wp-json\/wp\/v2\/pages\/2277","targetHints":{"allow":["GET"]}}],"collection":[{"href":"https:\/\/site.educa.madrid.org\/cp.mejico.madrid\/index.php\/wp-json\/wp\/v2\/pages"}],"about":[{"href":"https:\/\/site.educa.madrid.org\/cp.mejico.madrid\/index.php\/wp-json\/wp\/v2\/types\/page"}],"author":[{"embeddable":true,"href":"https:\/\/site.educa.madrid.org\/cp.mejico.madrid\/index.php\/wp-json\/wp\/v2\/users\/2"}],"replies":[{"embeddable":true,"href":"https:\/\/site.educa.madrid.org\/cp.mejico.madrid\/index.php\/wp-json\/wp\/v2\/comments?post=2277"}],"version-history":[{"count":30,"href":"https:\/\/site.educa.madrid.org\/cp.mejico.madrid\/index.php\/wp-json\/wp\/v2\/pages\/2277\/revisions"}],"predecessor-version":[{"id":3155,"href":"https:\/\/site.educa.madrid.org\/cp.mejico.madrid\/index.php\/wp-json\/wp\/v2\/pages\/2277\/revisions\/3155"}],"up":[{"embeddable":true,"href":"https:\/\/site.educa.madrid.org\/cp.mejico.madrid\/index.php\/wp-json\/wp\/v2\/pages\/2255"}],"wp:attachment":[{"href":"https:\/\/site.educa.madrid.org\/cp.mejico.madrid\/index.php\/wp-json\/wp\/v2\/media?parent=2277"}],"wp:term":[{"taxonomy":"folder","embeddable":true,"href":"https:\/\/site.educa.madrid.org\/cp.mejico.madrid\/index.php\/wp-json\/wp\/v2\/folder?post=2277"}],"curies":[{"name":"wp","href":"https:\/\/api.w.org\/{rel}","templated":true}]}}