{"id":2821,"date":"2025-03-11T20:51:49","date_gmt":"2025-03-11T19:51:49","guid":{"rendered":"https:\/\/site.educa.madrid.org\/cp.mejico.madrid\/?page_id=2821"},"modified":"2025-03-11T20:54:29","modified_gmt":"2025-03-11T19:54:29","slug":"tablon-de-anuncios","status":"publish","type":"page","link":"https:\/\/site.educa.madrid.org\/cp.mejico.madrid\/index.php\/tablon-de-anuncios\/","title":{"rendered":"Tabl\u00f3n de anuncios"},"content":{"rendered":"<style type='text\/css' media='all'>#rt-tpg-container-2692230856 .rt-holder .rt-woo-info .price{color:#0367bf;}body .rt-tpg-container .rt-tpg-isotope-buttons .selected,\n\t\t\t\t\t#rt-tpg-container-2692230856 .layout12 .rt-holder:hover .rt-detail,\n\t\t\t\t\t#rt-tpg-container-2692230856 .isotope8 .rt-holder:hover .rt-detail,\n\t\t\t\t\t#rt-tpg-container-2692230856 .carousel8 .rt-holder:hover .rt-detail,\n\t\t\t\t\t#rt-tpg-container-2692230856 .layout13 .rt-holder .overlay .post-info,\n\t\t\t\t\t#rt-tpg-container-2692230856 .isotope9 .rt-holder .overlay .post-info,\n\t\t\t\t\t#rt-tpg-container-2692230856.rt-tpg-container .layout4 .rt-holder .rt-detail,\n\t\t\t\t\t.rt-modal-2692230856 .md-content,\n\t\t\t\t\t.rt-modal-2692230856 .md-content > .rt-md-content-holder .rt-md-content,\n\t\t\t\t\t.rt-popup-wrap-2692230856.rt-popup-wrap .rt-popup-navigation-wrap,\n\t\t\t\t\t#rt-tpg-container-2692230856 .carousel9 .rt-holder .overlay .post-info{background-color:#0367bf;}#rt-tpg-container-2692230856 .layout5 .rt-holder .overlay, #rt-tpg-container-2692230856 .isotope2 .rt-holder .overlay, #rt-tpg-container-2692230856 .carousel2 .rt-holder .overlay,#rt-tpg-container-2692230856 .layout15 .rt-holder h3, #rt-tpg-container-2692230856 .isotope11 .rt-holder h3, #rt-tpg-container-2692230856 .carousel11 .rt-holder h3, #rt-tpg-container-2692230856 .layout16 .rt-holder h3,\n\t\t\t\t\t#rt-tpg-container-2692230856 .isotope12 .rt-holder h3, #rt-tpg-container-2692230856 .carousel12 .rt-holder h3 {background-color:rgba(3,103,191,0.8);}#rt-tpg-container-2692230856 .read-more a{border-radius:px;}#rt-tpg-container-2692230856 .rt-img-holder img.rt-img-responsive,#rt-tpg-container-2692230856 .rt-img-holder,\n\t\t\t\t\t#rt-tpg-container-2692230856 .rt-post-overlay .post-img,\n\t\t\t\t\t#rt-tpg-container-2692230856 .post-sm .post-img,\n\t\t\t\t\t#rt-tpg-container-2692230856 .rt-post-grid .post-img,\n\t\t\t\t\t#rt-tpg-container-2692230856 .post-img img {border-radius:px;}<\/style><div class='rt-container-fluid rt-tpg-container tpg-shortcode-main-wrapper ' id='rt-tpg-container-2692230856'   data-layout='layout1' data-grid-style='even' data-desktop-col='3'  data-tab-col='2'  data-mobile-col='1' data-sc-id='2819'><div class=\"tpg-widget-heading-wrapper heading-style1 \"><span class=\"tpg-widget-heading-line line-left\"><\/span><h2 class=\"tpg-widget-heading\">Tabl\u00f3n de anuncios<\/h2><span class=\"tpg-widget-heading-line\"><\/span><\/div><div data-title='Loading ...' class='rt-row rt-content-loader   layout1 tpg-even '><div class=\"rt-col-md-4 rt-col-sm-6 rt-col-xs-12 even-grid-item rt-grid-item\" data-id=\"3306\"><div class=\"rt-holder\"><div class=\"rt-img-holder\"><a data-id=\"3306\" class=\"\" href=\"https:\/\/site.educa.madrid.org\/cp.mejico.madrid\/index.php\/2026\/05\/05\/menus-de-mayo-2\/\"><img loading=\"lazy\" decoding=\"async\" width=\"640\" height=\"427\" src=\"https:\/\/site.educa.madrid.org\/cp.mejico.madrid\/\/wp-content\/uploads\/cp.mejico.madrid\/2022\/09\/Menus.jpg\" class=\"rt-img-responsive \" alt=\"\" \/><\/a><\/div><div class='rt-detail'><h3 class=\"entry-title\"><a data-id=\"3306\" class=\"\" href=\"https:\/\/site.educa.madrid.org\/cp.mejico.madrid\/index.php\/2026\/05\/05\/menus-de-mayo-2\/\">Men\u00fas de mayo<\/a><\/h3><div class='post-meta-user  '><span class='author'><i class='fa fa-user '><\/i><a href=\"https:\/\/site.educa.madrid.org\/cp.mejico.madrid\/index.php\/author\/cuenta_tic-cp-mejico-madrid\/\">tic.cp.mejico.madrid<\/a><\/span><span class='date'><i class='far fa-calendar-alt '><\/i>5 mayo, 2026<\/span><span class='categories-links'><i class='fas fa-folder-open '><\/i><a class=\"sin-categoria\" href=\"https:\/\/site.educa.madrid.org\/cp.mejico.madrid\/index.php\/category\/sin-categoria\/\" rel=\"tag\">Sin categor\u00eda<\/a><\/span><span class=\"comment-count\"><i class='fas fa-comments '><\/i><a href='https:\/\/site.educa.madrid.org\/cp.mejico.madrid\/index.php\/2026\/05\/05\/menus-de-mayo-2\/#respond'>(0) <\/a><\/span><\/div><div class='tpg-excerpt'>Ya se encuentran disponibles los men\u00fas de mayo en la secci\u00f3n de comedor.\u00a0 El principal...<\/div><div class='post-meta '><span class='read-more'><a data-id='3306' class='' href='https:\/\/site.educa.madrid.org\/cp.mejico.madrid\/index.php\/2026\/05\/05\/menus-de-mayo-2\/'>Leer m\u00e1s<\/a><\/span><\/div><\/div><\/div><\/div><div class=\"rt-col-md-4 rt-col-sm-6 rt-col-xs-12 even-grid-item rt-grid-item\" data-id=\"3301\"><div class=\"rt-holder\"><div class=\"rt-img-holder\"><a data-id=\"3301\" class=\"\" href=\"https:\/\/site.educa.madrid.org\/cp.mejico.madrid\/index.php\/2026\/04\/22\/nuevo-podcast\/\"><img loading=\"lazy\" decoding=\"async\" width=\"800\" height=\"483\" src=\"https:\/\/site.educa.madrid.org\/cp.mejico.madrid\/\/wp-content\/uploads\/cp.mejico.madrid\/2025\/05\/Radio-MejicoBig.png\" class=\"rt-img-responsive \" alt=\"\" \/><\/a><\/div><div class='rt-detail'><h3 class=\"entry-title\"><a data-id=\"3301\" class=\"\" href=\"https:\/\/site.educa.madrid.org\/cp.mejico.madrid\/index.php\/2026\/04\/22\/nuevo-podcast\/\">Nuevo Podcast<\/a><\/h3><div class='post-meta-user  '><span class='author'><i class='fa fa-user '><\/i><a href=\"https:\/\/site.educa.madrid.org\/cp.mejico.madrid\/index.php\/author\/cuenta_tic-cp-mejico-madrid\/\">tic.cp.mejico.madrid<\/a><\/span><span class='date'><i class='far fa-calendar-alt '><\/i>22 abril, 2026<\/span><span class='categories-links'><i class='fas fa-folder-open '><\/i><a class=\"sin-categoria\" href=\"https:\/\/site.educa.madrid.org\/cp.mejico.madrid\/index.php\/category\/sin-categoria\/\" rel=\"tag\">Sin categor\u00eda<\/a><\/span><span class=\"comment-count\"><i class='fas fa-comments '><\/i><a href='https:\/\/site.educa.madrid.org\/cp.mejico.madrid\/index.php\/2026\/04\/22\/nuevo-podcast\/#respond'>(0) <\/a><\/span><\/div><div class='tpg-excerpt'>Ya est\u00e1 disponible en nuestra secci\u00f3n de AULA DEL FUTURO &#8211; RadioPodcast el nuevo capitulo...<\/div><div class='post-meta '><span class='read-more'><a data-id='3301' class='' href='https:\/\/site.educa.madrid.org\/cp.mejico.madrid\/index.php\/2026\/04\/22\/nuevo-podcast\/'>Leer m\u00e1s<\/a><\/span><\/div><\/div><\/div><\/div><div class=\"rt-col-md-4 rt-col-sm-6 rt-col-xs-12 even-grid-item rt-grid-item\" data-id=\"3282\"><div class=\"rt-holder\"><div class=\"rt-img-holder\"><a data-id=\"3282\" class=\"\" href=\"https:\/\/site.educa.madrid.org\/cp.mejico.madrid\/index.php\/2026\/04\/08\/menus-de-abril-4\/\"><img loading=\"lazy\" decoding=\"async\" width=\"640\" height=\"427\" src=\"https:\/\/site.educa.madrid.org\/cp.mejico.madrid\/\/wp-content\/uploads\/cp.mejico.madrid\/2022\/09\/Menus.jpg\" class=\"rt-img-responsive \" alt=\"\" \/><\/a><\/div><div class='rt-detail'><h3 class=\"entry-title\"><a data-id=\"3282\" class=\"\" href=\"https:\/\/site.educa.madrid.org\/cp.mejico.madrid\/index.php\/2026\/04\/08\/menus-de-abril-4\/\">Men\u00fas de abril<\/a><\/h3><div class='post-meta-user  '><span class='author'><i class='fa fa-user '><\/i><a href=\"https:\/\/site.educa.madrid.org\/cp.mejico.madrid\/index.php\/author\/cuenta_tic-cp-mejico-madrid\/\">tic.cp.mejico.madrid<\/a><\/span><span class='date'><i class='far fa-calendar-alt '><\/i>8 abril, 2026<\/span><span class='categories-links'><i class='fas fa-folder-open '><\/i><a class=\"sin-categoria\" href=\"https:\/\/site.educa.madrid.org\/cp.mejico.madrid\/index.php\/category\/sin-categoria\/\" rel=\"tag\">Sin categor\u00eda<\/a><\/span><span class=\"comment-count\"><i class='fas fa-comments '><\/i><a href='https:\/\/site.educa.madrid.org\/cp.mejico.madrid\/index.php\/2026\/04\/08\/menus-de-abril-4\/#respond'>(0) <\/a><\/span><\/div><div class='tpg-excerpt'>Est\u00e1n disponibles en la secci\u00f3n de comedor los men\u00fas del mes de abril...<\/div><div class='post-meta '><span class='read-more'><a data-id='3282' class='' href='https:\/\/site.educa.madrid.org\/cp.mejico.madrid\/index.php\/2026\/04\/08\/menus-de-abril-4\/'>Leer m\u00e1s<\/a><\/span><\/div><\/div><\/div><\/div><div class=\"rt-col-md-4 rt-col-sm-6 rt-col-xs-12 even-grid-item rt-grid-item\" data-id=\"3256\"><div class=\"rt-holder\"><div class=\"rt-img-holder\"><a data-id=\"3256\" class=\"\" href=\"https:\/\/site.educa.madrid.org\/cp.mejico.madrid\/index.php\/2026\/03\/02\/menus-de-marzo-2\/\"><img loading=\"lazy\" decoding=\"async\" width=\"640\" height=\"427\" src=\"https:\/\/site.educa.madrid.org\/cp.mejico.madrid\/\/wp-content\/uploads\/cp.mejico.madrid\/2022\/09\/Menus.jpg\" class=\"rt-img-responsive \" alt=\"\" \/><\/a><\/div><div class='rt-detail'><h3 class=\"entry-title\"><a data-id=\"3256\" class=\"\" href=\"https:\/\/site.educa.madrid.org\/cp.mejico.madrid\/index.php\/2026\/03\/02\/menus-de-marzo-2\/\">Men\u00fas de marzo<\/a><\/h3><div class='post-meta-user  '><span class='author'><i class='fa fa-user '><\/i><a href=\"https:\/\/site.educa.madrid.org\/cp.mejico.madrid\/index.php\/author\/cuenta_tic-cp-mejico-madrid\/\">tic.cp.mejico.madrid<\/a><\/span><span class='date'><i class='far fa-calendar-alt '><\/i>2 marzo, 2026<\/span><span class='categories-links'><i class='fas fa-folder-open '><\/i><a class=\"sin-categoria\" href=\"https:\/\/site.educa.madrid.org\/cp.mejico.madrid\/index.php\/category\/sin-categoria\/\" rel=\"tag\">Sin categor\u00eda<\/a><\/span><span class=\"comment-count\"><i class='fas fa-comments '><\/i><a href='https:\/\/site.educa.madrid.org\/cp.mejico.madrid\/index.php\/2026\/03\/02\/menus-de-marzo-2\/#respond'>(0) <\/a><\/span><\/div><div class='tpg-excerpt'>Ya se pueden consultar los men\u00fas del mes de marzo en la secci\u00f3n de Comedor...<\/div><div class='post-meta '><span class='read-more'><a data-id='3256' class='' href='https:\/\/site.educa.madrid.org\/cp.mejico.madrid\/index.php\/2026\/03\/02\/menus-de-marzo-2\/'>Leer m\u00e1s<\/a><\/span><\/div><\/div><\/div><\/div><div class=\"rt-col-md-4 rt-col-sm-6 rt-col-xs-12 even-grid-item rt-grid-item\" data-id=\"3188\"><div class=\"rt-holder\"><div class=\"rt-img-holder\"><a data-id=\"3188\" class=\"\" href=\"https:\/\/site.educa.madrid.org\/cp.mejico.madrid\/index.php\/2026\/02\/11\/semana-de-la-ciencia-2026\/\"><img loading=\"lazy\" decoding=\"async\" width=\"1263\" height=\"853\" src=\"https:\/\/site.educa.madrid.org\/cp.mejico.madrid\/\/wp-content\/uploads\/cp.mejico.madrid\/2026\/02\/Semana-de-la-Cienciac.png\" class=\"rt-img-responsive \" alt=\"\" \/><\/a><\/div><div class='rt-detail'><h3 class=\"entry-title\"><a data-id=\"3188\" class=\"\" href=\"https:\/\/site.educa.madrid.org\/cp.mejico.madrid\/index.php\/2026\/02\/11\/semana-de-la-ciencia-2026\/\">SEMANA DE LA CIENCIA 2026<\/a><\/h3><div class='post-meta-user  '><span class='author'><i class='fa fa-user '><\/i><a href=\"https:\/\/site.educa.madrid.org\/cp.mejico.madrid\/index.php\/author\/cuenta_tic-cp-mejico-madrid\/\">tic.cp.mejico.madrid<\/a><\/span><span class='date'><i class='far fa-calendar-alt '><\/i>11 febrero, 2026<\/span><span class='categories-links'><i class='fas fa-folder-open '><\/i><a class=\"sin-categoria\" href=\"https:\/\/site.educa.madrid.org\/cp.mejico.madrid\/index.php\/category\/sin-categoria\/\" rel=\"tag\">Sin categor\u00eda<\/a><\/span><span class=\"comment-count\"><i class='fas fa-comments '><\/i><a href='https:\/\/site.educa.madrid.org\/cp.mejico.madrid\/index.php\/2026\/02\/11\/semana-de-la-ciencia-2026\/#respond'>(0) <\/a><\/span><\/div><div class='tpg-excerpt'>Este curso, nuestra querida Semana de la Ciencia tendr\u00e1 lugar del 23 al 26 de...<\/div><div class='post-meta '><span class='read-more'><a data-id='3188' class='' href='https:\/\/site.educa.madrid.org\/cp.mejico.madrid\/index.php\/2026\/02\/11\/semana-de-la-ciencia-2026\/'>Leer m\u00e1s<\/a><\/span><\/div><\/div><\/div><\/div><div class=\"rt-col-md-4 rt-col-sm-6 rt-col-xs-12 even-grid-item rt-grid-item\" data-id=\"3101\"><div class=\"rt-holder\"><div class=\"rt-img-holder\"><a data-id=\"3101\" class=\"\" href=\"https:\/\/site.educa.madrid.org\/cp.mejico.madrid\/index.php\/2026\/02\/02\/menus-de-febrero-de-2026\/\"><img loading=\"lazy\" decoding=\"async\" width=\"640\" height=\"427\" src=\"https:\/\/site.educa.madrid.org\/cp.mejico.madrid\/\/wp-content\/uploads\/cp.mejico.madrid\/2022\/09\/Menus.jpg\" class=\"rt-img-responsive \" alt=\"\" \/><\/a><\/div><div class='rt-detail'><h3 class=\"entry-title\"><a data-id=\"3101\" class=\"\" href=\"https:\/\/site.educa.madrid.org\/cp.mejico.madrid\/index.php\/2026\/02\/02\/menus-de-febrero-de-2026\/\">Men\u00fas de Febrero de 2026<\/a><\/h3><div class='post-meta-user  '><span class='author'><i class='fa fa-user '><\/i><a href=\"https:\/\/site.educa.madrid.org\/cp.mejico.madrid\/index.php\/author\/cuenta_tic-cp-mejico-madrid\/\">tic.cp.mejico.madrid<\/a><\/span><span class='date'><i class='far fa-calendar-alt '><\/i>2 febrero, 2026<\/span><span class='categories-links'><i class='fas fa-folder-open '><\/i><a class=\"sin-categoria\" href=\"https:\/\/site.educa.madrid.org\/cp.mejico.madrid\/index.php\/category\/sin-categoria\/\" rel=\"tag\">Sin categor\u00eda<\/a><\/span><span class=\"comment-count\"><i class='fas fa-comments '><\/i><a href='https:\/\/site.educa.madrid.org\/cp.mejico.madrid\/index.php\/2026\/02\/02\/menus-de-febrero-de-2026\/#respond'>(0) <\/a><\/span><\/div><div class='tpg-excerpt'>Ya se puede consultar el men\u00fa de este mes en el apartado de comedor de...<\/div><div class='post-meta '><span class='read-more'><a data-id='3101' class='' href='https:\/\/site.educa.madrid.org\/cp.mejico.madrid\/index.php\/2026\/02\/02\/menus-de-febrero-de-2026\/'>Leer m\u00e1s<\/a><\/span><\/div><\/div><\/div><\/div><div class=\"rt-col-md-4 rt-col-sm-6 rt-col-xs-12 even-grid-item rt-grid-item\" data-id=\"3094\"><div class=\"rt-holder\"><div class=\"rt-img-holder\"><a data-id=\"3094\" class=\"\" href=\"https:\/\/site.educa.madrid.org\/cp.mejico.madrid\/index.php\/2026\/01\/27\/puertas-abiertas-del-ceipso-mejico\/\"><img loading=\"lazy\" decoding=\"async\" width=\"2560\" height=\"1280\" src=\"https:\/\/site.educa.madrid.org\/cp.mejico.madrid\/\/wp-content\/uploads\/cp.mejico.madrid\/2026\/01\/Cartel-puertas-abiertas-web-scaled.jpg\" class=\"rt-img-responsive \" alt=\"\" \/><\/a><\/div><div class='rt-detail'><h3 class=\"entry-title\"><a data-id=\"3094\" class=\"\" href=\"https:\/\/site.educa.madrid.org\/cp.mejico.madrid\/index.php\/2026\/01\/27\/puertas-abiertas-del-ceipso-mejico\/\">Puertas abiertas del CEIPSO M\u00e9jico<\/a><\/h3><div class='post-meta-user  '><span class='author'><i class='fa fa-user '><\/i><a href=\"https:\/\/site.educa.madrid.org\/cp.mejico.madrid\/index.php\/author\/cuenta_tic-cp-mejico-madrid\/\">tic.cp.mejico.madrid<\/a><\/span><span class='date'><i class='far fa-calendar-alt '><\/i>27 enero, 2026<\/span><span class='categories-links'><i class='fas fa-folder-open '><\/i><a class=\"sin-categoria\" href=\"https:\/\/site.educa.madrid.org\/cp.mejico.madrid\/index.php\/category\/sin-categoria\/\" rel=\"tag\">Sin categor\u00eda<\/a><\/span><span class=\"comment-count\"><i class='fas fa-comments '><\/i><a href='https:\/\/site.educa.madrid.org\/cp.mejico.madrid\/index.php\/2026\/01\/27\/puertas-abiertas-del-ceipso-mejico\/#respond'>(0) <\/a><\/span><\/div><div class='tpg-excerpt'>El pr\u00f3ximo d\u00eda 16 de febrero a las 16:15 tendr\u00e1 lugar la sesi\u00f3n de puertas...<\/div><div class='post-meta '><span class='read-more'><a data-id='3094' class='' href='https:\/\/site.educa.madrid.org\/cp.mejico.madrid\/index.php\/2026\/01\/27\/puertas-abiertas-del-ceipso-mejico\/'>Leer m\u00e1s<\/a><\/span><\/div><\/div><\/div><\/div><div class=\"rt-col-md-4 rt-col-sm-6 rt-col-xs-12 even-grid-item rt-grid-item\" data-id=\"3084\"><div class=\"rt-holder\"><div class=\"rt-img-holder\"><a data-id=\"3084\" class=\"\" href=\"https:\/\/site.educa.madrid.org\/cp.mejico.madrid\/index.php\/2025\/11\/05\/elecciones-al-consejo-escolar-censo-de-familias\/\"><img loading=\"lazy\" decoding=\"async\" width=\"640\" height=\"504\" src=\"https:\/\/site.educa.madrid.org\/cp.mejico.madrid\/\/wp-content\/uploads\/cp.mejico.madrid\/2022\/11\/urna.png\" class=\"rt-img-responsive \" alt=\"\" \/><\/a><\/div><div class='rt-detail'><h3 class=\"entry-title\"><a data-id=\"3084\" class=\"\" href=\"https:\/\/site.educa.madrid.org\/cp.mejico.madrid\/index.php\/2025\/11\/05\/elecciones-al-consejo-escolar-censo-de-familias\/\">Elecciones al Consejo Escolar &#8211; Censo de familias.<\/a><\/h3><div class='post-meta-user  '><span class='author'><i class='fa fa-user '><\/i><a href=\"https:\/\/site.educa.madrid.org\/cp.mejico.madrid\/index.php\/author\/cuenta_tic-cp-mejico-madrid\/\">tic.cp.mejico.madrid<\/a><\/span><span class='date'><i class='far fa-calendar-alt '><\/i>5 noviembre, 2025<\/span><span class='categories-links'><i class='fas fa-folder-open '><\/i><a class=\"sin-categoria\" href=\"https:\/\/site.educa.madrid.org\/cp.mejico.madrid\/index.php\/category\/sin-categoria\/\" rel=\"tag\">Sin categor\u00eda<\/a><\/span><span class=\"comment-count\"><i class='fas fa-comments '><\/i><a href='https:\/\/site.educa.madrid.org\/cp.mejico.madrid\/index.php\/2025\/11\/05\/elecciones-al-consejo-escolar-censo-de-familias\/#respond'>(0) <\/a><\/span><\/div><div class='tpg-excerpt'>Con motivo de las pr\u00f3ximas elecciones al Consejo Escolar, debido a la inclusi\u00f3n de ESO...<\/div><div class='post-meta '><span class='read-more'><a data-id='3084' class='' href='https:\/\/site.educa.madrid.org\/cp.mejico.madrid\/index.php\/2025\/11\/05\/elecciones-al-consejo-escolar-censo-de-familias\/'>Leer m\u00e1s<\/a><\/span><\/div><\/div><\/div><\/div><div class=\"rt-col-md-4 rt-col-sm-6 rt-col-xs-12 even-grid-item rt-grid-item\" data-id=\"3058\"><div class=\"rt-holder\"><div class=\"rt-img-holder\"><a data-id=\"3058\" class=\"\" href=\"https:\/\/site.educa.madrid.org\/cp.mejico.madrid\/index.php\/2025\/09\/24\/menu-del-mes-de-septiembre\/\"><img loading=\"lazy\" decoding=\"async\" width=\"640\" height=\"427\" src=\"https:\/\/site.educa.madrid.org\/cp.mejico.madrid\/\/wp-content\/uploads\/cp.mejico.madrid\/2022\/09\/Menus.jpg\" class=\"rt-img-responsive \" alt=\"\" \/><\/a><\/div><div class='rt-detail'><h3 class=\"entry-title\"><a data-id=\"3058\" class=\"\" href=\"https:\/\/site.educa.madrid.org\/cp.mejico.madrid\/index.php\/2025\/09\/24\/menu-del-mes-de-septiembre\/\">Men\u00fa del mes de septiembre<\/a><\/h3><div class='post-meta-user  '><span class='author'><i class='fa fa-user '><\/i><a href=\"https:\/\/site.educa.madrid.org\/cp.mejico.madrid\/index.php\/author\/cuenta_tic-cp-mejico-madrid\/\">tic.cp.mejico.madrid<\/a><\/span><span class='date'><i class='far fa-calendar-alt '><\/i>24 septiembre, 2025<\/span><span class='categories-links'><i class='fas fa-folder-open '><\/i><a class=\"sin-categoria\" href=\"https:\/\/site.educa.madrid.org\/cp.mejico.madrid\/index.php\/category\/sin-categoria\/\" rel=\"tag\">Sin categor\u00eda<\/a><\/span><span class=\"comment-count\"><i class='fas fa-comments '><\/i><a href='https:\/\/site.educa.madrid.org\/cp.mejico.madrid\/index.php\/2025\/09\/24\/menu-del-mes-de-septiembre\/#respond'>(0) <\/a><\/span><\/div><div class='tpg-excerpt'>En la secci\u00f3n de Comedor se pueden consultar los deliciosos men\u00fas del m\u00e9s de septiembre...<\/div><div class='post-meta '><span class='read-more'><a data-id='3058' class='' href='https:\/\/site.educa.madrid.org\/cp.mejico.madrid\/index.php\/2025\/09\/24\/menu-del-mes-de-septiembre\/'>Leer m\u00e1s<\/a><\/span><\/div><\/div><\/div><\/div><\/div><div class='rt-pagination-wrap' data-total-pages='11' data-posts-per-page='9' data-type='pagination'  ><div class=\"rt-pagination\" ><ul class=\"pagination-list\"><li class=\"active\"><span>1<\/span><\/li><li><a data-paged='2' href='https:\/\/site.educa.madrid.org\/cp.mejico.madrid\/index.php\/wp-json\/wp\/v2\/pages\/2821\/page\/2\/'>2<\/a><\/li><li><a data-paged='3' href='https:\/\/site.educa.madrid.org\/cp.mejico.madrid\/index.php\/wp-json\/wp\/v2\/pages\/2821\/page\/3\/'>3<\/a><\/li><li><a data-paged='4' href='https:\/\/site.educa.madrid.org\/cp.mejico.madrid\/index.php\/wp-json\/wp\/v2\/pages\/2821\/page\/4\/'>4<\/a><\/li><li><a data-paged='5' href='https:\/\/site.educa.madrid.org\/cp.mejico.madrid\/index.php\/wp-json\/wp\/v2\/pages\/2821\/page\/5\/'>5<\/a><\/li><li><a data-paged='2' href=\"https:\/\/site.educa.madrid.org\/cp.mejico.madrid\/index.php\/wp-json\/wp\/v2\/pages\/2821\/page\/2\/\"  aria-label='Next'>&rsaquo;<\/a><\/li><li><a data-paged='11' href='https:\/\/site.educa.madrid.org\/cp.mejico.madrid\/index.php\/wp-json\/wp\/v2\/pages\/2821\/page\/11\/' aria-label='Last'>&raquo;<\/a><\/li><\/ul><\/div><\/div><\/div>\n","protected":false},"excerpt":{"rendered":"","protected":false},"author":2,"featured_media":0,"parent":0,"menu_order":0,"comment_status":"closed","ping_status":"closed","template":"rttpg_full_width","meta":{"footnotes":""},"folder":[],"class_list":["post-2821","page","type-page","status-publish","hentry"],"rttpg_featured_image_url":null,"rttpg_author":{"display_name":"tic.cp.mejico.madrid","author_link":"https:\/\/site.educa.madrid.org\/cp.mejico.madrid\/index.php\/author\/cuenta_tic-cp-mejico-madrid\/"},"rttpg_comment":0,"rttpg_category":"","rttpg_excerpt":null,"post_mailing_queue_ids":[],"_links":{"self":[{"href":"https:\/\/site.educa.madrid.org\/cp.mejico.madrid\/index.php\/wp-json\/wp\/v2\/pages\/2821","targetHints":{"allow":["GET"]}}],"collection":[{"href":"https:\/\/site.educa.madrid.org\/cp.mejico.madrid\/index.php\/wp-json\/wp\/v2\/pages"}],"about":[{"href":"https:\/\/site.educa.madrid.org\/cp.mejico.madrid\/index.php\/wp-json\/wp\/v2\/types\/page"}],"author":[{"embeddable":true,"href":"https:\/\/site.educa.madrid.org\/cp.mejico.madrid\/index.php\/wp-json\/wp\/v2\/users\/2"}],"replies":[{"embeddable":true,"href":"https:\/\/site.educa.madrid.org\/cp.mejico.madrid\/index.php\/wp-json\/wp\/v2\/comments?post=2821"}],"version-history":[{"count":1,"href":"https:\/\/site.educa.madrid.org\/cp.mejico.madrid\/index.php\/wp-json\/wp\/v2\/pages\/2821\/revisions"}],"predecessor-version":[{"id":2822,"href":"https:\/\/site.educa.madrid.org\/cp.mejico.madrid\/index.php\/wp-json\/wp\/v2\/pages\/2821\/revisions\/2822"}],"wp:attachment":[{"href":"https:\/\/site.educa.madrid.org\/cp.mejico.madrid\/index.php\/wp-json\/wp\/v2\/media?parent=2821"}],"wp:term":[{"taxonomy":"folder","embeddable":true,"href":"https:\/\/site.educa.madrid.org\/cp.mejico.madrid\/index.php\/wp-json\/wp\/v2\/folder?post=2821"}],"curies":[{"name":"wp","href":"https:\/\/api.w.org\/{rel}","templated":true}]}}