{"id":382,"date":"2021-03-10T15:36:36","date_gmt":"2021-03-10T15:36:36","guid":{"rendered":"https:\/\/site.educa.madrid.org\/cp.mejico.madrid\/?page_id=382"},"modified":"2021-03-10T15:37:07","modified_gmt":"2021-03-10T15:37:07","slug":"biblioteca","status":"publish","type":"page","link":"https:\/\/site.educa.madrid.org\/cp.mejico.madrid\/index.php\/proyectos\/biblioteca\/","title":{"rendered":"Biblioteca"},"content":{"rendered":"\n<p>En el colegio damos mucha importancia a la lectura, por eso contamos con una innovadora biblioteca provista de las \u00faltimas de novedades editoriales adaptadas a las edades de nuestros alumnos.<\/p>\n\n\n\n<ul class=\"wp-block-list\"><li>La&nbsp;biblioteca escolar&nbsp;posibilita que los alumnos del colegio&nbsp;dispongan de un acceso f\u00e1cil a una amplia oferta de lectura y de informaci\u00f3n. En este entorno pueden encontrar:<\/li><li>Libros que forman parte del Plan Lector del colegio<\/li><li>Diversa literatura infantil y juvenil (cuentos, libros para todas las edades y c\u00f3mics)<\/li><li>Libros de consulta.<\/li><li>Audiovisuales y revistas informativas.<\/li><\/ul>\n\n\n\n<p>Est\u00e1 estructurada seg\u00fan la edad de los lectores; los libros se clasifican con distintivos de colores atendiendo a este criterio.<\/p>\n\n\n\n<p>Cada grupo de alumnos, acompa\u00f1ado por su tutor o profesor de Lengua o de Ingl\u00e9s tiene reservada una hora semanal o quincenal para acceder a la biblioteca dentro de su horario lectivo.<\/p>\n\n\n\n<p>Entre los objetivos que alcanzamos con el uso de la biblioteca podemos destacar:<\/p>\n\n\n\n<ul class=\"wp-block-list\"><li>Nuestro Proyecto Curricular se ve enriquecido con el uso de este recurso tan potente .<\/li><li>Fomenta en nuestros alumnos\/as el h\u00e1bito y el placer de la lectura.<\/li><li>Ofrece la oportunidad de realizar experiencias creativas en torno a la utilizaci\u00f3n de informaci\u00f3n y que estimulen la sensibilizaci\u00f3n cultural y social.<\/li><\/ul>\n\n\n\n<p>Llevamos a cabo un servicio de pr\u00e9stamo de libros, tanto para alumnos como para familias. La AMPA del colegio, organiza actividades de animaci\u00f3n a la lectura a trav\u00e9s de ella.<\/p>\n\n\n\n<div class=\"wp-block-image\"><figure class=\"aligncenter size-large\"><img loading=\"lazy\" decoding=\"async\" width=\"478\" height=\"275\" src=\"https:\/\/site.educa.madrid.org\/cp.mejico.madrid\/\/wp-content\/uploads\/cp.mejico.madrid\/2021\/03\/2323.png\" alt=\"\" class=\"wp-image-383\" srcset=\"https:\/\/site.educa.madrid.org\/cp.mejico.madrid\/\/wp-content\/uploads\/cp.mejico.madrid\/2021\/03\/2323.png 478w, https:\/\/site.educa.madrid.org\/cp.mejico.madrid\/\/wp-content\/uploads\/cp.mejico.madrid\/2021\/03\/2323-300x173.png 300w\" sizes=\"auto, (max-width: 478px) 100vw, 478px\" \/><\/figure><\/div>\n","protected":false},"excerpt":{"rendered":"<p>En el colegio damos mucha importancia a la lectura, por eso contamos con una innovadora biblioteca provista de las \u00faltimas de novedades editoriales adaptadas a las edades de nuestros alumnos. La&nbsp;biblioteca escolar&nbsp;posibilita que los alumnos del colegio&nbsp;dispongan de un acceso f\u00e1cil a una amplia oferta de lectura y de informaci\u00f3n. En este entorno pueden encontrar: &hellip; <\/p>\n<p class=\"link-more\"><a href=\"https:\/\/site.educa.madrid.org\/cp.mejico.madrid\/index.php\/proyectos\/biblioteca\/\" class=\"more-link\">Continuar leyendo<span class=\"screen-reader-text\"> \u00abBiblioteca\u00bb<\/span><\/a><\/p>\n","protected":false},"author":2,"featured_media":0,"parent":148,"menu_order":0,"comment_status":"closed","ping_status":"closed","template":"","meta":{"footnotes":""},"folder":[],"class_list":["post-382","page","type-page","status-publish","hentry"],"rttpg_featured_image_url":null,"rttpg_author":{"display_name":"tic.cp.mejico.madrid","author_link":"https:\/\/site.educa.madrid.org\/cp.mejico.madrid\/index.php\/author\/cuenta_tic-cp-mejico-madrid\/"},"rttpg_comment":0,"rttpg_category":false,"rttpg_excerpt":"En el colegio damos mucha importancia a la lectura, por eso contamos con una innovadora biblioteca provista de las \u00faltimas de novedades editoriales adaptadas a las edades de nuestros alumnos. La&nbsp;biblioteca escolar&nbsp;posibilita que los alumnos del colegio&nbsp;dispongan de un acceso f\u00e1cil a una amplia oferta de lectura y de informaci\u00f3n. En este entorno pueden encontrar:&hellip;","post_mailing_queue_ids":[],"_links":{"self":[{"href":"https:\/\/site.educa.madrid.org\/cp.mejico.madrid\/index.php\/wp-json\/wp\/v2\/pages\/382","targetHints":{"allow":["GET"]}}],"collection":[{"href":"https:\/\/site.educa.madrid.org\/cp.mejico.madrid\/index.php\/wp-json\/wp\/v2\/pages"}],"about":[{"href":"https:\/\/site.educa.madrid.org\/cp.mejico.madrid\/index.php\/wp-json\/wp\/v2\/types\/page"}],"author":[{"embeddable":true,"href":"https:\/\/site.educa.madrid.org\/cp.mejico.madrid\/index.php\/wp-json\/wp\/v2\/users\/2"}],"replies":[{"embeddable":true,"href":"https:\/\/site.educa.madrid.org\/cp.mejico.madrid\/index.php\/wp-json\/wp\/v2\/comments?post=382"}],"version-history":[{"count":2,"href":"https:\/\/site.educa.madrid.org\/cp.mejico.madrid\/index.php\/wp-json\/wp\/v2\/pages\/382\/revisions"}],"predecessor-version":[{"id":385,"href":"https:\/\/site.educa.madrid.org\/cp.mejico.madrid\/index.php\/wp-json\/wp\/v2\/pages\/382\/revisions\/385"}],"up":[{"embeddable":true,"href":"https:\/\/site.educa.madrid.org\/cp.mejico.madrid\/index.php\/wp-json\/wp\/v2\/pages\/148"}],"wp:attachment":[{"href":"https:\/\/site.educa.madrid.org\/cp.mejico.madrid\/index.php\/wp-json\/wp\/v2\/media?parent=382"}],"wp:term":[{"taxonomy":"folder","embeddable":true,"href":"https:\/\/site.educa.madrid.org\/cp.mejico.madrid\/index.php\/wp-json\/wp\/v2\/folder?post=382"}],"curies":[{"name":"wp","href":"https:\/\/api.w.org\/{rel}","templated":true}]}}