{"id":386,"date":"2021-03-10T15:39:25","date_gmt":"2021-03-10T15:39:25","guid":{"rendered":"https:\/\/site.educa.madrid.org\/cp.mejico.madrid\/?page_id=386"},"modified":"2021-03-10T15:39:25","modified_gmt":"2021-03-10T15:39:25","slug":"radio-interescolar","status":"publish","type":"page","link":"https:\/\/site.educa.madrid.org\/cp.mejico.madrid\/index.php\/proyectos\/radio-interescolar\/","title":{"rendered":"Radio Interescolar"},"content":{"rendered":"\n<p>El desarrollo de internet ha supuesto una revoluci\u00f3n en el mundo de la comunicaci\u00f3n y nos permite llevar a cabo la radio en la escuela como elemento pedag\u00f3gico y de comunicaci\u00f3n. <\/p>\n\n\n\n<p>El objetivo que pretendemos con la realizaci\u00f3n de los\u00a0<strong>TALLERES MICRO ABIERTO<\/strong>, es acercar el medio a los alumnos\/as de una manera f\u00e1cil y amena, adaptada a los diferentes niveles de aprendizaje y \u00e1reas curriculares y poniendo a su disposici\u00f3n todos los medios tecnol\u00f3gicos propios de un estudio de radio. <\/p>\n\n\n\n<p>Por ello, una vez al trimestre, nuestra biblioteca se convierte en un aut\u00e9ntico estudio de radio, donde una periodista entrevista a nuestros alumnos, por los hechos que han acontecido en el colegio, durante ese trimestre. <\/p>\n\n\n\n<p>Los ni\u00f1os y ni\u00f1as desde 3 a\u00f1os, preparan su programa con mucha ilusi\u00f3n ya que toda la Comunidad Educativa, va a escucharles.<\/p>\n\n\n\n<p>La utilizaci\u00f3n de la radio en el aula por parte de nuestros alumnos aporta numerosas ventajas, entre ellas:<\/p>\n\n\n\n<p>\u2013 La radio se presenta como un recurso para el aprendizaje abierto y din\u00e1mico que el alumno\/a percibe de forma positiva y motivadora.<\/p>\n\n\n\n<p>\u2013 Mejora de la expresi\u00f3n oral y escrita. Los alumnos aprenden a buscar y valorar la informaci\u00f3n en diferentes entornos: escuela, familia, ciudad, sociedad.<\/p>\n\n\n\n<p>\u2013&nbsp; Fomenta el trabajo en equipo y el respeto a la diversidad, la solidaridad y los valores democr\u00e1ticos.<\/p>\n\n\n\n<p>\u2013 La radio escolar online es una ventana al exterior que nos permite dar a conocer nuestras creaciones y conocer las de los otros.<\/p>\n\n\n\n<p>_ Aprenden a ser cr\u00edticos con las noticias que ven en los medios de comunicaci\u00f3n.<\/p>\n\n\n\n<p>\u2013 La radio educativa permite que se sumen todos los sectores de la comunidad escolar, profesores, familias, alumnos, personal laboral, creando as\u00ed un proyecto comunicativo radial.<\/p>\n\n\n\n<div class=\"wp-block-image\"><figure class=\"aligncenter size-large\"><img loading=\"lazy\" decoding=\"async\" width=\"426\" height=\"322\" src=\"https:\/\/site.educa.madrid.org\/cp.mejico.madrid\/\/wp-content\/uploads\/cp.mejico.madrid\/2021\/03\/radio.png\" alt=\"\" class=\"wp-image-388\" srcset=\"https:\/\/site.educa.madrid.org\/cp.mejico.madrid\/\/wp-content\/uploads\/cp.mejico.madrid\/2021\/03\/radio.png 426w, https:\/\/site.educa.madrid.org\/cp.mejico.madrid\/\/wp-content\/uploads\/cp.mejico.madrid\/2021\/03\/radio-300x227.png 300w\" sizes=\"auto, (max-width: 426px) 100vw, 426px\" \/><\/figure><\/div>\n","protected":false},"excerpt":{"rendered":"<p>El desarrollo de internet ha supuesto una revoluci\u00f3n en el mundo de la comunicaci\u00f3n y nos permite llevar a cabo la radio en la escuela como elemento pedag\u00f3gico y de comunicaci\u00f3n. El objetivo que pretendemos con la realizaci\u00f3n de los\u00a0TALLERES MICRO ABIERTO, es acercar el medio a los alumnos\/as de una manera f\u00e1cil y amena, &hellip; <\/p>\n<p class=\"link-more\"><a href=\"https:\/\/site.educa.madrid.org\/cp.mejico.madrid\/index.php\/proyectos\/radio-interescolar\/\" class=\"more-link\">Continuar leyendo<span class=\"screen-reader-text\"> \u00abRadio Interescolar\u00bb<\/span><\/a><\/p>\n","protected":false},"author":2,"featured_media":0,"parent":148,"menu_order":0,"comment_status":"closed","ping_status":"closed","template":"","meta":{"footnotes":""},"folder":[],"class_list":["post-386","page","type-page","status-publish","hentry"],"rttpg_featured_image_url":null,"rttpg_author":{"display_name":"tic.cp.mejico.madrid","author_link":"https:\/\/site.educa.madrid.org\/cp.mejico.madrid\/index.php\/author\/cuenta_tic-cp-mejico-madrid\/"},"rttpg_comment":0,"rttpg_category":false,"rttpg_excerpt":"El desarrollo de internet ha supuesto una revoluci\u00f3n en el mundo de la comunicaci\u00f3n y nos permite llevar a cabo la radio en la escuela como elemento pedag\u00f3gico y de comunicaci\u00f3n. El objetivo que pretendemos con la realizaci\u00f3n de los\u00a0TALLERES MICRO ABIERTO, es acercar el medio a los alumnos\/as de una manera f\u00e1cil y amena,&hellip;","post_mailing_queue_ids":[],"_links":{"self":[{"href":"https:\/\/site.educa.madrid.org\/cp.mejico.madrid\/index.php\/wp-json\/wp\/v2\/pages\/386","targetHints":{"allow":["GET"]}}],"collection":[{"href":"https:\/\/site.educa.madrid.org\/cp.mejico.madrid\/index.php\/wp-json\/wp\/v2\/pages"}],"about":[{"href":"https:\/\/site.educa.madrid.org\/cp.mejico.madrid\/index.php\/wp-json\/wp\/v2\/types\/page"}],"author":[{"embeddable":true,"href":"https:\/\/site.educa.madrid.org\/cp.mejico.madrid\/index.php\/wp-json\/wp\/v2\/users\/2"}],"replies":[{"embeddable":true,"href":"https:\/\/site.educa.madrid.org\/cp.mejico.madrid\/index.php\/wp-json\/wp\/v2\/comments?post=386"}],"version-history":[{"count":1,"href":"https:\/\/site.educa.madrid.org\/cp.mejico.madrid\/index.php\/wp-json\/wp\/v2\/pages\/386\/revisions"}],"predecessor-version":[{"id":389,"href":"https:\/\/site.educa.madrid.org\/cp.mejico.madrid\/index.php\/wp-json\/wp\/v2\/pages\/386\/revisions\/389"}],"up":[{"embeddable":true,"href":"https:\/\/site.educa.madrid.org\/cp.mejico.madrid\/index.php\/wp-json\/wp\/v2\/pages\/148"}],"wp:attachment":[{"href":"https:\/\/site.educa.madrid.org\/cp.mejico.madrid\/index.php\/wp-json\/wp\/v2\/media?parent=386"}],"wp:term":[{"taxonomy":"folder","embeddable":true,"href":"https:\/\/site.educa.madrid.org\/cp.mejico.madrid\/index.php\/wp-json\/wp\/v2\/folder?post=386"}],"curies":[{"name":"wp","href":"https:\/\/api.w.org\/{rel}","templated":true}]}}