{"id":394,"date":"2021-03-10T15:44:09","date_gmt":"2021-03-10T14:44:09","guid":{"rendered":"https:\/\/site.educa.madrid.org\/cp.mejico.madrid\/?page_id=394"},"modified":"2023-03-09T23:04:51","modified_gmt":"2023-03-09T22:04:51","slug":"uno-de-cinco","status":"publish","type":"page","link":"https:\/\/site.educa.madrid.org\/cp.mejico.madrid\/index.php\/proyectos\/uno-de-cinco\/","title":{"rendered":"Uno de Cinco"},"content":{"rendered":"\n<p>En el colegio M\u00e9jico consideramos las TICs como una valiosa herramienta para hacer llegar los conocimientos de una manera l\u00fadica a todos nuestros alumnos y despertar su inter\u00e9s por aprender.<\/p>\n\n\n\n<p>Esto implica el uso de los dispositivos, ordenador o tablet, uno de los cinco d\u00edas de la semana para todas las asignaturas de ese d\u00eda.<\/p>\n\n\n\n<p>Esta pr\u00e1ctica mejora el manejo de los distintos dispositivos y progresivamente va dotando a nuestros alumnos\/as de la capacidad de aprovechar los m\u00faltiples recursos digitales disponibles (Procesadores de texto, creaci\u00f3n de presentaciones, editores de im\u00e1genes, aulas virtuales,\u2026)<\/p>\n\n\n\n<p>Para el profesorado supone una ayuda en la Atenci\u00f3n a la Diversidad puesto que les permite una personalizaci\u00f3n de la ense\u00f1anza mediante actividades individualizadas de refuerzo o ampliaci\u00f3n.<\/p>\n\n\n\n<p>En definitiva, con nuestro proyecto \u201cUno de cinco\u201d contribuimos a desarrollar las habilidades necesarias para desenvolverse en la Era Digital.<\/p>\n","protected":false},"excerpt":{"rendered":"<p>En el colegio M\u00e9jico consideramos las TICs como una valiosa herramienta para hacer llegar los conocimientos de una manera l\u00fadica a todos nuestros alumnos y despertar su inter\u00e9s por aprender. Esto implica el uso de los dispositivos, ordenador o tablet, uno de los cinco d\u00edas de la semana para todas las asignaturas de ese d\u00eda. &hellip; <\/p>\n<p class=\"link-more\"><a href=\"https:\/\/site.educa.madrid.org\/cp.mejico.madrid\/index.php\/proyectos\/uno-de-cinco\/\" class=\"more-link\">Continuar leyendo<span class=\"screen-reader-text\"> \u00abUno de Cinco\u00bb<\/span><\/a><\/p>\n","protected":false},"author":2,"featured_media":0,"parent":148,"menu_order":0,"comment_status":"closed","ping_status":"closed","template":"","meta":{"footnotes":""},"folder":[],"class_list":["post-394","page","type-page","status-publish","hentry"],"rttpg_featured_image_url":null,"rttpg_author":{"display_name":"tic.cp.mejico.madrid","author_link":"https:\/\/site.educa.madrid.org\/cp.mejico.madrid\/index.php\/author\/cuenta_tic-cp-mejico-madrid\/"},"rttpg_comment":0,"rttpg_category":false,"rttpg_excerpt":"En el colegio M\u00e9jico consideramos las TICs como una valiosa herramienta para hacer llegar los conocimientos de una manera l\u00fadica a todos nuestros alumnos y despertar su inter\u00e9s por aprender. Esto implica el uso de los dispositivos, ordenador o tablet, uno de los cinco d\u00edas de la semana para todas las asignaturas de ese d\u00eda.&hellip;","post_mailing_queue_ids":[],"_links":{"self":[{"href":"https:\/\/site.educa.madrid.org\/cp.mejico.madrid\/index.php\/wp-json\/wp\/v2\/pages\/394","targetHints":{"allow":["GET"]}}],"collection":[{"href":"https:\/\/site.educa.madrid.org\/cp.mejico.madrid\/index.php\/wp-json\/wp\/v2\/pages"}],"about":[{"href":"https:\/\/site.educa.madrid.org\/cp.mejico.madrid\/index.php\/wp-json\/wp\/v2\/types\/page"}],"author":[{"embeddable":true,"href":"https:\/\/site.educa.madrid.org\/cp.mejico.madrid\/index.php\/wp-json\/wp\/v2\/users\/2"}],"replies":[{"embeddable":true,"href":"https:\/\/site.educa.madrid.org\/cp.mejico.madrid\/index.php\/wp-json\/wp\/v2\/comments?post=394"}],"version-history":[{"count":2,"href":"https:\/\/site.educa.madrid.org\/cp.mejico.madrid\/index.php\/wp-json\/wp\/v2\/pages\/394\/revisions"}],"predecessor-version":[{"id":1756,"href":"https:\/\/site.educa.madrid.org\/cp.mejico.madrid\/index.php\/wp-json\/wp\/v2\/pages\/394\/revisions\/1756"}],"up":[{"embeddable":true,"href":"https:\/\/site.educa.madrid.org\/cp.mejico.madrid\/index.php\/wp-json\/wp\/v2\/pages\/148"}],"wp:attachment":[{"href":"https:\/\/site.educa.madrid.org\/cp.mejico.madrid\/index.php\/wp-json\/wp\/v2\/media?parent=394"}],"wp:term":[{"taxonomy":"folder","embeddable":true,"href":"https:\/\/site.educa.madrid.org\/cp.mejico.madrid\/index.php\/wp-json\/wp\/v2\/folder?post=394"}],"curies":[{"name":"wp","href":"https:\/\/api.w.org\/{rel}","templated":true}]}}