{"id":462,"date":"2021-04-08T11:04:19","date_gmt":"2021-04-08T11:04:19","guid":{"rendered":"https:\/\/site.educa.madrid.org\/cp.mejico.madrid\/?page_id=462"},"modified":"2022-09-17T19:51:42","modified_gmt":"2022-09-17T17:51:42","slug":"abp-en-infantil-1o-y-2o-de-primaria","status":"publish","type":"page","link":"https:\/\/site.educa.madrid.org\/cp.mejico.madrid\/index.php\/proyectos\/abp-en-infantil-1o-y-2o-de-primaria\/","title":{"rendered":"ABP en Infantil y  Primaria"},"content":{"rendered":"\n<p>    En nuestro colegio, apostamos por el Aprendizaje Basado en Proyectos. Una metodolog\u00eda que permite acercar a los ni\u00f1os y ni\u00f1as al conocimiento de la realidad en la que viven, haci\u00e9ndoles protagonistas de su propio aprendizaje. Esta forma de entender la educaci\u00f3n, implica escuchar a los ni\u00f1os y ni\u00f1as, descubrir cu\u00e1les son sus intereses, motivaciones, experiencias previas y necesidades. Y es a partir de los mismos de la que surge la elecci\u00f3n de la tem\u00e1tica de los proyectos. En este sentido, estamos apostando por un aprendizaje significativo con una metodolog\u00eda activa, partiendo de lo que los ni\u00f1os y ni\u00f1as ya saben, sus hip\u00f3tesis y conocimientos previos, y a partir de ah\u00ed, ir construyendo su propio aprendizaje, en interacci\u00f3n social y gracias a la participaci\u00f3n de toda la comunidad educativa. Puesto que los proyectos no se desarrollan \u00fanicamente en el aula, sino que se nutren y evolucionan gracias a la colaboraci\u00f3n entre las familias, docentes y resto de personal que componen la comunidad educativa.<\/p>\n\n\n\n<p>El Aprendizaje Basado en Proyectos sigue una serie de fases o etapas:<\/p>\n\n\n\n<ul class=\"wp-block-list\"><li>Elecci\u00f3n del tema de estudio.<\/li><li>\u00bfQu\u00e9 sabemos y qu\u00e9 debemos saber? (recogida de informaci\u00f3n sobre las ideas previas ).<\/li><li>B\u00fasqueda de informaci\u00f3n y profundizaci\u00f3n, donde se hace clave la implicaci\u00f3n de las familias y de todo el personal que trabaja en el centro y de los ni\u00f1os\/as.<\/li><li>Organizaci\u00f3n y puesta en marcha del trabajo.<\/li><li>Desarrollo de propuestas.<\/li><li>Evaluaci\u00f3n del proyecto, reflexi\u00f3n sobre lo que hemos aprendido y el proceso que se ha llevado a cabo. Se promueve la opini\u00f3n autocr\u00edtica del alumnado, evaluando ellos mismo su propio aprendizaje.<\/li><\/ul>\n\n\n\n<p>Es un aprendizaje globalizador, puesto que a trav\u00e9s de los proyectos se abordan contenidos de todas las \u00e1reas curriculares, de forma interrelacionada y con significado, puesto que el aprendizaje es real, pr\u00e1ctico y tangible.<\/p>\n\n\n\n<p>Adem\u00e1s, gracias a esta metodolog\u00eda podemos llevar a cabo una atenci\u00f3n individualizada de las necesidades y ritmos de aprendizaje de nuestros alumnos, puesto que los contenidos y objetivos son flexibles y adaptables a cada ni\u00f1o o ni\u00f1a. No hay una \u00fanica v\u00eda de acceder al aprendizaje,sino que se plantean diversas actividades y vivencias que permiten que todos los ni\u00f1os y ni\u00f1as puedan adquirir los aprendizajes.<\/p>\n\n\n\n<p>Creemos plenamente en las capacidades de nuestros alumnos y alumnas, y en sus posibilidades y creemos a partir de esta metodolog\u00eda podemos ayudarles a desarrollar todo su potencial. (ya que como afirmaba Benjamin Franklin:<\/p>\n\n\n\n<p><em>Dime y lo olvido<\/em>, <em>ens\u00e9\u00f1ame y lo recuerdo<\/em>, <em>invol\u00facrame y lo aprendo<\/em>\u00ab. )<\/p>\n","protected":false},"excerpt":{"rendered":"<p>En nuestro colegio, apostamos por el Aprendizaje Basado en Proyectos. Una metodolog\u00eda que permite acercar a los ni\u00f1os y ni\u00f1as al conocimiento de la realidad en la que viven, haci\u00e9ndoles protagonistas de su propio aprendizaje. Esta forma de entender la educaci\u00f3n, implica escuchar a los ni\u00f1os y ni\u00f1as, descubrir cu\u00e1les son sus intereses, motivaciones, experiencias &hellip; <\/p>\n<p class=\"link-more\"><a href=\"https:\/\/site.educa.madrid.org\/cp.mejico.madrid\/index.php\/proyectos\/abp-en-infantil-1o-y-2o-de-primaria\/\" class=\"more-link\">Continuar leyendo<span class=\"screen-reader-text\"> \u00abABP en Infantil y  Primaria\u00bb<\/span><\/a><\/p>\n","protected":false},"author":2,"featured_media":0,"parent":148,"menu_order":0,"comment_status":"closed","ping_status":"closed","template":"","meta":{"footnotes":""},"folder":[],"class_list":["post-462","page","type-page","status-publish","hentry"],"rttpg_featured_image_url":null,"rttpg_author":{"display_name":"tic.cp.mejico.madrid","author_link":"https:\/\/site.educa.madrid.org\/cp.mejico.madrid\/index.php\/author\/cuenta_tic-cp-mejico-madrid\/"},"rttpg_comment":0,"rttpg_category":false,"rttpg_excerpt":"En nuestro colegio, apostamos por el Aprendizaje Basado en Proyectos. Una metodolog\u00eda que permite acercar a los ni\u00f1os y ni\u00f1as al conocimiento de la realidad en la que viven, haci\u00e9ndoles protagonistas de su propio aprendizaje. Esta forma de entender la educaci\u00f3n, implica escuchar a los ni\u00f1os y ni\u00f1as, descubrir cu\u00e1les son sus intereses, motivaciones, experiencias&hellip;","post_mailing_queue_ids":[],"_links":{"self":[{"href":"https:\/\/site.educa.madrid.org\/cp.mejico.madrid\/index.php\/wp-json\/wp\/v2\/pages\/462","targetHints":{"allow":["GET"]}}],"collection":[{"href":"https:\/\/site.educa.madrid.org\/cp.mejico.madrid\/index.php\/wp-json\/wp\/v2\/pages"}],"about":[{"href":"https:\/\/site.educa.madrid.org\/cp.mejico.madrid\/index.php\/wp-json\/wp\/v2\/types\/page"}],"author":[{"embeddable":true,"href":"https:\/\/site.educa.madrid.org\/cp.mejico.madrid\/index.php\/wp-json\/wp\/v2\/users\/2"}],"replies":[{"embeddable":true,"href":"https:\/\/site.educa.madrid.org\/cp.mejico.madrid\/index.php\/wp-json\/wp\/v2\/comments?post=462"}],"version-history":[{"count":4,"href":"https:\/\/site.educa.madrid.org\/cp.mejico.madrid\/index.php\/wp-json\/wp\/v2\/pages\/462\/revisions"}],"predecessor-version":[{"id":957,"href":"https:\/\/site.educa.madrid.org\/cp.mejico.madrid\/index.php\/wp-json\/wp\/v2\/pages\/462\/revisions\/957"}],"up":[{"embeddable":true,"href":"https:\/\/site.educa.madrid.org\/cp.mejico.madrid\/index.php\/wp-json\/wp\/v2\/pages\/148"}],"wp:attachment":[{"href":"https:\/\/site.educa.madrid.org\/cp.mejico.madrid\/index.php\/wp-json\/wp\/v2\/media?parent=462"}],"wp:term":[{"taxonomy":"folder","embeddable":true,"href":"https:\/\/site.educa.madrid.org\/cp.mejico.madrid\/index.php\/wp-json\/wp\/v2\/folder?post=462"}],"curies":[{"name":"wp","href":"https:\/\/api.w.org\/{rel}","templated":true}]}}