{"id":469,"date":"2021-04-08T11:07:06","date_gmt":"2021-04-08T11:07:06","guid":{"rendered":"https:\/\/site.educa.madrid.org\/cp.mejico.madrid\/?page_id=469"},"modified":"2023-07-19T00:36:45","modified_gmt":"2023-07-18T22:36:45","slug":"numicon","status":"publish","type":"page","link":"https:\/\/site.educa.madrid.org\/cp.mejico.madrid\/index.php\/numicon\/","title":{"rendered":"MatLab y Numicon"},"content":{"rendered":"<div id=\"pl-gb469-6a03b38878fab\"  class=\"panel-layout\" ><div id=\"pg-gb469-6a03b38878fab-0\"  class=\"panel-grid panel-has-style\"  data-style=\"{&quot;background_image_attachment&quot;:false,&quot;background_display&quot;:&quot;tile&quot;,&quot;full_height&quot;:&quot;&quot;,&quot;row_stretch&quot;:&quot;full-width-stretch&quot;,&quot;cell_alignment&quot;:&quot;flex-start&quot;,&quot;link_overlay_new_window&quot;:&quot;&quot;}\"  data-ratio=\"1\"  data-ratio-direction=\"right\" ><div class=\"siteorigin-panels-stretch panel-row-style panel-row-style-for-gb469-6a03b38878fab-0\" data-stretch-type=\"full-width-stretch\" ><div id=\"pgc-gb469-6a03b38878fab-0-0\"  class=\"panel-grid-cell\"  data-weight=\"1\" ><div id=\"panel-gb469-6a03b38878fab-0-0-0\" class=\"so-panel widget widget_sow-hero panel-first-child panel-last-child\" data-index=\"0\" data-style=\"{&quot;background_image_attachment&quot;:false,&quot;background_display&quot;:&quot;tile&quot;,&quot;background_image_size&quot;:&quot;full&quot;,&quot;border_thickness&quot;:&quot;1px&quot;,&quot;link_overlay_new_window&quot;:&quot;&quot;}\" ><div\n\t\t\t\n\t\t\tclass=\"so-widget-sow-hero so-widget-sow-hero-default-7759ae44f7a2 so-widget-fittext-wrapper\"\n\t\t\t data-fit-text-compressor=\"0.85\"\n\t\t>\t\t\t\t<div class=\"sow-slider-base\" style=\"display: none\" tabindex=\"0\">\n\t\t\t\t\t<ul\n\t\t\t\t\tclass=\"sow-slider-images\"\n\t\t\t\t\tdata-settings=\"{&quot;pagination&quot;:true,&quot;speed&quot;:800,&quot;timeout&quot;:8000,&quot;paused&quot;:false,&quot;pause_on_hover&quot;:false,&quot;swipe&quot;:true,&quot;nav_always_show_desktop&quot;:&quot;&quot;,&quot;nav_always_show_mobile&quot;:&quot;&quot;,&quot;breakpoint&quot;:&quot;780px&quot;,&quot;unmute&quot;:false,&quot;anchor&quot;:null}\"\n\t\t\t\t\tstyle=\"min-height: 500px\"\t\t\t\t\tdata-anchor-id=\"\"\n\t\t\t\t>\t\t<li class=\"sow-slider-image  sow-slider-image-cover\" style=\"visibility: visible;;background-color: #333333;background-image: url(https:\/\/site.educa.madrid.org\/cp.mejico.madrid\/\/wp-content\/uploads\/cp.mejico.madrid\/2022\/09\/numicon.png)\" >\n\t\t\t\t\t<div class=\"sow-slider-image-container\">\n\t\t\t<div class=\"sow-slider-image-wrapper\">\n\t\t\t\t<p>&nbsp;<\/p>\n<p style=\"text-align: center\"><strong>Mathlab y Numicon<br \/>\n<\/strong><\/p>\n\t\t\t<\/div>\n\t\t<\/div>\n\t\t\t\t<\/li>\n\t\t<\/ul>\t\t\t\t<ol class=\"sow-slider-pagination\">\n\t\t\t\t\t\t\t\t\t\t\t<li><a href=\"#\" data-goto=\"0\" aria-label=\"mostrar diapositiva 1\"><\/a><\/li>\n\t\t\t\t\t\t\t\t\t<\/ol>\n\n\t\t\t\t<div class=\"sow-slide-nav sow-slide-nav-next\">\n\t\t\t\t\t<a href=\"#\" data-goto=\"next\" aria-label=\"diapositiva siguiente\" data-action=\"next\">\n\t\t\t\t\t\t<em class=\"sow-sld-icon-thin-right\"><\/em>\n\t\t\t\t\t<\/a>\n\t\t\t\t<\/div>\n\n\t\t\t\t<div class=\"sow-slide-nav sow-slide-nav-prev\">\n\t\t\t\t\t<a href=\"#\" data-goto=\"previous\" aria-label=\"diapositiva anterior\" data-action=\"prev\">\n\t\t\t\t\t\t<em class=\"sow-sld-icon-thin-left\"><\/em>\n\t\t\t\t\t<\/a>\n\t\t\t\t<\/div>\n\t\t\t\t<\/div><\/div><\/div><\/div><\/div><\/div><div id=\"pg-gb469-6a03b38878fab-1\"  class=\"panel-grid panel-no-style\"  data-style=\"{&quot;background_image_attachment&quot;:false,&quot;background_display&quot;:&quot;tile&quot;,&quot;background_image_size&quot;:&quot;full&quot;,&quot;border_thickness&quot;:&quot;1px&quot;,&quot;full_height&quot;:&quot;&quot;,&quot;cell_alignment&quot;:&quot;flex-start&quot;,&quot;link_overlay_new_window&quot;:&quot;&quot;}\"  data-ratio=\"1\"  data-ratio-direction=\"right\" ><div id=\"pgc-gb469-6a03b38878fab-1-0\"  class=\"panel-grid-cell\"  data-weight=\"1\" ><div id=\"panel-gb469-6a03b38878fab-1-0-0\" class=\"so-panel widget widget_media_image panel-first-child panel-last-child\" data-index=\"1\" data-style=\"{&quot;background_image_attachment&quot;:false,&quot;background_display&quot;:&quot;tile&quot;,&quot;background_image_size&quot;:&quot;full&quot;,&quot;border_thickness&quot;:&quot;1px&quot;,&quot;link_overlay_new_window&quot;:&quot;&quot;}\" ><h3 class=\"widget-title\">Matlab<\/h3><a href=\"https:\/\/itenlearning.com\/es\/proyectos\/mathlab\/\"><img loading=\"lazy\" decoding=\"async\" width=\"300\" height=\"68\" src=\"https:\/\/site.educa.madrid.org\/cp.mejico.madrid\/\/wp-content\/uploads\/cp.mejico.madrid\/2023\/07\/Matlab-300x68.png\" class=\"image wp-image-1880  attachment-medium size-medium\" alt=\"\" style=\"max-width: 100%; height: auto;\" srcset=\"https:\/\/site.educa.madrid.org\/cp.mejico.madrid\/\/wp-content\/uploads\/cp.mejico.madrid\/2023\/07\/Matlab-300x68.png 300w, https:\/\/site.educa.madrid.org\/cp.mejico.madrid\/\/wp-content\/uploads\/cp.mejico.madrid\/2023\/07\/Matlab-768x173.png 768w, https:\/\/site.educa.madrid.org\/cp.mejico.madrid\/\/wp-content\/uploads\/cp.mejico.madrid\/2023\/07\/Matlab.png 859w\" sizes=\"auto, 100vw\" \/><\/a><\/div><\/div><\/div><\/div>\n\n\n<p>MathLAB es un Instrumento Educativo Profesional cuyo objetivo es que todos los estudiantes, con independencia de su entorno socioecon\u00f3mico y cultural, puedan <strong>alcanzar su Neurodesarrollo Competencial \u00d3ptimo. <\/strong>Contribuyendo a la<strong> ruptura de la brecha educativa<\/strong> (la co-relaci\u00f3n entre oportunidades y entorno). Es decir, permitiendo el desarrollo de los <strong>Procesos Cognitivos Espec\u00edficos del \u00e1rea de Matem\u00e1ticas<\/strong> de cada estudiante, de acuerdo a sus necesidades y caracter\u00edsticas espec\u00edficas, en Educaci\u00f3n Primaria.<\/p>\n\n\n\n<p>Dicho Instrumento Educativo Profesional es una tecnolog\u00eda educativa basada en el I+D de iteNlearning f<strong>ruto de la Convergencia Cient\u00edfico-Tecnol\u00f3gica<\/strong>. La cual consta de 5 <strong>caracter\u00edsticas<\/strong>:<\/p>\n\n\n\n<ul class=\"wp-block-list\">\n<li>Evidencia Cient\u00edfica<\/li>\n\n\n\n<li>Validaci\u00f3n<\/li>\n\n\n\n<li>Aprendizaje Adaptativo en 3 Niveles<\/li>\n\n\n\n<li>An\u00e1lisis de Aprendizaje en tiempo real<\/li>\n\n\n\n<li>Metacognici\u00f3n Gamificada<\/li>\n<\/ul>\n\n\n\n<p>Y est\u00e1 basada en 3 <strong>evidencias<\/strong>:<\/p>\n\n\n\n<ul class=\"wp-block-list\">\n<li>Cient\u00edfica<\/li>\n\n\n\n<li>Emp\u00edrica (acciones docentes con mayor tama\u00f1o de efecto)<\/li>\n\n\n\n<li>Del Aprendizaje (objetivas y subjetivas)<\/li>\n<\/ul>\n\n\n\n<p><\/p>\n\n\n\n<figure class=\"wp-block-image size-full\"><img loading=\"lazy\" decoding=\"async\" width=\"153\" height=\"54\" src=\"https:\/\/site.educa.madrid.org\/cp.mejico.madrid\/\/wp-content\/uploads\/cp.mejico.madrid\/2023\/07\/logonumicon.png\" alt=\"\" class=\"wp-image-1881\" srcset=\"https:\/\/site.educa.madrid.org\/cp.mejico.madrid\/\/wp-content\/uploads\/cp.mejico.madrid\/2023\/07\/logonumicon.png 153w, https:\/\/site.educa.madrid.org\/cp.mejico.madrid\/\/wp-content\/uploads\/cp.mejico.madrid\/2023\/07\/logonumicon-150x54.png 150w\" sizes=\"auto, (max-width: 153px) 100vw, 153px\" \/><\/figure>\n\n\n\n<p>  Las matem\u00e1ticas cobran vida a trav\u00e9s del Numicom. Una forma divertida y experiencial de acercarse al aprendizaje de la l\u00f3gica-matem\u00e1tica. Un material multisensorial, de modo que los ni\u00f1os desarrollan el pensamiento matem\u00e1tico trabajando tres aspectos fundamentales: la comunicaci\u00f3n matem\u00e1tica, la exploraci\u00f3n de relaciones y la realizaci\u00f3n de generalizaciones. Numicon pretende facilitar la comprensi\u00f3n de las matem\u00e1ticas y lograr que los ni\u00f1os disfruten, usando materiales estructurados que permiten desarrollar habilidades de predicci\u00f3n mediante el reconocimientos de patrones. Todo ello mediante la propuesta de actividades multisensoriales basadas en la investigaci\u00f3n. Numicon tiene en cuenta la complejidad de los conceptos num\u00e9ricos y busca promover la autoconfianza en los ni\u00f1os para que puedan enfrentarse a los diferentes retos o dificultades que se presenten. Mediante la combinaci\u00f3n de la comunicaci\u00f3n matem\u00e1tica (estar activos, establecer conversaciones y desarrollar una imagen mental del n\u00famero), la exploraci\u00f3n de relaciones y la generalizaci\u00f3n, los ni\u00f1os adquieren el respaldo necesario para estructurar sus experiencias, algo esencial para su desarrollo matem\u00e1tico y para su vida en general. Este enfoque multisensorial les brinda la oportunidad de jugar y disfrutar, aprendiendo contenidos matem\u00e1ticos. Los profesores y los padres pueden comprobar el nivel de comprensi\u00f3n de sus ideas matem\u00e1ticas y compartir con ellos sus logros, observando lo que hacen y dicen mientras juegan.<\/p>\n\n\n\n<p>Es un material manipulativo que se adapta a las necesidades de los ni\u00f1os y le permite construir su aprendizaje, favoreciendo con ello el Aprendizaje Basado en Proyectos.<\/p>\n\n\n\n<p><\/p>\n","protected":false},"excerpt":{"rendered":"<p>MathLAB es un Instrumento Educativo Profesional cuyo objetivo es que todos los estudiantes, con independencia de su entorno socioecon\u00f3mico y cultural, puedan alcanzar su Neurodesarrollo Competencial \u00d3ptimo. Contribuyendo a la ruptura de la brecha educativa (la co-relaci\u00f3n entre oportunidades y entorno). Es decir, permitiendo el desarrollo de los Procesos Cognitivos Espec\u00edficos del \u00e1rea de Matem\u00e1ticas &hellip; <\/p>\n<p class=\"link-more\"><a href=\"https:\/\/site.educa.madrid.org\/cp.mejico.madrid\/index.php\/numicon\/\" class=\"more-link\">Continuar leyendo<span class=\"screen-reader-text\"> \u00abMatLab y Numicon\u00bb<\/span><\/a><\/p>\n","protected":false},"author":2,"featured_media":0,"parent":0,"menu_order":0,"comment_status":"closed","ping_status":"closed","template":"","meta":{"footnotes":""},"folder":[],"class_list":["post-469","page","type-page","status-publish","hentry"],"rttpg_featured_image_url":null,"rttpg_author":{"display_name":"tic.cp.mejico.madrid","author_link":"https:\/\/site.educa.madrid.org\/cp.mejico.madrid\/index.php\/author\/cuenta_tic-cp-mejico-madrid\/"},"rttpg_comment":0,"rttpg_category":false,"rttpg_excerpt":"MathLAB es un Instrumento Educativo Profesional cuyo objetivo es que todos los estudiantes, con independencia de su entorno socioecon\u00f3mico y cultural, puedan alcanzar su Neurodesarrollo Competencial \u00d3ptimo. Contribuyendo a la ruptura de la brecha educativa (la co-relaci\u00f3n entre oportunidades y entorno). Es decir, permitiendo el desarrollo de los Procesos Cognitivos Espec\u00edficos del \u00e1rea de Matem\u00e1ticas&hellip;","post_mailing_queue_ids":[],"_links":{"self":[{"href":"https:\/\/site.educa.madrid.org\/cp.mejico.madrid\/index.php\/wp-json\/wp\/v2\/pages\/469","targetHints":{"allow":["GET"]}}],"collection":[{"href":"https:\/\/site.educa.madrid.org\/cp.mejico.madrid\/index.php\/wp-json\/wp\/v2\/pages"}],"about":[{"href":"https:\/\/site.educa.madrid.org\/cp.mejico.madrid\/index.php\/wp-json\/wp\/v2\/types\/page"}],"author":[{"embeddable":true,"href":"https:\/\/site.educa.madrid.org\/cp.mejico.madrid\/index.php\/wp-json\/wp\/v2\/users\/2"}],"replies":[{"embeddable":true,"href":"https:\/\/site.educa.madrid.org\/cp.mejico.madrid\/index.php\/wp-json\/wp\/v2\/comments?post=469"}],"version-history":[{"count":13,"href":"https:\/\/site.educa.madrid.org\/cp.mejico.madrid\/index.php\/wp-json\/wp\/v2\/pages\/469\/revisions"}],"predecessor-version":[{"id":1947,"href":"https:\/\/site.educa.madrid.org\/cp.mejico.madrid\/index.php\/wp-json\/wp\/v2\/pages\/469\/revisions\/1947"}],"wp:attachment":[{"href":"https:\/\/site.educa.madrid.org\/cp.mejico.madrid\/index.php\/wp-json\/wp\/v2\/media?parent=469"}],"wp:term":[{"taxonomy":"folder","embeddable":true,"href":"https:\/\/site.educa.madrid.org\/cp.mejico.madrid\/index.php\/wp-json\/wp\/v2\/folder?post=469"}],"curies":[{"name":"wp","href":"https:\/\/api.w.org\/{rel}","templated":true}]}}