{"id":1082,"date":"2021-08-24T10:41:13","date_gmt":"2021-08-24T10:41:13","guid":{"rendered":"https:\/\/site.educa.madrid.org\/cp.miguelhernandez.fuenlabrada\/?page_id=1082"},"modified":"2021-10-14T21:50:19","modified_gmt":"2021-10-14T19:50:19","slug":"cuarto-matematicas","status":"publish","type":"page","link":"https:\/\/site.educa.madrid.org\/cp.miguelhernandez.fuenlabrada\/index.php\/cuarto-matematicas\/","title":{"rendered":"CUARTO MATEM\u00c1TICAS"},"content":{"rendered":"<p><a href=\"https:\/\/site.educa.madrid.org\/cp.miguelhernandez.fuenlabrada\/\/wp-content\/uploads\/cp.miguelhernandez.fuenlabrada\/2021\/08\/UNIDAD-1-NUMEROS-.pdf\">UNIDAD 1 N\u00daMEROS<\/a><\/p>\n<p><a href=\"https:\/\/site.educa.madrid.org\/cp.miguelhernandez.fuenlabrada\/\/wp-content\/uploads\/cp.miguelhernandez.fuenlabrada\/2021\/08\/UNIDAD-2-OPERACIONES-BASICAS.pdf\">UNIDAD 2 OPERACIONES B\u00c1SICAS<\/a><\/p>\n<p><a href=\"https:\/\/site.educa.madrid.org\/cp.miguelhernandez.fuenlabrada\/\/wp-content\/uploads\/cp.miguelhernandez.fuenlabrada\/2021\/08\/UNIDAD-3-NUMEROS-DECIMALES.pdf\">UNIDAD 3 N\u00daMEROS DECIMALES<\/a><\/p>\n<p><a href=\"https:\/\/site.educa.madrid.org\/cp.miguelhernandez.fuenlabrada\/\/wp-content\/uploads\/cp.miguelhernandez.fuenlabrada\/2021\/08\/UNIDAD-4-FRACCIONES.pdf\">UNIDAD 4 FRACCIONES<\/a><\/p>\n<p><a href=\"https:\/\/site.educa.madrid.org\/cp.miguelhernandez.fuenlabrada\/\/wp-content\/uploads\/cp.miguelhernandez.fuenlabrada\/2021\/08\/UNIDAD-5-LONGITUD.pdf\">UNIDAD 5 LONGITUD<\/a><\/p>\n<p><a href=\"https:\/\/site.educa.madrid.org\/cp.miguelhernandez.fuenlabrada\/\/wp-content\/uploads\/cp.miguelhernandez.fuenlabrada\/2021\/08\/UNIDAD-6-PESO-.pdf\">UNIDAD 6 MASA<\/a><\/p>\n<p><a href=\"https:\/\/site.educa.madrid.org\/cp.miguelhernandez.fuenlabrada\/\/wp-content\/uploads\/cp.miguelhernandez.fuenlabrada\/2021\/08\/UNIDAD-7-LA-CAPACIDAD.pdf\">UNIDAD 7 LA CAPACIDAD<\/a><\/p>\n<p><a href=\"https:\/\/site.educa.madrid.org\/cp.miguelhernandez.fuenlabrada\/\/wp-content\/uploads\/cp.miguelhernandez.fuenlabrada\/2021\/08\/UNIDAD-8-EL-TIEMPO-Y-EL-DINERO.pdf\">UNIDAD 8 EL TIEMPO Y EL DINERO<\/a><\/p>\n<p><a href=\"https:\/\/site.educa.madrid.org\/cp.miguelhernandez.fuenlabrada\/\/wp-content\/uploads\/cp.miguelhernandez.fuenlabrada\/2021\/08\/UNIDAD-9-RECTAS-Y-SIMETRIAS.pdf\">UNIDAD 9 RECTAS Y SIMETR\u00cdAS<\/a><\/p>\n<p><a href=\"https:\/\/site.educa.madrid.org\/cp.miguelhernandez.fuenlabrada\/\/wp-content\/uploads\/cp.miguelhernandez.fuenlabrada\/2021\/08\/UNIDAD-10-FIGURAS-PLANAS-4o-P.pdf\">UNIDAD 10 FIGURAS PLANAS 4\u00ba P<\/a><\/p>\n<p><a href=\"https:\/\/site.educa.madrid.org\/cp.miguelhernandez.fuenlabrada\/\/wp-content\/uploads\/cp.miguelhernandez.fuenlabrada\/2021\/08\/UNIDAD-11-CUERPOS-GEOMETRICOS-4o-P.pdf\">UNIDAD 11 CUERPOS GEOMETRICOS 4\u00ba P<\/a><\/p>\n<p><a href=\"https:\/\/site.educa.madrid.org\/cp.miguelhernandez.fuenlabrada\/\/wp-content\/uploads\/cp.miguelhernandez.fuenlabrada\/2021\/08\/UNIDAD-12-ESTADISTICA-Y-PROBABILIDAD.pdf\">UNIDAD 12 ESTADISTICA Y PROBABILIDAD<\/a><\/p>\n","protected":false},"excerpt":{"rendered":"<p>UNIDAD 1 N\u00daMEROS UNIDAD 2 OPERACIONES B\u00c1SICAS UNIDAD 3 N\u00daMEROS DECIMALES UNIDAD 4 FRACCIONES UNIDAD 5 LONGITUD UNIDAD 6 MASA UNIDAD 7 LA CAPACIDAD UNIDAD 8 EL TIEMPO Y EL DINERO UNIDAD 9 RECTAS Y SIMETR\u00cdAS UNIDAD 10 FIGURAS PLANAS 4\u00ba P UNIDAD 11 CUERPOS GEOMETRICOS 4\u00ba P UNIDAD 12 ESTADISTICA Y PROBABILIDAD<\/p>\n","protected":false},"author":3,"featured_media":0,"parent":0,"menu_order":0,"comment_status":"closed","ping_status":"closed","template":"","meta":{"footnotes":""},"folder":[],"class_list":["post-1082","page","type-page","status-publish","hentry"],"rttpg_featured_image_url":null,"rttpg_author":{"display_name":"cp.miguelhernandez.fuenlabrada","author_link":"https:\/\/site.educa.madrid.org\/cp.miguelhernandez.fuenlabrada\/index.php\/author\/cuenta_cp-miguelhernandez-fuenlabrada\/"},"rttpg_comment":0,"rttpg_category":false,"rttpg_excerpt":"UNIDAD 1 N\u00daMEROS UNIDAD 2 OPERACIONES B\u00c1SICAS UNIDAD 3 N\u00daMEROS DECIMALES UNIDAD 4 FRACCIONES UNIDAD 5 LONGITUD UNIDAD 6 MASA UNIDAD 7 LA CAPACIDAD UNIDAD 8 EL TIEMPO Y EL DINERO UNIDAD 9 RECTAS Y SIMETR\u00cdAS UNIDAD 10 FIGURAS PLANAS 4\u00ba P UNIDAD 11 CUERPOS GEOMETRICOS 4\u00ba P UNIDAD 12 ESTADISTICA Y PROBABILIDAD","post_mailing_queue_ids":[],"_links":{"self":[{"href":"https:\/\/site.educa.madrid.org\/cp.miguelhernandez.fuenlabrada\/index.php\/wp-json\/wp\/v2\/pages\/1082","targetHints":{"allow":["GET"]}}],"collection":[{"href":"https:\/\/site.educa.madrid.org\/cp.miguelhernandez.fuenlabrada\/index.php\/wp-json\/wp\/v2\/pages"}],"about":[{"href":"https:\/\/site.educa.madrid.org\/cp.miguelhernandez.fuenlabrada\/index.php\/wp-json\/wp\/v2\/types\/page"}],"author":[{"embeddable":true,"href":"https:\/\/site.educa.madrid.org\/cp.miguelhernandez.fuenlabrada\/index.php\/wp-json\/wp\/v2\/users\/3"}],"replies":[{"embeddable":true,"href":"https:\/\/site.educa.madrid.org\/cp.miguelhernandez.fuenlabrada\/index.php\/wp-json\/wp\/v2\/comments?post=1082"}],"version-history":[{"count":3,"href":"https:\/\/site.educa.madrid.org\/cp.miguelhernandez.fuenlabrada\/index.php\/wp-json\/wp\/v2\/pages\/1082\/revisions"}],"predecessor-version":[{"id":1340,"href":"https:\/\/site.educa.madrid.org\/cp.miguelhernandez.fuenlabrada\/index.php\/wp-json\/wp\/v2\/pages\/1082\/revisions\/1340"}],"wp:attachment":[{"href":"https:\/\/site.educa.madrid.org\/cp.miguelhernandez.fuenlabrada\/index.php\/wp-json\/wp\/v2\/media?parent=1082"}],"wp:term":[{"taxonomy":"folder","embeddable":true,"href":"https:\/\/site.educa.madrid.org\/cp.miguelhernandez.fuenlabrada\/index.php\/wp-json\/wp\/v2\/folder?post=1082"}],"curies":[{"name":"wp","href":"https:\/\/api.w.org\/{rel}","templated":true}]}}