{"id":134,"date":"2020-05-14T06:34:35","date_gmt":"2020-05-14T06:34:35","guid":{"rendered":"http:\/\/www.cenamor.com\/cpmh\/?page_id=134"},"modified":"2020-11-05T09:28:57","modified_gmt":"2020-11-05T09:28:57","slug":"el-poeta-pastor","status":"publish","type":"page","link":"https:\/\/site.educa.madrid.org\/cp.miguelhernandez.fuenlabrada\/index.php\/el-poeta-pastor\/","title":{"rendered":"El Poeta Pastor"},"content":{"rendered":"\n<p>El&nbsp;<strong>Colegio Miguel Hern\u00e1ndez<\/strong>&nbsp;es unos de los centros de la red p\u00fablica de educaci\u00f3n que la Comunidad de Madrid tiene en la localidad de Fuenlabrada.<\/p>\n\n\n\n<p>El r\u00e1pido desarrollo que sufrieron los pueblos de la periferia de Madrid en los a\u00f1os 60 llev\u00f3 al Ministerio a crear numerosos centros en los pisos bajos de las nuevas construcciones.<\/p>\n\n\n\n<p>Muchos alumnos y maestros han pasado por sus aulas y, desde sus ventanas ha visto evolucionar la localidad. Siempre ha sido un reflejo honesto de la sociedad y el barrio en el que se sit\u00faa y, a d\u00eda de hoy, contin\u00faa con la misma identidad.<\/p>\n\n\n\n<figure class=\"wp-block-image\"><img decoding=\"async\" src=\"https:\/\/www.educa2.madrid.org\/web\/educamadrid\/principal\/files\/a5b33ed5-d819-4f75-842c-be236d0c02f9\/hernandez_miguel_2.JPG?largeSize=true\" alt=\"\" title=\"hernandez_miguel_2.JPG\"\/><\/figure>\n\n\n\n<h3 class=\"wp-block-heading\">\u00bfQui\u00e9n era Miguel Hern\u00e1ndez?<\/h3>\n\n\n\n<p>Miguel Hern\u00e1ndez Gilabert. (Orihuela, 30 de octubre de 1910 &#8211; Alicante, 28 de marzo de 1942). Poeta y dramaturgo espa\u00f1ol.<\/p>\n\n\n\n<p>De familia humilde, tiene que abandonar muy pronto la escuela para ponerse a trabajar; a\u00fan as\u00ed desarrolla su capacidad para la poes\u00eda gracias a ser un gran lector de la poes\u00eda cl\u00e1sica espa\u00f1ola. Forma parte de la tertulia literaria en Orihuela, donde conoce a Ram\u00f3n Sij\u00e9 y establece con \u00e9l una gran amistad.<\/p>\n\n\n\n<p>A partir de 1930 comienza a publicar sus poes\u00edas en revistas como El Pueblo de Orihuela o El D\u00eda de Alicante. En la d\u00e9cada de 1930 viaja a Madrid y colabora en distintas publicaciones, estableciendo relaci\u00f3n con los poetas de la \u00e9poca. A su vuelta a Orihuela redacta Perito en Lunas, donde se refleja la influencia de los autores que lee en su infancia y los que conoce en su viaje a Madrid.<\/p>\n\n\n\n<p>Ya establecido en Madrid, trabaja como redactor en el diccionario taurino de Coss\u00edo y en las Misiones pedag\u00f3gicas de Alejandro Casona; colabora adem\u00e1s en importantes revistas po\u00e9ticas espa\u00f1olas. Escribe en estos a\u00f1os los poemas titulados El silbo vulnerado e Imagen de tu huella, y el m\u00e1s conocido El Rayo que no cesa (1936).<\/p>\n\n\n\n<p>Toma parte muy activa en la Guerra Civil espa\u00f1ola, y al terminar \u00e9sta intenta salir del pa\u00eds pero es detenido en la frontera con Portugal. Condenado a pena de muerte, se le conmuta por la de treinta a\u00f1os pero no llega a cumplirla porque muere de tuberculosis el 28 de marzo de 1942 en la prisi\u00f3n de Alicante.<\/p>\n\n\n\n<p>Durante la guerra compone Viento del pueblo (1937) y El hombre acecha (1938) con un estilo que se conoci\u00f3 como \u201cpoes\u00eda de guerra\u201d. En la c\u00e1rcel acab\u00f3 Cancionero y romancero de ausencias (1938-1941). En su obra se encuentran influencias de Garcilaso, G\u00f3ngora, Quevedo y San Juan de la Cruz.<\/p>\n\n\n\n<p>Desde el centro honramos la memoria de este especial poeta con un certamen de poes\u00eda que pretende dotar a Fuenlabrada de un espacio para la expresi\u00f3n de sentimientos as\u00ed como fomentar este estilo literario tan \u00edntimo y especial.<\/p>\n","protected":false},"excerpt":{"rendered":"<p>El&nbsp;Colegio Miguel Hern\u00e1ndez&nbsp;es unos de los centros de la red p\u00fablica de educaci\u00f3n que la Comunidad de Madrid tiene en la localidad de Fuenlabrada. El r\u00e1pido desarrollo que sufrieron los pueblos de la periferia de Madrid en los a\u00f1os 60 llev\u00f3 al Ministerio a crear numerosos centros en los pisos bajos de las nuevas construcciones. [&hellip;]<\/p>\n","protected":false},"author":3,"featured_media":0,"parent":0,"menu_order":0,"comment_status":"closed","ping_status":"closed","template":"","meta":{"footnotes":""},"folder":[],"class_list":["post-134","page","type-page","status-publish","hentry"],"rttpg_featured_image_url":null,"rttpg_author":{"display_name":"cp.miguelhernandez.fuenlabrada","author_link":"https:\/\/site.educa.madrid.org\/cp.miguelhernandez.fuenlabrada\/index.php\/author\/cuenta_cp-miguelhernandez-fuenlabrada\/"},"rttpg_comment":0,"rttpg_category":false,"rttpg_excerpt":"El&nbsp;Colegio Miguel Hern\u00e1ndez&nbsp;es unos de los centros de la red p\u00fablica de educaci\u00f3n que la Comunidad de Madrid tiene en la localidad de Fuenlabrada. El r\u00e1pido desarrollo que sufrieron los pueblos de la periferia de Madrid en los a\u00f1os 60 llev\u00f3 al Ministerio a crear numerosos centros en los pisos bajos de las nuevas construcciones.&hellip;","post_mailing_queue_ids":[],"_links":{"self":[{"href":"https:\/\/site.educa.madrid.org\/cp.miguelhernandez.fuenlabrada\/index.php\/wp-json\/wp\/v2\/pages\/134","targetHints":{"allow":["GET"]}}],"collection":[{"href":"https:\/\/site.educa.madrid.org\/cp.miguelhernandez.fuenlabrada\/index.php\/wp-json\/wp\/v2\/pages"}],"about":[{"href":"https:\/\/site.educa.madrid.org\/cp.miguelhernandez.fuenlabrada\/index.php\/wp-json\/wp\/v2\/types\/page"}],"author":[{"embeddable":true,"href":"https:\/\/site.educa.madrid.org\/cp.miguelhernandez.fuenlabrada\/index.php\/wp-json\/wp\/v2\/users\/3"}],"replies":[{"embeddable":true,"href":"https:\/\/site.educa.madrid.org\/cp.miguelhernandez.fuenlabrada\/index.php\/wp-json\/wp\/v2\/comments?post=134"}],"version-history":[{"count":1,"href":"https:\/\/site.educa.madrid.org\/cp.miguelhernandez.fuenlabrada\/index.php\/wp-json\/wp\/v2\/pages\/134\/revisions"}],"predecessor-version":[{"id":540,"href":"https:\/\/site.educa.madrid.org\/cp.miguelhernandez.fuenlabrada\/index.php\/wp-json\/wp\/v2\/pages\/134\/revisions\/540"}],"wp:attachment":[{"href":"https:\/\/site.educa.madrid.org\/cp.miguelhernandez.fuenlabrada\/index.php\/wp-json\/wp\/v2\/media?parent=134"}],"wp:term":[{"taxonomy":"folder","embeddable":true,"href":"https:\/\/site.educa.madrid.org\/cp.miguelhernandez.fuenlabrada\/index.php\/wp-json\/wp\/v2\/folder?post=134"}],"curies":[{"name":"wp","href":"https:\/\/api.w.org\/{rel}","templated":true}]}}