{"id":137,"date":"2020-05-14T07:20:33","date_gmt":"2020-05-14T07:20:33","guid":{"rendered":"http:\/\/www.cenamor.com\/cpmh\/?page_id=137"},"modified":"2021-06-04T08:48:52","modified_gmt":"2021-06-04T08:48:52","slug":"politica-de-privacidad","status":"publish","type":"page","link":"https:\/\/site.educa.madrid.org\/cp.miguelhernandez.fuenlabrada\/index.php\/politica-de-privacidad\/","title":{"rendered":"Pol\u00edtica de Protecci\u00f3n de Datos"},"content":{"rendered":"\n<p><em>Atendiendo a la nueva pol\u00edtica de protecci\u00f3n de datos regulada por el REGLAMENTO (UE) 2016\/679 DEL PARLAMENTO EUROPEO Y DEL CONSEJO de 27 de abril de 2016 relativo a la protecci\u00f3n de las personas f\u00edsicas en lo que respecta al tratamiento de datos personales y a la libre circulaci\u00f3n de estos datos y por el que se deroga la Directiva 95\/46\/CE (Reglamento general de protecci\u00f3n de datos-RGPD, el CEIP Miguel Hern\u00e1ndez le informa que:<\/em><br><\/p>\n\n\n\n<ul class=\"wp-block-list\"><li><strong>Datos de car\u00e1cter personal<\/strong>: Realizamos tratamiento de datos de car\u00e1cter personal ya que el nombre y apellidos de un alumno, de sus padres, su direcci\u00f3n, su n\u00famero de tel\u00e9fono o su correo electr\u00f3nico as\u00ed se consideran. Tambi\u00e9n lo son las im\u00e1genes de los alumnos. Estos datos se encuentran registrados en nuestros ficheros, por lo que notificamos de su existencia.\u00a0<\/li><li><strong>Responsable del tratamiento: <\/strong>en los Centros educativos p\u00fablicos, el responsable del tratamiento es la Administraci\u00f3n p\u00fablica correspondiente, en este caso, la Direcci\u00f3n General de Educaci\u00f3n Infantil, Primaria, Secundaria y Bachillerato, C\/ Gran V\u00eda, 20 4\u00aa planta. CP 28013. dginfantilprimariaysecindaria@madrid.org<\/li><li><strong>Encargado del tratamiento es toda aquella <\/strong>persona, empresas o servicios que prestan servicios al centro y que manejan datos de car\u00e1cter personal. En el caso del CEIP \u201cMiguel Hern\u00e1ndez\u201d contamos con los siguientes:<ul><li><strong>Equipo directivo CEIP \u201cMiguel Hern\u00e1ndez\u201d.<\/strong><\/li><li><strong>Administrativo CEIP \u201cMiguel Hern\u00e1ndez\u201d<\/strong><\/li><li><strong>Profesorado CEIP \u201cMiguel Hern\u00e1ndez\u201d<\/strong><\/li><li><strong>Enfermera (DUE) CEIP \u201cMiguel Hern\u00e1ndez\u201d<\/strong><\/li><li><strong>Equipo de Orientaci\u00f3n Educativa y Psicopedag\u00f3gica (EOEP)<\/strong><\/li><li><strong>Asociaci\u00f3n de madres y padres de alumnos del CEIP \u201cMiguel Hern\u00e1ndez\u201d (AMPA)<\/strong><\/li><li><strong>COMEDORES BLANCO(empresa de comedor escolar)<\/strong><\/li><li><strong>Ayuntamiento de Fuenlabrada.<\/strong><\/li><li><strong>Consejer\u00eda de Educaci\u00f3n de la Comunidad de Madrid.<\/strong><\/li><li><strong>Servicio de Apoyo a la Escolarizaci\u00f3n de Fuenlabrada.<\/strong><\/li><li><strong>Servicio de Inspecci\u00f3n Educativa.<\/strong><\/li><li><strong>DIMAFE (empresa de actividades extraescolares)<\/strong><\/li><li><strong>SNAPPET. (empresa licencias digitales educativas)<\/strong><\/li><\/ul><\/li><li><strong>La finalidad<\/strong> para la que este centro recaba los datos es:<ul><li>para el ejercicio de la funci\u00f3n educativa.<\/li><li>para difundir y dar a conocer las actividades del centro y\/o de actividades extraescolares.<\/li><li>para atender las necesidades m\u00e9dicas de nuestros alumnos.<\/li><li>para garantizar la seguridad y cuidado de los mismos.<\/li><li>para difundir actividades y\/o proyectos: web, peri\u00f3dico, correos electr\u00f3nicos.<\/li><\/ul><\/li><li><strong>Legitimizaci\u00f3n: <\/strong>Los centros docentes estamos legitimados por la Ley Org\u00e1nica de Educaci\u00f3n de 2006 (LOE) para el tratamiento de los datos en el ejercicio de la funci\u00f3n educativa. Tambi\u00e9n estamos legitimados para el desarrollo y ejecuci\u00f3n de la relaci\u00f3n jur\u00eddica que se produce con la matriculaci\u00f3n del alumno en un centro, as\u00ed como por el consentimiento de los interesados, o de sus padres o tutores si son menores de 14 a\u00f1os.<\/li><li>La<strong> obligatoriedad<\/strong> o no de facilitar los datos y las consecuencias de la negativa a facilitarlos. Los datos que este Centro Educativo solicita, son los necesarios para el buen desarrollo de la gesti\u00f3n de la etapa educativa del alumno en el colegio, por lo que la no informaci\u00f3n de dichos datos conllevar\u00eda el ajuste del tratamiento del alumno a los datos que se tengan hasta ese momento no pudi\u00e9ndose realizar ninguna actuaci\u00f3n al respecto por parte de la familia, as\u00ed, por ejemplo, si un alumno al\u00e9rgico solicita ser usuario del comedor escolar y no se nos facilita el informe m\u00e9dico al respecto, no podr\u00e1 hacer uso de dicho servicio.<\/li><li>Los <strong>destinatarios<\/strong> de los datos: dependiendo de la circunstancia, los destinatarios de los datos son los siguientes:<ul><li><strong><strong>Equipo directivo CEIP \u201cMiguel Hern\u00e1ndez\u201d.<\/strong><\/strong><\/li><li><strong><strong>Administrativo CEIP \u201cMiguel Hern\u00e1ndez\u201d<\/strong><\/strong><\/li><li><strong><strong>Profesorado CEIP \u201cMiguel Hern\u00e1ndez\u201d<\/strong><\/strong><\/li><li><strong><strong>Enfermera (DUE) CEIP \u201cMiguel Hern\u00e1ndez\u201d<\/strong><\/strong><\/li><li><strong><strong>Equipo de Orientaci\u00f3n Educativa y Psicopedag\u00f3gica (EOEP)<\/strong><\/strong><\/li><li><strong><strong>Asociaci\u00f3n de madres y padres de alumnos del CEIP \u201cMiguel Hern\u00e1ndez\u201d (AMPA)<\/strong><\/strong><\/li><li><strong><strong>COMEDORES BLANCO(empresa de comedor escolar)<\/strong><\/strong><\/li><li><strong><strong>Ayuntamiento de Fuenlabrada.<\/strong><\/strong><\/li><li><strong><strong>Consejer\u00eda de Educaci\u00f3n de la Comunidad de Madrid.<\/strong><\/strong><\/li><li><strong><strong>Servicio de Apoyo a la Escolarizaci\u00f3n de Fuenlabrada.<\/strong><\/strong><\/li><li><strong><strong>Servicio de Inspecci\u00f3n Educativa.<\/strong><\/strong><\/li><li><strong><strong>DIMAFE (empresa de actividades extraescolares)<\/strong><\/strong><\/li><li><strong><strong>SNAPPET. (empresa licencias digitales educativas)<\/strong><\/strong><\/li><\/ul><\/li><li>Los <strong>derechos <\/strong>de los interesados y d\u00f3nde ejercitarlos.<br><ul><li><strong>Derecho de Acceso<\/strong>: El derecho de acceso viene regulado en al art. 15 del RGPD y se recoge en los considerandos 63 y 64, como un derecho del interesado a obtener, del responsable del tratamiento, confirmaci\u00f3n de si se est\u00e1n tratando o no datos personales que le conciernen.<\/li><li><strong>Derecho de Rectificaci\u00f3n<\/strong>: El derecho de rectificaci\u00f3n, viene regulado en el Art\u00edculo 16 del RGPDUE, como \u00a0el derecho que tiene el interesado a solicitar del responsable del tratamiento la rectificaci\u00f3n de sus datos cuando sean inexactos. Ante esta solicitud el responsable deber\u00e1 satisfacer este derecho sin dilaci\u00f3n indebida. Derecho que en id\u00e9nticos t\u00e9rminos recoge el Considerando (65). Teniendo en cuenta los fines para los cuales hayan sido tratados los datos, el interesado tendr\u00e1 derecho a que se completen los datos personales cuando estos resulten incompletos, en particular por medio de la entrega de una declaraci\u00f3n.<\/li><li><strong>Derecho de Supresi\u00f3n: <\/strong>El derecho a la supresi\u00f3n, derecho al olvido, regulado en el\u00a0 art\u00edculo 17 del RGPD, es la denominaci\u00f3n que da el Reglamento al tradicional derecho de cancelaci\u00f3n, que regula la LOPD y su Reglamento de desarrollo. En base al mismo el interesado tendr\u00e1 derecho a obtener, sin dilaci\u00f3n indebida del responsable del tratamiento, la supresi\u00f3n de los datos personales que le conciernan, cuando concurra alguna de las circunstancias siguientes:<ul><li>Cuando los datos personales ya no sean necesarios en relaci\u00f3n con los fines para los que fueron recogidos o tratados de otro modo.<\/li><li>Cuando el interesado retire el consentimiento en que se basa el tratamiento y este no se base en otro fundamento jur\u00eddico.<\/li><li>Cuando el interesado se oponga al tratamiento y no prevalezcan otros motivos leg\u00edtimos para el tratamiento.<\/li><li>Cuando los datos personales hayan sido tratados il\u00edcitamente.<\/li><li>Cuando los datos personales deban suprimirse para el cumplimiento de una obligaci\u00f3n legal establecida en el Derecho de la Uni\u00f3n o de los Estados miembros que se aplique al responsable del tratamiento.<\/li><li>Cuando los datos personales se hayan obtenido en relaci\u00f3n con la oferta de servicios de la sociedad de la informaci\u00f3n dirigidos a menores.<\/li><\/ul><\/li><li><strong>Derecho de oposici\u00f3n: <\/strong>El derecho de oposici\u00f3n viene regulado en el art\u00edculo 21del RGPD y en los Considerandos (69) \u00a0y (70). Podemos decir que es el derecho del interesado a oponerse, en cualquier momento, por motivos relacionados con su situaci\u00f3n particular, a que datos personales que le conciernan sean objeto de un tratamiento. Ante el ejercicio del derecho de oposici\u00f3n el responsable del tratamiento dejar\u00e1 de tratar los datos personales. Sin embargo no es este un derecho absoluto del interesado, por lo que proceder\u00e1, en algunos supuestos realizar una ponderaci\u00f3n con el fin de considerar si prevalece o no el derecho del interesado.<\/li><li><strong>Derecho a la portabilidad:<\/strong> De la lectura del art\u00edculo podemos se\u00f1alar que \u00a0el derecho a la portabilidad es el derecho que permite al interesado recibir los datos que ha proporcionado al responsable y le faculta a\u00a0 transmitirlos, a otro responsable del tratamiento, sin impedimentos.<\/li><li><strong>Derecho a la Limitaci\u00f3n:<\/strong> Los supuestos en los que el interesado tendr\u00e1 derecho a obtener del responsable del tratamiento la limitaci\u00f3n del tratamiento de los datos est\u00e1n tasados por la norma y\u00a0 son:<ul><li>Cuando el interesado impugne la exactitud de los datos personales, durante un plazo que permita al responsable verificar la exactitud de los mismos.<\/li><li>Cuando el tratamiento sea il\u00edcito y el interesado se oponga a la supresi\u00f3n de los datos personales y solicite en su lugar la limitaci\u00f3n de su uso.<\/li><li>Cuando el responsable ya no necesite los datos personales para los fines del tratamiento, pero el interesado los necesite para la formulaci\u00f3n, el ejercicio o la defensa de reclamaciones.<\/li><li>Cuando el interesado se haya opuesto al tratamiento ejercitando su derecho de oposici\u00f3n, mientras se verifica si los motivos leg\u00edtimos del responsable prevalecen sobre los del interesado.<\/li><\/ul><\/li><li><strong>Derecho a no ser objeto de decisiones individualizadas<\/strong>: El derecho a limitar las decisiones individuales automatizadas se regula en el art\u00edculo 22 del\u00a0 RGPD,\u00a0 como el derecho de todo interesado a no ser objeto de una decisi\u00f3n basada \u00fanicamente en el tratamiento automatizado, incluida la elaboraci\u00f3n de perfiles, que produzca efectos jur\u00eddicos en \u00e9l o le afecte significativamente de modo similar<\/li><\/ul><\/li><\/ul>\n\n\n\n<p>Para poder ejercer cualquiera de estos derechos, el interesado deber\u00e1 dirigirse a:<br>CEIP \u201cMiguel Hern\u00e1ndez\u201d<br>C\/ Suiza, 24<br>Fuenlabrada<br>Tel\u00e9fono 916075816.<br><a href=\"mailto:cp.joaquinblume.torrejondeardoz@educa.madrid.org\">cp.miguelhernandez.fuenlabrada@educa.madrid.org<\/a><\/p>\n\n\n\n<p><br>El alumno o sus padres o tutores pueden ejercitar, si lo desean, los derechos de acceso y rectificaci\u00f3n&nbsp; de&nbsp; datos,&nbsp; as\u00ed&nbsp; como&nbsp; solicitar&nbsp; que&nbsp; se&nbsp; limite&nbsp; el&nbsp; tratamiento&nbsp; de&nbsp; sus&nbsp; datos personales&nbsp; u&nbsp; oponerse&nbsp; al&nbsp; mismo,&nbsp; dentro&nbsp; de&nbsp; lo&nbsp; dispuesto&nbsp; en&nbsp; la&nbsp; normativa&nbsp; vigente, dirigiendo una solicitud al centro docente, o bien a la Direcci\u00f3n General responsable del tratamiento&nbsp; o&nbsp; al&nbsp; Delegado&nbsp; de&nbsp; Protecci\u00f3n&nbsp; de&nbsp; Datos&nbsp; de&nbsp; la&nbsp; Consejer\u00eda&nbsp; de&nbsp; Educaci\u00f3n&nbsp; e<br>Investigaci\u00f3n, bien por el registro (electr\u00f3nico o presencial) de la Comunidad de Madrid, bien&nbsp; por&nbsp; correo&nbsp; electr\u00f3nico&nbsp; u&nbsp; ordinario.&nbsp; Adem\u00e1s,&nbsp; en&nbsp; caso&nbsp; de&nbsp; disconformidad&nbsp; con&nbsp; el tratamiento de los datos personales, podr\u00e1n interponer una reclamaci\u00f3n ante la Agencia Espa\u00f1ola de Protecci\u00f3n de Datos mediante escrito (C\/ Jorge Juan, 6, 28001-Madrid) o<br>formulario en su Sede electr\u00f3nica mailto: prensa@agpd.es.<\/p>\n","protected":false},"excerpt":{"rendered":"<p>Atendiendo a la nueva pol\u00edtica de protecci\u00f3n de datos regulada por el REGLAMENTO (UE) 2016\/679 DEL PARLAMENTO EUROPEO Y DEL CONSEJO de 27 de abril de 2016 relativo a la protecci\u00f3n de las personas f\u00edsicas en lo que respecta al tratamiento de datos personales y a la libre circulaci\u00f3n de estos datos y por el [&hellip;]<\/p>\n","protected":false},"author":3,"featured_media":0,"parent":0,"menu_order":0,"comment_status":"closed","ping_status":"closed","template":"","meta":{"footnotes":""},"folder":[],"class_list":["post-137","page","type-page","status-publish","hentry"],"rttpg_featured_image_url":null,"rttpg_author":{"display_name":"cp.miguelhernandez.fuenlabrada","author_link":"https:\/\/site.educa.madrid.org\/cp.miguelhernandez.fuenlabrada\/index.php\/author\/cuenta_cp-miguelhernandez-fuenlabrada\/"},"rttpg_comment":0,"rttpg_category":false,"rttpg_excerpt":"Atendiendo a la nueva pol\u00edtica de protecci\u00f3n de datos regulada por el REGLAMENTO (UE) 2016\/679 DEL PARLAMENTO EUROPEO Y DEL CONSEJO de 27 de abril de 2016 relativo a la protecci\u00f3n de las personas f\u00edsicas en lo que respecta al tratamiento de datos personales y a la libre circulaci\u00f3n de estos datos y por el&hellip;","post_mailing_queue_ids":[],"_links":{"self":[{"href":"https:\/\/site.educa.madrid.org\/cp.miguelhernandez.fuenlabrada\/index.php\/wp-json\/wp\/v2\/pages\/137","targetHints":{"allow":["GET"]}}],"collection":[{"href":"https:\/\/site.educa.madrid.org\/cp.miguelhernandez.fuenlabrada\/index.php\/wp-json\/wp\/v2\/pages"}],"about":[{"href":"https:\/\/site.educa.madrid.org\/cp.miguelhernandez.fuenlabrada\/index.php\/wp-json\/wp\/v2\/types\/page"}],"author":[{"embeddable":true,"href":"https:\/\/site.educa.madrid.org\/cp.miguelhernandez.fuenlabrada\/index.php\/wp-json\/wp\/v2\/users\/3"}],"replies":[{"embeddable":true,"href":"https:\/\/site.educa.madrid.org\/cp.miguelhernandez.fuenlabrada\/index.php\/wp-json\/wp\/v2\/comments?post=137"}],"version-history":[{"count":1,"href":"https:\/\/site.educa.madrid.org\/cp.miguelhernandez.fuenlabrada\/index.php\/wp-json\/wp\/v2\/pages\/137\/revisions"}],"predecessor-version":[{"id":978,"href":"https:\/\/site.educa.madrid.org\/cp.miguelhernandez.fuenlabrada\/index.php\/wp-json\/wp\/v2\/pages\/137\/revisions\/978"}],"wp:attachment":[{"href":"https:\/\/site.educa.madrid.org\/cp.miguelhernandez.fuenlabrada\/index.php\/wp-json\/wp\/v2\/media?parent=137"}],"wp:term":[{"taxonomy":"folder","embeddable":true,"href":"https:\/\/site.educa.madrid.org\/cp.miguelhernandez.fuenlabrada\/index.php\/wp-json\/wp\/v2\/folder?post=137"}],"curies":[{"name":"wp","href":"https:\/\/api.w.org\/{rel}","templated":true}]}}