{"id":1668,"date":"2023-01-26T08:51:45","date_gmt":"2023-01-26T07:51:45","guid":{"rendered":"https:\/\/site.educa.madrid.org\/cp.miguelhernandez.fuenlabrada\/?page_id=1668"},"modified":"2025-10-23T13:11:43","modified_gmt":"2025-10-23T11:11:43","slug":"plan-de-mejora-de-la-competencia-digital","status":"publish","type":"page","link":"https:\/\/site.educa.madrid.org\/cp.miguelhernandez.fuenlabrada\/index.php\/plan-de-mejora-de-la-competencia-digital\/","title":{"rendered":"Plan Digital de Centro"},"content":{"rendered":"<p>La sociedad actual demanda que la escuela implemente nuevas metodolog\u00edas, estrategias y herramientas acordes con las caracter\u00edsticas y realidades de la infancia de hoy en d\u00eda.<br \/>Como colectivo que tiende al cambio de forma lenta y progresiva, nos planteamos un plan de mejora de nuestra competencia digital como equipo docente que enriquezca nuestra labor individual y colectiva.<\/p>\n<p>\u00a0<\/p>\n\n\n<div data-wp-interactive=\"core\/file\" class=\"wp-block-file\"><object data-wp-bind--hidden=\"!state.hasPdfPreview\" hidden class=\"wp-block-file__embed\" data=\"https:\/\/site.educa.madrid.org\/cp.miguelhernandez.fuenlabrada\/\/wp-content\/uploads\/cp.miguelhernandez.fuenlabrada\/2025\/10\/PROYECTO-DIGITAL-DE-CENTRO-25-26.pdf\" type=\"application\/pdf\" style=\"width:100%;height:600px\" aria-label=\"Incrustado de PROYECTO-DIGITAL-DE-CENTRO-25-26.\"><\/object><a id=\"wp-block-file--media-d10be1d9-d1dc-4bd8-9585-1cb2069b09c6\" href=\"https:\/\/site.educa.madrid.org\/cp.miguelhernandez.fuenlabrada\/\/wp-content\/uploads\/cp.miguelhernandez.fuenlabrada\/2025\/10\/PROYECTO-DIGITAL-DE-CENTRO-25-26.pdf\">PROYECTO-DIGITAL-DE-CENTRO-25-26<\/a><a href=\"https:\/\/site.educa.madrid.org\/cp.miguelhernandez.fuenlabrada\/\/wp-content\/uploads\/cp.miguelhernandez.fuenlabrada\/2025\/10\/PROYECTO-DIGITAL-DE-CENTRO-25-26.pdf\" class=\"wp-block-file__button wp-element-button\" download aria-describedby=\"wp-block-file--media-d10be1d9-d1dc-4bd8-9585-1cb2069b09c6\">Descarga<\/a><\/div>\n\n\n\n<p><\/p>\n","protected":false},"excerpt":{"rendered":"<p>La sociedad actual demanda que la escuela implemente nuevas metodolog\u00edas, estrategias y herramientas acordes con las caracter\u00edsticas y realidades de la infancia de hoy en d\u00eda.Como colectivo que tiende al cambio de forma lenta y progresiva, nos planteamos un plan de mejora de nuestra competencia digital como equipo docente que enriquezca nuestra labor individual y [&hellip;]<\/p>\n","protected":false},"author":3,"featured_media":0,"parent":0,"menu_order":0,"comment_status":"closed","ping_status":"closed","template":"","meta":{"footnotes":""},"folder":[],"class_list":["post-1668","page","type-page","status-publish","hentry"],"rttpg_featured_image_url":null,"rttpg_author":{"display_name":"cp.miguelhernandez.fuenlabrada","author_link":"https:\/\/site.educa.madrid.org\/cp.miguelhernandez.fuenlabrada\/index.php\/author\/cuenta_cp-miguelhernandez-fuenlabrada\/"},"rttpg_comment":0,"rttpg_category":false,"rttpg_excerpt":"La sociedad actual demanda que la escuela implemente nuevas metodolog\u00edas, estrategias y herramientas acordes con las caracter\u00edsticas y realidades de la infancia de hoy en d\u00eda.Como colectivo que tiende al cambio de forma lenta y progresiva, nos planteamos un plan de mejora de nuestra competencia digital como equipo docente que enriquezca nuestra labor individual y&hellip;","post_mailing_queue_ids":[],"_links":{"self":[{"href":"https:\/\/site.educa.madrid.org\/cp.miguelhernandez.fuenlabrada\/index.php\/wp-json\/wp\/v2\/pages\/1668","targetHints":{"allow":["GET"]}}],"collection":[{"href":"https:\/\/site.educa.madrid.org\/cp.miguelhernandez.fuenlabrada\/index.php\/wp-json\/wp\/v2\/pages"}],"about":[{"href":"https:\/\/site.educa.madrid.org\/cp.miguelhernandez.fuenlabrada\/index.php\/wp-json\/wp\/v2\/types\/page"}],"author":[{"embeddable":true,"href":"https:\/\/site.educa.madrid.org\/cp.miguelhernandez.fuenlabrada\/index.php\/wp-json\/wp\/v2\/users\/3"}],"replies":[{"embeddable":true,"href":"https:\/\/site.educa.madrid.org\/cp.miguelhernandez.fuenlabrada\/index.php\/wp-json\/wp\/v2\/comments?post=1668"}],"version-history":[{"count":8,"href":"https:\/\/site.educa.madrid.org\/cp.miguelhernandez.fuenlabrada\/index.php\/wp-json\/wp\/v2\/pages\/1668\/revisions"}],"predecessor-version":[{"id":2321,"href":"https:\/\/site.educa.madrid.org\/cp.miguelhernandez.fuenlabrada\/index.php\/wp-json\/wp\/v2\/pages\/1668\/revisions\/2321"}],"wp:attachment":[{"href":"https:\/\/site.educa.madrid.org\/cp.miguelhernandez.fuenlabrada\/index.php\/wp-json\/wp\/v2\/media?parent=1668"}],"wp:term":[{"taxonomy":"folder","embeddable":true,"href":"https:\/\/site.educa.madrid.org\/cp.miguelhernandez.fuenlabrada\/index.php\/wp-json\/wp\/v2\/folder?post=1668"}],"curies":[{"name":"wp","href":"https:\/\/api.w.org\/{rel}","templated":true}]}}