{"id":1849,"date":"2023-06-22T13:25:04","date_gmt":"2023-06-22T11:25:04","guid":{"rendered":"https:\/\/site.educa.madrid.org\/cp.miguelhernandez.fuenlabrada\/?page_id=1849"},"modified":"2023-06-23T13:21:23","modified_gmt":"2023-06-23T11:21:23","slug":"versos-sobre-el-pentagrama-2022-23","status":"publish","type":"page","link":"https:\/\/site.educa.madrid.org\/cp.miguelhernandez.fuenlabrada\/index.php\/versos-sobre-el-pentagrama-2022-23\/","title":{"rendered":"VERSOS SOBRE EL PENTAGRAMA 2022-23"},"content":{"rendered":"<p>Esta recopilaci\u00f3n presenta algunas de las canciones, poemas y poemas musicalizados, que forman parte del proyecto educativo \u00bfPoes\u00eda eres t\u00fa? de Versos sobre el Pentagrama, basado en la expresi\u00f3n de emociones, sentimientos y en la transmisi\u00f3n de valores fundamentales a trav\u00e9s de la poes\u00eda y la m\u00fasica. Se ha llevado a cabo a trav\u00e9s de talleres, sesiones, recitales y conciertos, dos d\u00edas a la semana, durante todo el curso escolar 2022-2023 en el CEIP Miguel Hern\u00e1ndez de Fuenlabrada (Madrid) en los ciclos de Infantil y Primaria (0 a 12 a\u00f1os), dentro del programa educativo PROA+ financiado por el Ministerio de Educaci\u00f3n y Formaci\u00f3n Profesional. Un proyecto que integra la poes\u00eda y la m\u00fasica como herramientas para enriquecer el proceso educativo con beneficios significativos para el alumnado, ya que promueve la relevancia de la expresi\u00f3n emocional al permitir a los alumnos y alumnas explorar y comunicar sus sentimientos y emociones a trav\u00e9s de la creatividad art\u00edstica.<\/p>\n<div>\n<p>Esto les brinda una v\u00eda saludable y constructiva para gestionar sus emociones. Adem\u00e1s, al incorporar de manera transversal el curr\u00edculo oculto, el proyecto aborda temas fundamentales para el desarrollo integral del alumnado como el respeto, la empat\u00eda, la tolerancia y la igualdad, entre otros muchos. La poes\u00eda y la m\u00fasica se convierten en veh\u00edculos para reflexionar sobre estos valores y promover actitudes positivas hacia los dem\u00e1s y hacia el entorno. Otro aspecto destacado es que el proyecto facilita la comprensi\u00f3n y el aprendizaje de algunos contenidos acad\u00e9micos espec\u00edficos de cada nivel educativo. Las creaciones po\u00e9ticas y musicales se convierten en recursos did\u00e1cticos originales y exclusivos que ayudan a asimilar y recordar conceptos y conocimientos en diferentes \u00e1reas del curr\u00edculo acad\u00e9mico.<\/p>\n<\/div>\n<p><a href=\"https:\/\/www.canva.com\/design\/DAFlvhzr_EM\/OrXE695g6uLxXte173YkjQ\/view#1\">PINCHA EN ESTE ENLACE PARA DISFRUTAR DE TODAS LAS CANCIONES Y POEMAS<\/a><\/p>\n\n\n<div class=\"wp-block-mediateca-bloque-mediateca align wide\"><iframe loading=\"lazy\" src=\"https:\/\/mediateca.educa.madrid.org\/video\/5lsoaqf7jbwmhitl\/fs\" width=\"420\" height=\"315\" frameborder=\"0\" scrolling=\"no\" style=\"border:0;overflow:hidden\" allowfullscreen><\/iframe><\/div>\n","protected":false},"excerpt":{"rendered":"<p>Esta recopilaci\u00f3n presenta algunas de las canciones, poemas y poemas musicalizados, que forman parte del proyecto educativo \u00bfPoes\u00eda eres t\u00fa? de Versos sobre el Pentagrama, basado en la expresi\u00f3n de emociones, sentimientos y en la transmisi\u00f3n de valores fundamentales a trav\u00e9s de la poes\u00eda y la m\u00fasica. Se ha llevado a cabo a trav\u00e9s de [&hellip;]<\/p>\n","protected":false},"author":3,"featured_media":0,"parent":0,"menu_order":0,"comment_status":"closed","ping_status":"closed","template":"","meta":{"footnotes":""},"folder":[],"class_list":["post-1849","page","type-page","status-publish","hentry"],"rttpg_featured_image_url":null,"rttpg_author":{"display_name":"cp.miguelhernandez.fuenlabrada","author_link":"https:\/\/site.educa.madrid.org\/cp.miguelhernandez.fuenlabrada\/index.php\/author\/cuenta_cp-miguelhernandez-fuenlabrada\/"},"rttpg_comment":0,"rttpg_category":false,"rttpg_excerpt":"Esta recopilaci\u00f3n presenta algunas de las canciones, poemas y poemas musicalizados, que forman parte del proyecto educativo \u00bfPoes\u00eda eres t\u00fa? de Versos sobre el Pentagrama, basado en la expresi\u00f3n de emociones, sentimientos y en la transmisi\u00f3n de valores fundamentales a trav\u00e9s de la poes\u00eda y la m\u00fasica. Se ha llevado a cabo a trav\u00e9s de&hellip;","post_mailing_queue_ids":[],"_links":{"self":[{"href":"https:\/\/site.educa.madrid.org\/cp.miguelhernandez.fuenlabrada\/index.php\/wp-json\/wp\/v2\/pages\/1849","targetHints":{"allow":["GET"]}}],"collection":[{"href":"https:\/\/site.educa.madrid.org\/cp.miguelhernandez.fuenlabrada\/index.php\/wp-json\/wp\/v2\/pages"}],"about":[{"href":"https:\/\/site.educa.madrid.org\/cp.miguelhernandez.fuenlabrada\/index.php\/wp-json\/wp\/v2\/types\/page"}],"author":[{"embeddable":true,"href":"https:\/\/site.educa.madrid.org\/cp.miguelhernandez.fuenlabrada\/index.php\/wp-json\/wp\/v2\/users\/3"}],"replies":[{"embeddable":true,"href":"https:\/\/site.educa.madrid.org\/cp.miguelhernandez.fuenlabrada\/index.php\/wp-json\/wp\/v2\/comments?post=1849"}],"version-history":[{"count":4,"href":"https:\/\/site.educa.madrid.org\/cp.miguelhernandez.fuenlabrada\/index.php\/wp-json\/wp\/v2\/pages\/1849\/revisions"}],"predecessor-version":[{"id":1858,"href":"https:\/\/site.educa.madrid.org\/cp.miguelhernandez.fuenlabrada\/index.php\/wp-json\/wp\/v2\/pages\/1849\/revisions\/1858"}],"wp:attachment":[{"href":"https:\/\/site.educa.madrid.org\/cp.miguelhernandez.fuenlabrada\/index.php\/wp-json\/wp\/v2\/media?parent=1849"}],"wp:term":[{"taxonomy":"folder","embeddable":true,"href":"https:\/\/site.educa.madrid.org\/cp.miguelhernandez.fuenlabrada\/index.php\/wp-json\/wp\/v2\/folder?post=1849"}],"curies":[{"name":"wp","href":"https:\/\/api.w.org\/{rel}","templated":true}]}}