{"id":2206,"date":"2025-02-17T09:12:41","date_gmt":"2025-02-17T08:12:41","guid":{"rendered":"https:\/\/site.educa.madrid.org\/cp.miguelhernandez.fuenlabrada\/?page_id=2206"},"modified":"2025-02-17T09:12:41","modified_gmt":"2025-02-17T08:12:41","slug":"plan-regional-anti-drogas","status":"publish","type":"page","link":"https:\/\/site.educa.madrid.org\/cp.miguelhernandez.fuenlabrada\/index.php\/plan-regional-anti-drogas\/","title":{"rendered":"Plan Regional Anti-drogas"},"content":{"rendered":"<p>Una de las medidas dentro del \u00e1mbito escolar ha sido la puesta en marcha de un nuevo buz\u00f3n an\u00f3nimo en soporte virtual y f\u00edsico como medio mediante el cual cualquier miembro de la comunidad educativa pueda alertar de la presencia de drogas en su centro.<\/p>\n<p>El funcionamiento del buz\u00f3n virtual es sencillo: cualquier usuario podr\u00e1 acceder a \u00e9l de manera an\u00f3nima y seleccionar su centro educativo para enviarle la alerta. El mensaje ser\u00e1 entregado a los responsables del \u00abPlan Regional contra las Drogas\u00bb que ser\u00e1n los encargados de tomar las medidas oportunas.<\/p>\n<p>Se puede acceder al buz\u00f3n a trav\u00e9s de la url: <a href=\"https:\/\/buzonanonimo.educa.madrid.org\/\" rel=\"noopener\" target=\"_blank\">https:\/\/buzonanonimo.educa.madrid.org\/<\/a> desde cualquier dispositivo conectado a Internet y tambi\u00e9n a trav\u00e9s del siguiente c\u00f3digo QR:<\/p>\n<p><a href=\"https:\/\/site.educa.madrid.org\/cp.miguelhernandez.fuenlabrada\/index.php\/plan-regional-anti-drogas\/qr_buzon_anonimo\/\" rel=\"attachment wp-att-2207\"><img loading=\"lazy\" decoding=\"async\" src=\"https:\/\/site.educa.madrid.org\/cp.miguelhernandez.fuenlabrada\/\/wp-content\/uploads\/cp.miguelhernandez.fuenlabrada\/2025\/02\/QR_Buzon_Anonimo-300x300.png\" alt=\"\" width=\"300\" height=\"300\" class=\"alignnone size-medium wp-image-2207\" srcset=\"https:\/\/site.educa.madrid.org\/cp.miguelhernandez.fuenlabrada\/\/wp-content\/uploads\/cp.miguelhernandez.fuenlabrada\/2025\/02\/QR_Buzon_Anonimo-300x300.png 300w, https:\/\/site.educa.madrid.org\/cp.miguelhernandez.fuenlabrada\/\/wp-content\/uploads\/cp.miguelhernandez.fuenlabrada\/2025\/02\/QR_Buzon_Anonimo-150x150.png 150w, https:\/\/site.educa.madrid.org\/cp.miguelhernandez.fuenlabrada\/\/wp-content\/uploads\/cp.miguelhernandez.fuenlabrada\/2025\/02\/QR_Buzon_Anonimo-100x100.png 100w, https:\/\/site.educa.madrid.org\/cp.miguelhernandez.fuenlabrada\/\/wp-content\/uploads\/cp.miguelhernandez.fuenlabrada\/2025\/02\/QR_Buzon_Anonimo.png 360w\" sizes=\"auto, (max-width: 300px) 100vw, 300px\" \/><\/a><\/p>\n","protected":false},"excerpt":{"rendered":"<p>Una de las medidas dentro del \u00e1mbito escolar ha sido la puesta en marcha de un nuevo buz\u00f3n an\u00f3nimo en soporte virtual y f\u00edsico como medio mediante el cual cualquier miembro de la comunidad educativa pueda alertar de la presencia de drogas en su centro. El funcionamiento del buz\u00f3n virtual es sencillo: cualquier usuario podr\u00e1 [&hellip;]<\/p>\n","protected":false},"author":3,"featured_media":0,"parent":0,"menu_order":0,"comment_status":"closed","ping_status":"closed","template":"","meta":{"footnotes":""},"folder":[],"class_list":["post-2206","page","type-page","status-publish","hentry"],"rttpg_featured_image_url":null,"rttpg_author":{"display_name":"cp.miguelhernandez.fuenlabrada","author_link":"https:\/\/site.educa.madrid.org\/cp.miguelhernandez.fuenlabrada\/index.php\/author\/cuenta_cp-miguelhernandez-fuenlabrada\/"},"rttpg_comment":0,"rttpg_category":false,"rttpg_excerpt":"Una de las medidas dentro del \u00e1mbito escolar ha sido la puesta en marcha de un nuevo buz\u00f3n an\u00f3nimo en soporte virtual y f\u00edsico como medio mediante el cual cualquier miembro de la comunidad educativa pueda alertar de la presencia de drogas en su centro. El funcionamiento del buz\u00f3n virtual es sencillo: cualquier usuario podr\u00e1&hellip;","post_mailing_queue_ids":[],"_links":{"self":[{"href":"https:\/\/site.educa.madrid.org\/cp.miguelhernandez.fuenlabrada\/index.php\/wp-json\/wp\/v2\/pages\/2206","targetHints":{"allow":["GET"]}}],"collection":[{"href":"https:\/\/site.educa.madrid.org\/cp.miguelhernandez.fuenlabrada\/index.php\/wp-json\/wp\/v2\/pages"}],"about":[{"href":"https:\/\/site.educa.madrid.org\/cp.miguelhernandez.fuenlabrada\/index.php\/wp-json\/wp\/v2\/types\/page"}],"author":[{"embeddable":true,"href":"https:\/\/site.educa.madrid.org\/cp.miguelhernandez.fuenlabrada\/index.php\/wp-json\/wp\/v2\/users\/3"}],"replies":[{"embeddable":true,"href":"https:\/\/site.educa.madrid.org\/cp.miguelhernandez.fuenlabrada\/index.php\/wp-json\/wp\/v2\/comments?post=2206"}],"version-history":[{"count":3,"href":"https:\/\/site.educa.madrid.org\/cp.miguelhernandez.fuenlabrada\/index.php\/wp-json\/wp\/v2\/pages\/2206\/revisions"}],"predecessor-version":[{"id":2211,"href":"https:\/\/site.educa.madrid.org\/cp.miguelhernandez.fuenlabrada\/index.php\/wp-json\/wp\/v2\/pages\/2206\/revisions\/2211"}],"wp:attachment":[{"href":"https:\/\/site.educa.madrid.org\/cp.miguelhernandez.fuenlabrada\/index.php\/wp-json\/wp\/v2\/media?parent=2206"}],"wp:term":[{"taxonomy":"folder","embeddable":true,"href":"https:\/\/site.educa.madrid.org\/cp.miguelhernandez.fuenlabrada\/index.php\/wp-json\/wp\/v2\/folder?post=2206"}],"curies":[{"name":"wp","href":"https:\/\/api.w.org\/{rel}","templated":true}]}}