{"id":40,"date":"2020-05-12T16:27:05","date_gmt":"2020-05-12T16:27:05","guid":{"rendered":"http:\/\/www.cenamor.com\/cpmh\/?page_id=40"},"modified":"2026-03-13T12:28:57","modified_gmt":"2026-03-13T11:28:57","slug":"admision","status":"publish","type":"page","link":"https:\/\/site.educa.madrid.org\/cp.miguelhernandez.fuenlabrada\/index.php\/admision\/","title":{"rendered":"ADMISI\u00d3N DE ALUMNOS"},"content":{"rendered":"\n<div class=\"wp-block-group is-layout-flow wp-block-group-is-layout-flow\">\n<div class=\"wp-block-group is-layout-flow wp-block-group-is-layout-flow\">\n<p class=\"has-text-align-center has-pale-cyan-blue-background-color has-background has-medium-font-size\">Esta p\u00e1gina est\u00e1 dedicada exclusivamente a todo el proceso de admisi\u00f3n de alumnos para el CEIP Miguel Hern\u00e1ndez de 0 a 12 a\u00f1os.<\/p>\n\n\n\n<p><\/p>\n\n\n\n<p class=\"has-text-align-center\"><\/p>\n\n\n\n<p class=\"has-text-align-center has-pale-cyan-blue-background-color has-background has-medium-font-size\">ENTREGA DE SOLICITUDES. <strong>PLAZO DEL 11 al 25 de MARZO<\/strong><\/p>\n\n\n\n<div class=\"wp-block-mediateca-bloque-mediateca align wide\"><iframe loading=\"lazy\" src=\"https:\/\/mediateca.educa.madrid.org\/video\/giwsgjihyyesv15o\/fs\" width=\"420\" height=\"315\" frameborder=\"0\" scrolling=\"no\" style=\"border:0;overflow:hidden\" allowfullscreen=\"\"><\/iframe><\/div>\n\n\n\n<p class=\"has-pale-cyan-blue-background-color has-background has-medium-font-size\">\u00bfQuienes participan?<\/p>\n\n\n\n<p class=\"has-pale-cyan-blue-background-color has-background\" style=\"font-size:clamp(14px, 0.875rem + ((1vw - 3.2px) * 0.114), 15px);\">\ud83d\udc49 Alumnos que quieran acceder por primera vez a centros de primer ciclo de Educaci\u00f3n Infantil (0-3 a\u00f1os) sostenidos con fondos p\u00fablicos o que deseen cambiar de centro.<\/p>\n\n\n\n<p class=\"has-pale-cyan-blue-background-color has-background\" style=\"font-size:clamp(14px, 0.875rem + ((1vw - 3.2px) * 0.114), 15px);\">\ud83d\udc49 Alumnos que deseen acceder por primera vez a centros que imparten Educaci\u00f3n Infantil (3-6 a\u00f1os) o Educaci\u00f3n Primaria sostenidos con fondos p\u00fablicos en el curso 2026\/2027.<\/p>\n\n\n\n<p class=\"has-pale-cyan-blue-background-color has-background\" style=\"font-size:clamp(14px, 0.875rem + ((1vw - 3.2px) * 0.114), 15px);\">\ud83d\udc49 Alumnos de 6\u00ba de Ed. Primaria que vayan a pasar a Educaci\u00f3n Secundaria. (DEBEN SOLICITAR EN EL INSTITUTO)<\/p>\n\n\n\n<p class=\"has-pale-cyan-blue-background-color has-background\" style=\"font-size:clamp(14px, 0.875rem + ((1vw - 3.2px) * 0.114), 15px);\">\ud83d\udc49 Alumnos que deseen cambiar de centro.<\/p>\n<\/div>\n\n\n\n<p class=\"has-pale-cyan-blue-background-color has-background has-medium-font-size\">\u00bfC\u00f3mo presento la solicitud?<\/p>\n\n\n\n<p class=\"has-pale-cyan-blue-background-color has-background\" style=\"font-size:clamp(14px, 0.875rem + ((1vw - 3.2px) * 0.114), 15px);\">\ud83d\udc49 Presencialmente, recogiendo la solicitud en la secretar\u00eda del centro (HORARIO DE 9 A 14 DE LUNES A VIERNES)<\/p>\n\n\n\n<p class=\"has-pale-cyan-blue-background-color has-background\" style=\"font-size:clamp(14px, 0.875rem + ((1vw - 3.2px) * 0.114), 15px);\">\ud83d\udc49 Telem\u00e1ticamente, mediante la SECRETAR\u00cdA VIRTUAL (Ver m\u00e1s abajo)<\/p>\n\n\n\n<p class=\"has-white-color has-luminous-vivid-amber-background-color has-text-color has-background has-medium-font-size\"><a href=\"https:\/\/www.comunidad.madrid\/servicios\/educacion\/haz-tu-solicitud-admision-primer-ciclo-educacion-infantil\" data-type=\"URL\" data-id=\"https:\/\/www.comunidad.madrid\/servicios\/educacion\/haz-tu-solicitud-admision-primer-ciclo-educacion-infantil\">P\u00c1GINA DE ADMISI\u00d3N DE LA COMUNIDAD DE MADRID. PARA SOLICITUD TELEM\u00c1TICA<\/a><\/p>\n\n\n\n<p class=\"has-text-align-center has-white-color has-light-green-cyan-background-color has-text-color has-background has-medium-font-size\">ADMISI\u00d3N PRIMER CICLO EDUCACI\u00d3N INFANTIL. Nacidos en 2026, 25, 24.<\/p>\n\n\n\n<div data-wp-interactive=\"core\/file\" class=\"wp-block-file\"><object data-wp-bind--hidden=\"!state.hasPdfPreview\" hidden class=\"wp-block-file__embed\" data=\"https:\/\/site.educa.madrid.org\/cp.miguelhernandez.fuenlabrada\/\/wp-content\/uploads\/cp.miguelhernandez.fuenlabrada\/2026\/03\/APARTADO-4o-CRITERIOS-COMPLEMENTARIOS.pdf\" type=\"application\/pdf\" style=\"width:100%;height:600px\" aria-label=\"Incrustado de APARTADO 4\u00ba CRITERIOS COMPLEMENTARIOS.\"><\/object><a id=\"wp-block-file--media-7331c56f-4daa-4fdb-bd6d-70a05b7dea8d\" href=\"https:\/\/site.educa.madrid.org\/cp.miguelhernandez.fuenlabrada\/\/wp-content\/uploads\/cp.miguelhernandez.fuenlabrada\/2026\/03\/APARTADO-4o-CRITERIOS-COMPLEMENTARIOS.pdf\">APARTADO 4\u00ba CRITERIOS COMPLEMENTARIOS<\/a><a href=\"https:\/\/site.educa.madrid.org\/cp.miguelhernandez.fuenlabrada\/\/wp-content\/uploads\/cp.miguelhernandez.fuenlabrada\/2026\/03\/APARTADO-4o-CRITERIOS-COMPLEMENTARIOS.pdf\" class=\"wp-block-file__button wp-element-button\" download aria-describedby=\"wp-block-file--media-7331c56f-4daa-4fdb-bd6d-70a05b7dea8d\">Descarga<\/a><\/div>\n\n\n\n<div data-wp-interactive=\"core\/file\" class=\"wp-block-file\"><object data-wp-bind--hidden=\"!state.hasPdfPreview\" hidden class=\"wp-block-file__embed\" data=\"https:\/\/site.educa.madrid.org\/cp.miguelhernandez.fuenlabrada\/\/wp-content\/uploads\/cp.miguelhernandez.fuenlabrada\/2026\/01\/BOCM-20251209-18.pdf\" type=\"application\/pdf\" style=\"width:100%;height:600px\" aria-label=\"Incrustado de BOCM-20251209-18.\"><\/object><a id=\"wp-block-file--media-32d9e618-24cc-44b3-8d0a-c642e194cb7b\" href=\"https:\/\/site.educa.madrid.org\/cp.miguelhernandez.fuenlabrada\/\/wp-content\/uploads\/cp.miguelhernandez.fuenlabrada\/2026\/01\/BOCM-20251209-18.pdf\">BOCM-20251209-18<\/a><a href=\"https:\/\/site.educa.madrid.org\/cp.miguelhernandez.fuenlabrada\/\/wp-content\/uploads\/cp.miguelhernandez.fuenlabrada\/2026\/01\/BOCM-20251209-18.pdf\" class=\"wp-block-file__button wp-element-button\" download aria-describedby=\"wp-block-file--media-32d9e618-24cc-44b3-8d0a-c642e194cb7b\">Descarga<\/a><\/div>\n\n\n\n<div data-wp-interactive=\"core\/file\" class=\"wp-block-file\"><object data-wp-bind--hidden=\"!state.hasPdfPreview\" hidden class=\"wp-block-file__embed\" data=\"https:\/\/site.educa.madrid.org\/cp.miguelhernandez.fuenlabrada\/\/wp-content\/uploads\/cp.miguelhernandez.fuenlabrada\/2026\/03\/VACANTES-PRIMER-CICLO-2026-27.pdf\" type=\"application\/pdf\" style=\"width:100%;height:600px\" aria-label=\"Incrustado de VACANTES PRIMER CICLO 2026-27.\"><\/object><a id=\"wp-block-file--media-411054b0-e9a2-4630-bbb2-a39a509002a4\" href=\"https:\/\/site.educa.madrid.org\/cp.miguelhernandez.fuenlabrada\/\/wp-content\/uploads\/cp.miguelhernandez.fuenlabrada\/2026\/03\/VACANTES-PRIMER-CICLO-2026-27.pdf\">VACANTES PRIMER CICLO 2026-27<\/a><a href=\"https:\/\/site.educa.madrid.org\/cp.miguelhernandez.fuenlabrada\/\/wp-content\/uploads\/cp.miguelhernandez.fuenlabrada\/2026\/03\/VACANTES-PRIMER-CICLO-2026-27.pdf\" class=\"wp-block-file__button wp-element-button\" download aria-describedby=\"wp-block-file--media-411054b0-e9a2-4630-bbb2-a39a509002a4\">Descarga<\/a><\/div>\n\n\n\n<p class=\"has-text-align-center has-white-color has-light-green-cyan-background-color has-text-color has-background has-medium-font-size\">ADMISI\u00d3N SEGUNDO CICLO DE EDUCACI\u00d3N INFANTIL Y EDUCACI\u00d3N PRIMARIA.<\/p>\n\n\n\n<div data-wp-interactive=\"core\/file\" class=\"wp-block-file\"><object data-wp-bind--hidden=\"!state.hasPdfPreview\" hidden class=\"wp-block-file__embed\" data=\"https:\/\/site.educa.madrid.org\/cp.miguelhernandez.fuenlabrada\/\/wp-content\/uploads\/cp.miguelhernandez.fuenlabrada\/2026\/03\/PUNTUACION-EXTRA-PROCESO-ADMISION.pdf\" type=\"application\/pdf\" style=\"width:100%;height:600px\" aria-label=\"Incrustado de PUNTUACI\u00d3N EXTRA PROCESO ADMISI\u00d3N.\"><\/object><a id=\"wp-block-file--media-b7c74af0-d661-4ff0-a463-d92220c86a32\" href=\"https:\/\/site.educa.madrid.org\/cp.miguelhernandez.fuenlabrada\/\/wp-content\/uploads\/cp.miguelhernandez.fuenlabrada\/2026\/03\/PUNTUACION-EXTRA-PROCESO-ADMISION.pdf\">PUNTUACI\u00d3N EXTRA PROCESO ADMISI\u00d3N<\/a><a href=\"https:\/\/site.educa.madrid.org\/cp.miguelhernandez.fuenlabrada\/\/wp-content\/uploads\/cp.miguelhernandez.fuenlabrada\/2026\/03\/PUNTUACION-EXTRA-PROCESO-ADMISION.pdf\" class=\"wp-block-file__button wp-element-button\" download aria-describedby=\"wp-block-file--media-b7c74af0-d661-4ff0-a463-d92220c86a32\">Descarga<\/a><\/div>\n<\/div>\n","protected":false},"excerpt":{"rendered":"<p>Esta p\u00e1gina est\u00e1 dedicada exclusivamente a todo el proceso de admisi\u00f3n de alumnos para el CEIP Miguel Hern\u00e1ndez de 0 a 12 a\u00f1os. ENTREGA DE SOLICITUDES. PLAZO DEL 11 al 25 de MARZO \u00bfQuienes participan? \ud83d\udc49 Alumnos que quieran acceder por primera vez a centros de primer ciclo de Educaci\u00f3n Infantil (0-3 a\u00f1os) sostenidos con [&hellip;]<\/p>\n","protected":false},"author":3,"featured_media":0,"parent":0,"menu_order":0,"comment_status":"closed","ping_status":"closed","template":"","meta":{"footnotes":""},"folder":[],"class_list":["post-40","page","type-page","status-publish","hentry"],"rttpg_featured_image_url":null,"rttpg_author":{"display_name":"cp.miguelhernandez.fuenlabrada","author_link":"https:\/\/site.educa.madrid.org\/cp.miguelhernandez.fuenlabrada\/index.php\/author\/cuenta_cp-miguelhernandez-fuenlabrada\/"},"rttpg_comment":0,"rttpg_category":false,"rttpg_excerpt":"Esta p\u00e1gina est\u00e1 dedicada exclusivamente a todo el proceso de admisi\u00f3n de alumnos para el CEIP Miguel Hern\u00e1ndez de 0 a 12 a\u00f1os. ENTREGA DE SOLICITUDES. PLAZO DEL 11 al 25 de MARZO \u00bfQuienes participan? \ud83d\udc49 Alumnos que quieran acceder por primera vez a centros de primer ciclo de Educaci\u00f3n Infantil (0-3 a\u00f1os) sostenidos con&hellip;","post_mailing_queue_ids":[],"_links":{"self":[{"href":"https:\/\/site.educa.madrid.org\/cp.miguelhernandez.fuenlabrada\/index.php\/wp-json\/wp\/v2\/pages\/40","targetHints":{"allow":["GET"]}}],"collection":[{"href":"https:\/\/site.educa.madrid.org\/cp.miguelhernandez.fuenlabrada\/index.php\/wp-json\/wp\/v2\/pages"}],"about":[{"href":"https:\/\/site.educa.madrid.org\/cp.miguelhernandez.fuenlabrada\/index.php\/wp-json\/wp\/v2\/types\/page"}],"author":[{"embeddable":true,"href":"https:\/\/site.educa.madrid.org\/cp.miguelhernandez.fuenlabrada\/index.php\/wp-json\/wp\/v2\/users\/3"}],"replies":[{"embeddable":true,"href":"https:\/\/site.educa.madrid.org\/cp.miguelhernandez.fuenlabrada\/index.php\/wp-json\/wp\/v2\/comments?post=40"}],"version-history":[{"count":50,"href":"https:\/\/site.educa.madrid.org\/cp.miguelhernandez.fuenlabrada\/index.php\/wp-json\/wp\/v2\/pages\/40\/revisions"}],"predecessor-version":[{"id":2438,"href":"https:\/\/site.educa.madrid.org\/cp.miguelhernandez.fuenlabrada\/index.php\/wp-json\/wp\/v2\/pages\/40\/revisions\/2438"}],"wp:attachment":[{"href":"https:\/\/site.educa.madrid.org\/cp.miguelhernandez.fuenlabrada\/index.php\/wp-json\/wp\/v2\/media?parent=40"}],"wp:term":[{"taxonomy":"folder","embeddable":true,"href":"https:\/\/site.educa.madrid.org\/cp.miguelhernandez.fuenlabrada\/index.php\/wp-json\/wp\/v2\/folder?post=40"}],"curies":[{"name":"wp","href":"https:\/\/api.w.org\/{rel}","templated":true}]}}