{"id":520,"date":"2020-10-29T09:45:56","date_gmt":"2020-10-29T09:45:56","guid":{"rendered":"https:\/\/site.educa.madrid.org\/cp.miguelhernandez.fuenlabrada\/?page_id=520"},"modified":"2020-10-29T19:06:20","modified_gmt":"2020-10-29T19:06:20","slug":"consejo-escolar","status":"publish","type":"page","link":"https:\/\/site.educa.madrid.org\/cp.miguelhernandez.fuenlabrada\/index.php\/consejo-escolar\/","title":{"rendered":"CONSEJO ESCOLAR"},"content":{"rendered":"\n<p>En esta p\u00e1gina iremos colgando todas las actividades y decisiones del consejo escolar. <\/p>\n\n\n\n<p><a href=\"https:\/\/site.educa.madrid.org\/cp.miguelhernandez.fuenlabrada\/index.php\/2020\/10\/29\/renovacion-consejo-escolar\/\">RENOVACI\u00d3N DEL CONSEJO ESCOLAR.<\/a><\/p>\n\n\n\n<div class=\"wp-block-file\"><a href=\"https:\/\/site.educa.madrid.org\/cp.miguelhernandez.fuenlabrada\/\/wp-content\/uploads\/cp.miguelhernandez.fuenlabrada\/2020\/10\/normativa.pdf\">ORDEN SOBRE ELECCIONES Y CONSTITUCI\u00d3N DE LOS CONSEJOS ESCOLARES DE LOS<br>CENTROS DE LA RED P\u00daBLICA DE EDUCACI\u00d3N INFANTIL DE LA COMUNIDAD DE<br>MADRID<\/a><a href=\"https:\/\/site.educa.madrid.org\/cp.miguelhernandez.fuenlabrada\/\/wp-content\/uploads\/cp.miguelhernandez.fuenlabrada\/2020\/10\/normativa.pdf\" class=\"wp-block-file__button\" download>Descarga<\/a><\/div>\n\n\n\n<p>ACTAS DE CONSEJO ESCOLAR<\/p>\n","protected":false},"excerpt":{"rendered":"<p>En esta p\u00e1gina iremos colgando todas las actividades y decisiones del consejo escolar. RENOVACI\u00d3N DEL CONSEJO ESCOLAR. ACTAS DE CONSEJO ESCOLAR<\/p>\n","protected":false},"author":3,"featured_media":0,"parent":0,"menu_order":0,"comment_status":"closed","ping_status":"closed","template":"","meta":{"footnotes":""},"folder":[],"class_list":["post-520","page","type-page","status-publish","hentry"],"rttpg_featured_image_url":null,"rttpg_author":{"display_name":"cp.miguelhernandez.fuenlabrada","author_link":"https:\/\/site.educa.madrid.org\/cp.miguelhernandez.fuenlabrada\/index.php\/author\/cuenta_cp-miguelhernandez-fuenlabrada\/"},"rttpg_comment":0,"rttpg_category":false,"rttpg_excerpt":"En esta p\u00e1gina iremos colgando todas las actividades y decisiones del consejo escolar. RENOVACI\u00d3N DEL CONSEJO ESCOLAR. ACTAS DE CONSEJO ESCOLAR","post_mailing_queue_ids":[],"_links":{"self":[{"href":"https:\/\/site.educa.madrid.org\/cp.miguelhernandez.fuenlabrada\/index.php\/wp-json\/wp\/v2\/pages\/520","targetHints":{"allow":["GET"]}}],"collection":[{"href":"https:\/\/site.educa.madrid.org\/cp.miguelhernandez.fuenlabrada\/index.php\/wp-json\/wp\/v2\/pages"}],"about":[{"href":"https:\/\/site.educa.madrid.org\/cp.miguelhernandez.fuenlabrada\/index.php\/wp-json\/wp\/v2\/types\/page"}],"author":[{"embeddable":true,"href":"https:\/\/site.educa.madrid.org\/cp.miguelhernandez.fuenlabrada\/index.php\/wp-json\/wp\/v2\/users\/3"}],"replies":[{"embeddable":true,"href":"https:\/\/site.educa.madrid.org\/cp.miguelhernandez.fuenlabrada\/index.php\/wp-json\/wp\/v2\/comments?post=520"}],"version-history":[{"count":3,"href":"https:\/\/site.educa.madrid.org\/cp.miguelhernandez.fuenlabrada\/index.php\/wp-json\/wp\/v2\/pages\/520\/revisions"}],"predecessor-version":[{"id":535,"href":"https:\/\/site.educa.madrid.org\/cp.miguelhernandez.fuenlabrada\/index.php\/wp-json\/wp\/v2\/pages\/520\/revisions\/535"}],"wp:attachment":[{"href":"https:\/\/site.educa.madrid.org\/cp.miguelhernandez.fuenlabrada\/index.php\/wp-json\/wp\/v2\/media?parent=520"}],"wp:term":[{"taxonomy":"folder","embeddable":true,"href":"https:\/\/site.educa.madrid.org\/cp.miguelhernandez.fuenlabrada\/index.php\/wp-json\/wp\/v2\/folder?post=520"}],"curies":[{"name":"wp","href":"https:\/\/api.w.org\/{rel}","templated":true}]}}