{"id":528,"date":"2020-10-29T13:50:17","date_gmt":"2020-10-29T13:50:17","guid":{"rendered":"https:\/\/site.educa.madrid.org\/cp.miguelhernandez.fuenlabrada\/?page_id=528"},"modified":"2022-11-09T20:30:03","modified_gmt":"2022-11-09T19:30:03","slug":"renovacion-consejo-escolar","status":"publish","type":"page","link":"https:\/\/site.educa.madrid.org\/cp.miguelhernandez.fuenlabrada\/index.php\/renovacion-consejo-escolar\/","title":{"rendered":"Renovaci\u00f3n Consejo Escolar"},"content":{"rendered":"\n<p>En esta p\u00e1gina podr\u00e1n ir siguiendo los pasos de renovaci\u00f3n del Consejo Escolar.<\/p>\n\n\n\n<p><\/p>\n\n\n\n<div data-wp-interactive=\"core\/file\" class=\"wp-block-file\"><object data-wp-bind--hidden=\"!state.hasPdfPreview\" hidden class=\"wp-block-file__embed\" data=\"https:\/\/site.educa.madrid.org\/cp.miguelhernandez.fuenlabrada\/\/wp-content\/uploads\/cp.miguelhernandez.fuenlabrada\/2022\/11\/LISTA-PROVISIONAL-CANDIDATOS-CONSEJO-ESCOLAR_signed.pdf\" type=\"application\/pdf\" style=\"width:100%;height:600px\" aria-label=\"Incrustado de Incrustado de LISTA-PROVISIONAL-CANDIDATOS-CONSEJO-ESCOLAR_signed..\"><\/object><a id=\"wp-block-file--media-d7e31a0f-cd85-4c28-903a-f4888bfb73fb\" href=\"https:\/\/site.educa.madrid.org\/cp.miguelhernandez.fuenlabrada\/\/wp-content\/uploads\/cp.miguelhernandez.fuenlabrada\/2022\/11\/LISTA-PROVISIONAL-CANDIDATOS-CONSEJO-ESCOLAR_signed.pdf\">LISTA-PROVISIONAL-CANDIDATOS-CONSEJO-ESCOLAR_signed<\/a><a href=\"https:\/\/site.educa.madrid.org\/cp.miguelhernandez.fuenlabrada\/\/wp-content\/uploads\/cp.miguelhernandez.fuenlabrada\/2022\/11\/LISTA-PROVISIONAL-CANDIDATOS-CONSEJO-ESCOLAR_signed.pdf\" class=\"wp-block-file__button\" download aria-describedby=\"wp-block-file--media-d7e31a0f-cd85-4c28-903a-f4888bfb73fb\">Descarga<\/a><\/div>\n\n\n\n<div data-wp-interactive=\"core\/file\" class=\"wp-block-file\"><object data-wp-bind--hidden=\"!state.hasPdfPreview\" hidden class=\"wp-block-file__embed\" data=\"https:\/\/site.educa.madrid.org\/cp.miguelhernandez.fuenlabrada\/\/wp-content\/uploads\/cp.miguelhernandez.fuenlabrada\/2022\/10\/CALENDARIO-RENOVACION-CE-2022-23.pdf\" type=\"application\/pdf\" style=\"width:100%;height:600px\" aria-label=\"Incrustado de Incrustado de CALENDARIO RENOVACI\u00d3N CE 2022-23..\"><\/object><a id=\"wp-block-file--media-df0c7488-dc4c-4ffa-89bb-bb1f4049a251\" href=\"https:\/\/site.educa.madrid.org\/cp.miguelhernandez.fuenlabrada\/\/wp-content\/uploads\/cp.miguelhernandez.fuenlabrada\/2022\/10\/CALENDARIO-RENOVACION-CE-2022-23.pdf\">CALENDARIO RENOVACI\u00d3N CE 2022-23<\/a><a href=\"https:\/\/site.educa.madrid.org\/cp.miguelhernandez.fuenlabrada\/\/wp-content\/uploads\/cp.miguelhernandez.fuenlabrada\/2022\/10\/CALENDARIO-RENOVACION-CE-2022-23.pdf\" class=\"wp-block-file__button\" download aria-describedby=\"wp-block-file--media-df0c7488-dc4c-4ffa-89bb-bb1f4049a251\">Descarga<\/a><\/div>\n\n\n\n<p><\/p>\n","protected":false},"excerpt":{"rendered":"<p>En esta p\u00e1gina podr\u00e1n ir siguiendo los pasos de renovaci\u00f3n del Consejo Escolar.<\/p>\n","protected":false},"author":3,"featured_media":0,"parent":0,"menu_order":0,"comment_status":"closed","ping_status":"closed","template":"","meta":{"footnotes":""},"folder":[],"class_list":["post-528","page","type-page","status-publish","hentry"],"rttpg_featured_image_url":null,"rttpg_author":{"display_name":"cp.miguelhernandez.fuenlabrada","author_link":"https:\/\/site.educa.madrid.org\/cp.miguelhernandez.fuenlabrada\/index.php\/author\/cuenta_cp-miguelhernandez-fuenlabrada\/"},"rttpg_comment":0,"rttpg_category":false,"rttpg_excerpt":"En esta p\u00e1gina podr\u00e1n ir siguiendo los pasos de renovaci\u00f3n del Consejo Escolar.","post_mailing_queue_ids":[],"_links":{"self":[{"href":"https:\/\/site.educa.madrid.org\/cp.miguelhernandez.fuenlabrada\/index.php\/wp-json\/wp\/v2\/pages\/528","targetHints":{"allow":["GET"]}}],"collection":[{"href":"https:\/\/site.educa.madrid.org\/cp.miguelhernandez.fuenlabrada\/index.php\/wp-json\/wp\/v2\/pages"}],"about":[{"href":"https:\/\/site.educa.madrid.org\/cp.miguelhernandez.fuenlabrada\/index.php\/wp-json\/wp\/v2\/types\/page"}],"author":[{"embeddable":true,"href":"https:\/\/site.educa.madrid.org\/cp.miguelhernandez.fuenlabrada\/index.php\/wp-json\/wp\/v2\/users\/3"}],"replies":[{"embeddable":true,"href":"https:\/\/site.educa.madrid.org\/cp.miguelhernandez.fuenlabrada\/index.php\/wp-json\/wp\/v2\/comments?post=528"}],"version-history":[{"count":4,"href":"https:\/\/site.educa.madrid.org\/cp.miguelhernandez.fuenlabrada\/index.php\/wp-json\/wp\/v2\/pages\/528\/revisions"}],"predecessor-version":[{"id":1593,"href":"https:\/\/site.educa.madrid.org\/cp.miguelhernandez.fuenlabrada\/index.php\/wp-json\/wp\/v2\/pages\/528\/revisions\/1593"}],"wp:attachment":[{"href":"https:\/\/site.educa.madrid.org\/cp.miguelhernandez.fuenlabrada\/index.php\/wp-json\/wp\/v2\/media?parent=528"}],"wp:term":[{"taxonomy":"folder","embeddable":true,"href":"https:\/\/site.educa.madrid.org\/cp.miguelhernandez.fuenlabrada\/index.php\/wp-json\/wp\/v2\/folder?post=528"}],"curies":[{"name":"wp","href":"https:\/\/api.w.org\/{rel}","templated":true}]}}