{"id":537,"date":"2020-11-05T08:29:37","date_gmt":"2020-11-05T08:29:37","guid":{"rendered":"https:\/\/site.educa.madrid.org\/cp.miguelhernandez.fuenlabrada\/?page_id=537"},"modified":"2025-06-09T11:57:03","modified_gmt":"2025-06-09T09:57:03","slug":"comedor-escolar","status":"publish","type":"page","link":"https:\/\/site.educa.madrid.org\/cp.miguelhernandez.fuenlabrada\/index.php\/comedor-escolar\/","title":{"rendered":"COMEDOR ESCOLAR"},"content":{"rendered":"\n<p class=\"has-drop-cap has-pale-cyan-blue-background-color has-background\">El centro cuenta con un servicio de comedor escolar en el que servimos comida elaborada en nuestra cocina. <\/p>\n\n\n\n<p>La empresa con la que trabajamos es HOSTUR S.L.<\/p>\n\n\n\n<p class=\"has-vivid-red-color has-text-color\">En estos enlaces ten\u00e9is toda la informaci\u00f3n sobre el servicio.<\/p>\n\n\n\n<p><a href=\"https:\/\/site.educa.madrid.org\/cp.miguelhernandez.fuenlabrada\/index.php\/menu-mensual\/\">MEN\u00daS MENSUALES<\/a><\/p>\n\n\n\n<p>Disponemos de una aplicaci\u00f3n inform\u00e1tica de y HOSTUR, una v\u00eda de comunicaci\u00f3n del \u00e1rea del comedor escolar de su centro.<\/p>\n\n\n\n<p>Es una aplicaci\u00f3n a trav\u00e9s de la cual pueden consultar el <strong>men\u00fa escolar<\/strong>, <strong>informaci\u00f3n general <\/strong>del servicio de comedor y diferentes <strong>noticias<\/strong> del servicio. Adem\u00e1s, podremos facilitarles un <strong>informe personalizado<\/strong> de la evoluci\u00f3n alimentaria del alumno.<\/p>\n\n\n\n<p>Pueden ver aqu\u00ed un documento en el que vienen detalladas todas las funciones, as\u00ed como un formulario que pueden rellenar y enviar a la siguiente direcci\u00f3n de correo: <\/p>\n\n\n\n<p><\/p>\n\n\n\n<p>Atentamente, el equipo de HOSTUR.<\/p>\n\n\n\n<p><\/p>\n\n\n\n<p><\/p>\n","protected":false},"excerpt":{"rendered":"<p>El centro cuenta con un servicio de comedor escolar en el que servimos comida elaborada en nuestra cocina. La empresa con la que trabajamos es HOSTUR S.L. En estos enlaces ten\u00e9is toda la informaci\u00f3n sobre el servicio. MEN\u00daS MENSUALES Disponemos de una aplicaci\u00f3n inform\u00e1tica de y HOSTUR, una v\u00eda de comunicaci\u00f3n del \u00e1rea del comedor [&hellip;]<\/p>\n","protected":false},"author":3,"featured_media":0,"parent":0,"menu_order":0,"comment_status":"closed","ping_status":"closed","template":"","meta":{"footnotes":""},"folder":[],"class_list":["post-537","page","type-page","status-publish","hentry"],"rttpg_featured_image_url":null,"rttpg_author":{"display_name":"cp.miguelhernandez.fuenlabrada","author_link":"https:\/\/site.educa.madrid.org\/cp.miguelhernandez.fuenlabrada\/index.php\/author\/cuenta_cp-miguelhernandez-fuenlabrada\/"},"rttpg_comment":0,"rttpg_category":false,"rttpg_excerpt":"El centro cuenta con un servicio de comedor escolar en el que servimos comida elaborada en nuestra cocina. La empresa con la que trabajamos es HOSTUR S.L. En estos enlaces ten\u00e9is toda la informaci\u00f3n sobre el servicio. MEN\u00daS MENSUALES Disponemos de una aplicaci\u00f3n inform\u00e1tica de y HOSTUR, una v\u00eda de comunicaci\u00f3n del \u00e1rea del comedor&hellip;","post_mailing_queue_ids":[],"_links":{"self":[{"href":"https:\/\/site.educa.madrid.org\/cp.miguelhernandez.fuenlabrada\/index.php\/wp-json\/wp\/v2\/pages\/537","targetHints":{"allow":["GET"]}}],"collection":[{"href":"https:\/\/site.educa.madrid.org\/cp.miguelhernandez.fuenlabrada\/index.php\/wp-json\/wp\/v2\/pages"}],"about":[{"href":"https:\/\/site.educa.madrid.org\/cp.miguelhernandez.fuenlabrada\/index.php\/wp-json\/wp\/v2\/types\/page"}],"author":[{"embeddable":true,"href":"https:\/\/site.educa.madrid.org\/cp.miguelhernandez.fuenlabrada\/index.php\/wp-json\/wp\/v2\/users\/3"}],"replies":[{"embeddable":true,"href":"https:\/\/site.educa.madrid.org\/cp.miguelhernandez.fuenlabrada\/index.php\/wp-json\/wp\/v2\/comments?post=537"}],"version-history":[{"count":9,"href":"https:\/\/site.educa.madrid.org\/cp.miguelhernandez.fuenlabrada\/index.php\/wp-json\/wp\/v2\/pages\/537\/revisions"}],"predecessor-version":[{"id":2299,"href":"https:\/\/site.educa.madrid.org\/cp.miguelhernandez.fuenlabrada\/index.php\/wp-json\/wp\/v2\/pages\/537\/revisions\/2299"}],"wp:attachment":[{"href":"https:\/\/site.educa.madrid.org\/cp.miguelhernandez.fuenlabrada\/index.php\/wp-json\/wp\/v2\/media?parent=537"}],"wp:term":[{"taxonomy":"folder","embeddable":true,"href":"https:\/\/site.educa.madrid.org\/cp.miguelhernandez.fuenlabrada\/index.php\/wp-json\/wp\/v2\/folder?post=537"}],"curies":[{"name":"wp","href":"https:\/\/api.w.org\/{rel}","templated":true}]}}