{"id":541,"date":"2020-11-05T09:30:49","date_gmt":"2020-11-05T09:30:49","guid":{"rendered":"https:\/\/site.educa.madrid.org\/cp.miguelhernandez.fuenlabrada\/?page_id=541"},"modified":"2026-05-06T08:21:39","modified_gmt":"2026-05-06T06:21:39","slug":"menu-mensual","status":"publish","type":"page","link":"https:\/\/site.educa.madrid.org\/cp.miguelhernandez.fuenlabrada\/index.php\/menu-mensual\/","title":{"rendered":"MEN\u00da MENSUAL"},"content":{"rendered":"\n<div data-wp-interactive=\"core\/file\" class=\"wp-block-file\"><object data-wp-bind--hidden=\"!state.hasPdfPreview\" hidden class=\"wp-block-file__embed\" data=\"https:\/\/site.educa.madrid.org\/cp.miguelhernandez.fuenlabrada\/\/wp-content\/uploads\/cp.miguelhernandez.fuenlabrada\/2026\/05\/MENU-BASAL-MAYO.pdf\" type=\"application\/pdf\" style=\"width:100%;height:600px\" aria-label=\"Incrustado de MEN\u00da BASAL MAYO.\"><\/object><a id=\"wp-block-file--media-da96f6e0-e85f-48c8-8d83-b68b503ba264\" href=\"https:\/\/site.educa.madrid.org\/cp.miguelhernandez.fuenlabrada\/\/wp-content\/uploads\/cp.miguelhernandez.fuenlabrada\/2026\/05\/MENU-BASAL-MAYO.pdf\">MEN\u00da BASAL MAYO<\/a><a href=\"https:\/\/site.educa.madrid.org\/cp.miguelhernandez.fuenlabrada\/\/wp-content\/uploads\/cp.miguelhernandez.fuenlabrada\/2026\/05\/MENU-BASAL-MAYO.pdf\" class=\"wp-block-file__button wp-element-button\" download aria-describedby=\"wp-block-file--media-da96f6e0-e85f-48c8-8d83-b68b503ba264\">Descarga<\/a><\/div>\n\n\n\n<p>En esta p\u00e1gina podr\u00e1s consultar el men\u00fa del comedor.<\/p>\n\n\n\n<p><a href=\"https:\/\/www.hosturcolectividades.es\/\">https:\/\/www.hosturcolectividades.es\/<\/a><\/p>\n\n\n\n<div data-wp-interactive=\"core\/file\" class=\"wp-block-file\"><object data-wp-bind--hidden=\"!state.hasPdfPreview\" hidden class=\"wp-block-file__embed\" data=\"https:\/\/site.educa.madrid.org\/cp.miguelhernandez.fuenlabrada\/\/wp-content\/uploads\/cp.miguelhernandez.fuenlabrada\/2026\/05\/MENU-TRITURADO.pdf\" type=\"application\/pdf\" style=\"width:100%;height:600px\" aria-label=\"Incrustado de MEN\u00da TRITURADO.\"><\/object><a id=\"wp-block-file--media-824b0e97-376f-4911-9e4f-07c6dcfe7549\" href=\"https:\/\/site.educa.madrid.org\/cp.miguelhernandez.fuenlabrada\/\/wp-content\/uploads\/cp.miguelhernandez.fuenlabrada\/2026\/05\/MENU-TRITURADO.pdf\">MEN\u00da TRITURADO<\/a><a href=\"https:\/\/site.educa.madrid.org\/cp.miguelhernandez.fuenlabrada\/\/wp-content\/uploads\/cp.miguelhernandez.fuenlabrada\/2026\/05\/MENU-TRITURADO.pdf\" class=\"wp-block-file__button wp-element-button\" download aria-describedby=\"wp-block-file--media-824b0e97-376f-4911-9e4f-07c6dcfe7549\">Descarga<\/a><\/div>\n\n\n\n<div data-wp-interactive=\"core\/file\" class=\"wp-block-file\"><object data-wp-bind--hidden=\"!state.hasPdfPreview\" hidden class=\"wp-block-file__embed\" data=\"https:\/\/site.educa.madrid.org\/cp.miguelhernandez.fuenlabrada\/\/wp-content\/uploads\/cp.miguelhernandez.fuenlabrada\/2026\/05\/MENU-ALERGIAS-MAYO.pdf\" type=\"application\/pdf\" style=\"width:100%;height:600px\" aria-label=\"Incrustado de MEN\u00da ALERGIAS MAYO.\"><\/object><a id=\"wp-block-file--media-75f1d4da-cbe8-40a9-a61e-0ae5e3df0c89\" href=\"https:\/\/site.educa.madrid.org\/cp.miguelhernandez.fuenlabrada\/\/wp-content\/uploads\/cp.miguelhernandez.fuenlabrada\/2026\/05\/MENU-ALERGIAS-MAYO.pdf\">MEN\u00da ALERGIAS MAYO<\/a><a href=\"https:\/\/site.educa.madrid.org\/cp.miguelhernandez.fuenlabrada\/\/wp-content\/uploads\/cp.miguelhernandez.fuenlabrada\/2026\/05\/MENU-ALERGIAS-MAYO.pdf\" class=\"wp-block-file__button wp-element-button\" download aria-describedby=\"wp-block-file--media-75f1d4da-cbe8-40a9-a61e-0ae5e3df0c89\">Download<\/a><\/div>\n\n\n\n<p><\/p>\n","protected":false},"excerpt":{"rendered":"<p>En esta p\u00e1gina podr\u00e1s consultar el men\u00fa del comedor. https:\/\/www.hosturcolectividades.es\/<\/p>\n","protected":false},"author":3,"featured_media":1273,"parent":0,"menu_order":0,"comment_status":"closed","ping_status":"closed","template":"","meta":{"footnotes":""},"folder":[],"class_list":["post-541","page","type-page","status-publish","has-post-thumbnail","hentry"],"rttpg_featured_image_url":{"full":["https:\/\/site.educa.madrid.org\/cp.miguelhernandez.fuenlabrada\/\/wp-content\/uploads\/cp.miguelhernandez.fuenlabrada\/2021\/09\/unnamed.png",420,92,false],"landscape":["https:\/\/site.educa.madrid.org\/cp.miguelhernandez.fuenlabrada\/\/wp-content\/uploads\/cp.miguelhernandez.fuenlabrada\/2021\/09\/unnamed.png",420,92,false],"portraits":["https:\/\/site.educa.madrid.org\/cp.miguelhernandez.fuenlabrada\/\/wp-content\/uploads\/cp.miguelhernandez.fuenlabrada\/2021\/09\/unnamed.png",420,92,false],"thumbnail":["https:\/\/site.educa.madrid.org\/cp.miguelhernandez.fuenlabrada\/\/wp-content\/uploads\/cp.miguelhernandez.fuenlabrada\/2021\/09\/unnamed-150x92.png",150,92,true],"medium":["https:\/\/site.educa.madrid.org\/cp.miguelhernandez.fuenlabrada\/\/wp-content\/uploads\/cp.miguelhernandez.fuenlabrada\/2021\/09\/unnamed-300x66.png",300,66,true],"large":["https:\/\/site.educa.madrid.org\/cp.miguelhernandez.fuenlabrada\/\/wp-content\/uploads\/cp.miguelhernandez.fuenlabrada\/2021\/09\/unnamed.png",420,92,false],"thumblist":["https:\/\/site.educa.madrid.org\/cp.miguelhernandez.fuenlabrada\/\/wp-content\/uploads\/cp.miguelhernandez.fuenlabrada\/2021\/09\/unnamed-300x92.png",300,92,true],"thumbrelated":["https:\/\/site.educa.madrid.org\/cp.miguelhernandez.fuenlabrada\/\/wp-content\/uploads\/cp.miguelhernandez.fuenlabrada\/2021\/09\/unnamed.png",420,92,false],"meccarouselthumb":["https:\/\/site.educa.madrid.org\/cp.miguelhernandez.fuenlabrada\/\/wp-content\/uploads\/cp.miguelhernandez.fuenlabrada\/2021\/09\/unnamed.png",420,92,false],"gridsquare":["https:\/\/site.educa.madrid.org\/cp.miguelhernandez.fuenlabrada\/\/wp-content\/uploads\/cp.miguelhernandez.fuenlabrada\/2021\/09\/unnamed-391x92.png",391,92,true],"tileview":["https:\/\/site.educa.madrid.org\/cp.miguelhernandez.fuenlabrada\/\/wp-content\/uploads\/cp.miguelhernandez.fuenlabrada\/2021\/09\/unnamed-300x92.png",300,92,true],"1536x1536":["https:\/\/site.educa.madrid.org\/cp.miguelhernandez.fuenlabrada\/\/wp-content\/uploads\/cp.miguelhernandez.fuenlabrada\/2021\/09\/unnamed.png",420,92,false],"2048x2048":["https:\/\/site.educa.madrid.org\/cp.miguelhernandez.fuenlabrada\/\/wp-content\/uploads\/cp.miguelhernandez.fuenlabrada\/2021\/09\/unnamed.png",420,92,false],"total-portfolio-thumb":["https:\/\/site.educa.madrid.org\/cp.miguelhernandez.fuenlabrada\/\/wp-content\/uploads\/cp.miguelhernandez.fuenlabrada\/2021\/09\/unnamed-400x92.png",400,92,true],"total-team-thumb":["https:\/\/site.educa.madrid.org\/cp.miguelhernandez.fuenlabrada\/\/wp-content\/uploads\/cp.miguelhernandez.fuenlabrada\/2021\/09\/unnamed-350x92.png",350,92,true],"total-blog-thumb":["https:\/\/site.educa.madrid.org\/cp.miguelhernandez.fuenlabrada\/\/wp-content\/uploads\/cp.miguelhernandez.fuenlabrada\/2021\/09\/unnamed-400x92.png",400,92,true],"total-thumb":["https:\/\/site.educa.madrid.org\/cp.miguelhernandez.fuenlabrada\/\/wp-content\/uploads\/cp.miguelhernandez.fuenlabrada\/2021\/09\/unnamed-100x92.png",100,92,true],"total-blog-header":["https:\/\/site.educa.madrid.org\/cp.miguelhernandez.fuenlabrada\/\/wp-content\/uploads\/cp.miguelhernandez.fuenlabrada\/2021\/09\/unnamed.png",420,92,false],"sow-carousel-default":["https:\/\/site.educa.madrid.org\/cp.miguelhernandez.fuenlabrada\/\/wp-content\/uploads\/cp.miguelhernandez.fuenlabrada\/2021\/09\/unnamed-272x92.png",272,92,true],"sow-post-carousel-overlay-theme":["https:\/\/site.educa.madrid.org\/cp.miguelhernandez.fuenlabrada\/\/wp-content\/uploads\/cp.miguelhernandez.fuenlabrada\/2021\/09\/unnamed.png",360,79,false],"sow-post-carousel-cards-theme":["https:\/\/site.educa.madrid.org\/cp.miguelhernandez.fuenlabrada\/\/wp-content\/uploads\/cp.miguelhernandez.fuenlabrada\/2021\/09\/unnamed.png",360,79,false],"rt_custom":["https:\/\/site.educa.madrid.org\/cp.miguelhernandez.fuenlabrada\/\/wp-content\/uploads\/cp.miguelhernandez.fuenlabrada\/2021\/09\/unnamed.png",420,92,false]},"rttpg_author":{"display_name":"cp.miguelhernandez.fuenlabrada","author_link":"https:\/\/site.educa.madrid.org\/cp.miguelhernandez.fuenlabrada\/index.php\/author\/cuenta_cp-miguelhernandez-fuenlabrada\/"},"rttpg_comment":0,"rttpg_category":false,"rttpg_excerpt":"En esta p\u00e1gina podr\u00e1s consultar el men\u00fa del comedor. https:\/\/www.hosturcolectividades.es\/","post_mailing_queue_ids":[],"_links":{"self":[{"href":"https:\/\/site.educa.madrid.org\/cp.miguelhernandez.fuenlabrada\/index.php\/wp-json\/wp\/v2\/pages\/541","targetHints":{"allow":["GET"]}}],"collection":[{"href":"https:\/\/site.educa.madrid.org\/cp.miguelhernandez.fuenlabrada\/index.php\/wp-json\/wp\/v2\/pages"}],"about":[{"href":"https:\/\/site.educa.madrid.org\/cp.miguelhernandez.fuenlabrada\/index.php\/wp-json\/wp\/v2\/types\/page"}],"author":[{"embeddable":true,"href":"https:\/\/site.educa.madrid.org\/cp.miguelhernandez.fuenlabrada\/index.php\/wp-json\/wp\/v2\/users\/3"}],"replies":[{"embeddable":true,"href":"https:\/\/site.educa.madrid.org\/cp.miguelhernandez.fuenlabrada\/index.php\/wp-json\/wp\/v2\/comments?post=541"}],"version-history":[{"count":49,"href":"https:\/\/site.educa.madrid.org\/cp.miguelhernandez.fuenlabrada\/index.php\/wp-json\/wp\/v2\/pages\/541\/revisions"}],"predecessor-version":[{"id":2464,"href":"https:\/\/site.educa.madrid.org\/cp.miguelhernandez.fuenlabrada\/index.php\/wp-json\/wp\/v2\/pages\/541\/revisions\/2464"}],"wp:featuredmedia":[{"embeddable":true,"href":"https:\/\/site.educa.madrid.org\/cp.miguelhernandez.fuenlabrada\/index.php\/wp-json\/wp\/v2\/media\/1273"}],"wp:attachment":[{"href":"https:\/\/site.educa.madrid.org\/cp.miguelhernandez.fuenlabrada\/index.php\/wp-json\/wp\/v2\/media?parent=541"}],"wp:term":[{"taxonomy":"folder","embeddable":true,"href":"https:\/\/site.educa.madrid.org\/cp.miguelhernandez.fuenlabrada\/index.php\/wp-json\/wp\/v2\/folder?post=541"}],"curies":[{"name":"wp","href":"https:\/\/api.w.org\/{rel}","templated":true}]}}