{"id":803,"date":"2021-04-21T09:37:49","date_gmt":"2021-04-21T09:37:49","guid":{"rendered":"https:\/\/site.educa.madrid.org\/cp.miguelhernandez.fuenlabrada\/?page_id=803"},"modified":"2024-09-09T10:10:29","modified_gmt":"2024-09-09T08:10:29","slug":"ampa","status":"publish","type":"page","link":"https:\/\/site.educa.madrid.org\/cp.miguelhernandez.fuenlabrada\/index.php\/ampa\/","title":{"rendered":"AMPA"},"content":{"rendered":"\n<figure class=\"wp-block-image aligncenter size-large is-resized\"><img loading=\"lazy\" decoding=\"async\" width=\"755\" height=\"766\" src=\"https:\/\/site.educa.madrid.org\/cp.miguelhernandez.fuenlabrada\/\/wp-content\/uploads\/cp.miguelhernandez.fuenlabrada\/2021\/04\/logo-ampa.png\" alt=\"\" class=\"wp-image-807\" srcset=\"https:\/\/site.educa.madrid.org\/cp.miguelhernandez.fuenlabrada\/\/wp-content\/uploads\/cp.miguelhernandez.fuenlabrada\/2021\/04\/logo-ampa.png 755w, https:\/\/site.educa.madrid.org\/cp.miguelhernandez.fuenlabrada\/\/wp-content\/uploads\/cp.miguelhernandez.fuenlabrada\/2021\/04\/logo-ampa-296x300.png 296w, https:\/\/site.educa.madrid.org\/cp.miguelhernandez.fuenlabrada\/\/wp-content\/uploads\/cp.miguelhernandez.fuenlabrada\/2021\/04\/logo-ampa-100x100.png 100w\" sizes=\"auto, (max-width: 755px) 100vw, 755px\" \/><\/figure>\n\n\n\n<h4 class=\"wp-block-heading has-text-align-center\">PRESIDENTA: SANDRA BARRAG\u00c1N<\/h4>\n\n\n\n<h4 class=\"wp-block-heading has-text-align-center\">SECRETARIA: VANESA SANTIUSTE<\/h4>\n\n\n\n<h4 class=\"wp-block-heading has-text-align-center\">C<mark style=\"background-color:rgba(0, 0, 0, 0)\" class=\"has-inline-color has-luminous-vivid-orange-color\"><a href=\"mailto:ampamhfuenla@gmail.com\">ORREO ELECTR\u00d3NICO<\/a><\/mark><\/h4>\n\n\n\n<figure class=\"wp-block-image aligncenter is-resized\"><a href=\"620799569\"><img decoding=\"async\" src=\"https:\/\/c0.klipartz.com\/pngpicture\/108\/342\/gratis-png-iconos-de-la-computadora-del-telefono-iphone-8-correo-electronico.png\" alt=\"Iconos de la computadora del tel\u00e9fono iphone 8, correo electr\u00f3nico,  diverso, texto, logo png | Klipartz\" style=\"object-fit:cover;width:230px;height:auto\"\/><\/a><\/figure>\n\n\n\n<p class=\"has-text-align-center has-medium-font-size\">637696066<\/p>\n\n\n\n<p class=\"has-text-align-center\">HORARIO DE ATENCI\u00d3N: DE LUNES A VIERNES DE 9 A 10:30 Y DURANTE LAS ACTIVIDADES EXTRAESCOLARES.<\/p>\n\n\n\n<figure class=\"wp-block-image aligncenter size-large is-resized is-style-rounded\"><a href=\"https:\/\/site.educa.madrid.org\/cp.miguelhernandez.fuenlabrada\/index.php\/2021\/05\/11\/proyecto-amanecer-y-atardecer\/\"><img loading=\"lazy\" decoding=\"async\" width=\"600\" height=\"400\" src=\"https:\/\/site.educa.madrid.org\/cp.miguelhernandez.fuenlabrada\/\/wp-content\/uploads\/cp.miguelhernandez.fuenlabrada\/2021\/05\/Fuenlabrada-invierte-casi-100.000-euros-en-program-0034666.jpeg\" alt=\"\" class=\"wp-image-877\" style=\"width:400px;height:auto\" srcset=\"https:\/\/site.educa.madrid.org\/cp.miguelhernandez.fuenlabrada\/\/wp-content\/uploads\/cp.miguelhernandez.fuenlabrada\/2021\/05\/Fuenlabrada-invierte-casi-100.000-euros-en-program-0034666.jpeg 600w, https:\/\/site.educa.madrid.org\/cp.miguelhernandez.fuenlabrada\/\/wp-content\/uploads\/cp.miguelhernandez.fuenlabrada\/2021\/05\/Fuenlabrada-invierte-casi-100.000-euros-en-program-0034666-300x200.jpeg 300w, https:\/\/site.educa.madrid.org\/cp.miguelhernandez.fuenlabrada\/\/wp-content\/uploads\/cp.miguelhernandez.fuenlabrada\/2021\/05\/Fuenlabrada-invierte-casi-100.000-euros-en-program-0034666-391x260.jpeg 391w\" sizes=\"auto, (max-width: 600px) 100vw, 600px\" \/><\/a><\/figure>\n\n\n\n<p class=\"has-text-align-center\"><a href=\"https:\/\/site.educa.madrid.org\/cp.miguelhernandez.fuenlabrada\/index.php\/2021\/05\/11\/proyecto-amanecer-y-atardecer\/\"><span class=\"has-inline-color has-luminous-vivid-orange-color\">PROYECTO AMANECER Y ATARDECER<\/span> (Servicio de Guarder\u00eda)<\/a><\/p>\n\n\n\n<div class=\"wp-block-group is-layout-flow wp-block-group-is-layout-flow\">\n<div class=\"wp-block-group is-layout-flow wp-block-group-is-layout-flow\">\n<p>Pr\u00f3ximamente PUBLICAREMOS LAS ACTIVIDADES EXTRAESCOLARES PARA EL CURSO 2024-25<\/p>\n<\/div>\n<\/div>\n\n\n\n<p class=\"has-text-align-center\"><mark style=\"background-color:rgba(0, 0, 0, 0)\" class=\"has-inline-color has-luminous-vivid-orange-color\">ACTIVIDADES <\/mark><\/p>\n\n\n\n<p>DESCARGA AQU\u00cd TU SOLICITUD O VE DIRECTAMENTE AL AMPA DEL CENTRO. TODOS LOS D\u00cdAS DE 9:00 A 9:30.<\/p>\n\n\n\n<p><\/p>\n\n\n\n<p>Las&nbsp;<strong>Asociaciones de Madres y Padres de Alumnos<\/strong>&nbsp;son, en&nbsp;Espa\u00f1a,&nbsp;entidades de derecho privado&nbsp;cuyo objetivo fundamental es la representaci\u00f3n de los intereses de los padres, madres o&nbsp;tutores legales&nbsp;en los&nbsp;centros educativos&nbsp;de sus hijos.<\/p>\n\n\n\n<p>El&nbsp;<em><a href=\"https:\/\/www.boe.es\/buscar\/doc.php?id=BOE-A-1986-20181\">Real Decreto 1533\/1986<\/a><\/em>, con fecha 11 de julio, por el que se pretende regular las ampas, define, entre otros, las funciones que se deben establecer dentro de las mismas:<\/p>\n\n\n\n<ul class=\"wp-block-list\">\n<li>Asistir y ayudar a todos aquellos padres, madres o tutores que lo requieran, en cualquier asunto que concierna a la educaci\u00f3n y a los derechos y deberes de sus hijos, hijas o pupilos.<\/li>\n\n\n\n<li>Colaborar en las diferentes actividades educativas de los centros escolares. Realizar actividades que consoliden el Proyecto Educativo del Centro.<\/li>\n\n\n\n<li>Potenciar y desarrollar acciones formativas que promuevan la participaci\u00f3n de las familias en el centro escolar y en los \u00f3rganos de gobierno.<\/li>\n\n\n\n<li>Promocionar y promover la participaci\u00f3n activa de los padres y madres de los estudiantes en lo que respecta a la gesti\u00f3n del centro.<\/li>\n\n\n\n<li>Tratar y apoyar adecuadamente a aquellas familias que tengan necesidades pedag\u00f3gicas espec\u00edficas o de car\u00e1cter social.<\/li>\n\n\n\n<li>Asistir y ayudar a los padres y madres de alumnos que quieran ejercer sus derechos de intervenci\u00f3n respecto a la gesti\u00f3n y el control de los centros que se sostienen con fondos p\u00fablicos.<\/li>\n<\/ul>\n\n\n\n<p>Disposiciones adicionales seg\u00fan el mismo RD:<\/p>\n\n\n\n<ul class=\"wp-block-list\">\n<li>Promover y promocionar la calidad en la educaci\u00f3n impartida.<\/li>\n\n\n\n<li>Poner todos los mecanismos necesarios para facilitar la participaci\u00f3n y la representaci\u00f3n de los padres y madres de alumnos que quieran participar en los Consejos Escolares de centros concertados o p\u00fablicos, y cualquier otro \u00f3rgano colegiado.<\/li>\n\n\n\n<li>Trabajar junto al profesorado del centro para asegurar el buen funcionamiento del mismo.<\/li>\n\n\n\n<li>Implantar mecanismos que fomenten una convivencia de calidad dentro del centro.<\/li>\n\n\n\n<li>Seguir cualquier otra indicaci\u00f3n normativa que venga reflejada en los estatutos de la asociaci\u00f3n.<\/li>\n<\/ul>\n\n\n\n<p>El AMPA del CEIP Miguel Hern\u00e1ndez trabaja, junto al Equipo Docente, en mejorar poco a poco nuestro centro.<\/p>\n","protected":false},"excerpt":{"rendered":"<p>PRESIDENTA: SANDRA BARRAG\u00c1N SECRETARIA: VANESA SANTIUSTE CORREO ELECTR\u00d3NICO 637696066 HORARIO DE ATENCI\u00d3N: DE LUNES A VIERNES DE 9 A 10:30 Y DURANTE LAS ACTIVIDADES EXTRAESCOLARES. PROYECTO AMANECER Y ATARDECER (Servicio de Guarder\u00eda) Pr\u00f3ximamente PUBLICAREMOS LAS ACTIVIDADES EXTRAESCOLARES PARA EL CURSO 2024-25 ACTIVIDADES DESCARGA AQU\u00cd TU SOLICITUD O VE DIRECTAMENTE AL AMPA DEL CENTRO. TODOS LOS [&hellip;]<\/p>\n","protected":false},"author":3,"featured_media":0,"parent":0,"menu_order":0,"comment_status":"closed","ping_status":"closed","template":"","meta":{"footnotes":""},"folder":[],"class_list":["post-803","page","type-page","status-publish","hentry"],"rttpg_featured_image_url":null,"rttpg_author":{"display_name":"cp.miguelhernandez.fuenlabrada","author_link":"https:\/\/site.educa.madrid.org\/cp.miguelhernandez.fuenlabrada\/index.php\/author\/cuenta_cp-miguelhernandez-fuenlabrada\/"},"rttpg_comment":0,"rttpg_category":false,"rttpg_excerpt":"PRESIDENTA: SANDRA BARRAG\u00c1N SECRETARIA: VANESA SANTIUSTE CORREO ELECTR\u00d3NICO 637696066 HORARIO DE ATENCI\u00d3N: DE LUNES A VIERNES DE 9 A 10:30 Y DURANTE LAS ACTIVIDADES EXTRAESCOLARES. PROYECTO AMANECER Y ATARDECER (Servicio de Guarder\u00eda) Pr\u00f3ximamente PUBLICAREMOS LAS ACTIVIDADES EXTRAESCOLARES PARA EL CURSO 2024-25 ACTIVIDADES DESCARGA AQU\u00cd TU SOLICITUD O VE DIRECTAMENTE AL AMPA DEL CENTRO. TODOS LOS&hellip;","post_mailing_queue_ids":[],"_links":{"self":[{"href":"https:\/\/site.educa.madrid.org\/cp.miguelhernandez.fuenlabrada\/index.php\/wp-json\/wp\/v2\/pages\/803","targetHints":{"allow":["GET"]}}],"collection":[{"href":"https:\/\/site.educa.madrid.org\/cp.miguelhernandez.fuenlabrada\/index.php\/wp-json\/wp\/v2\/pages"}],"about":[{"href":"https:\/\/site.educa.madrid.org\/cp.miguelhernandez.fuenlabrada\/index.php\/wp-json\/wp\/v2\/types\/page"}],"author":[{"embeddable":true,"href":"https:\/\/site.educa.madrid.org\/cp.miguelhernandez.fuenlabrada\/index.php\/wp-json\/wp\/v2\/users\/3"}],"replies":[{"embeddable":true,"href":"https:\/\/site.educa.madrid.org\/cp.miguelhernandez.fuenlabrada\/index.php\/wp-json\/wp\/v2\/comments?post=803"}],"version-history":[{"count":19,"href":"https:\/\/site.educa.madrid.org\/cp.miguelhernandez.fuenlabrada\/index.php\/wp-json\/wp\/v2\/pages\/803\/revisions"}],"predecessor-version":[{"id":2097,"href":"https:\/\/site.educa.madrid.org\/cp.miguelhernandez.fuenlabrada\/index.php\/wp-json\/wp\/v2\/pages\/803\/revisions\/2097"}],"wp:attachment":[{"href":"https:\/\/site.educa.madrid.org\/cp.miguelhernandez.fuenlabrada\/index.php\/wp-json\/wp\/v2\/media?parent=803"}],"wp:term":[{"taxonomy":"folder","embeddable":true,"href":"https:\/\/site.educa.madrid.org\/cp.miguelhernandez.fuenlabrada\/index.php\/wp-json\/wp\/v2\/folder?post=803"}],"curies":[{"name":"wp","href":"https:\/\/api.w.org\/{rel}","templated":true}]}}