{"id":164,"date":"2020-08-19T18:27:35","date_gmt":"2020-08-19T18:27:35","guid":{"rendered":"https:\/\/site.educa.madrid.org\/cp.montelindo.bustarviejo\/?page_id=164"},"modified":"2025-02-07T09:13:06","modified_gmt":"2025-02-07T08:13:06","slug":"quienes-somos","status":"publish","type":"page","link":"https:\/\/site.educa.madrid.org\/cp.montelindo.bustarviejo\/","title":{"rendered":"QUIENES SOMOS"},"content":{"rendered":"\n<h1 class=\"wp-block-heading\"><strong>C.E.I.P. MONTELINDO <\/strong><em><strong>(BUSTARVIEJO<\/strong>)<\/em><\/h1>\n\n\n\n<h2 class=\"wp-block-heading\">Carretera de Valdemanco, n\u00ba 9.&nbsp; C.P.: 28720, Bustarviejo (Madrid)<\/h2>\n\n\n\n<figure class=\"wp-block-image size-large\"><img loading=\"lazy\" decoding=\"async\" width=\"1000\" height=\"238\" src=\"https:\/\/site.educa.madrid.org\/cp.montelindo.bustarviejo\/\/wp-content\/uploads\/cp.montelindo.bustarviejo\/2020\/09\/modaentrada3.png\" alt=\"\" class=\"wp-image-587\" srcset=\"https:\/\/site.educa.madrid.org\/cp.montelindo.bustarviejo\/\/wp-content\/uploads\/cp.montelindo.bustarviejo\/2020\/09\/modaentrada3.png 1000w, https:\/\/site.educa.madrid.org\/cp.montelindo.bustarviejo\/\/wp-content\/uploads\/cp.montelindo.bustarviejo\/2020\/09\/modaentrada3-300x71.png 300w, https:\/\/site.educa.madrid.org\/cp.montelindo.bustarviejo\/\/wp-content\/uploads\/cp.montelindo.bustarviejo\/2020\/09\/modaentrada3-768x183.png 768w\" sizes=\"auto, (max-width: 1000px) 100vw, 1000px\" \/><\/figure>\n\n\n\n<h2 class=\"wp-block-heading\">Tel\u00e9fonos: 91 848 27 00 y 91 848 23 08<\/h2>\n\n\n\n<p>Horario lectivo: de 9:00 a 14:00 horas de octubre a mayo<br>Junio y septiembre: de 9:00 a 13:00 horas<br>Abierto de&nbsp;7:00 a 16:00 horas<br>Plazo de matriculaci\u00f3n: todo el curso (exceptuando el per\u00edodo de admisi\u00f3n)                                                                                                    <img loading=\"lazy\" decoding=\"async\" width=\"800\" height=\"417\" class=\"wp-image-2360\" style=\"width: 800px;\" src=\"https:\/\/site.educa.madrid.org\/cp.montelindo.bustarviejo\/\/wp-content\/uploads\/cp.montelindo.bustarviejo\/2025\/01\/IMG_20250110_114230-scaled.jpg\" alt=\"\" srcset=\"https:\/\/site.educa.madrid.org\/cp.montelindo.bustarviejo\/\/wp-content\/uploads\/cp.montelindo.bustarviejo\/2025\/01\/IMG_20250110_114230-scaled.jpg 2560w, https:\/\/site.educa.madrid.org\/cp.montelindo.bustarviejo\/\/wp-content\/uploads\/cp.montelindo.bustarviejo\/2025\/01\/IMG_20250110_114230-300x156.jpg 300w, https:\/\/site.educa.madrid.org\/cp.montelindo.bustarviejo\/\/wp-content\/uploads\/cp.montelindo.bustarviejo\/2025\/01\/IMG_20250110_114230-1024x534.jpg 1024w, https:\/\/site.educa.madrid.org\/cp.montelindo.bustarviejo\/\/wp-content\/uploads\/cp.montelindo.bustarviejo\/2025\/01\/IMG_20250110_114230-768x400.jpg 768w, https:\/\/site.educa.madrid.org\/cp.montelindo.bustarviejo\/\/wp-content\/uploads\/cp.montelindo.bustarviejo\/2025\/01\/IMG_20250110_114230-1536x801.jpg 1536w, https:\/\/site.educa.madrid.org\/cp.montelindo.bustarviejo\/\/wp-content\/uploads\/cp.montelindo.bustarviejo\/2025\/01\/IMG_20250110_114230-2048x1068.jpg 2048w, https:\/\/site.educa.madrid.org\/cp.montelindo.bustarviejo\/\/wp-content\/uploads\/cp.montelindo.bustarviejo\/2025\/01\/IMG_20250110_114230-1000x521.jpg 1000w, https:\/\/site.educa.madrid.org\/cp.montelindo.bustarviejo\/\/wp-content\/uploads\/cp.montelindo.bustarviejo\/2025\/01\/IMG_20250110_114230-230x120.jpg 230w, https:\/\/site.educa.madrid.org\/cp.montelindo.bustarviejo\/\/wp-content\/uploads\/cp.montelindo.bustarviejo\/2025\/01\/IMG_20250110_114230-350x182.jpg 350w, https:\/\/site.educa.madrid.org\/cp.montelindo.bustarviejo\/\/wp-content\/uploads\/cp.montelindo.bustarviejo\/2025\/01\/IMG_20250110_114230-480x250.jpg 480w\" sizes=\"auto, (max-width: 800px) 100vw, 800px\" \/><\/p>\n\n\n\n<h3 class=\"wp-block-heading\"><strong>Organizaci\u00f3n:<\/strong><\/h3>\n\n\n\n<p><strong>CONSEJO ESCOLAR:<\/strong> Es el actual \u00f3rgano colegiado de direcci\u00f3n del Centro. El Consejo se renueva cada cuatro a\u00f1os y en \u00e9l participan el profesorado, las familias, el personal de administraci\u00f3n y servicios elegidos, junto con una persona representante del Ayuntamiento.<\/p>\n\n\n\n<p><strong>EQUIPO DIRECTIVO:<\/strong> Est\u00e1 formado por La Directora, la Jefa de Estudios y La Secretaria del centro.<\/p>\n\n\n\n<p><strong>CLAUSTRO DE PROFESORES:<\/strong> Es el \u00f3rgano de coordinaci\u00f3n pedag\u00f3gica del centro. Lo forma todo el profesorado del CEIP Montelindo.&nbsp;<\/p>\n\n\n\n<h3 class=\"wp-block-heading\"><strong>Comunidad Educativa:<\/strong><\/h3>\n\n\n\n<ul class=\"wp-block-list\">\n<li>Profesorado: 23 profesores y profesoras. Cuatro de ellos son especialistas en Ingl\u00e9s, cuatro en Educaci\u00f3n F\u00edsica, una en M\u00fasica, dos en Pedagog\u00eda Terap\u00e9utica y una en Audici\u00f3n y Lenguaje , y una en Religi\u00f3n Cat\u00f3lica.<\/li>\n\n\n\n<li>Tenemos la asistencia del Equipo de Orientaci\u00f3n del Sector (EOEP) y la colaboraci\u00f3n de la Trabajadora Social del municipio.<\/li>\n\n\n\n<li>Hay servicio de conserjer\u00eda\u00a0a trav\u00e9s del Ayuntamiento.<\/li>\n\n\n\n<li>Disponemos tambi\u00e9n de 1 enfermera y 1 auxiliar administrativo (compartida con otro centro).<\/li>\n\n\n\n<li>En el servicio de comedor trabajan cuatro personas.<\/li>\n\n\n\n<li>Las actividades extraescolares est\u00e1n gestionadas por la A.M.P.A.<\/li>\n\n\n\n<li>Alumnado: En el centro est\u00e1n matriculados&nbsp;218 alumn@s, distribuidos en trece aulas diferentes, organizadas por cursos.<\/li>\n\n\n\n<li>Familias: En el Centro existe&nbsp;una <a href=\"https:\/\/site.educa.madrid.org\/cp.montelindo.bustarviejo\/index.php\/composicion\/\" target=\"_blank\" rel=\"noreferrer noopener\">AMPA (Asociaci\u00f3n de Madres y Padres de Alumn@s)<\/a>, con una junta directiva que renueva sus cargos peri\u00f3dicamente entre sus integrantes. Un representante de esta asociaci\u00f3n participa en los <a href=\"https:\/\/site.educa.madrid.org\/cp.montelindo.bustarviejo\/index.php\/composicion\/\">Consejos Escolares<\/a>. La colaboraci\u00f3n de la AMPA es muy importante para el desarrollo de las actividades conjuntas del Centro.<\/li>\n<\/ul>\n\n\n\n<p><strong>El Proyecto Educativo&nbsp;<\/strong>del Colegio fue elaborado por consenso entre los distintos sectores de la Comunidad Educativa. En \u00e9l se expresan los principios educativos que regulan toda nuestra actividad docente y orientan la vida del centro.&nbsp;<\/p>\n\n\n\n<p>Puedes consultar el documento aqu\u00ed:<\/p>\n\n\n\n<div class=\"wp-block-file\"><a id=\"wp-block-file--media-7480efdb-e1a5-4f2d-9fae-c8ae98181bfa\" href=\"https:\/\/site.educa.madrid.org\/cp.montelindo.bustarviejo\/\/wp-content\/uploads\/cp.montelindo.bustarviejo\/2021\/04\/Se\u00f1as-de-identidad-y-objetivos-del-PEC-1.pdf\"> \u00abSe\u00f1as de identidad y objetivos del PEC\u00bb<br><\/a><a href=\"https:\/\/site.educa.madrid.org\/cp.montelindo.bustarviejo\/\/wp-content\/uploads\/cp.montelindo.bustarviejo\/2021\/04\/Se\u00f1as-de-identidad-y-objetivos-del-PEC-1.pdf\" class=\"wp-block-file__button wp-element-button\" download aria-describedby=\"wp-block-file--media-7480efdb-e1a5-4f2d-9fae-c8ae98181bfa\">Descarga<\/a><\/div>\n\n\n\n<p><\/p>\n\n\n\n<p><\/p>\n\n\n\n<p><em><strong>\u201cQueremos que nuestra escuela sea saludable, divertida y confortable. Integral, cr\u00edtica y creativa. Democr\u00e1tica, participativa, tolerante y respetuosa. Solidaria, integradora y cooperativa. Confiada, coeducativa e igualitaria, personalizada, ecol\u00f3gica, activa, abierta y orientadora.\u201d<\/strong><\/em><\/p>\n\n\n\n<p><\/p>\n\n\n\n<p><strong>NUESTRAS ACTIVIDADES DE CENTRO<\/strong> constituyen parte de nuestra identidad, de nuestra esencia. A lo largo del curso realizamos una serie de actividades de que orientan la acci\u00f3n docente en aras de lograr que se cumplan los fines educativos.<\/p>\n\n\n\n<ul class=\"wp-block-list\">\n<li>La Casta\u00f1ada o Fiesta de Oto\u00f1o<\/li>\n\n\n\n<li>Festival de teatro<\/li>\n\n\n\n<li>Jornadas Culturales<\/li>\n\n\n\n<li>Huerto Escolar<\/li>\n\n\n\n<li>La charca<\/li>\n<\/ul>\n\n\n\n<p>A trav\u00e9s de ellas desarrollamos parte&nbsp;de nuestro Proyecto Educativo dando coherencia y una l\u00ednea com\u00fan a la propuesta educativa del colegio, ya que trabajamos aspectos curriculares como el ritmo, la memoria, la capacidad de expresi\u00f3n y acci\u00f3n en p\u00fablico, la creatividad, el trabajo en equipo, el conocimiento de nuestras tradiciones y de otras culturas&#8230; y sobre todo la autonom\u00eda, la seguridad, la confianza en un@ mism@ y el refuerzo de la autoestima, elementos b\u00e1sicos para el desarrollo integral de nuestr@s alumnos y alumnas.<\/p>\n\n\n\n<p>Todo ello siempre desde una perspectiva <strong>participativa<\/strong>. Toda la comunidad educativa&nbsp;colaborara en la realizaci\u00f3n de las mismas, porque la<strong> aportaci\u00f3n de las familias<\/strong> es muy importante para los ni\u00f1os y las ni\u00f1as y est\u00e1 muy valorada tambi\u00e9n por el profesorado al entender que es un pilar fundamental <strong>compartir la tarea de educar.&nbsp;&nbsp;<\/strong><\/p>\n\n\n\n<p>&nbsp;Actividades extraescolares y \u201cPrimeros del Cole\u201d(Organizado en el Plan de Extensi\u00f3n y Mejora de los Servicios educativos)<\/p>\n\n\n\n<figure class=\"wp-block-table\"><table><thead><tr><th>Archivo<\/th><th>Tama\u00f1o<\/th><\/tr><\/thead><tbody><tr><td><a rel=\"noreferrer noopener\" href=\"http:\/\/cp.montelindo.bustarviejo.educa.madrid.org\/attachments\/article\/160\/Presentaci%C3%B3n%20CEIP%20MONTELINDO.pdf\" target=\"_blank\"><\/a><a href=\"https:\/\/site.educa.madrid.org\/cp.montelindo.bustarviejo\/\/wp-content\/uploads\/cp.montelindo.bustarviejo\/2020\/09\/Presentacio\u0301n-CEIP-MONTELINDO.pdf\" target=\"_blank\" rel=\"noreferrer noopener\">Presentaci\u00f3n CEIP Montelindo<\/a><\/td><td>217 kB<\/td><\/tr><\/tbody><\/table><\/figure>\n","protected":false},"excerpt":{"rendered":"<p>C.E.I.P. MONTELINDO (BUSTARVIEJO) Carretera de Valdemanco, n\u00ba 9.&nbsp; C.P.: 28720, Bustarviejo (Madrid) Tel\u00e9fonos: 91 848 27 00 y 91 848 23 08 Horario lectivo: de 9:00 a 14:00 horas de octubre a mayoJunio y septiembre: de 9:00 a 13:00 horasAbierto de&nbsp;7:00 a 16:00 horasPlazo de matriculaci\u00f3n: todo el curso (exceptuando el per\u00edodo de admisi\u00f3n) Organizaci\u00f3n: [&hellip;]<\/p>\n","protected":false},"author":2,"featured_media":2043,"parent":0,"menu_order":0,"comment_status":"closed","ping_status":"closed","template":"","meta":{"footnotes":""},"folder":[],"class_list":["post-164","page","type-page","status-publish","has-post-thumbnail","hentry"],"rttpg_featured_image_url":{"full":["https:\/\/site.educa.madrid.org\/cp.montelindo.bustarviejo\/\/wp-content\/uploads\/cp.montelindo.bustarviejo\/2024\/03\/IMG20240206162324-scaled.jpg",2560,1444,false],"landscape":["https:\/\/site.educa.madrid.org\/cp.montelindo.bustarviejo\/\/wp-content\/uploads\/cp.montelindo.bustarviejo\/2024\/03\/IMG20240206162324-scaled.jpg",2560,1444,false],"portraits":["https:\/\/site.educa.madrid.org\/cp.montelindo.bustarviejo\/\/wp-content\/uploads\/cp.montelindo.bustarviejo\/2024\/03\/IMG20240206162324-scaled.jpg",2560,1444,false],"thumbnail":["https:\/\/site.educa.madrid.org\/cp.montelindo.bustarviejo\/\/wp-content\/uploads\/cp.montelindo.bustarviejo\/2024\/03\/IMG20240206162324-150x150.jpg",150,150,true],"medium":["https:\/\/site.educa.madrid.org\/cp.montelindo.bustarviejo\/\/wp-content\/uploads\/cp.montelindo.bustarviejo\/2024\/03\/IMG20240206162324-300x169.jpg",300,169,true],"large":["https:\/\/site.educa.madrid.org\/cp.montelindo.bustarviejo\/\/wp-content\/uploads\/cp.montelindo.bustarviejo\/2024\/03\/IMG20240206162324-1024x578.jpg",640,361,true],"thumblist":["https:\/\/site.educa.madrid.org\/cp.montelindo.bustarviejo\/\/wp-content\/uploads\/cp.montelindo.bustarviejo\/2024\/03\/IMG20240206162324-300x300.jpg",300,300,true],"thumbrelated":["https:\/\/site.educa.madrid.org\/cp.montelindo.bustarviejo\/\/wp-content\/uploads\/cp.montelindo.bustarviejo\/2024\/03\/IMG20240206162324-scaled.jpg",500,282,false],"meccarouselthumb":["https:\/\/site.educa.madrid.org\/cp.montelindo.bustarviejo\/\/wp-content\/uploads\/cp.montelindo.bustarviejo\/2024\/03\/IMG20240206162324-474x324.jpg",474,324,true],"gridsquare":["https:\/\/site.educa.madrid.org\/cp.montelindo.bustarviejo\/\/wp-content\/uploads\/cp.montelindo.bustarviejo\/2024\/03\/IMG20240206162324-391x260.jpg",391,260,true],"tileview":["https:\/\/site.educa.madrid.org\/cp.montelindo.bustarviejo\/\/wp-content\/uploads\/cp.montelindo.bustarviejo\/2024\/03\/IMG20240206162324-300x400.jpg",300,400,true],"1536x1536":["https:\/\/site.educa.madrid.org\/cp.montelindo.bustarviejo\/\/wp-content\/uploads\/cp.montelindo.bustarviejo\/2024\/03\/IMG20240206162324-1536x866.jpg",1536,866,true],"2048x2048":["https:\/\/site.educa.madrid.org\/cp.montelindo.bustarviejo\/\/wp-content\/uploads\/cp.montelindo.bustarviejo\/2024\/03\/IMG20240206162324-2048x1155.jpg",2048,1155,true],"total-portfolio-thumb":["https:\/\/site.educa.madrid.org\/cp.montelindo.bustarviejo\/\/wp-content\/uploads\/cp.montelindo.bustarviejo\/2024\/03\/IMG20240206162324-scaled.jpg",400,226,false],"total-team-thumb":["https:\/\/site.educa.madrid.org\/cp.montelindo.bustarviejo\/\/wp-content\/uploads\/cp.montelindo.bustarviejo\/2024\/03\/IMG20240206162324-scaled.jpg",350,197,false],"total-blog-thumb":["https:\/\/site.educa.madrid.org\/cp.montelindo.bustarviejo\/\/wp-content\/uploads\/cp.montelindo.bustarviejo\/2024\/03\/IMG20240206162324-scaled.jpg",400,226,false],"total-thumb":["https:\/\/site.educa.madrid.org\/cp.montelindo.bustarviejo\/\/wp-content\/uploads\/cp.montelindo.bustarviejo\/2024\/03\/IMG20240206162324-scaled.jpg",100,56,false],"total-blog-header":["https:\/\/site.educa.madrid.org\/cp.montelindo.bustarviejo\/\/wp-content\/uploads\/cp.montelindo.bustarviejo\/2024\/03\/IMG20240206162324-scaled.jpg",638,360,false],"sow-carousel-default":["https:\/\/site.educa.madrid.org\/cp.montelindo.bustarviejo\/\/wp-content\/uploads\/cp.montelindo.bustarviejo\/2024\/03\/IMG20240206162324-272x182.jpg",272,182,true],"sow-post-carousel-overlay-theme":["https:\/\/site.educa.madrid.org\/cp.montelindo.bustarviejo\/\/wp-content\/uploads\/cp.montelindo.bustarviejo\/2024\/03\/IMG20240206162324-scaled.jpg",360,203,false],"sow-post-carousel-cards-theme":["https:\/\/site.educa.madrid.org\/cp.montelindo.bustarviejo\/\/wp-content\/uploads\/cp.montelindo.bustarviejo\/2024\/03\/IMG20240206162324-scaled.jpg",360,203,false],"rt_custom":["https:\/\/site.educa.madrid.org\/cp.montelindo.bustarviejo\/\/wp-content\/uploads\/cp.montelindo.bustarviejo\/2024\/03\/IMG20240206162324-scaled.jpg",2560,1444,false]},"rttpg_author":{"display_name":"tic.cp.montelindo.bustarviejo","author_link":"https:\/\/site.educa.madrid.org\/cp.montelindo.bustarviejo\/index.php\/author\/cuenta_tic-cp-montelindo-bustarviejo\/"},"rttpg_comment":0,"rttpg_category":false,"rttpg_excerpt":"C.E.I.P. MONTELINDO (BUSTARVIEJO) Carretera de Valdemanco, n\u00ba 9.&nbsp; C.P.: 28720, Bustarviejo (Madrid) Tel\u00e9fonos: 91 848 27 00 y 91 848 23 08 Horario lectivo: de 9:00 a 14:00 horas de octubre a mayoJunio y septiembre: de 9:00 a 13:00 horasAbierto de&nbsp;7:00 a 16:00 horasPlazo de matriculaci\u00f3n: todo el curso (exceptuando el per\u00edodo de admisi\u00f3n) Organizaci\u00f3n:&hellip;","post_mailing_queue_ids":[],"_links":{"self":[{"href":"https:\/\/site.educa.madrid.org\/cp.montelindo.bustarviejo\/index.php\/wp-json\/wp\/v2\/pages\/164","targetHints":{"allow":["GET"]}}],"collection":[{"href":"https:\/\/site.educa.madrid.org\/cp.montelindo.bustarviejo\/index.php\/wp-json\/wp\/v2\/pages"}],"about":[{"href":"https:\/\/site.educa.madrid.org\/cp.montelindo.bustarviejo\/index.php\/wp-json\/wp\/v2\/types\/page"}],"author":[{"embeddable":true,"href":"https:\/\/site.educa.madrid.org\/cp.montelindo.bustarviejo\/index.php\/wp-json\/wp\/v2\/users\/2"}],"replies":[{"embeddable":true,"href":"https:\/\/site.educa.madrid.org\/cp.montelindo.bustarviejo\/index.php\/wp-json\/wp\/v2\/comments?post=164"}],"version-history":[{"count":12,"href":"https:\/\/site.educa.madrid.org\/cp.montelindo.bustarviejo\/index.php\/wp-json\/wp\/v2\/pages\/164\/revisions"}],"predecessor-version":[{"id":2435,"href":"https:\/\/site.educa.madrid.org\/cp.montelindo.bustarviejo\/index.php\/wp-json\/wp\/v2\/pages\/164\/revisions\/2435"}],"wp:featuredmedia":[{"embeddable":true,"href":"https:\/\/site.educa.madrid.org\/cp.montelindo.bustarviejo\/index.php\/wp-json\/wp\/v2\/media\/2043"}],"wp:attachment":[{"href":"https:\/\/site.educa.madrid.org\/cp.montelindo.bustarviejo\/index.php\/wp-json\/wp\/v2\/media?parent=164"}],"wp:term":[{"taxonomy":"folder","embeddable":true,"href":"https:\/\/site.educa.madrid.org\/cp.montelindo.bustarviejo\/index.php\/wp-json\/wp\/v2\/folder?post=164"}],"curies":[{"name":"wp","href":"https:\/\/api.w.org\/{rel}","templated":true}]}}