{"id":168,"date":"2020-08-19T18:28:24","date_gmt":"2020-08-19T18:28:24","guid":{"rendered":"https:\/\/site.educa.madrid.org\/cp.montelindo.bustarviejo\/?page_id=168"},"modified":"2022-05-03T14:41:10","modified_gmt":"2022-05-03T12:41:10","slug":"situacion","status":"publish","type":"page","link":"https:\/\/site.educa.madrid.org\/cp.montelindo.bustarviejo\/index.php\/situacion\/","title":{"rendered":"SITUACI\u00d3N"},"content":{"rendered":"\n<h4 class=\"has-medium-font-size wp-block-heading\"><strong><u>\u00bfC\u00d3MO LLEGAR AL COLEGIO?<\/u><\/strong><\/h4>\n\n\n\n<figure class=\"wp-block-image size-large\"><a href=\"https:\/\/goo.gl\/maps\/UyVFYENC1rozGoKQ9\" target=\"_blank\" rel=\"noopener\"><img loading=\"lazy\" decoding=\"async\" width=\"1024\" height=\"708\" src=\"https:\/\/site.educa.madrid.org\/cp.montelindo.bustarviejo\/\/wp-content\/uploads\/cp.montelindo.bustarviejo\/2022\/04\/mapa-colegio-2-1024x708.jpg\" alt=\"\" class=\"wp-image-1447\" srcset=\"https:\/\/site.educa.madrid.org\/cp.montelindo.bustarviejo\/\/wp-content\/uploads\/cp.montelindo.bustarviejo\/2022\/04\/mapa-colegio-2-1024x708.jpg 1024w, https:\/\/site.educa.madrid.org\/cp.montelindo.bustarviejo\/\/wp-content\/uploads\/cp.montelindo.bustarviejo\/2022\/04\/mapa-colegio-2-300x208.jpg 300w, https:\/\/site.educa.madrid.org\/cp.montelindo.bustarviejo\/\/wp-content\/uploads\/cp.montelindo.bustarviejo\/2022\/04\/mapa-colegio-2-768x531.jpg 768w, https:\/\/site.educa.madrid.org\/cp.montelindo.bustarviejo\/\/wp-content\/uploads\/cp.montelindo.bustarviejo\/2022\/04\/mapa-colegio-2.jpg 1194w\" sizes=\"auto, (max-width: 1024px) 100vw, 1024px\" \/><\/a><\/figure>\n\n\n\n<p class=\"has-medium-font-size\">\u00a0<strong>Si vienes en coche:<\/strong><\/p>\n\n\n\n<p>Bustarviejo se encuentra comunicado por la carretera M-610 de Madrid a Miraflores, con desv\u00edo al municipio; M-629 por Canencia y por la M-631 con Navalafuente, Cabanillas de la Sierra y Venturada, siendo esta \u00faltima el camino m\u00e1s r\u00e1pido para ir o venir a Madrid, ya que enlaza en el kil\u00f3metro 50 con la Nacional-I.<\/p>\n\n\n\n<p class=\"has-medium-font-size\"><strong>Si vienes en autob\u00fas:<\/strong><\/p>\n\n\n\n<p class=\"has-medium-font-size\">Hay autobuses interurbanos que salen desde Plaza de Castilla. La l\u00ednea que pasa por Bustarviejo es la 725 (Madrid &#8211; Miraflores\/Bustarviejo\/Valdemanco)<\/p>\n\n\n\n<p class=\"has-text-align-left\">Puedes consultar los horarios aqu\u00ed:<\/p>\n\n\n\n<p><a rel=\"noreferrer noopener\" href=\"http:\/\/www.redtransporte.com\/img\/transporte\/madrid\/autobuses-interurbanos\/horario-ida-725-madrid-colmenar-viejo-valdemanco-autobuses-interurbanos.jpg\" target=\"_blank\">Ida<\/a> (Madrid-Bustarviejo)<\/p>\n\n\n\n<p><a rel=\"noreferrer noopener\" href=\"http:\/\/www.redtransporte.com\/img\/transporte\/madrid\/autobuses-interurbanos\/horario-vuelta-725-madrid-colmenar-viejo-valdemanco-autobuses-interurbanos.jpg\" target=\"_blank\">Vuelta<\/a> (Bustarviejo-Madrid)<br><\/p>\n\n\n\n<figure class=\"wp-block-table\"><table><thead><tr><th>Archivo<\/th><th>Tama\u00f1o<\/th><\/tr><\/thead><tbody><tr><td><a rel=\"noreferrer noopener\" href=\"http:\/\/cp.montelindo.bustarviejo.educa.madrid.org\/attachments\/article\/87\/(Como%20llegar).pdf\" target=\"_blank\"><\/a><a href=\"https:\/\/site.educa.madrid.org\/cp.montelindo.bustarviejo\/\/wp-content\/uploads\/cp.montelindo.bustarviejo\/2020\/09\/Como-llegar.pdf\" target=\"_blank\" rel=\"noreferrer noopener\">(Como llegar).pdf<\/a><\/td><td>41 kB<\/td><\/tr><\/tbody><\/table><\/figure>\n","protected":false},"excerpt":{"rendered":"<p>\u00bfC\u00d3MO LLEGAR AL COLEGIO? \u00a0Si vienes en coche: Bustarviejo se encuentra comunicado por la carretera M-610 de Madrid a Miraflores, con desv\u00edo al municipio; M-629 por Canencia y por la M-631 con Navalafuente, Cabanillas de la Sierra y Venturada, siendo esta \u00faltima el camino m\u00e1s r\u00e1pido para ir o venir a Madrid, ya que enlaza [&hellip;]<\/p>\n","protected":false},"author":2,"featured_media":0,"parent":0,"menu_order":0,"comment_status":"closed","ping_status":"closed","template":"","meta":{"footnotes":""},"folder":[],"class_list":["post-168","page","type-page","status-publish","hentry"],"rttpg_featured_image_url":null,"rttpg_author":{"display_name":"tic.cp.montelindo.bustarviejo","author_link":"https:\/\/site.educa.madrid.org\/cp.montelindo.bustarviejo\/index.php\/author\/cuenta_tic-cp-montelindo-bustarviejo\/"},"rttpg_comment":0,"rttpg_category":false,"rttpg_excerpt":"\u00bfC\u00d3MO LLEGAR AL COLEGIO? \u00a0Si vienes en coche: Bustarviejo se encuentra comunicado por la carretera M-610 de Madrid a Miraflores, con desv\u00edo al municipio; M-629 por Canencia y por la M-631 con Navalafuente, Cabanillas de la Sierra y Venturada, siendo esta \u00faltima el camino m\u00e1s r\u00e1pido para ir o venir a Madrid, ya que enlaza&hellip;","post_mailing_queue_ids":[],"_links":{"self":[{"href":"https:\/\/site.educa.madrid.org\/cp.montelindo.bustarviejo\/index.php\/wp-json\/wp\/v2\/pages\/168","targetHints":{"allow":["GET"]}}],"collection":[{"href":"https:\/\/site.educa.madrid.org\/cp.montelindo.bustarviejo\/index.php\/wp-json\/wp\/v2\/pages"}],"about":[{"href":"https:\/\/site.educa.madrid.org\/cp.montelindo.bustarviejo\/index.php\/wp-json\/wp\/v2\/types\/page"}],"author":[{"embeddable":true,"href":"https:\/\/site.educa.madrid.org\/cp.montelindo.bustarviejo\/index.php\/wp-json\/wp\/v2\/users\/2"}],"replies":[{"embeddable":true,"href":"https:\/\/site.educa.madrid.org\/cp.montelindo.bustarviejo\/index.php\/wp-json\/wp\/v2\/comments?post=168"}],"version-history":[{"count":13,"href":"https:\/\/site.educa.madrid.org\/cp.montelindo.bustarviejo\/index.php\/wp-json\/wp\/v2\/pages\/168\/revisions"}],"predecessor-version":[{"id":1514,"href":"https:\/\/site.educa.madrid.org\/cp.montelindo.bustarviejo\/index.php\/wp-json\/wp\/v2\/pages\/168\/revisions\/1514"}],"wp:attachment":[{"href":"https:\/\/site.educa.madrid.org\/cp.montelindo.bustarviejo\/index.php\/wp-json\/wp\/v2\/media?parent=168"}],"wp:term":[{"taxonomy":"folder","embeddable":true,"href":"https:\/\/site.educa.madrid.org\/cp.montelindo.bustarviejo\/index.php\/wp-json\/wp\/v2\/folder?post=168"}],"curies":[{"name":"wp","href":"https:\/\/api.w.org\/{rel}","templated":true}]}}