{"id":179,"date":"2020-08-29T10:02:28","date_gmt":"2020-08-29T10:02:28","guid":{"rendered":"https:\/\/site.educa.madrid.org\/cp.montelindo.bustarviejo\/?page_id=179"},"modified":"2023-10-19T10:19:00","modified_gmt":"2023-10-19T08:19:00","slug":"inicio","status":"publish","type":"page","link":"https:\/\/site.educa.madrid.org\/cp.montelindo.bustarviejo\/index.php\/inicio\/","title":{"rendered":"INICIO"},"content":{"rendered":"\n<p><\/p>\n\n\n\t\t<div class=\"rttpg-block-postgrid rttpg-block-wrapper rttpg-block-7c0d3a tpg-wrapper-align-left tpg-filter-type-dropdown section-title-style-style1 img_hover_animation_default title-default title_position_default title_hover_border_default meta_position_default tpg-is-author-icon-default author-image-visibility-icon tpg-category-position-default readmore-btn-default-style grid-hover-overlay-type-always grid-hover-overlay-height-default hover-overlay-height-default tpg-title-border-default filter-nex-prev-btn-visible tpg-cat-style1 slider-scroll-hide act-label-style-inline\">\n\t\t\t<div class=\"rt-container-fluid rt-tpg-container tpg-el-main-wrapper tpg-gutenberg clearfix list-layout1-main\"\n\t\t\t\t id=\"rt-tpg-container-1261145886\"\n\t\t\t\t data-layout=\"list-layout1\"\n\t\t\t\t data-grid-style=\"tpg-even\" data-sc-id=\"elementor\"\n\t\t\t\t data-el-settings=''\n\t\t\t\t data-el-query=''\n\t\t\t\t data-el-path=''>\n\t\t\t\t\t\t\t\t<div class='tpg-header-wrapper '>\n\t\t\t\t\t\t\t\t\t<\/div>\n\t\t\t\t<div class=\"rt-row rt-content-loader gutenberg-inner list-layout1 tpg-even list-behaviour list-layout-wrapper\">\n\t\t\t\t\t\n<div class=\"rt-col-md-12 rt-col-sm-12 rt-col-xs-12 default rt-list-item rt-grid-item\" data-id=\"2661\">\n\t<div class=\"rt-holder tpg-post-holder rt-sticky\">\n\t\t<div class=\"rt-detail rt-el-content-wrapper\">\n\t\t\t\n\t\t\t<div class=\"post-right-content\">\n\n\t\t\t\t<div class=\"entry-title-wrapper\"><h3 class=\"entry-title\"><a data-id=\"2661\" href=\"https:\/\/site.educa.madrid.org\/cp.montelindo.bustarviejo\/index.php\/2025\/06\/30\/calendario-curso-escolar-2025-2026\/\" class=\"tpg-post-link\" target=\"_self\">Calendario curso escolar 2025-2026<\/a><\/h3><\/div>\n\t\t\t\t\n\t\t\t\t\t\t\t\t\t<div class=\"tpg-excerpt tpg-el-excerpt\">\n\t\t\t\t\t\t\t\t\t\t\t\t\t<div class=\"tpg-excerpt-inner\">\n\t\t\t\t\t\t\t\tEn el siguiente enlace encontrar\u00e9is el calendario escolar del curso 2025-2026. https:\/\/site.educa.madrid.org\/cp.montelindo.bustarviejo\/\/wp-content\/uploads\/cp.montelindo.bustarviejo\/2025\/06\/Calendario_escolar_2025-2026&#8230;\t\t\t\t\t\t\t<\/div>\n\t\t\t\t\t\t\t\t\t\t\t\t\t\t\t\t\t<\/div>\n\t\t\t\t\n\t\t\t\t        <div class=\"post-footer\">\n            <div class=\"post-footer\">\n                <div class=\"read-more\">\n\t\t\t\t\t<a data-id=\"2661\" href=\"https:\/\/site.educa.madrid.org\/cp.montelindo.bustarviejo\/index.php\/2025\/06\/30\/calendario-curso-escolar-2025-2026\/\" class=\"tpg-post-link\" target=\"_self\">Sigue leyendo<i class='left-icon fas fa-angle-right right-icon'><\/i><\/a>                <\/div>\n            <\/div>\n        <\/div>\n\t\t\t\t\t<\/div>\n\n\t\t<\/div>\n\t<\/div>\n<\/div>\n<div class=\"rt-col-md-12 rt-col-sm-12 rt-col-xs-12 default rt-list-item rt-grid-item\" data-id=\"2908\">\n\t<div class=\"rt-holder tpg-post-holder \">\n\t\t<div class=\"rt-detail rt-el-content-wrapper\">\n\t\t\t\n\t\t\t<div class=\"post-right-content\">\n\n\t\t\t\t<div class=\"entry-title-wrapper\"><h3 class=\"entry-title\"><a data-id=\"2908\" href=\"https:\/\/site.educa.madrid.org\/cp.montelindo.bustarviejo\/index.php\/2026\/05\/06\/proceso-de-matriculacion\/\" class=\"tpg-post-link\" target=\"_self\">PROCESO DE MATRICULACI\u00d3N<\/a><\/h3><\/div>\n\t\t\t\t\n\t\t\t\t\t\t\t\t\t<div class=\"tpg-excerpt tpg-el-excerpt\">\n\t\t\t\t\t\t\t\t\t\t\t\t\t<div class=\"tpg-excerpt-inner\">\n\t\t\t\t\t\t\t\t\u2764\ufe0f \u00a1Ya casi est\u00e1is en el CEIP Montelindo! &nbsp; \u00a1Hola, familias! \ud83d\udc4b Estamos felices de daros la bienvenida a este gran equipo que formamos en el CEIP Montelindo. Queremos que vuestra llegada sea lo m\u00e1s sencilla posible, as\u00ed que aqu\u00ed os explicamos el \u00faltimo paso para que vuestro hijo o hija empiece&#8230;\t\t\t\t\t\t\t<\/div>\n\t\t\t\t\t\t\t\t\t\t\t\t\t\t\t\t\t<\/div>\n\t\t\t\t\n\t\t\t\t        <div class=\"post-footer\">\n            <div class=\"post-footer\">\n                <div class=\"read-more\">\n\t\t\t\t\t<a data-id=\"2908\" href=\"https:\/\/site.educa.madrid.org\/cp.montelindo.bustarviejo\/index.php\/2026\/05\/06\/proceso-de-matriculacion\/\" class=\"tpg-post-link\" target=\"_self\">Sigue leyendo<i class='left-icon fas fa-angle-right right-icon'><\/i><\/a>                <\/div>\n            <\/div>\n        <\/div>\n\t\t\t\t\t<\/div>\n\n\t\t<\/div>\n\t<\/div>\n<\/div>\n<div class=\"rt-col-md-12 rt-col-sm-12 rt-col-xs-12 default rt-list-item rt-grid-item\" data-id=\"2894\">\n\t<div class=\"rt-holder tpg-post-holder \">\n\t\t<div class=\"rt-detail rt-el-content-wrapper\">\n\t\t\t\n\t\t\t<div class=\"post-right-content\">\n\n\t\t\t\t<div class=\"entry-title-wrapper\"><h3 class=\"entry-title\"><a data-id=\"2894\" href=\"https:\/\/site.educa.madrid.org\/cp.montelindo.bustarviejo\/index.php\/2026\/05\/05\/menus-mayo\/\" class=\"tpg-post-link\" target=\"_self\">MENUS MAYO<\/a><\/h3><\/div>\n\t\t\t\t\n\t\t\t\t\t\t\t\t\t<div class=\"tpg-excerpt tpg-el-excerpt\">\n\t\t\t\t\t\t\t\t\t\t\t\t\t<div class=\"tpg-excerpt-inner\">\n\t\t\t\t\t\t\t\tConsulta aqu\u00ed la programaci\u00f3n diaria del comedor En los siguientes enlaces, puedes descargar tanto el men\u00fa basal como todas sus adaptaciones para alergias, intolerancias y dietas especiales MAYO 2026-5_MONTELINDO_BASAL 2026-5_MONTELINDO_OVOVEGETARIANO 2026-5_MONTELINDO_SIN_GLUTEN&#8230;\t\t\t\t\t\t\t<\/div>\n\t\t\t\t\t\t\t\t\t\t\t\t\t\t\t\t\t<\/div>\n\t\t\t\t\n\t\t\t\t        <div class=\"post-footer\">\n            <div class=\"post-footer\">\n                <div class=\"read-more\">\n\t\t\t\t\t<a data-id=\"2894\" href=\"https:\/\/site.educa.madrid.org\/cp.montelindo.bustarviejo\/index.php\/2026\/05\/05\/menus-mayo\/\" class=\"tpg-post-link\" target=\"_self\">Sigue leyendo<i class='left-icon fas fa-angle-right right-icon'><\/i><\/a>                <\/div>\n            <\/div>\n        <\/div>\n\t\t\t\t\t<\/div>\n\n\t\t<\/div>\n\t<\/div>\n<\/div>\n<div class=\"rt-col-md-12 rt-col-sm-12 rt-col-xs-12 default rt-list-item rt-grid-item\" data-id=\"2889\">\n\t<div class=\"rt-holder tpg-post-holder \">\n\t\t<div class=\"rt-detail rt-el-content-wrapper\">\n\t\t\t\n\t\t\t<div class=\"post-right-content\">\n\n\t\t\t\t<div class=\"entry-title-wrapper\"><h3 class=\"entry-title\"><a data-id=\"2889\" href=\"https:\/\/site.educa.madrid.org\/cp.montelindo.bustarviejo\/index.php\/2026\/05\/05\/becas-comedor\/\" class=\"tpg-post-link\" target=\"_self\">BECAS COMEDOR<\/a><\/h3><\/div>\n\t\t\t\t\n\t\t\t\t\t\t\t\t\t<div class=\"tpg-excerpt tpg-el-excerpt\">\n\t\t\t\t\t\t\t\t\t\t\t\t\t<div class=\"tpg-excerpt-inner\">\n\t\t\t\t\t\t\t\t&nbsp; \ud83c\udf71 Becas de Comedor Escolar\u00a0 Curso 2026\/2027 \u00a1Ya est\u00e1 abierto el plazo de solicitud! \u00a1Hola, familias! Os informamos de que la Comunidad de Madrid ya ha publicado la convocatoria de becas de comedor para el pr\u00f3ximo curso. Queremos que nadie se quede sin la oportunidad de solicitarlas, as\u00ed que&#8230;\t\t\t\t\t\t\t<\/div>\n\t\t\t\t\t\t\t\t\t\t\t\t\t\t\t\t\t<\/div>\n\t\t\t\t\n\t\t\t\t        <div class=\"post-footer\">\n            <div class=\"post-footer\">\n                <div class=\"read-more\">\n\t\t\t\t\t<a data-id=\"2889\" href=\"https:\/\/site.educa.madrid.org\/cp.montelindo.bustarviejo\/index.php\/2026\/05\/05\/becas-comedor\/\" class=\"tpg-post-link\" target=\"_self\">Sigue leyendo<i class='left-icon fas fa-angle-right right-icon'><\/i><\/a>                <\/div>\n            <\/div>\n        <\/div>\n\t\t\t\t\t<\/div>\n\n\t\t<\/div>\n\t<\/div>\n<\/div>\n<div class=\"rt-col-md-12 rt-col-sm-12 rt-col-xs-12 default rt-list-item rt-grid-item\" data-id=\"2826\">\n\t<div class=\"rt-holder tpg-post-holder \">\n\t\t<div class=\"rt-detail rt-el-content-wrapper\">\n\t\t\t\n\t\t\t<div class=\"post-right-content\">\n\n\t\t\t\t<div class=\"entry-title-wrapper\"><h3 class=\"entry-title\"><a data-id=\"2826\" href=\"https:\/\/site.educa.madrid.org\/cp.montelindo.bustarviejo\/index.php\/2026\/05\/05\/admision-curso-2026-2027\/\" class=\"tpg-post-link\" target=\"_self\">ADMISI\u00d3N CURSO 2026\/2027<\/a><\/h3><\/div>\n\t\t\t\t\n\t\t\t\t\t\t\t\t\t<div class=\"tpg-excerpt tpg-el-excerpt\">\n\t\t\t\t\t\t\t\t\t\t\t\t\t<div class=\"tpg-excerpt-inner\">\n\t\t\t\t\t\t\t\t\u201cQueremos que nuestra escuela sea saludable, amable y confortable. Integral, cr\u00edtica y creativa. Democr\u00e1tica, participativa e inclusiva. Activa y abierta. Ecol\u00f3gica y sostenible. Tolerante, respetuosa, personalizada y orientadora.\u201d \ud83c\udfeb Proceso de Admisi\u00f3n 2026\/2027 \u00a1Bienvenidos al proceso de&#8230;\t\t\t\t\t\t\t<\/div>\n\t\t\t\t\t\t\t\t\t\t\t\t\t\t\t\t\t<\/div>\n\t\t\t\t\n\t\t\t\t        <div class=\"post-footer\">\n            <div class=\"post-footer\">\n                <div class=\"read-more\">\n\t\t\t\t\t<a data-id=\"2826\" href=\"https:\/\/site.educa.madrid.org\/cp.montelindo.bustarviejo\/index.php\/2026\/05\/05\/admision-curso-2026-2027\/\" class=\"tpg-post-link\" target=\"_self\">Sigue leyendo<i class='left-icon fas fa-angle-right right-icon'><\/i><\/a>                <\/div>\n            <\/div>\n        <\/div>\n\t\t\t\t\t<\/div>\n\n\t\t<\/div>\n\t<\/div>\n<\/div>\n<div class=\"rt-col-md-12 rt-col-sm-12 rt-col-xs-12 default rt-list-item rt-grid-item\" data-id=\"2703\">\n\t<div class=\"rt-holder tpg-post-holder \">\n\t\t<div class=\"rt-detail rt-el-content-wrapper\">\n\t\t\t\n\t\t\t<div class=\"post-right-content\">\n\n\t\t\t\t<div class=\"entry-title-wrapper\"><h3 class=\"entry-title\"><a data-id=\"2703\" href=\"https:\/\/site.educa.madrid.org\/cp.montelindo.bustarviejo\/index.php\/2025\/09\/30\/menus-comedor-septiembre\/\" class=\"tpg-post-link\" target=\"_self\">Men\u00fas comedor OCTUBRE<\/a><\/h3><\/div>\n\t\t\t\t\n\t\t\t\t\t\t\t\t\t<div class=\"tpg-excerpt tpg-el-excerpt\">\n\t\t\t\t\t\t\t\t\t\t\t\t\t<div class=\"tpg-excerpt-inner\">\n\t\t\t\t\t\t\t\tEstimadas familias, Ya dispon\u00e9is de la informaci\u00f3n relativa a los distintos men\u00fas del comedor del mes de octubre en el siguiente enlace y en el apartado de Men\u00fa, dentro de la p\u00e1gina de Comedor que encontrar\u00e9is en el encabezado de la Web del centro: MEN\u00da 2025-10_MONTELINDO_CELIACO&#8230;\t\t\t\t\t\t\t<\/div>\n\t\t\t\t\t\t\t\t\t\t\t\t\t\t\t\t\t<\/div>\n\t\t\t\t\n\t\t\t\t        <div class=\"post-footer\">\n            <div class=\"post-footer\">\n                <div class=\"read-more\">\n\t\t\t\t\t<a data-id=\"2703\" href=\"https:\/\/site.educa.madrid.org\/cp.montelindo.bustarviejo\/index.php\/2025\/09\/30\/menus-comedor-septiembre\/\" class=\"tpg-post-link\" target=\"_self\">Sigue leyendo<i class='left-icon fas fa-angle-right right-icon'><\/i><\/a>                <\/div>\n            <\/div>\n        <\/div>\n\t\t\t\t\t<\/div>\n\n\t\t<\/div>\n\t<\/div>\n<\/div>\n<div class=\"rt-col-md-12 rt-col-sm-12 rt-col-xs-12 default rt-list-item rt-grid-item\" data-id=\"2724\">\n\t<div class=\"rt-holder tpg-post-holder \">\n\t\t<div class=\"rt-detail rt-el-content-wrapper\">\n\t\t\t\n\t\t\t<div class=\"post-right-content\">\n\n\t\t\t\t<div class=\"entry-title-wrapper\"><h3 class=\"entry-title\"><a data-id=\"2724\" href=\"https:\/\/site.educa.madrid.org\/cp.montelindo.bustarviejo\/index.php\/2025\/09\/26\/reunion-de-inicio-del-curso-25-26\/\" class=\"tpg-post-link\" target=\"_self\">REUNI\u00d3N DE INICIO DEL CURSO 25\/26<\/a><\/h3><\/div>\n\t\t\t\t\n\t\t\t\t\t\t\t\t\t<div class=\"tpg-excerpt tpg-el-excerpt\">\n\t\t\t\t\t\t\t\t\t\t\t\t\t<div class=\"tpg-excerpt-inner\">\n\t\t\t\t\t\t\t\t&nbsp; https:\/\/site.educa.madrid.org\/cp.montelindo.bustarviejo\/\/wp-content\/uploads\/cp.montelindo.bustarviejo\/2025\/09\/REUNION-PRINCIPIO-DEL-CURSO-2526-2.png&#8230;\t\t\t\t\t\t\t<\/div>\n\t\t\t\t\t\t\t\t\t\t\t\t\t\t\t\t\t<\/div>\n\t\t\t\t\n\t\t\t\t        <div class=\"post-footer\">\n            <div class=\"post-footer\">\n                <div class=\"read-more\">\n\t\t\t\t\t<a data-id=\"2724\" href=\"https:\/\/site.educa.madrid.org\/cp.montelindo.bustarviejo\/index.php\/2025\/09\/26\/reunion-de-inicio-del-curso-25-26\/\" class=\"tpg-post-link\" target=\"_self\">Sigue leyendo<i class='left-icon fas fa-angle-right right-icon'><\/i><\/a>                <\/div>\n            <\/div>\n        <\/div>\n\t\t\t\t\t<\/div>\n\n\t\t<\/div>\n\t<\/div>\n<\/div>\n<div class=\"rt-col-md-12 rt-col-sm-12 rt-col-xs-12 default rt-list-item rt-grid-item\" data-id=\"2674\">\n\t<div class=\"rt-holder tpg-post-holder \">\n\t\t<div class=\"rt-detail rt-el-content-wrapper\">\n\t\t\t\n\t\t\t<div class=\"post-right-content\">\n\n\t\t\t\t<div class=\"entry-title-wrapper\"><h3 class=\"entry-title\"><a data-id=\"2674\" href=\"https:\/\/site.educa.madrid.org\/cp.montelindo.bustarviejo\/index.php\/2025\/07\/03\/libros-de-texto-del-curso-2025-2026\/\" class=\"tpg-post-link\" target=\"_self\">LIBROS DE TEXTO DEL CURSO 2025-2026<\/a><\/h3><\/div>\n\t\t\t\t\n\t\t\t\t\t\t\t\t\t<div class=\"tpg-excerpt tpg-el-excerpt\">\n\t\t\t\t\t\t\t\t\t\t\t\t\t<div class=\"tpg-excerpt-inner\">\n\t\t\t\t\t\t\t\tEn el siguiente enlce pod\u00e9is encontrar el listado de libros de texto del nuevo curso: LISTADO LIBROS CURSO 2025-2026 https:\/\/site.educa.madrid.org\/cp.montelindo.bustarviejo\/\/wp-content\/uploads\/cp.montelindo.bustarviejo\/2025\/07\/LISTADO-LIBROS-CURSO-2025-2026.pdf&#8230;\t\t\t\t\t\t\t<\/div>\n\t\t\t\t\t\t\t\t\t\t\t\t\t\t\t\t\t<\/div>\n\t\t\t\t\n\t\t\t\t        <div class=\"post-footer\">\n            <div class=\"post-footer\">\n                <div class=\"read-more\">\n\t\t\t\t\t<a data-id=\"2674\" href=\"https:\/\/site.educa.madrid.org\/cp.montelindo.bustarviejo\/index.php\/2025\/07\/03\/libros-de-texto-del-curso-2025-2026\/\" class=\"tpg-post-link\" target=\"_self\">Sigue leyendo<i class='left-icon fas fa-angle-right right-icon'><\/i><\/a>                <\/div>\n            <\/div>\n        <\/div>\n\t\t\t\t\t<\/div>\n\n\t\t<\/div>\n\t<\/div>\n<\/div>\n<div class=\"rt-col-md-12 rt-col-sm-12 rt-col-xs-12 default rt-list-item rt-grid-item\" data-id=\"2667\">\n\t<div class=\"rt-holder tpg-post-holder \">\n\t\t<div class=\"rt-detail rt-el-content-wrapper\">\n\t\t\t\n\t\t\t<div class=\"post-right-content\">\n\n\t\t\t\t<div class=\"entry-title-wrapper\"><h3 class=\"entry-title\"><a data-id=\"2667\" href=\"https:\/\/site.educa.madrid.org\/cp.montelindo.bustarviejo\/index.php\/2025\/06\/30\/plan-de-digitalizacion-de-centro\/\" class=\"tpg-post-link\" target=\"_self\">Plan de Digitalizaci\u00f3n de Centro<\/a><\/h3><\/div>\n\t\t\t\t\n\t\t\t\t\t\t\t\t\t<div class=\"tpg-excerpt tpg-el-excerpt\">\n\t\t\t\t\t\t\t\t\t\t\t\t\t<div class=\"tpg-excerpt-inner\">\n\t\t\t\t\t\t\t\tPlan de Digitalizaci\u00f3n de Centro actualizado en junio de 2025. &nbsp; https:\/\/site.educa.madrid.org\/cp.montelindo.bustarviejo\/\/wp-content\/uploads\/cp.montelindo.bustarviejo\/2025\/06\/PDC-CE4.0-24-25.pdf PDC + CE4.0 24-25&#8230;\t\t\t\t\t\t\t<\/div>\n\t\t\t\t\t\t\t\t\t\t\t\t\t\t\t\t\t<\/div>\n\t\t\t\t\n\t\t\t\t        <div class=\"post-footer\">\n            <div class=\"post-footer\">\n                <div class=\"read-more\">\n\t\t\t\t\t<a data-id=\"2667\" href=\"https:\/\/site.educa.madrid.org\/cp.montelindo.bustarviejo\/index.php\/2025\/06\/30\/plan-de-digitalizacion-de-centro\/\" class=\"tpg-post-link\" target=\"_self\">Sigue leyendo<i class='left-icon fas fa-angle-right right-icon'><\/i><\/a>                <\/div>\n            <\/div>\n        <\/div>\n\t\t\t\t\t<\/div>\n\n\t\t<\/div>\n\t<\/div>\n<\/div>\t\t\t\t<\/div>\n\n\t\t\t\t\n\t\t\t<\/div>\n\t\t<\/div>\n\t\t","protected":false},"excerpt":{"rendered":"","protected":false},"author":2,"featured_media":0,"parent":0,"menu_order":0,"comment_status":"closed","ping_status":"closed","template":"","meta":{"footnotes":""},"folder":[],"class_list":["post-179","page","type-page","status-publish","hentry"],"rttpg_featured_image_url":null,"rttpg_author":{"display_name":"tic.cp.montelindo.bustarviejo","author_link":"https:\/\/site.educa.madrid.org\/cp.montelindo.bustarviejo\/index.php\/author\/cuenta_tic-cp-montelindo-bustarviejo\/"},"rttpg_comment":0,"rttpg_category":false,"rttpg_excerpt":null,"post_mailing_queue_ids":[],"_links":{"self":[{"href":"https:\/\/site.educa.madrid.org\/cp.montelindo.bustarviejo\/index.php\/wp-json\/wp\/v2\/pages\/179","targetHints":{"allow":["GET"]}}],"collection":[{"href":"https:\/\/site.educa.madrid.org\/cp.montelindo.bustarviejo\/index.php\/wp-json\/wp\/v2\/pages"}],"about":[{"href":"https:\/\/site.educa.madrid.org\/cp.montelindo.bustarviejo\/index.php\/wp-json\/wp\/v2\/types\/page"}],"author":[{"embeddable":true,"href":"https:\/\/site.educa.madrid.org\/cp.montelindo.bustarviejo\/index.php\/wp-json\/wp\/v2\/users\/2"}],"replies":[{"embeddable":true,"href":"https:\/\/site.educa.madrid.org\/cp.montelindo.bustarviejo\/index.php\/wp-json\/wp\/v2\/comments?post=179"}],"version-history":[{"count":4,"href":"https:\/\/site.educa.madrid.org\/cp.montelindo.bustarviejo\/index.php\/wp-json\/wp\/v2\/pages\/179\/revisions"}],"predecessor-version":[{"id":1784,"href":"https:\/\/site.educa.madrid.org\/cp.montelindo.bustarviejo\/index.php\/wp-json\/wp\/v2\/pages\/179\/revisions\/1784"}],"wp:attachment":[{"href":"https:\/\/site.educa.madrid.org\/cp.montelindo.bustarviejo\/index.php\/wp-json\/wp\/v2\/media?parent=179"}],"wp:term":[{"taxonomy":"folder","embeddable":true,"href":"https:\/\/site.educa.madrid.org\/cp.montelindo.bustarviejo\/index.php\/wp-json\/wp\/v2\/folder?post=179"}],"curies":[{"name":"wp","href":"https:\/\/api.w.org\/{rel}","templated":true}]}}