{"id":1939,"date":"2024-02-21T18:05:58","date_gmt":"2024-02-21T17:05:58","guid":{"rendered":"https:\/\/site.educa.madrid.org\/cp.montelindo.bustarviejo\/?page_id=1939"},"modified":"2025-07-03T12:47:01","modified_gmt":"2025-07-03T10:47:01","slug":"informacion-a-las-familias-2","status":"publish","type":"page","link":"https:\/\/site.educa.madrid.org\/cp.montelindo.bustarviejo\/index.php\/informacion-a-las-familias-2\/","title":{"rendered":"INFORMACI\u00d3N A LAS FAMILIAS"},"content":{"rendered":"\n<div class=\"wp-block-buttons is-layout-flex wp-container-core-buttons-is-layout-a751324f wp-block-buttons-is-layout-flex\">\n<div class=\"wp-block-button\"><a class=\"wp-block-button__link wp-element-button\">TR\u00cdPTICO FAMILIAS NUEVAS<\/a><\/div>\n<\/div>\n\n\n\n<p><a href=\"https:\/\/site.educa.madrid.org\/cp.montelindo.bustarviejo\/\/wp-content\/uploads\/cp.montelindo.bustarviejo\/2024\/02\/OFERTA-EDUCATIVA_OK.pdf\" target=\"_blank\" rel=\"noreferrer noopener\"><mark style=\"background-color:rgba(0, 0, 0, 0)\" class=\"has-inline-color has-black-color\">OFERTA EDUCATIVA<\/mark><\/a><\/p>\n\n\n\n<p class=\"has-black-color has-text-color has-link-color wp-elements-896e8843158ec4fa2db302ef59580374\"><a href=\"https:\/\/site.educa.madrid.org\/cp.montelindo.bustarviejo\/\/wp-content\/uploads\/cp.montelindo.bustarviejo\/2025\/07\/CALENDARIO-FECHAS-ADMISION-2025-2026-1.pdf\" data-type=\"link\" data-id=\"https:\/\/site.educa.madrid.org\/cp.montelindo.bustarviejo\/\/wp-content\/uploads\/cp.montelindo.bustarviejo\/2025\/07\/CALENDARIO-FECHAS-ADMISION-2025-2026-1.pdf\" target=\"_blank\" rel=\"noreferrer noopener\">CALENDARIO ADMISI\u00d3N 2025-2026<\/a><\/p>\n\n\n\n<p><a href=\"https:\/\/site.educa.madrid.org\/cp.montelindo.bustarviejo\/\/wp-content\/uploads\/cp.montelindo.bustarviejo\/2025\/02\/SERVICIOS-COMPELMENTARIOS.pdf\" data-type=\"URL\" target=\"_blank\" rel=\"noreferrer noopener\"><mark style=\"background-color:rgba(0, 0, 0, 0)\" class=\"has-inline-color has-black-color\">SERVICIOS COMPLEMENTARIOS<\/mark><\/a><\/p>\n\n\n\n<ul class=\"wp-block-list\">\n<li><a href=\"https:\/\/site.educa.madrid.org\/cp.montelindo.bustarviejo\/\/wp-content\/uploads\/cp.montelindo.bustarviejo\/2025\/02\/EXTRAESCOLARES-Y-SERVICIOS.pdf\" data-type=\"link\" data-id=\"https:\/\/site.educa.madrid.org\/cp.montelindo.bustarviejo\/\/wp-content\/uploads\/cp.montelindo.bustarviejo\/2025\/02\/EXTRAESCOLARES-Y-SERVICIOS.pdf\"><mark style=\"background-color:rgba(0, 0, 0, 0)\" class=\"has-inline-color has-black-color\">Extraescolares y servicios<\/mark><\/a><\/li>\n\n\n\n<li><a href=\"https:\/\/site.educa.madrid.org\/cp.montelindo.bustarviejo\/\/wp-content\/uploads\/cp.montelindo.bustarviejo\/2025\/02\/LISTADO-Y-PRECIO-DE-ACTIVIDADES-COMPLEMENTARIAS-CURSO-2024.25.PAGINA-WEB.pdf\"><mark style=\"background-color:rgba(0, 0, 0, 0)\" class=\"has-inline-color has-black-color\">Actividades complementarias<\/mark><\/a><\/li>\n<\/ul>\n\n\n\n<p><a href=\"https:\/\/site.educa.madrid.org\/cp.montelindo.bustarviejo\/\/wp-content\/uploads\/cp.montelindo.bustarviejo\/2024\/02\/PROGRAMAS-Y-PROYECTOS_OK.pdf.pdf\" data-type=\"URL\" target=\"_blank\" rel=\"noreferrer noopener\"><mark style=\"background-color:rgba(0, 0, 0, 0)\" class=\"has-inline-color has-black-color\">PROGRAMAS Y PROYECTOS<\/mark><\/a> desarrollados en el centro<\/p>\n\n\n\n<p><a href=\"https:\/\/site.educa.madrid.org\/cp.montelindo.bustarviejo\/\/wp-content\/uploads\/cp.montelindo.bustarviejo\/2024\/02\/PEC-Y-SENAS-DE-IDENTIDAD.pdf\" data-type=\"URL\" data-id=\"https:\/\/site.educa.madrid.org\/cp.montelindo.bustarviejo\/\/wp-content\/uploads\/cp.montelindo.bustarviejo\/2024\/02\/PEC-Y-SENAS-DE-IDENTIDAD.pdf\" target=\"_blank\" rel=\"noreferrer noopener\"><mark style=\"background-color:rgba(0, 0, 0, 0)\" class=\"has-inline-color has-black-color\">PROYECTO EDUCATIVO<\/mark><\/a><\/p>\n\n\n\n<p><a href=\"https:\/\/site.educa.madrid.org\/cp.montelindo.bustarviejo\/\/wp-content\/uploads\/cp.montelindo.bustarviejo\/2024\/02\/ORGANIZACION_ok.pdf.pdf\" data-type=\"URL\" target=\"_blank\" rel=\"noreferrer noopener\"><mark style=\"background-color:rgba(0, 0, 0, 0)\" class=\"has-inline-color has-black-color\">ORGANIZACI\u00d3N Y FUNCIONAMIENTO<\/mark><\/a><\/p>\n\n\n\n<p class=\"has-black-color has-text-color has-link-color wp-elements-edfebc18705b320a4b77f5a42a4ea010\"><a href=\"https:\/\/site.educa.madrid.org\/cp.montelindo.bustarviejo\/\/wp-content\/uploads\/cp.montelindo.bustarviejo\/2025\/04\/PLAN-CONVIVENCIA.pdf\" data-type=\"attachment\" data-id=\"2598\">PLAN CONVIVENCIA<\/a><\/p>\n\n\n\n<p><a href=\"https:\/\/site.educa.madrid.org\/cp.montelindo.bustarviejo\/\/wp-content\/uploads\/cp.montelindo.bustarviejo\/2024\/02\/CONTACTO_ok.pdf.pdf\" data-type=\"URL\" target=\"_blank\" rel=\"noreferrer noopener\"><mark style=\"background-color:rgba(0, 0, 0, 0)\" class=\"has-inline-color has-black-color\">Tel\u00e9fonos y direcciones de correo institucionales: CONTACTO<\/mark><\/a><\/p>\n\n\n\n<p><a href=\"https:\/\/site.educa.madrid.org\/cp.montelindo.bustarviejo\/\/wp-content\/uploads\/cp.montelindo.bustarviejo\/2025\/07\/OFERTA-VACANTES-OFERTADAS-CURSO-2025-2026.pdf\" data-type=\"link\" data-id=\"https:\/\/site.educa.madrid.org\/cp.montelindo.bustarviejo\/index.php\/2025\/02\/27\/oferta-de-vacantes-prevista\/\" target=\"_blank\" rel=\"noreferrer noopener\"><mark style=\"background-color:rgba(0, 0, 0, 0)\" class=\"has-inline-color has-black-color\">OFERTA DE VACANTES PREVISTA<\/mark><\/a><\/p>\n\n\n\n<p class=\"has-black-color has-text-color has-link-color wp-elements-4ea42280fb78bd4060f16974ff3f8d47\"><a href=\"https:\/\/site.educa.madrid.org\/cp.montelindo.bustarviejo\/\/wp-content\/uploads\/cp.montelindo.bustarviejo\/2025\/07\/ADJUDICACION-CRITERIO-COMPLEMENTARIO-Y-SAE.pdf\" target=\"_blank\" rel=\"noreferrer noopener\">S.A.E. (SERVICIO DE APOYO A LA ESCOLARIZACI\u00d3N) Y CRITERIOS COMPLEMENTARIOS PARA ADJUDICACI\u00d3N DE  PLAZA Y DOCUMENTACI\u00d3N REQUERIDA<\/a><\/p>\n\n\n\n<p><a href=\"http:\/\/informacion-sobre-adscripcion-de-centro\"><mark style=\"background-color:rgba(0, 0, 0, 0)\" class=\"has-inline-color has-black-color\">INFORMACI\u00d3N SOBRE ADSCRIPCI\u00d3N DE CENTRO<\/mark><\/a> a I.E.S.<\/p>\n\n\n\n<p><a href=\"http:\/\/informacion-sobre-adscripcion-de-centro\"><mark style=\"background-color:rgba(0, 0, 0, 0)\" class=\"has-inline-color has-black-color\">INFORMACI\u00d3N SOBRE ADSCRIPCI\u00d3N DE CENTRO<\/mark><\/a> de escuela infantil<\/p>\n\n\n\n<p><a href=\"https:\/\/site.educa.madrid.org\/cp.montelindo.bustarviejo\/\/wp-content\/uploads\/cp.montelindo.bustarviejo\/2025\/04\/MEDIAS-RESULTADOS-PRUEBAS-EXTERNAS-2024-25.pdf\" target=\"_blank\" rel=\"noreferrer noopener\"><mark style=\"background-color:rgba(0, 0, 0, 0)\" class=\"has-inline-color has-black-color\">RESULTADOS DEL CENTRO EN PRUEBAS EXTERNAS<\/mark><\/a><\/p>\n\n\n\n<ul class=\"wp-block-list\">\n<li>Resultados pruebas externas de la Comunidad de Madrid<\/li>\n\n\n\n<li>Resultados de otras pruebas externas<\/li>\n<\/ul>\n\n\n\n<p class=\"has-black-color has-text-color has-link-color wp-elements-86abaa22613df37a732b99029127d60d\"><a href=\"https:\/\/site.educa.madrid.org\/cp.montelindo.bustarviejo\/index.php\/2025\/02\/27\/actividades-complementarias\/\" target=\"_blank\" rel=\"noreferrer noopener\">ACTIVIDADES COMPLEMENTARIAS CURSO 2024-2025<\/a><\/p>\n\n\n\n<p class=\"has-black-color has-text-color has-link-color wp-elements-818b5f49a2ca147acfb539974b11217c\"><a href=\"https:\/\/site.educa.madrid.org\/cp.montelindo.bustarviejo\/\/wp-content\/uploads\/cp.montelindo.bustarviejo\/2025\/07\/LISTADO-Y-PRECIO-DE-ACTIVIDADES-COMPLEMENTARIAS-CURSO-2024.25.PAGINA-WEB-1.pdf\" data-type=\"link\" data-id=\"https:\/\/site.educa.madrid.org\/cp.montelindo.bustarviejo\/\/wp-content\/uploads\/cp.montelindo.bustarviejo\/2025\/07\/LISTADO-Y-PRECIO-DE-ACTIVIDADES-COMPLEMENTARIAS-CURSO-2024.25.PAGINA-WEB-1.pdf\" target=\"_blank\" rel=\"noreferrer noopener\">ACTIVIDADES COMPLEMENTARIAS CURSO 2025-2026<\/a><\/p>\n\n\n\n<p><\/p>\n","protected":false},"excerpt":{"rendered":"<p>OFERTA EDUCATIVA CALENDARIO ADMISI\u00d3N 2025-2026 SERVICIOS COMPLEMENTARIOS PROGRAMAS Y PROYECTOS desarrollados en el centro PROYECTO EDUCATIVO ORGANIZACI\u00d3N Y FUNCIONAMIENTO PLAN CONVIVENCIA Tel\u00e9fonos y direcciones de correo institucionales: CONTACTO OFERTA DE VACANTES PREVISTA S.A.E. (SERVICIO DE APOYO A LA ESCOLARIZACI\u00d3N) Y CRITERIOS COMPLEMENTARIOS PARA ADJUDICACI\u00d3N DE PLAZA Y DOCUMENTACI\u00d3N REQUERIDA INFORMACI\u00d3N SOBRE ADSCRIPCI\u00d3N DE CENTRO a [&hellip;]<\/p>\n","protected":false},"author":2,"featured_media":0,"parent":0,"menu_order":0,"comment_status":"closed","ping_status":"closed","template":"","meta":{"footnotes":""},"folder":[14],"class_list":["post-1939","page","type-page","status-publish","hentry"],"rttpg_featured_image_url":null,"rttpg_author":{"display_name":"tic.cp.montelindo.bustarviejo","author_link":"https:\/\/site.educa.madrid.org\/cp.montelindo.bustarviejo\/index.php\/author\/cuenta_tic-cp-montelindo-bustarviejo\/"},"rttpg_comment":0,"rttpg_category":" <a href=\"https:\/\/site.educa.madrid.org\/cp.montelindo.bustarviejo\/?taxonomy=folder&#038;term=actividades-1654070742\" rel=\"tag\">ACTIVIDADES<\/a>","rttpg_excerpt":"OFERTA EDUCATIVA CALENDARIO ADMISI\u00d3N 2025-2026 SERVICIOS COMPLEMENTARIOS PROGRAMAS Y PROYECTOS desarrollados en el centro PROYECTO EDUCATIVO ORGANIZACI\u00d3N Y FUNCIONAMIENTO PLAN CONVIVENCIA Tel\u00e9fonos y direcciones de correo institucionales: CONTACTO OFERTA DE VACANTES PREVISTA S.A.E. (SERVICIO DE APOYO A LA ESCOLARIZACI\u00d3N) Y CRITERIOS COMPLEMENTARIOS PARA ADJUDICACI\u00d3N DE PLAZA Y DOCUMENTACI\u00d3N REQUERIDA INFORMACI\u00d3N SOBRE ADSCRIPCI\u00d3N DE CENTRO a&hellip;","post_mailing_queue_ids":[],"_links":{"self":[{"href":"https:\/\/site.educa.madrid.org\/cp.montelindo.bustarviejo\/index.php\/wp-json\/wp\/v2\/pages\/1939","targetHints":{"allow":["GET"]}}],"collection":[{"href":"https:\/\/site.educa.madrid.org\/cp.montelindo.bustarviejo\/index.php\/wp-json\/wp\/v2\/pages"}],"about":[{"href":"https:\/\/site.educa.madrid.org\/cp.montelindo.bustarviejo\/index.php\/wp-json\/wp\/v2\/types\/page"}],"author":[{"embeddable":true,"href":"https:\/\/site.educa.madrid.org\/cp.montelindo.bustarviejo\/index.php\/wp-json\/wp\/v2\/users\/2"}],"replies":[{"embeddable":true,"href":"https:\/\/site.educa.madrid.org\/cp.montelindo.bustarviejo\/index.php\/wp-json\/wp\/v2\/comments?post=1939"}],"version-history":[{"count":25,"href":"https:\/\/site.educa.madrid.org\/cp.montelindo.bustarviejo\/index.php\/wp-json\/wp\/v2\/pages\/1939\/revisions"}],"predecessor-version":[{"id":2693,"href":"https:\/\/site.educa.madrid.org\/cp.montelindo.bustarviejo\/index.php\/wp-json\/wp\/v2\/pages\/1939\/revisions\/2693"}],"wp:attachment":[{"href":"https:\/\/site.educa.madrid.org\/cp.montelindo.bustarviejo\/index.php\/wp-json\/wp\/v2\/media?parent=1939"}],"wp:term":[{"taxonomy":"folder","embeddable":true,"href":"https:\/\/site.educa.madrid.org\/cp.montelindo.bustarviejo\/index.php\/wp-json\/wp\/v2\/folder?post=1939"}],"curies":[{"name":"wp","href":"https:\/\/api.w.org\/{rel}","templated":true}]}}