{"id":2,"date":"2018-07-12T07:27:21","date_gmt":"2018-07-12T07:27:21","guid":{"rendered":"http:\/\/172.16.4.151\/WordpressCopia\/?page_id=2"},"modified":"2022-04-26T14:45:24","modified_gmt":"2022-04-26T12:45:24","slug":"pagina-ejemplo","status":"publish","type":"page","link":"https:\/\/site.educa.madrid.org\/cp.montelindo.bustarviejo\/index.php\/pagina-ejemplo\/","title":{"rendered":"\u00daltimas noticias"},"content":{"rendered":"\n<p><strong><span class=\"has-inline-color has-black-color\"><a href=\"https:\/\/site.educa.madrid.org\/cp.montelindo.bustarviejo\/\/wp-content\/uploads\/cp.montelindo.bustarviejo\/2021\/10\/calendario-escolar-madrid-2021-2022.jpg\" data-type=\"URL\" data-id=\"https:\/\/site.educa.madrid.org\/cp.montelindo.bustarviejo\/\/wp-content\/uploads\/cp.montelindo.bustarviejo\/2021\/10\/calendario-escolar-madrid-2021-2022.jpg\" target=\"_blank\" rel=\"noreferrer noopener\">CALENDARIO ESCOLAR 2021-2022<\/a><\/span><\/strong><\/p>\n\n\n\n<p><a href=\"https:\/\/site.educa.madrid.org\/cp.montelindo.bustarviejo\/\/wp-content\/uploads\/cp.montelindo.bustarviejo\/2021\/07\/LIBROS-texto-2021-22.pdf\" target=\"_blank\" rel=\"noreferrer noopener\"><strong><span class=\"has-inline-color has-very-dark-gray-color\">LISTADO DE LIBROS CURSO 21-22<\/span><\/strong><\/a><\/p>\n\n\n\n<p><a href=\"https:\/\/site.educa.madrid.org\/cp.montelindo.bustarviejo\/\/wp-content\/uploads\/cp.montelindo.bustarviejo\/2021\/06\/FELICIDADES-A-LA-CLASE-DE-3\u00baA.pdf\" target=\"_blank\" rel=\"noreferrer noopener\"><strong><span class=\"has-inline-color has-very-dark-gray-color\">FELICIDADES A LA CALSE DE 3\u00baA<\/span><\/strong><\/a><\/p>\n\n\n\n<p><a href=\"https:\/\/site.educa.madrid.org\/cp.montelindo.bustarviejo\/\/wp-content\/uploads\/cp.montelindo.bustarviejo\/2021\/06\/regalo-\u00e1rbol.pdf\" target=\"_blank\" rel=\"noreferrer noopener\"><strong><span class=\"has-inline-color has-very-dark-gray-color\">REGALO ARBOL<\/span><\/strong><\/a><\/p>\n\n\n\n<p><a href=\"https:\/\/site.educa.madrid.org\/cp.montelindo.bustarviejo\/\/wp-content\/uploads\/cp.montelindo.bustarviejo\/2021\/06\/Y-nuestro-puzle-de-lectura-conseguido.pdf\" target=\"_blank\" rel=\"noreferrer noopener\"><strong><span class=\"has-inline-color has-very-dark-gray-color\">NUESTRO PUZZLE DE LECTURA CONSEGUIDO<\/span><\/strong><\/a><\/p>\n\n\n\n<p><a rel=\"noreferrer noopener\" href=\"https:\/\/site.educa.madrid.org\/cp.montelindo.bustarviejo\/index.php\/matriculas\/\" target=\"_blank\"><strong><span class=\"has-inline-color has-very-dark-gray-color\">MATRICULACI\u00d3N Y DEM\u00c1S DOCUMENTACI\u00d3N<\/span><\/strong><\/a><\/p>\n\n\n\n<p><a rel=\"noreferrer noopener\" href=\"https:\/\/site.educa.madrid.org\/cp.montelindo.bustarviejo\/\/wp-content\/uploads\/cp.montelindo.bustarviejo\/2021\/06\/ADMISI\u00d3N-ADSCRIPCI\u00d3N-\u00daNICA.pdf\" target=\"_blank\"><strong><span class=\"has-inline-color has-very-dark-gray-color\">ADMISI\u00d3N ADSCRIPCI\u00d3N \u00daNICA<\/span><\/strong><\/a><\/p>\n\n\n\n<p><a rel=\"noreferrer noopener\" href=\"https:\/\/site.educa.madrid.org\/cp.montelindo.bustarviejo\/\/wp-content\/uploads\/cp.montelindo.bustarviejo\/2021\/06\/ADMISI\u00d3N-CENTROS-NO-ADSCRITOS.pdf\" target=\"_blank\"><strong><span class=\"has-inline-color has-very-dark-gray-color\">ADMISI\u00d3N CENTROS NO ADSCRITOS<\/span><\/strong><\/a><\/p>\n\n\n\n<p><a rel=\"noreferrer noopener\" href=\"https:\/\/site.educa.madrid.org\/cp.montelindo.bustarviejo\/\/wp-content\/uploads\/cp.montelindo.bustarviejo\/2021\/05\/ADMISION-PUTUACIONES-DEFINITIVAS.pdf\" target=\"_blank\"><strong><span class=\"has-inline-color has-very-dark-gray-color\">ADMISION PRUEBAS DIFINITIVAS<\/span><\/strong><\/a><\/p>\n\n\n\n<p><strong>D<\/strong>urante el mes de abril, todo el colegio hemos estado trabajando el tema de la poes\u00eda.<br>Hemos disfrutado de la lectura de poemas de diferentes autores y nos hemos lanzado a crear pareados y poemas&#8230;.<\/p>\n\n\n\n<p><strong><a rel=\"noreferrer noopener\" href=\"https:\/\/site.educa.madrid.org\/cp.montelindo.bustarviejo\/index.php\/fomento-de-la-lectura\/\" target=\"_blank\">ver m\u00e1s<\/a><\/strong><\/p>\n\n\n\n<figure class=\"wp-block-image size-medium is-resized\"><img loading=\"lazy\" decoding=\"async\" src=\"https:\/\/site.educa.madrid.org\/cp.montelindo.bustarviejo\/\/wp-content\/uploads\/cp.montelindo.bustarviejo\/2021\/05\/32-2-135x300.jpg\" alt=\"\" class=\"wp-image-1025\" width=\"249\" height=\"554\" srcset=\"https:\/\/site.educa.madrid.org\/cp.montelindo.bustarviejo\/\/wp-content\/uploads\/cp.montelindo.bustarviejo\/2021\/05\/32-2-135x300.jpg 135w, https:\/\/site.educa.madrid.org\/cp.montelindo.bustarviejo\/\/wp-content\/uploads\/cp.montelindo.bustarviejo\/2021\/05\/32-2-rotated.jpg 288w\" sizes=\"auto, (max-width: 249px) 100vw, 249px\" \/><\/figure>\n\n\n\n<h2 class=\"wp-block-heading\">&gt;&gt; <strong>Pod\u00e9is acceder a la gesti\u00f3n online del proceso de admisi\u00f3n desde <a href=\"https:\/\/raices.madrid.org\/secretariavirtual\/accesoTramite\/303\/\">aqu\u00ed<\/a><\/strong><\/h2>\n\n\n\n<p>M\u00e1s abajo encontrar\u00e9is la informaci\u00f3n relativa al proceso.<\/p>\n\n\n\n<p><\/p>\n\n\n\n<p><\/p>\n\n\n\n<h2 class=\"wp-block-heading\">&gt;Plan de fomento de la lectura<\/h2>\n\n\n\n<p>Durante este trimestre, hemos puesto en marcha un puzle comunitario para incentivar la lectura en nuestro alumnado, de infantil y primaria.<\/p>\n\n\n\n<p>Cada clase, en funci\u00f3n del n\u00famero de ni\u00f1os\/as y el nivel educativo, tiene un reto lector que conseguir para ir obteniendo las piezas del puzle.<\/p>\n\n\n\n<p>Esperamos que al final del curso lo hayamos completado y podamos descubrir el dibujo y el mensaje escondido.<\/p>\n\n\n\n<p>De momento vamos muy bien y estamos muy motivados\/as.<\/p>\n\n\n\n<p>Aqu\u00ed os ponemos una foto de c\u00f3mo est\u00e1 actualmente.<\/p>\n\n\n\n<figure class=\"wp-block-image size-large\"><img loading=\"lazy\" decoding=\"async\" width=\"1024\" height=\"461\" src=\"https:\/\/site.educa.madrid.org\/cp.montelindo.bustarviejo\/\/wp-content\/uploads\/cp.montelindo.bustarviejo\/2021\/05\/fomento-lectura-2-1024x461.jpeg\" alt=\"\" class=\"wp-image-944\" srcset=\"https:\/\/site.educa.madrid.org\/cp.montelindo.bustarviejo\/\/wp-content\/uploads\/cp.montelindo.bustarviejo\/2021\/05\/fomento-lectura-2-1024x461.jpeg 1024w, https:\/\/site.educa.madrid.org\/cp.montelindo.bustarviejo\/\/wp-content\/uploads\/cp.montelindo.bustarviejo\/2021\/05\/fomento-lectura-2-300x135.jpeg 300w, https:\/\/site.educa.madrid.org\/cp.montelindo.bustarviejo\/\/wp-content\/uploads\/cp.montelindo.bustarviejo\/2021\/05\/fomento-lectura-2-768x345.jpeg 768w, https:\/\/site.educa.madrid.org\/cp.montelindo.bustarviejo\/\/wp-content\/uploads\/cp.montelindo.bustarviejo\/2021\/05\/fomento-lectura-2-1536x691.jpeg 1536w, https:\/\/site.educa.madrid.org\/cp.montelindo.bustarviejo\/\/wp-content\/uploads\/cp.montelindo.bustarviejo\/2021\/05\/fomento-lectura-2.jpeg 2048w\" sizes=\"auto, (max-width: 1024px) 100vw, 1024px\" \/><\/figure>\n\n\n<p><a href=\"https:\/\/site.educa.madrid.org\/cp.montelindo.bustarviejo\/\/wp-content\/uploads\/cp.montelindo.bustarviejo\/2021\/03\/Folleto-Informaci\u00f3n.pdf\"><img loading=\"lazy\" decoding=\"async\" class=\"alignnone wp-image-880\" src=\"https:\/\/site.educa.madrid.org\/cp.montelindo.bustarviejo\/\/wp-content\/uploads\/cp.montelindo.bustarviejo\/2021\/03\/Folleto-cole-300x212.png\" alt=\"\" width=\"400\" height=\"283\" srcset=\"https:\/\/site.educa.madrid.org\/cp.montelindo.bustarviejo\/\/wp-content\/uploads\/cp.montelindo.bustarviejo\/2021\/03\/Folleto-cole-300x212.png 300w, https:\/\/site.educa.madrid.org\/cp.montelindo.bustarviejo\/\/wp-content\/uploads\/cp.montelindo.bustarviejo\/2021\/03\/Folleto-cole-768x543.png 768w, https:\/\/site.educa.madrid.org\/cp.montelindo.bustarviejo\/\/wp-content\/uploads\/cp.montelindo.bustarviejo\/2021\/03\/Folleto-cole.png 962w\" sizes=\"auto, (max-width: 400px) 100vw, 400px\" \/><\/a><\/p>\n\n\n<h2 class=\"wp-block-heading\">&gt; <strong>Proceso ordinario de admisi\u00f3n de alumnos. Curso 2021-2022<\/strong><\/h2>\n\n\n\n<p><\/p>\n\n\n\n<p>A continuaci\u00f3n pod\u00e9is ver toda la informaci\u00f3n relativa al proceso de admisi\u00f3n para el pr\u00f3ximo curso.<\/p>\n\n\n\n<p>Si os descarg\u00e1is el pdf de cada imagen y pinch\u00e1is en cada recuadro os lleva directamente a la web donde podr\u00e9is ver la informaci\u00f3n correspondiente as\u00ed como cumplimentar lo necesario para la admisi\u00f3n.<\/p>\n\n\n\n<p>Para ver el documento con toda la informaci\u00f3n puedes pinchar <a href=\"https:\/\/site.educa.madrid.org\/cp.montelindo.bustarviejo\/\/wp-content\/uploads\/cp.montelindo.bustarviejo\/2021\/03\/PROCESO-DE-ADMISI\u00d3N-DE-ALUMNOS-EN-CENTROS-SOSTENIDOS-CON-FONDOS-P\u00daBLICOS-21-22.pdf\">aqu\u00ed<\/a>.<\/p>\n\n\n\n<p><\/p>\n\n\n\n<figure class=\"wp-block-image size-full\"><img loading=\"lazy\" decoding=\"async\" width=\"541\" height=\"696\" src=\"https:\/\/site.educa.madrid.org\/cp.montelindo.bustarviejo\/\/wp-content\/uploads\/cp.montelindo.bustarviejo\/2021\/03\/image.png\" alt=\"\" class=\"wp-image-824\" srcset=\"https:\/\/site.educa.madrid.org\/cp.montelindo.bustarviejo\/\/wp-content\/uploads\/cp.montelindo.bustarviejo\/2021\/03\/image.png 541w, https:\/\/site.educa.madrid.org\/cp.montelindo.bustarviejo\/\/wp-content\/uploads\/cp.montelindo.bustarviejo\/2021\/03\/image-233x300.png 233w\" sizes=\"auto, (max-width: 541px) 100vw, 541px\" \/><figcaption><br><\/figcaption><\/figure>\n\n\n\n<div class=\"wp-block-file\"><a id=\"wp-block-file--media-60224c54-7598-4e13-a0b1-81fd749d77ee\" href=\"https:\/\/site.educa.madrid.org\/cp.montelindo.bustarviejo\/\/wp-content\/uploads\/cp.montelindo.bustarviejo\/2021\/03\/Calendario-ordinario-admisi\u00f3n.pdf\">Calendario-ordinario-admisi\u00f3n<\/a><a href=\"https:\/\/site.educa.madrid.org\/cp.montelindo.bustarviejo\/\/wp-content\/uploads\/cp.montelindo.bustarviejo\/2021\/03\/Calendario-ordinario-admisi\u00f3n.pdf\" class=\"wp-block-file__button\" download aria-describedby=\"wp-block-file--media-60224c54-7598-4e13-a0b1-81fd749d77ee\">Descarga<\/a><\/div>\n\n\n\n<figure class=\"wp-block-image size-full\"><img loading=\"lazy\" decoding=\"async\" width=\"505\" height=\"658\" src=\"https:\/\/site.educa.madrid.org\/cp.montelindo.bustarviejo\/\/wp-content\/uploads\/cp.montelindo.bustarviejo\/2021\/03\/image-1.png\" alt=\"\" class=\"wp-image-826\" srcset=\"https:\/\/site.educa.madrid.org\/cp.montelindo.bustarviejo\/\/wp-content\/uploads\/cp.montelindo.bustarviejo\/2021\/03\/image-1.png 505w, https:\/\/site.educa.madrid.org\/cp.montelindo.bustarviejo\/\/wp-content\/uploads\/cp.montelindo.bustarviejo\/2021\/03\/image-1-230x300.png 230w\" sizes=\"auto, (max-width: 505px) 100vw, 505px\" \/><\/figure>\n\n\n\n<div class=\"wp-block-file\"><a id=\"wp-block-file--media-7aada07a-4511-4466-b96e-d5cda620df98\" href=\"https:\/\/site.educa.madrid.org\/cp.montelindo.bustarviejo\/\/wp-content\/uploads\/cp.montelindo.bustarviejo\/2021\/03\/Calendario-publicacion-listados.pdf\">Calendario-publicacion-listados<\/a><a href=\"https:\/\/site.educa.madrid.org\/cp.montelindo.bustarviejo\/\/wp-content\/uploads\/cp.montelindo.bustarviejo\/2021\/03\/Calendario-publicacion-listados.pdf\" class=\"wp-block-file__button\" download aria-describedby=\"wp-block-file--media-7aada07a-4511-4466-b96e-d5cda620df98\">Descarga<\/a><\/div>\n\n\n<p><\/p>\n<h2>&gt; Programa de \u00abLa Super radio de los&nbsp; Sexenteros\u00bb<\/h2>\n<p><a style=\"color: #008f39;\" href=\"https:\/\/site.educa.madrid.org\/cp.montelindo.bustarviejo\/index.php\/sexto\/\" data-rich-text-format-boundary=\"true\">Ya est\u00e1 disponible el tercer programa de radio de l@s chic@s de sexto<\/a><\/p>\n<p><\/p>\n<h2>&gt; Elecciones representantes de familias al Consejo Escolar<\/h2>\n<p><a href=\"https:\/\/site.educa.madrid.org\/cp.montelindo.bustarviejo\/index.php\/consejo-escolar\/\">Resultado<\/a><\/p>\n<p><\/p>\n<h2>&gt; Libros de texto curso 2020-2021<\/h2>\n<div class=\"attachmentsContainer\">\n<div id=\"attachmentsList_com_content_article_312\" class=\"attachmentsList\"><a class=\"at_url\" style=\"color: #008f39;\" title=\"Descargar este archivo (LIBROS texto 2020-2021.pdf)\" href=\"https:\/\/site.educa.madrid.org\/cp.montelindo.bustarviejo\/\/wp-content\/uploads\/cp.montelindo.bustarviejo\/2020\/09\/LIBROS-texto-2020-2021.pdf\" target=\"_blank\" rel=\"noopener noreferrer\">LIBROS texto 2020-2021.pdf<\/a><\/div>\n<\/div>\n<div class=\"attachmentsList\">&nbsp;<\/div>\n<div>&nbsp;<\/div>\n<div>&nbsp;<\/div>\n<div>&nbsp;<\/div>\n<div class=\"items-row cols-1 row-0\">\n<div class=\"item column-1\">\n<div class=\"item-separator\">\n<hr><\/div>\n<\/div>\n<\/div>\n<div class=\"items-row cols-1 row-1\">\n<div class=\"item column-1\">\n<div class=\"attachmentsContainer\">\n<div id=\"attachmentsList_com_content_article_310\" class=\"attachmentsList\">&nbsp;<\/div>\n<\/div>\n<div class=\"item-separator\">&nbsp;<\/div>\n<\/div>\n<\/div>\n<div class=\"items-row cols-1 row-2\">\n<div class=\"item column-1\">\n<h6><span style=\"color: inherit; font-size: 1.95em; font-weight: 600;\">&gt; Presentaci\u00f3n CEIP Montelindo<\/span><\/h6>\n<p><img loading=\"lazy\" decoding=\"async\" class=\"aligncenter wp-image-704 size-full\" src=\"https:\/\/site.educa.madrid.org\/cp.montelindo.bustarviejo\/\/wp-content\/uploads\/cp.montelindo.bustarviejo\/2021\/03\/montelindo-logo.png\" alt=\"\" width=\"2369\" height=\"522\" srcset=\"https:\/\/site.educa.madrid.org\/cp.montelindo.bustarviejo\/\/wp-content\/uploads\/cp.montelindo.bustarviejo\/2021\/03\/montelindo-logo.png 2369w, https:\/\/site.educa.madrid.org\/cp.montelindo.bustarviejo\/\/wp-content\/uploads\/cp.montelindo.bustarviejo\/2021\/03\/montelindo-logo-300x66.png 300w, https:\/\/site.educa.madrid.org\/cp.montelindo.bustarviejo\/\/wp-content\/uploads\/cp.montelindo.bustarviejo\/2021\/03\/montelindo-logo-1024x226.png 1024w, https:\/\/site.educa.madrid.org\/cp.montelindo.bustarviejo\/\/wp-content\/uploads\/cp.montelindo.bustarviejo\/2021\/03\/montelindo-logo-768x169.png 768w, https:\/\/site.educa.madrid.org\/cp.montelindo.bustarviejo\/\/wp-content\/uploads\/cp.montelindo.bustarviejo\/2021\/03\/montelindo-logo-1536x338.png 1536w, https:\/\/site.educa.madrid.org\/cp.montelindo.bustarviejo\/\/wp-content\/uploads\/cp.montelindo.bustarviejo\/2021\/03\/montelindo-logo-2048x451.png 2048w\" sizes=\"auto, (max-width: 2369px) 100vw, 2369px\" \/><\/p>\n<\/div>\n<\/div>\n<p><span style=\"color: #800080;\"><strong>DATOS<\/strong><\/span><\/p>\n<p><strong>CEIP MONTELINDO<\/strong><\/p>\n<p>Carretera de Valdemanco, 9 28720 Bustarviejo. Madrid<\/p>\n<p>Tel\u00e9fonos: 918482700 \/ 918482308 (tel\u00e9fono y fax)<\/p>\n<p>Correo electr\u00f3nico: <a href=\"mailto:cp.montelindo.bustarviejo@educa.madrid.org\">cp.montelindo.bustarviejo@educa.madrid.org<\/a><\/p>\n<p>P\u00e1gina web: cp.montelindo.bustarviejo.educa.madrid.org<\/p>\n<p><span style=\"color: #800080;\"><strong>HORARIO<\/strong><\/span><\/p>\n<p>De octubre a mayo de 9:00 a 14:00h<\/p>\n<p>En septiembre y junio de 9:00 a 13:00h<\/p>\n<p><span style=\"color: #800080;\"><strong>SERVICIOS COMPLEMENTARIOS<\/strong><\/span><\/p>\n<p>\u201cPrimeros del cole\u201d de 7:00 a 9:00h durante todo el curso (gestionado por el AMPA y subvencionado por el Ayuntamiento)<\/p>\n<div class=\"items-row cols-1 row-3\">\n<div class=\"item column-1\">\n<p><em><strong>&nbsp;Puedes ver toda la informaci\u00f3n aqu\u00ed:&nbsp;<\/strong><\/em><\/p>\n<p><a class=\"at_url\" style=\"color: #008f39;\" title=\"Descargar este archivo (Presentaci\u00f3n CEIP MONTELINDO.pdf)\" href=\"https:\/\/site.educa.madrid.org\/cp.montelindo.bustarviejo\/\/wp-content\/uploads\/cp.montelindo.bustarviejo\/2020\/09\/Presentacio\u0301n-CEIP-MONTELINDO.pdf\" target=\"_blank\" rel=\"noopener noreferrer\">Presentaci\u00f3n CEIP Montelindo<\/a><\/p>\n<\/div>\n<\/div>\n<div class=\"items-row cols-1 row-4\">\n<div class=\"item column-1\">\n<div class=\"attachmentsContainer\">\n<div id=\"attachmentsList_com_content_article_306\" class=\"attachmentsList\">&nbsp;<\/div>\n<\/div>\n<\/div>\n<\/div>\n\n\n<p><\/p>\n","protected":false},"excerpt":{"rendered":"<p>CALENDARIO ESCOLAR 2021-2022 LISTADO DE LIBROS CURSO 21-22 FELICIDADES A LA CALSE DE 3\u00baA REGALO ARBOL NUESTRO PUZZLE DE LECTURA CONSEGUIDO MATRICULACI\u00d3N Y DEM\u00c1S DOCUMENTACI\u00d3N ADMISI\u00d3N ADSCRIPCI\u00d3N \u00daNICA ADMISI\u00d3N CENTROS NO ADSCRITOS ADMISION PRUEBAS DIFINITIVAS Durante el mes de abril, todo el colegio hemos estado trabajando el tema de la poes\u00eda.Hemos disfrutado de la lectura [&hellip;]<\/p>\n","protected":false},"author":1,"featured_media":0,"parent":0,"menu_order":0,"comment_status":"open","ping_status":"open","template":"","meta":{"footnotes":""},"folder":[],"class_list":["post-2","page","type-page","status-publish","hentry"],"rttpg_featured_image_url":null,"rttpg_author":{"display_name":"jirafa20","author_link":"https:\/\/site.educa.madrid.org\/cp.montelindo.bustarviejo\/index.php\/author\/educa\/"},"rttpg_comment":0,"rttpg_category":false,"rttpg_excerpt":"CALENDARIO ESCOLAR 2021-2022 LISTADO DE LIBROS CURSO 21-22 FELICIDADES A LA CALSE DE 3\u00baA REGALO ARBOL NUESTRO PUZZLE DE LECTURA CONSEGUIDO MATRICULACI\u00d3N Y DEM\u00c1S DOCUMENTACI\u00d3N ADMISI\u00d3N ADSCRIPCI\u00d3N \u00daNICA ADMISI\u00d3N CENTROS NO ADSCRITOS ADMISION PRUEBAS DIFINITIVAS Durante el mes de abril, todo el colegio hemos estado trabajando el tema de la poes\u00eda.Hemos disfrutado de la lectura&hellip;","post_mailing_queue_ids":[],"_links":{"self":[{"href":"https:\/\/site.educa.madrid.org\/cp.montelindo.bustarviejo\/index.php\/wp-json\/wp\/v2\/pages\/2","targetHints":{"allow":["GET"]}}],"collection":[{"href":"https:\/\/site.educa.madrid.org\/cp.montelindo.bustarviejo\/index.php\/wp-json\/wp\/v2\/pages"}],"about":[{"href":"https:\/\/site.educa.madrid.org\/cp.montelindo.bustarviejo\/index.php\/wp-json\/wp\/v2\/types\/page"}],"author":[{"embeddable":true,"href":"https:\/\/site.educa.madrid.org\/cp.montelindo.bustarviejo\/index.php\/wp-json\/wp\/v2\/users\/1"}],"replies":[{"embeddable":true,"href":"https:\/\/site.educa.madrid.org\/cp.montelindo.bustarviejo\/index.php\/wp-json\/wp\/v2\/comments?post=2"}],"version-history":[{"count":50,"href":"https:\/\/site.educa.madrid.org\/cp.montelindo.bustarviejo\/index.php\/wp-json\/wp\/v2\/pages\/2\/revisions"}],"predecessor-version":[{"id":1455,"href":"https:\/\/site.educa.madrid.org\/cp.montelindo.bustarviejo\/index.php\/wp-json\/wp\/v2\/pages\/2\/revisions\/1455"}],"wp:attachment":[{"href":"https:\/\/site.educa.madrid.org\/cp.montelindo.bustarviejo\/index.php\/wp-json\/wp\/v2\/media?parent=2"}],"wp:term":[{"taxonomy":"folder","embeddable":true,"href":"https:\/\/site.educa.madrid.org\/cp.montelindo.bustarviejo\/index.php\/wp-json\/wp\/v2\/folder?post=2"}],"curies":[{"name":"wp","href":"https:\/\/api.w.org\/{rel}","templated":true}]}}