{"id":2015,"date":"2024-03-07T12:19:48","date_gmt":"2024-03-07T11:19:48","guid":{"rendered":"https:\/\/site.educa.madrid.org\/cp.montelindo.bustarviejo\/?page_id=2015"},"modified":"2025-01-10T10:49:15","modified_gmt":"2025-01-10T09:49:15","slug":"salud","status":"publish","type":"page","link":"https:\/\/site.educa.madrid.org\/cp.montelindo.bustarviejo\/index.php\/salud\/","title":{"rendered":"SALUD"},"content":{"rendered":"\n<p>Os dejamos algunos documentos relacionados con la salud infantil que pueden serviros de gran utilidad con vuestr@s hij@s.<\/p>\n\n\n\n<p><a href=\"https:\/\/site.educa.madrid.org\/cp.montelindo.bustarviejo\/\/wp-content\/uploads\/cp.montelindo.bustarviejo\/2024\/03\/1.-Heridas-MONTELINDO.pdf\" target=\"_blank\" rel=\"noreferrer noopener\">Heridas: c\u00f3mo curarlas<\/a><\/p>\n\n\n\n<p><a href=\"https:\/\/site.educa.madrid.org\/cp.montelindo.bustarviejo\/\/wp-content\/uploads\/cp.montelindo.bustarviejo\/2024\/03\/2.-Quemaduras-MONTELINDO.pdf\" target=\"_blank\" rel=\"noreferrer noopener\">Quemaduras: \u00bfqu\u00e9 hacer y qu\u00e9 no hacer?<\/a><\/p>\n\n\n\n<p><a href=\"https:\/\/site.educa.madrid.org\/cp.montelindo.bustarviejo\/\/wp-content\/uploads\/cp.montelindo.bustarviejo\/2024\/03\/3.-Pediculosis-o-piojos-MONTELINDO.pdf\" target=\"_blank\" rel=\"noreferrer noopener\">Pediculosis o piojos: \u00bfc\u00f3mo detectarlos y tratarlos?<\/a><\/p>\n\n\n\n<p><a href=\"https:\/\/site.educa.madrid.org\/cp.montelindo.bustarviejo\/\/wp-content\/uploads\/cp.montelindo.bustarviejo\/2024\/03\/4.-Oxiuros-o-lombrices-MONTELINDO.pdf\" target=\"_blank\" rel=\"noreferrer noopener\">\u00a1Lombrices! \u00bfY ahora, qu\u00e9?<\/a><\/p>\n\n\n\n<p><a href=\"https:\/\/site.educa.madrid.org\/cp.montelindo.bustarviejo\/\/wp-content\/uploads\/cp.montelindo.bustarviejo\/2024\/03\/5.-Boca-mano-pie-MONTELINDO.pdf\" target=\"_blank\" rel=\"noreferrer noopener\">Boca-mano-pie. \u00bfQu\u00e9 necesitas saber?<\/a><\/p>\n\n\n\n<p><a href=\"https:\/\/site.educa.madrid.org\/cp.montelindo.bustarviejo\/\/wp-content\/uploads\/cp.montelindo.bustarviejo\/2024\/03\/6.-Conjuntivitis-MONTELINDO.pdf\" target=\"_blank\" rel=\"noreferrer noopener\">\u00bfOjos rojos? \u00bfLagrimeo? Conjuntivitis.<\/a><\/p>\n\n\n\n<p><a href=\"https:\/\/site.educa.madrid.org\/cp.montelindo.bustarviejo\/\/wp-content\/uploads\/cp.montelindo.bustarviejo\/2024\/03\/7.-Escarlatina-MONTELINDO.pdf\" target=\"_blank\" rel=\"noreferrer noopener\">Escarlatina o estreptococo betahemol\u00edtico del grupo A<\/a><\/p>\n\n\n\n<p><a href=\"https:\/\/site.educa.madrid.org\/cp.montelindo.bustarviejo\/\/wp-content\/uploads\/cp.montelindo.bustarviejo\/2024\/03\/8.-Tosferina-MONTELINDO.pdf\" target=\"_blank\" rel=\"noreferrer noopener\">Tosferina: s\u00edntomas y tratamiento<\/a><\/p>\n\n\n\n<p><a href=\"https:\/\/site.educa.madrid.org\/cp.montelindo.bustarviejo\/\/wp-content\/uploads\/cp.montelindo.bustarviejo\/2024\/03\/9.-Varicela-MONTELINDO.pdf\" target=\"_blank\" rel=\"noreferrer noopener\">Varicela o virus z\u00f3ster: \u00bfqu\u00e9 puedo hacer?<\/a><\/p>\n\n\n\n<p><a href=\"https:\/\/site.educa.madrid.org\/cp.montelindo.bustarviejo\/\/wp-content\/uploads\/cp.montelindo.bustarviejo\/2024\/03\/10.-Sarampion-MONTELINDO.pdf\" target=\"_blank\" rel=\"noreferrer noopener\">Sarampi\u00f3n: s\u00edntomas, complicaciones, tratamiento<\/a><\/p>\n\n\n\n<p><a href=\"https:\/\/site.educa.madrid.org\/cp.montelindo.bustarviejo\/\/wp-content\/uploads\/cp.montelindo.bustarviejo\/2024\/03\/11.-Paperas-MONTELINDO.pdf\" target=\"_blank\" rel=\"noreferrer noopener\">Paperas (parotiditis epid\u00e9mica)<\/a><\/p>\n\n\n\n<p><a href=\"https:\/\/site.educa.madrid.org\/cp.montelindo.bustarviejo\/\/wp-content\/uploads\/cp.montelindo.bustarviejo\/2024\/03\/12.-Tos-MONTELINDO.pdf\" target=\"_blank\" rel=\"noreferrer noopener\">La tos y sus tipos. \u00bfHay que tratarla?<\/a><\/p>\n\n\n\n<p><a href=\"https:\/\/site.educa.madrid.org\/cp.montelindo.bustarviejo\/\/wp-content\/uploads\/cp.montelindo.bustarviejo\/2024\/03\/13.-Infecciones-respiratorias-MONTELINDO.pdf\" target=\"_blank\" rel=\"noreferrer noopener\">Infecciones respiratorias en los ni\u00f1os: c\u00f3mo prevenir el contagio<\/a><\/p>\n\n\n\n<p><a href=\"https:\/\/site.educa.madrid.org\/cp.montelindo.bustarviejo\/\/wp-content\/uploads\/cp.montelindo.bustarviejo\/2024\/03\/14.-Golpes-en-la-cabeza-MONTELINDO.pdf\" target=\"_blank\" rel=\"noreferrer noopener\">Golpes en la cabeza. Cu\u00e1ndo nos deben preocupar. <\/a><\/p>\n\n\n\n<p><a href=\"https:\/\/site.educa.madrid.org\/cp.montelindo.bustarviejo\/\/wp-content\/uploads\/cp.montelindo.bustarviejo\/2024\/03\/15.-Fiebre-MONTELINDO.pdf\" target=\"_blank\" rel=\"noreferrer noopener\">La fiebre. \u00bfHay que tratarla? \u00bfCu\u00e1ndo? \u00bfC\u00f3mo?<\/a><\/p>\n\n\n\n<p><a href=\"https:\/\/site.educa.madrid.org\/cp.montelindo.bustarviejo\/\/wp-content\/uploads\/cp.montelindo.bustarviejo\/2024\/03\/16.-Epixtasis-o-sangrado-nasal-MONTELINDO.pdf\" target=\"_blank\" rel=\"noreferrer noopener\">\u00a1Le sangra la nariz! \u00bfQu\u00e9 hacer?<\/a><\/p>\n\n\n\n<p><a href=\"https:\/\/site.educa.madrid.org\/cp.montelindo.bustarviejo\/\/wp-content\/uploads\/cp.montelindo.bustarviejo\/2024\/03\/17.-Convulsiones-febriles-MONTELINDO.pdf\" target=\"_blank\" rel=\"noreferrer noopener\">Convulsiones febriles. Que no cunda el p\u00e1nico<\/a><\/p>\n\n\n\n<p><a href=\"https:\/\/site.educa.madrid.org\/cp.montelindo.bustarviejo\/\/wp-content\/uploads\/cp.montelindo.bustarviejo\/2024\/03\/18.-Ansiedad-MONTELINDO.pdf\" target=\"_blank\" rel=\"noreferrer noopener\">Trastornos de ansiedad en ni\u00f1os y ni\u00f1as. \u00bfCu\u00e1ndo se convierten en un problema?<\/a><\/p>\n\n\n\n<p><a href=\"https:\/\/site.educa.madrid.org\/cp.montelindo.bustarviejo\/\/wp-content\/uploads\/cp.montelindo.bustarviejo\/2024\/03\/19.-Depresion-MONTELINDO.pdf\" target=\"_blank\" rel=\"noreferrer noopener\">Depresi\u00f3n en infancia y adolescencia.<\/a><\/p>\n\n\n\n<p><a href=\"https:\/\/site.educa.madrid.org\/cp.montelindo.bustarviejo\/\/wp-content\/uploads\/cp.montelindo.bustarviejo\/2024\/03\/20.-Atragantamientos-MONTELINDO.pdf\" target=\"_blank\" rel=\"noreferrer noopener\">Atragantamiento. \u00bfC\u00f3mo actuar?<\/a><\/p>\n\n\n\n<p> <a href=\"https:\/\/site.educa.madrid.org\/cp.montelindo.bustarviejo\/\/wp-content\/uploads\/cp.montelindo.bustarviejo\/2024\/03\/21.-Cepillado-dientes-MONTELINDO.pdf\" target=\"_blank\" rel=\"noreferrer noopener\">Cepillado de dientes. \u00bfC\u00f3mo se deben lavar los dientes de ni\u00f1os y ni\u00f1as?<\/a><\/p>\n\n\n\n<p><a href=\"https:\/\/site.educa.madrid.org\/cp.montelindo.bustarviejo\/\/wp-content\/uploads\/cp.montelindo.bustarviejo\/2024\/03\/22.-Obesidad-MONTELINDO.pdf\" target=\"_blank\" rel=\"noreferrer noopener\">Obesidad en la infancia: consejos para su prevenci\u00f3n<\/a><\/p>\n\n\n\n<p><a href=\"https:\/\/site.educa.madrid.org\/cp.montelindo.bustarviejo\/\/wp-content\/uploads\/cp.montelindo.bustarviejo\/2024\/03\/23.-Trastornos-de-alimentacion-MONTELINDO.pdf\" target=\"_blank\" rel=\"noreferrer noopener\">Trastornos de la conducta alimentaria: anorexia y bulimia<\/a><\/p>\n\n\n\n<p><a href=\"https:\/\/site.educa.madrid.org\/cp.montelindo.bustarviejo\/\/wp-content\/uploads\/cp.montelindo.bustarviejo\/2024\/03\/24.-Esguinces-o-torceduras-MONTELINDO.pdf\" target=\"_blank\" rel=\"noreferrer noopener\">Esguinces o torceduras de tobillo: \u00bfc\u00f3mo se producen y c\u00f3mo tratarlos?<\/a><\/p>\n\n\n\n<p><a href=\"https:\/\/site.educa.madrid.org\/cp.montelindo.bustarviejo\/\/wp-content\/uploads\/cp.montelindo.bustarviejo\/2024\/03\/25.-Fumadores-pasivos-MONTELINDO.pdf\" target=\"_blank\" rel=\"noreferrer noopener\">Ni\u00f1os fumadores pasivos: c\u00f3mo evitarlo<\/a><\/p>\n\n\n\n<p><a href=\"https:\/\/site.educa.madrid.org\/cp.montelindo.bustarviejo\/\/wp-content\/uploads\/cp.montelindo.bustarviejo\/2024\/03\/26.-Alergia-y-autoinyector-de-adrenalina-MONTELINDO.pdf\" target=\"_blank\" rel=\"noreferrer noopener\">Alergia, anafilaxis y uso de autoinyector de adrenalina<\/a><\/p>\n\n\n\n<p><a href=\"https:\/\/site.educa.madrid.org\/cp.montelindo.bustarviejo\/\/wp-content\/uploads\/cp.montelindo.bustarviejo\/2024\/03\/27.-Vacunacion-Rubeola-MONTELINDO.pdf\" target=\"_blank\" rel=\"noreferrer noopener\">Vacunas contra la rubeola: \u00bfqu\u00e9 vacunas existen y qui\u00e9n se debe vacunar?<\/a><\/p>\n\n\n\n<p><a href=\"https:\/\/site.educa.madrid.org\/cp.montelindo.bustarviejo\/\/wp-content\/uploads\/cp.montelindo.bustarviejo\/2024\/03\/anexo.-RCP-MONTELINDO.pdf\" target=\"_blank\" rel=\"noreferrer noopener\">Soporte vital b\u00e1sico o RCP<\/a><\/p>\n\n\n\n<p><\/p>\n\n\n\n<p><\/p>\n\n\n\n<p><\/p>\n\n\n\n<p><\/p>\n","protected":false},"excerpt":{"rendered":"<p>Os dejamos algunos documentos relacionados con la salud infantil que pueden serviros de gran utilidad con vuestr@s hij@s. Heridas: c\u00f3mo curarlas Quemaduras: \u00bfqu\u00e9 hacer y qu\u00e9 no hacer? Pediculosis o piojos: \u00bfc\u00f3mo detectarlos y tratarlos? \u00a1Lombrices! \u00bfY ahora, qu\u00e9? Boca-mano-pie. \u00bfQu\u00e9 necesitas saber? \u00bfOjos rojos? \u00bfLagrimeo? Conjuntivitis. Escarlatina o estreptococo betahemol\u00edtico del grupo A Tosferina: [&hellip;]<\/p>\n","protected":false},"author":2,"featured_media":0,"parent":0,"menu_order":0,"comment_status":"closed","ping_status":"closed","template":"","meta":{"footnotes":""},"folder":[],"class_list":["post-2015","page","type-page","status-publish","hentry"],"rttpg_featured_image_url":null,"rttpg_author":{"display_name":"tic.cp.montelindo.bustarviejo","author_link":"https:\/\/site.educa.madrid.org\/cp.montelindo.bustarviejo\/index.php\/author\/cuenta_tic-cp-montelindo-bustarviejo\/"},"rttpg_comment":0,"rttpg_category":false,"rttpg_excerpt":"Os dejamos algunos documentos relacionados con la salud infantil que pueden serviros de gran utilidad con vuestr@s hij@s. Heridas: c\u00f3mo curarlas Quemaduras: \u00bfqu\u00e9 hacer y qu\u00e9 no hacer? Pediculosis o piojos: \u00bfc\u00f3mo detectarlos y tratarlos? \u00a1Lombrices! \u00bfY ahora, qu\u00e9? Boca-mano-pie. \u00bfQu\u00e9 necesitas saber? \u00bfOjos rojos? \u00bfLagrimeo? Conjuntivitis. Escarlatina o estreptococo betahemol\u00edtico del grupo A Tosferina:&hellip;","post_mailing_queue_ids":[],"_links":{"self":[{"href":"https:\/\/site.educa.madrid.org\/cp.montelindo.bustarviejo\/index.php\/wp-json\/wp\/v2\/pages\/2015","targetHints":{"allow":["GET"]}}],"collection":[{"href":"https:\/\/site.educa.madrid.org\/cp.montelindo.bustarviejo\/index.php\/wp-json\/wp\/v2\/pages"}],"about":[{"href":"https:\/\/site.educa.madrid.org\/cp.montelindo.bustarviejo\/index.php\/wp-json\/wp\/v2\/types\/page"}],"author":[{"embeddable":true,"href":"https:\/\/site.educa.madrid.org\/cp.montelindo.bustarviejo\/index.php\/wp-json\/wp\/v2\/users\/2"}],"replies":[{"embeddable":true,"href":"https:\/\/site.educa.madrid.org\/cp.montelindo.bustarviejo\/index.php\/wp-json\/wp\/v2\/comments?post=2015"}],"version-history":[{"count":3,"href":"https:\/\/site.educa.madrid.org\/cp.montelindo.bustarviejo\/index.php\/wp-json\/wp\/v2\/pages\/2015\/revisions"}],"predecessor-version":[{"id":2341,"href":"https:\/\/site.educa.madrid.org\/cp.montelindo.bustarviejo\/index.php\/wp-json\/wp\/v2\/pages\/2015\/revisions\/2341"}],"wp:attachment":[{"href":"https:\/\/site.educa.madrid.org\/cp.montelindo.bustarviejo\/index.php\/wp-json\/wp\/v2\/media?parent=2015"}],"wp:term":[{"taxonomy":"folder","embeddable":true,"href":"https:\/\/site.educa.madrid.org\/cp.montelindo.bustarviejo\/index.php\/wp-json\/wp\/v2\/folder?post=2015"}],"curies":[{"name":"wp","href":"https:\/\/api.w.org\/{rel}","templated":true}]}}