{"id":205,"date":"2020-08-29T10:53:03","date_gmt":"2020-08-29T10:53:03","guid":{"rendered":"https:\/\/site.educa.madrid.org\/cp.montelindo.bustarviejo\/?page_id=205"},"modified":"2024-01-11T13:32:26","modified_gmt":"2024-01-11T12:32:26","slug":"extraescolares","status":"publish","type":"page","link":"https:\/\/site.educa.madrid.org\/cp.montelindo.bustarviejo\/index.php\/extraescolares\/","title":{"rendered":"EXTRAESCOLARES"},"content":{"rendered":"\n<p>Las actividades extraescolares del centro se desarrollan gracias a la <a href=\"https:\/\/ampamontelindo.es\/extraescolares\/\" target=\"_blank\" rel=\"noreferrer noopener\">AMPA<\/a>. La oferta para este curso es la siguiente:<\/p>\n\n\n\n<h2 class=\"wp-block-heading\">Iniciaci\u00f3n al MTB<\/h2>\n\n\n\n<p><\/p>\n\n\n\n<div class=\"wp-block-columns is-layout-flex wp-container-core-columns-is-layout-28f84493 wp-block-columns-is-layout-flex\">\n<div class=\"wp-block-column is-layout-flow wp-block-column-is-layout-flow\">\n<figure class=\"wp-block-image size-large\"><img loading=\"lazy\" decoding=\"async\" width=\"1024\" height=\"1024\" src=\"https:\/\/site.educa.madrid.org\/cp.montelindo.bustarviejo\/\/wp-content\/uploads\/cp.montelindo.bustarviejo\/2024\/01\/14-1024x1024.png\" alt=\"\" class=\"wp-image-1893\" srcset=\"https:\/\/site.educa.madrid.org\/cp.montelindo.bustarviejo\/\/wp-content\/uploads\/cp.montelindo.bustarviejo\/2024\/01\/14-1024x1024.png 1024w, https:\/\/site.educa.madrid.org\/cp.montelindo.bustarviejo\/\/wp-content\/uploads\/cp.montelindo.bustarviejo\/2024\/01\/14-300x300.png 300w, https:\/\/site.educa.madrid.org\/cp.montelindo.bustarviejo\/\/wp-content\/uploads\/cp.montelindo.bustarviejo\/2024\/01\/14-150x150.png 150w, https:\/\/site.educa.madrid.org\/cp.montelindo.bustarviejo\/\/wp-content\/uploads\/cp.montelindo.bustarviejo\/2024\/01\/14-768x768.png 768w, https:\/\/site.educa.madrid.org\/cp.montelindo.bustarviejo\/\/wp-content\/uploads\/cp.montelindo.bustarviejo\/2024\/01\/14-100x100.png 100w, https:\/\/site.educa.madrid.org\/cp.montelindo.bustarviejo\/\/wp-content\/uploads\/cp.montelindo.bustarviejo\/2024\/01\/14.png 1080w\" sizes=\"auto, (max-width: 1024px) 100vw, 1024px\" \/><\/figure>\n<\/div>\n\n\n\n<div class=\"wp-block-column is-layout-flow wp-block-column-is-layout-flow\">\n<p>El ciclismo de monta\u00f1a es un deporte muy completo que a\u00fana ejercicio f\u00edsico, naturaleza y aprendizajes para el d\u00eda a d\u00eda. Ni\u00f1os y ni\u00f1as pedalean en grupo en los entornos privilegiados de Bustarviejo y comparten sin competitividad: esa es la esencia del club EMEDOCE, el club de MTB de Bustarviejo que organiza esta actividad.<\/p>\n\n\n\n<p><strong>Horario: Lunes de 16:00 a 17:00<\/strong><\/p>\n\n\n\n<p><\/p>\n<\/div>\n<\/div>\n\n\n\n<h2 class=\"wp-block-heading\">Ingl\u00e9s (Child English I y II)<\/h2>\n\n\n\n<div class=\"wp-block-columns is-layout-flex wp-container-core-columns-is-layout-28f84493 wp-block-columns-is-layout-flex\">\n<div class=\"wp-block-column is-layout-flow wp-block-column-is-layout-flow\">\n<figure class=\"wp-block-image size-large\"><img loading=\"lazy\" decoding=\"async\" width=\"1024\" height=\"1024\" src=\"https:\/\/site.educa.madrid.org\/cp.montelindo.bustarviejo\/\/wp-content\/uploads\/cp.montelindo.bustarviejo\/2024\/01\/9-1024x1024.png\" alt=\"\" class=\"wp-image-1894\" srcset=\"https:\/\/site.educa.madrid.org\/cp.montelindo.bustarviejo\/\/wp-content\/uploads\/cp.montelindo.bustarviejo\/2024\/01\/9-1024x1024.png 1024w, https:\/\/site.educa.madrid.org\/cp.montelindo.bustarviejo\/\/wp-content\/uploads\/cp.montelindo.bustarviejo\/2024\/01\/9-300x300.png 300w, https:\/\/site.educa.madrid.org\/cp.montelindo.bustarviejo\/\/wp-content\/uploads\/cp.montelindo.bustarviejo\/2024\/01\/9-150x150.png 150w, https:\/\/site.educa.madrid.org\/cp.montelindo.bustarviejo\/\/wp-content\/uploads\/cp.montelindo.bustarviejo\/2024\/01\/9-768x768.png 768w, https:\/\/site.educa.madrid.org\/cp.montelindo.bustarviejo\/\/wp-content\/uploads\/cp.montelindo.bustarviejo\/2024\/01\/9-100x100.png 100w, https:\/\/site.educa.madrid.org\/cp.montelindo.bustarviejo\/\/wp-content\/uploads\/cp.montelindo.bustarviejo\/2024\/01\/9.png 1080w\" sizes=\"auto, (max-width: 1024px) 100vw, 1024px\" \/><\/figure>\n<\/div>\n\n\n\n<div class=\"wp-block-column is-layout-flow wp-block-column-is-layout-flow\">\n<p>El objetivo principal de Child English es fomentar el aprendizaje de la lengua inglesa a los alumnos y las alumnas mediante una metodolog\u00eda l\u00fadica que incremente as\u00ed su motivaci\u00f3n para querer aprender una nueva lengua de forma divertida.<\/p>\n\n\n\n<p>Enfocamos las clases para reforzar las diferentes competencias en este idioma. Con nuestra metodolog\u00eda, los ni\u00f1os y las ni\u00f1as aprender\u00e1n de una forma natural, jugando y divirti\u00e9ndose desde el primer d\u00eda.<\/p>\n\n\n\n<p><strong>Horario: <\/strong><\/p>\n\n\n\n<ul class=\"wp-block-list\">\n<li><strong>Martes de 16 a 17<\/strong> para ni\u00f1@s de Ed. Infantil a 2\u00ba Ed. Primaria<\/li>\n\n\n\n<li><strong>Jueves de 16 a 17 <\/strong>para ni\u00f1@s de 3\u00ba a 6\u00ba Ed. Primaria<\/li>\n<\/ul>\n\n\n\n<p><\/p>\n<\/div>\n<\/div>\n\n\n\n<h2 class=\"wp-block-heading\">Patinaje<\/h2>\n\n\n\n<div class=\"wp-block-columns is-layout-flex wp-container-core-columns-is-layout-28f84493 wp-block-columns-is-layout-flex\">\n<div class=\"wp-block-column is-layout-flow wp-block-column-is-layout-flow\">\n<figure class=\"wp-block-image size-large\"><img loading=\"lazy\" decoding=\"async\" width=\"1024\" height=\"1024\" src=\"https:\/\/site.educa.madrid.org\/cp.montelindo.bustarviejo\/\/wp-content\/uploads\/cp.montelindo.bustarviejo\/2024\/01\/2-1024x1024.png\" alt=\"\" class=\"wp-image-1895\" srcset=\"https:\/\/site.educa.madrid.org\/cp.montelindo.bustarviejo\/\/wp-content\/uploads\/cp.montelindo.bustarviejo\/2024\/01\/2-1024x1024.png 1024w, https:\/\/site.educa.madrid.org\/cp.montelindo.bustarviejo\/\/wp-content\/uploads\/cp.montelindo.bustarviejo\/2024\/01\/2-300x300.png 300w, https:\/\/site.educa.madrid.org\/cp.montelindo.bustarviejo\/\/wp-content\/uploads\/cp.montelindo.bustarviejo\/2024\/01\/2-150x150.png 150w, https:\/\/site.educa.madrid.org\/cp.montelindo.bustarviejo\/\/wp-content\/uploads\/cp.montelindo.bustarviejo\/2024\/01\/2-768x768.png 768w, https:\/\/site.educa.madrid.org\/cp.montelindo.bustarviejo\/\/wp-content\/uploads\/cp.montelindo.bustarviejo\/2024\/01\/2-100x100.png 100w, https:\/\/site.educa.madrid.org\/cp.montelindo.bustarviejo\/\/wp-content\/uploads\/cp.montelindo.bustarviejo\/2024\/01\/2.png 1080w\" sizes=\"auto, (max-width: 1024px) 100vw, 1024px\" \/><\/figure>\n<\/div>\n\n\n\n<div class=\"wp-block-column is-layout-flow wp-block-column-is-layout-flow\">\n<p>El patinaje es el deporte que no pasa de moda. Ayuda a desarrollar el equilibrio y mantener la armon\u00eda corporal a trav\u00e9s de sus movimientos y ejercicios.<\/p>\n\n\n\n<p>Con esta actividad aprender\u00e1n a deslizarse sobre ruedas, realizar circuitos y superar obst\u00e1culos contribuyendo as\u00ed al desarrollo de la coordinaci\u00f3n, la flexibilidad y la agilidad.<\/p>\n\n\n\n<p><strong>Horario: Jueves de 16:00 a 17:00<\/strong><\/p>\n\n\n\n<p><\/p>\n<\/div>\n<\/div>\n\n\n\n<h2 class=\"wp-block-heading\">Laboratorio de creaci\u00f3n musical<\/h2>\n\n\n\n<div class=\"wp-block-columns is-layout-flex wp-container-core-columns-is-layout-28f84493 wp-block-columns-is-layout-flex\">\n<div class=\"wp-block-column is-layout-flow wp-block-column-is-layout-flow\">\n<figure class=\"wp-block-image size-large\"><img loading=\"lazy\" decoding=\"async\" width=\"1024\" height=\"1024\" src=\"https:\/\/site.educa.madrid.org\/cp.montelindo.bustarviejo\/\/wp-content\/uploads\/cp.montelindo.bustarviejo\/2024\/01\/13-1024x1024.png\" alt=\"\" class=\"wp-image-1896\" srcset=\"https:\/\/site.educa.madrid.org\/cp.montelindo.bustarviejo\/\/wp-content\/uploads\/cp.montelindo.bustarviejo\/2024\/01\/13-1024x1024.png 1024w, https:\/\/site.educa.madrid.org\/cp.montelindo.bustarviejo\/\/wp-content\/uploads\/cp.montelindo.bustarviejo\/2024\/01\/13-300x300.png 300w, https:\/\/site.educa.madrid.org\/cp.montelindo.bustarviejo\/\/wp-content\/uploads\/cp.montelindo.bustarviejo\/2024\/01\/13-150x150.png 150w, https:\/\/site.educa.madrid.org\/cp.montelindo.bustarviejo\/\/wp-content\/uploads\/cp.montelindo.bustarviejo\/2024\/01\/13-768x768.png 768w, https:\/\/site.educa.madrid.org\/cp.montelindo.bustarviejo\/\/wp-content\/uploads\/cp.montelindo.bustarviejo\/2024\/01\/13-100x100.png 100w, https:\/\/site.educa.madrid.org\/cp.montelindo.bustarviejo\/\/wp-content\/uploads\/cp.montelindo.bustarviejo\/2024\/01\/13.png 1080w\" sizes=\"auto, (max-width: 1024px) 100vw, 1024px\" \/><\/figure>\n<\/div>\n\n\n\n<div class=\"wp-block-column is-layout-flow wp-block-column-is-layout-flow\">\n<p>La m\u00fasica es un poderoso elemento de socializaci\u00f3n que facilita la comunicaci\u00f3n a trav\u00e9s de los sentidos. Cuando se asienta sobre un base igualitaria, elimina los roles y estimula relaciones v\u00ednculos duraderos. Compartir la m\u00fasica y sus elementos, el juego y la creatividad en un ambiente de respeto y confianza mejora el bienestar f\u00edsico, emocional, afectivo, social, cognitivo y psicol\u00f3gico de las personas.<\/p>\n\n\n\n<p><strong>Horario: Martes de 16 a 17<\/strong><\/p>\n<\/div>\n<\/div>\n\n\n\n<p>Pod\u00e9is saber m\u00e1s sobre las extraescolares y la forma de apuntar a vuestros hijos e hijas en la p\u00e1gina web de la AMPA:<\/p>\n\n\n\n<div class=\"wp-block-buttons is-layout-flex wp-block-buttons-is-layout-flex\">\n<div class=\"wp-block-button\"><a class=\"wp-block-button__link wp-element-button\" href=\"https:\/\/ampamontelindo.es\/extraescolares\/\" target=\"_blank\" rel=\"noreferrer noopener\">M\u00e1s informaci\u00f3n sobre las extraescolares<\/a><\/div>\n<\/div>\n","protected":false},"excerpt":{"rendered":"<p>Las actividades extraescolares del centro se desarrollan gracias a la AMPA. La oferta para este curso es la siguiente: Iniciaci\u00f3n al MTB El ciclismo de monta\u00f1a es un deporte muy completo que a\u00fana ejercicio f\u00edsico, naturaleza y aprendizajes para el d\u00eda a d\u00eda. Ni\u00f1os y ni\u00f1as pedalean en grupo en los entornos privilegiados de Bustarviejo [&hellip;]<\/p>\n","protected":false},"author":2,"featured_media":0,"parent":0,"menu_order":0,"comment_status":"closed","ping_status":"closed","template":"","meta":{"footnotes":""},"folder":[],"class_list":["post-205","page","type-page","status-publish","hentry"],"rttpg_featured_image_url":null,"rttpg_author":{"display_name":"tic.cp.montelindo.bustarviejo","author_link":"https:\/\/site.educa.madrid.org\/cp.montelindo.bustarviejo\/index.php\/author\/cuenta_tic-cp-montelindo-bustarviejo\/"},"rttpg_comment":0,"rttpg_category":false,"rttpg_excerpt":"Las actividades extraescolares del centro se desarrollan gracias a la AMPA. La oferta para este curso es la siguiente: Iniciaci\u00f3n al MTB El ciclismo de monta\u00f1a es un deporte muy completo que a\u00fana ejercicio f\u00edsico, naturaleza y aprendizajes para el d\u00eda a d\u00eda. Ni\u00f1os y ni\u00f1as pedalean en grupo en los entornos privilegiados de Bustarviejo&hellip;","post_mailing_queue_ids":[],"_links":{"self":[{"href":"https:\/\/site.educa.madrid.org\/cp.montelindo.bustarviejo\/index.php\/wp-json\/wp\/v2\/pages\/205","targetHints":{"allow":["GET"]}}],"collection":[{"href":"https:\/\/site.educa.madrid.org\/cp.montelindo.bustarviejo\/index.php\/wp-json\/wp\/v2\/pages"}],"about":[{"href":"https:\/\/site.educa.madrid.org\/cp.montelindo.bustarviejo\/index.php\/wp-json\/wp\/v2\/types\/page"}],"author":[{"embeddable":true,"href":"https:\/\/site.educa.madrid.org\/cp.montelindo.bustarviejo\/index.php\/wp-json\/wp\/v2\/users\/2"}],"replies":[{"embeddable":true,"href":"https:\/\/site.educa.madrid.org\/cp.montelindo.bustarviejo\/index.php\/wp-json\/wp\/v2\/comments?post=205"}],"version-history":[{"count":4,"href":"https:\/\/site.educa.madrid.org\/cp.montelindo.bustarviejo\/index.php\/wp-json\/wp\/v2\/pages\/205\/revisions"}],"predecessor-version":[{"id":1897,"href":"https:\/\/site.educa.madrid.org\/cp.montelindo.bustarviejo\/index.php\/wp-json\/wp\/v2\/pages\/205\/revisions\/1897"}],"wp:attachment":[{"href":"https:\/\/site.educa.madrid.org\/cp.montelindo.bustarviejo\/index.php\/wp-json\/wp\/v2\/media?parent=205"}],"wp:term":[{"taxonomy":"folder","embeddable":true,"href":"https:\/\/site.educa.madrid.org\/cp.montelindo.bustarviejo\/index.php\/wp-json\/wp\/v2\/folder?post=205"}],"curies":[{"name":"wp","href":"https:\/\/api.w.org\/{rel}","templated":true}]}}