{"id":207,"date":"2020-08-29T10:53:19","date_gmt":"2020-08-29T10:53:19","guid":{"rendered":"https:\/\/site.educa.madrid.org\/cp.montelindo.bustarviejo\/?page_id=207"},"modified":"2024-01-11T13:47:18","modified_gmt":"2024-01-11T12:47:18","slug":"ludoteca","status":"publish","type":"page","link":"https:\/\/site.educa.madrid.org\/cp.montelindo.bustarviejo\/index.php\/ludoteca\/","title":{"rendered":"LUDOTECA"},"content":{"rendered":"\n<p>El servicio de ludoteca se oferta en el cole gracias a la <a href=\"https:\/\/ampamontelindo.es\/primeros-del-cole-y-ludoteca\/\" data-type=\"URL\" data-id=\"https:\/\/ampamontelindo.es\/primeros-del-cole-y-ludoteca\/\" target=\"_blank\" rel=\"noreferrer noopener\">AMPA<\/a>.\u00a0<\/p>\n\n\n\n<p>Se ofrece de manera gratuita para tod@s l@s alumn@s matriculad@s en el centro siempre que haya reuniones para familias convocadas por el profesorado o la AMPA.<\/p>\n\n\n\n<p><br>Durante el curso se pueden hacer uso del mismo todas las familias que por necesidades laborales no puedan ajustarse al horario lectivo del colegio. <\/p>\n\n\n\n<p><br>Si las condiciones meteorol\u00f3gicas lo permiten se lleva a cabo en el patio o en las instalaciones deportivas del centro. En caso de fr\u00edo o lluvia los ni\u00f1os permanecer\u00e1n en el espacio del cole destinado para este servicio donde tienen mobiliario escolar para jugar o hacer los deberes y materiales l\u00fadicos y educativos para hacer de este momento un tiempo ajustado a sus necesidades.<\/p>\n\n\n\n<p><br>Los alumnos\/as pueden merendar en este periodo de tiempo, pero esta corre a cargo de las familias, que tendr\u00e1n que encargarse de meterles en su mochila lo que consideren adecuado.<\/p>\n\n\n\n<p><br>Este servicio se lleva a cabo por personas que garantizan la atenci\u00f3n y el cuidado personalizado que necesita cada uno de los alumnos\/as.<\/p>\n\n\n\n<p><br>El horario: 16:00 a 17:00 horas.<\/p>\n\n\n\n<p>Los precios son de 27\u20ac\/mes la hora completa y 20\u20ac\/mes la media hora. <\/p>\n\n\n\n<p><\/p>\n\n\n\n<p><\/p>\n\n\n\n<p>Telf.: 914 78 42 39<\/p>\n\n\n\n<p>Email: <a href=\"mailto:comercial@pargaylopez.com\">comercial@pargaylopez.com<\/a><\/p>\n\n\n\n<figure class=\"wp-block-image size-full\"><img loading=\"lazy\" decoding=\"async\" width=\"500\" height=\"375\" src=\"https:\/\/site.educa.madrid.org\/cp.montelindo.bustarviejo\/\/wp-content\/uploads\/cp.montelindo.bustarviejo\/2020\/09\/DSC00425.jpg\" alt=\"\" class=\"wp-image-619\" srcset=\"https:\/\/site.educa.madrid.org\/cp.montelindo.bustarviejo\/\/wp-content\/uploads\/cp.montelindo.bustarviejo\/2020\/09\/DSC00425.jpg 500w, https:\/\/site.educa.madrid.org\/cp.montelindo.bustarviejo\/\/wp-content\/uploads\/cp.montelindo.bustarviejo\/2020\/09\/DSC00425-300x225.jpg 300w\" sizes=\"auto, (max-width: 500px) 100vw, 500px\" \/><\/figure>\n\n\n\n<figure class=\"wp-block-image size-full\"><img loading=\"lazy\" decoding=\"async\" width=\"500\" height=\"375\" src=\"https:\/\/site.educa.madrid.org\/cp.montelindo.bustarviejo\/\/wp-content\/uploads\/cp.montelindo.bustarviejo\/2020\/09\/DSC00426.jpg\" alt=\"\" class=\"wp-image-620\" srcset=\"https:\/\/site.educa.madrid.org\/cp.montelindo.bustarviejo\/\/wp-content\/uploads\/cp.montelindo.bustarviejo\/2020\/09\/DSC00426.jpg 500w, https:\/\/site.educa.madrid.org\/cp.montelindo.bustarviejo\/\/wp-content\/uploads\/cp.montelindo.bustarviejo\/2020\/09\/DSC00426-300x225.jpg 300w\" sizes=\"auto, (max-width: 500px) 100vw, 500px\" \/><\/figure>\n\n\n\n<p><\/p>\n\n\n\n<h2 class=\"wp-block-heading\">Normas del servicio de desayuno y ludoteca<\/h2>\n\n\n\n<ul class=\"wp-block-list\">\n<li>Es imprescindible cumplimentar la ficha de inscripci\u00f3n para poder dar de alta al ni\u00f1o o la ni\u00f1a en el servicio y comunicar cualquier variaci\u00f3n que pueda existir posteriormente.<\/li>\n\n\n\n<li>Los y las participantes que hayan hecho uso del servicio durante el curso 2022 \u2013 2023 y no tengan ninguna modificaci\u00f3n en los datos de la ficha no tienen que enviarla de nuevo.<\/li>\n\n\n\n<li>Tanto las altas como las bajas se deber\u00e1n comunicar por correo electr\u00f3nico a&nbsp;<a href=\"mailto:inscripciones@pargaylopez.com\">inscripciones@pargaylopez.com<\/a>&nbsp;al menos con 5 d\u00edas de antelaci\u00f3n al mes siguiente. Es decir, antes del 25 del mes en curso. No se devolver\u00e1 ning\u00fan importe si no se ha efectuado la baja correctamente.<\/li>\n\n\n\n<li>En caso de que el banco devuelva alg\u00fan recibo, habr\u00e1 un recargo de 8\u20ac.<\/li>\n\n\n\n<li>Las ni\u00f1as y los ni\u00f1os que hagan uso del servicio deber\u00e1n cumplir con el horario de entrada contratando con puntualidad.<\/li>\n\n\n\n<li>La cuota se abona por meses completos. La variaci\u00f3n del n\u00famero de d\u00edas lectivos (por festivos, vacaciones, etc.) ya se tiene en cuenta en el c\u00e1lculo.<\/li>\n\n\n\n<li>En los casos en que los y las participantes no puedan hacer uso del servicio no tendr\u00e1n derecho a devoluci\u00f3n de la cantidad abonada con independencia del motivo que la origine (cuarentena, contacto estrecho, enfermedad, etc.)<\/li>\n\n\n\n<li>Los recibos se pasar\u00e1n al cobro en los 10 primeros d\u00edas del mes. El alumnado solo podr\u00e1 hacer uso del servicio si las familias est\u00e1n al corriente de pago de todos los recibos. El impago de un recibo ser\u00e1 motivo de baja autom\u00e1tica del servicio.<\/li>\n\n\n\n<li>El pago de bonos y d\u00edas sueltos se efectuar\u00e1 por adelantado en efectivo a la monitora del servicio. El ni\u00f1o o la ni\u00f1a no podr\u00e1 hacer uso del servicio si no est\u00e1 pagado.<\/li>\n<\/ul>\n","protected":false},"excerpt":{"rendered":"<p>El servicio de ludoteca se oferta en el cole gracias a la AMPA.\u00a0 Se ofrece de manera gratuita para tod@s l@s alumn@s matriculad@s en el centro siempre que haya reuniones para familias convocadas por el profesorado o la AMPA. Durante el curso se pueden hacer uso del mismo todas las familias que por necesidades laborales [&hellip;]<\/p>\n","protected":false},"author":2,"featured_media":0,"parent":0,"menu_order":0,"comment_status":"closed","ping_status":"closed","template":"","meta":{"footnotes":""},"folder":[],"class_list":["post-207","page","type-page","status-publish","hentry"],"rttpg_featured_image_url":null,"rttpg_author":{"display_name":"tic.cp.montelindo.bustarviejo","author_link":"https:\/\/site.educa.madrid.org\/cp.montelindo.bustarviejo\/index.php\/author\/cuenta_tic-cp-montelindo-bustarviejo\/"},"rttpg_comment":0,"rttpg_category":false,"rttpg_excerpt":"El servicio de ludoteca se oferta en el cole gracias a la AMPA.\u00a0 Se ofrece de manera gratuita para tod@s l@s alumn@s matriculad@s en el centro siempre que haya reuniones para familias convocadas por el profesorado o la AMPA. Durante el curso se pueden hacer uso del mismo todas las familias que por necesidades laborales&hellip;","post_mailing_queue_ids":[],"_links":{"self":[{"href":"https:\/\/site.educa.madrid.org\/cp.montelindo.bustarviejo\/index.php\/wp-json\/wp\/v2\/pages\/207","targetHints":{"allow":["GET"]}}],"collection":[{"href":"https:\/\/site.educa.madrid.org\/cp.montelindo.bustarviejo\/index.php\/wp-json\/wp\/v2\/pages"}],"about":[{"href":"https:\/\/site.educa.madrid.org\/cp.montelindo.bustarviejo\/index.php\/wp-json\/wp\/v2\/types\/page"}],"author":[{"embeddable":true,"href":"https:\/\/site.educa.madrid.org\/cp.montelindo.bustarviejo\/index.php\/wp-json\/wp\/v2\/users\/2"}],"replies":[{"embeddable":true,"href":"https:\/\/site.educa.madrid.org\/cp.montelindo.bustarviejo\/index.php\/wp-json\/wp\/v2\/comments?post=207"}],"version-history":[{"count":6,"href":"https:\/\/site.educa.madrid.org\/cp.montelindo.bustarviejo\/index.php\/wp-json\/wp\/v2\/pages\/207\/revisions"}],"predecessor-version":[{"id":1903,"href":"https:\/\/site.educa.madrid.org\/cp.montelindo.bustarviejo\/index.php\/wp-json\/wp\/v2\/pages\/207\/revisions\/1903"}],"wp:attachment":[{"href":"https:\/\/site.educa.madrid.org\/cp.montelindo.bustarviejo\/index.php\/wp-json\/wp\/v2\/media?parent=207"}],"wp:term":[{"taxonomy":"folder","embeddable":true,"href":"https:\/\/site.educa.madrid.org\/cp.montelindo.bustarviejo\/index.php\/wp-json\/wp\/v2\/folder?post=207"}],"curies":[{"name":"wp","href":"https:\/\/api.w.org\/{rel}","templated":true}]}}