{"id":209,"date":"2020-08-29T10:53:40","date_gmt":"2020-08-29T10:53:40","guid":{"rendered":"https:\/\/site.educa.madrid.org\/cp.montelindo.bustarviejo\/?page_id=209"},"modified":"2024-09-11T14:07:05","modified_gmt":"2024-09-11T12:07:05","slug":"primeros-del-cole","status":"publish","type":"page","link":"https:\/\/site.educa.madrid.org\/cp.montelindo.bustarviejo\/index.php\/primeros-del-cole\/","title":{"rendered":"PRIMEROS DEL COLE"},"content":{"rendered":"\n<figure class=\"wp-block-image aligncenter is-resized is-style-default\"><img decoding=\"async\" src=\"https:\/\/site.educa.madrid.org\/cp.montelindo.bustarviejo\/\/wp-content\/uploads\/cp.montelindo.bustarviejo\/2020\/09\/comedor-1024x768.jpg\" alt=\"\" style=\"width:512px;height:384px\"\/><\/figure>\n\n\n\n<div class=\"wp-block-group is-layout-flow wp-block-group-is-layout-flow\">\n<p>Los \u201cprimeros del cole\u201d &nbsp;es un servicio que ofrece el centro a trav\u00e9s de la AMPA que consiste en la apertura del colegio a las 7:00 h. de la ma\u00f1ana para atender a los alumnos y alumnas cuyas familias tienen horarios laborales incompatibles con los escolares.<\/p>\n<\/div>\n\n\n\n<p>Se ofrece a los ni\u00f1os y ni\u00f1as inscritos en el programa, durante el tiempo previo al comienzo de la jornada lectiva, un espacio adecuado para el juego, la comunicaci\u00f3n y la recreaci\u00f3n. Tambi\u00e9n puede disfrutar de un desayuno completo, dependiendo de la hora a la que entre. <\/p>\n\n\n\n<p><\/p>\n\n\n\n<figure class=\"wp-block-table is-style-stripes\" style=\"font-size:14px\"><table class=\"has-background has-fixed-layout\" style=\"background-color:#e9fbe5\"><thead><tr><th>Lunes<\/th><th>Martes<\/th><th>Mi\u00e9rcoles<\/th><th>Jueves<\/th><th>Viernes<\/th><\/tr><\/thead><tbody><tr><td>Leche con o sin cacao<br>Cereales o galletas<br>Fruta del tiempo<\/td><td>Leche con o sin cacao<br>Bizcocho casero<br>Fruta del tiempo<\/td><td>Leche con o sin cacao<br>Pan tostado con mantequilla y mermelada<br>Fruta del tiempo<\/td><td>Leche con o sin cacao<br>Bocat\u00edn de fiambre<br>Fruta del tiempo<\/td><td>Leche con o sin cacao<br>Pan tostado con tomate<br>Fruta del tiempo<\/td><\/tr><\/tbody><\/table><figcaption class=\"wp-element-caption\">La materia prima suministrada para la elaboraci\u00f3n de los desayunos proceder\u00e1 de proveedores de demostrada solvencia y primeras marcas del mercado. Siempre se dispondr\u00e1 de desayunos alternativos para intolerancias alimentarias y al\u00e9rgicas.<\/figcaption><\/figure>\n\n\n\n<p><\/p>\n\n\n\n<p>Su atenci\u00f3n est\u00e1 a cargo de monitoras debidamente cualificadas, siendo este trabajo supervisado de manera continua para garantizar la calidad y coherencia del servicio. Este a\u00f1o la persona responsable es Sonia L\u00f3pez.<\/p>\n\n\n\n<p>El horario de incorporaci\u00f3n es flexible, de acuerdo con las necesidades particulares, desde las 7 de la ma\u00f1ana y en franjas de media hora.<\/p>\n\n\n\n<p>Este servicio se lleva a cabo en el comedor del colegio.<\/p>\n\n\n\n<h3 class=\"wp-block-heading\">Quien puede hacer uso del servicio<\/h3>\n\n\n\n<p>Los alumnos y alumnas matriculados en el colegio de Educaci\u00f3n Infantil y Primaria que soliciten la inclusi\u00f3n en el Programa.&nbsp;<\/p>\n\n\n\n<h3 class=\"wp-block-heading\">Precios<\/h3>\n\n\n\n<p>El servicio se puede contratar por mes completo o a trav\u00e9s de un bono de 5 d\u00edas, consecutivos o no. Para dar de alta a tu hijo o hija de manera mensual debes rellenar el formulario que te dejamos en el bot\u00f3n de abajo. Si solo vas a necesitar un mes concreto, puedes avisar a cualquiera de las monitoras o incluso a la direcci\u00f3n del centro para que se lo comuniquemos a la empresa organizadora. Tambi\u00e9n puedes comprar el bono de 5 d\u00edas en el mismo centro. Y para un d\u00eda suelto, solo tienes que abonarlo a la monitora el d\u00eda que lo necesites, antes de hacer uso del servicio. <\/p>\n\n\n\n<div class=\"wp-block-buttons is-content-justification-center is-layout-flex wp-container-core-buttons-is-layout-a89b3969 wp-block-buttons-is-layout-flex\">\n<div class=\"wp-block-button\"><a class=\"wp-block-button__link has-text-align-center wp-element-button\" href=\"https:\/\/docs.google.com\/forms\/d\/e\/1FAIpQLSeX4OV7Cc6s7kOdhpdbz2fJDdDL7j3obTYfAxKEQfVKpdyAEg\/viewform\" target=\"_blank\" rel=\"noreferrer noopener\">Rellena el formulario de inscripci\u00f3n para el mes completo<\/a><\/div>\n<\/div>\n\n\n\n<div style=\"height:48px\" aria-hidden=\"true\" class=\"wp-block-spacer\"><\/div>\n\n\n\n<figure class=\"wp-block-image size-full\"><img loading=\"lazy\" decoding=\"async\" width=\"1920\" height=\"1100\" src=\"https:\/\/site.educa.madrid.org\/cp.montelindo.bustarviejo\/\/wp-content\/uploads\/cp.montelindo.bustarviejo\/2024\/09\/Primeros-del-cole-y-ludoteca-precios-AMPA-2023-24.png\" alt=\"\" class=\"wp-image-2182\" srcset=\"https:\/\/site.educa.madrid.org\/cp.montelindo.bustarviejo\/\/wp-content\/uploads\/cp.montelindo.bustarviejo\/2024\/09\/Primeros-del-cole-y-ludoteca-precios-AMPA-2023-24.png 1920w, https:\/\/site.educa.madrid.org\/cp.montelindo.bustarviejo\/\/wp-content\/uploads\/cp.montelindo.bustarviejo\/2024\/09\/Primeros-del-cole-y-ludoteca-precios-AMPA-2023-24-300x172.png 300w, https:\/\/site.educa.madrid.org\/cp.montelindo.bustarviejo\/\/wp-content\/uploads\/cp.montelindo.bustarviejo\/2024\/09\/Primeros-del-cole-y-ludoteca-precios-AMPA-2023-24-1024x587.png 1024w, https:\/\/site.educa.madrid.org\/cp.montelindo.bustarviejo\/\/wp-content\/uploads\/cp.montelindo.bustarviejo\/2024\/09\/Primeros-del-cole-y-ludoteca-precios-AMPA-2023-24-768x440.png 768w, https:\/\/site.educa.madrid.org\/cp.montelindo.bustarviejo\/\/wp-content\/uploads\/cp.montelindo.bustarviejo\/2024\/09\/Primeros-del-cole-y-ludoteca-precios-AMPA-2023-24-1536x880.png 1536w, https:\/\/site.educa.madrid.org\/cp.montelindo.bustarviejo\/\/wp-content\/uploads\/cp.montelindo.bustarviejo\/2024\/09\/Primeros-del-cole-y-ludoteca-precios-AMPA-2023-24-1000x573.png 1000w, https:\/\/site.educa.madrid.org\/cp.montelindo.bustarviejo\/\/wp-content\/uploads\/cp.montelindo.bustarviejo\/2024\/09\/Primeros-del-cole-y-ludoteca-precios-AMPA-2023-24-230x132.png 230w, https:\/\/site.educa.madrid.org\/cp.montelindo.bustarviejo\/\/wp-content\/uploads\/cp.montelindo.bustarviejo\/2024\/09\/Primeros-del-cole-y-ludoteca-precios-AMPA-2023-24-350x201.png 350w, https:\/\/site.educa.madrid.org\/cp.montelindo.bustarviejo\/\/wp-content\/uploads\/cp.montelindo.bustarviejo\/2024\/09\/Primeros-del-cole-y-ludoteca-precios-AMPA-2023-24-480x275.png 480w\" sizes=\"auto, (max-width: 1920px) 100vw, 1920px\" \/><\/figure>\n\n\n\n<h2 class=\"wp-block-heading\">Normas del servicio de desayuno<\/h2>\n\n\n\n<ul class=\"wp-block-list\">\n<li>Es imprescindible cumplimentar la ficha de inscripci\u00f3n para poder dar de alta al ni\u00f1o o la ni\u00f1a en el servicio y comunicar cualquier variaci\u00f3n que pueda existir posteriormente.<\/li>\n\n\n\n<li>Los y las participantes que hayan hecho uso del servicio durante el curso 2022 \u2013 2023 y no tengan ninguna modificaci\u00f3n en los datos de la ficha no tienen que enviarla de nuevo.<\/li>\n\n\n\n<li>Tanto las altas como las bajas se deber\u00e1n comunicar por correo electr\u00f3nico a&nbsp;<a href=\"mailto:inscripciones@pargaylopez.com\">inscripciones@pargaylopez.com<\/a>&nbsp;al menos con 5 d\u00edas de antelaci\u00f3n al mes siguiente. Es decir, antes del 25 del mes en curso. No se devolver\u00e1 ning\u00fan importe si no se ha efectuado la baja correctamente.<\/li>\n\n\n\n<li>En caso de que el banco devuelva alg\u00fan recibo, habr\u00e1 un recargo de 8\u20ac.<\/li>\n\n\n\n<li>Las ni\u00f1as y los ni\u00f1os que hagan uso del servicio deber\u00e1n cumplir con el horario de entrada contratando con puntualidad.<\/li>\n\n\n\n<li>La cuota se abona por meses completos. La variaci\u00f3n del n\u00famero de d\u00edas lectivos (por festivos, vacaciones, etc.) ya se tiene en cuenta en el c\u00e1lculo.<\/li>\n\n\n\n<li>En los casos en que los y las participantes no puedan hacer uso del servicio no tendr\u00e1n derecho a devoluci\u00f3n de la cantidad abonada con independencia del motivo que la origine (cuarentena, contacto estrecho, enfermedad, etc.)<\/li>\n\n\n\n<li>Los recibos se pasar\u00e1n al cobro en los 10 primeros d\u00edas del mes. El alumnado solo podr\u00e1 hacer uso del servicio si las familias est\u00e1n al corriente de pago de todos los recibos. El impago de un recibo ser\u00e1 motivo de baja autom\u00e1tica del servicio.<\/li>\n\n\n\n<li>El pago de bonos y d\u00edas sueltos se efectuar\u00e1 por adelantado en efectivo a la monitora del servicio. El ni\u00f1o o la ni\u00f1a no podr\u00e1 hacer uso del servicio si no est\u00e1 pagado.<\/li>\n<\/ul>\n","protected":false},"excerpt":{"rendered":"<p>Los \u201cprimeros del cole\u201d &nbsp;es un servicio que ofrece el centro a trav\u00e9s de la AMPA que consiste en la apertura del colegio a las 7:00 h. de la ma\u00f1ana para atender a los alumnos y alumnas cuyas familias tienen horarios laborales incompatibles con los escolares. Se ofrece a los ni\u00f1os y ni\u00f1as inscritos en [&hellip;]<\/p>\n","protected":false},"author":2,"featured_media":0,"parent":0,"menu_order":0,"comment_status":"closed","ping_status":"closed","template":"","meta":{"footnotes":""},"folder":[],"class_list":["post-209","page","type-page","status-publish","hentry"],"rttpg_featured_image_url":null,"rttpg_author":{"display_name":"tic.cp.montelindo.bustarviejo","author_link":"https:\/\/site.educa.madrid.org\/cp.montelindo.bustarviejo\/index.php\/author\/cuenta_tic-cp-montelindo-bustarviejo\/"},"rttpg_comment":0,"rttpg_category":false,"rttpg_excerpt":"Los \u201cprimeros del cole\u201d &nbsp;es un servicio que ofrece el centro a trav\u00e9s de la AMPA que consiste en la apertura del colegio a las 7:00 h. de la ma\u00f1ana para atender a los alumnos y alumnas cuyas familias tienen horarios laborales incompatibles con los escolares. Se ofrece a los ni\u00f1os y ni\u00f1as inscritos en&hellip;","post_mailing_queue_ids":[],"_links":{"self":[{"href":"https:\/\/site.educa.madrid.org\/cp.montelindo.bustarviejo\/index.php\/wp-json\/wp\/v2\/pages\/209","targetHints":{"allow":["GET"]}}],"collection":[{"href":"https:\/\/site.educa.madrid.org\/cp.montelindo.bustarviejo\/index.php\/wp-json\/wp\/v2\/pages"}],"about":[{"href":"https:\/\/site.educa.madrid.org\/cp.montelindo.bustarviejo\/index.php\/wp-json\/wp\/v2\/types\/page"}],"author":[{"embeddable":true,"href":"https:\/\/site.educa.madrid.org\/cp.montelindo.bustarviejo\/index.php\/wp-json\/wp\/v2\/users\/2"}],"replies":[{"embeddable":true,"href":"https:\/\/site.educa.madrid.org\/cp.montelindo.bustarviejo\/index.php\/wp-json\/wp\/v2\/comments?post=209"}],"version-history":[{"count":14,"href":"https:\/\/site.educa.madrid.org\/cp.montelindo.bustarviejo\/index.php\/wp-json\/wp\/v2\/pages\/209\/revisions"}],"predecessor-version":[{"id":2184,"href":"https:\/\/site.educa.madrid.org\/cp.montelindo.bustarviejo\/index.php\/wp-json\/wp\/v2\/pages\/209\/revisions\/2184"}],"wp:attachment":[{"href":"https:\/\/site.educa.madrid.org\/cp.montelindo.bustarviejo\/index.php\/wp-json\/wp\/v2\/media?parent=209"}],"wp:term":[{"taxonomy":"folder","embeddable":true,"href":"https:\/\/site.educa.madrid.org\/cp.montelindo.bustarviejo\/index.php\/wp-json\/wp\/v2\/folder?post=209"}],"curies":[{"name":"wp","href":"https:\/\/api.w.org\/{rel}","templated":true}]}}