{"id":2112,"date":"2024-05-20T14:06:02","date_gmt":"2024-05-20T12:06:02","guid":{"rendered":"https:\/\/site.educa.madrid.org\/cp.montelindo.bustarviejo\/?page_id=2112"},"modified":"2025-06-19T09:21:20","modified_gmt":"2025-06-19T07:21:20","slug":"becas-comedor-curso-2024-2025","status":"publish","type":"page","link":"https:\/\/site.educa.madrid.org\/cp.montelindo.bustarviejo\/index.php\/becas\/becas-comedor-curso-2024-2025\/","title":{"rendered":"Becas comedor curso 2025-2026"},"content":{"rendered":"\n<p><strong>Desde el 18 de junio al 15 de julio, ambos inclusive<\/strong>, las familias interesadas pod\u00e9is solicitar la beca para comedor escolar.<\/p>\n\n\n\n<p>Toda la informaci\u00f3n relativa a esta convocatoria, as\u00ed como el modelo de solicitud, est\u00e1 disponible en la p\u00e1gina web de la Comunidad de Madrid. <\/p>\n\n\n\n<p><\/p>\n\n\n\n<p>Si ten\u00e9is dudas, pod\u00e9is consultar con Secretar\u00eda: <\/p>\n\n\n\n<p>Adjuntamos el enlace a la web donde dispon\u00e9is de toda la informaci\u00f3n:<\/p>\n\n\n\n<figure class=\"wp-block-embed\"><div class=\"wp-block-embed__wrapper\">\nhttps:\/\/www.educa2.madrid.org\/web\/educamadrid\/principal\/files\/2c6d732f-129f-4fb3-93e0-cbb3b4facb37\/PFED2401\/content\/index.html#\n<\/div><\/figure>\n","protected":false},"excerpt":{"rendered":"<p>Desde el 18 de junio al 15 de julio, ambos inclusive, las familias interesadas pod\u00e9is solicitar la beca para comedor escolar. Toda la informaci\u00f3n relativa a esta convocatoria, as\u00ed como el modelo de solicitud, est\u00e1 disponible en la p\u00e1gina web de la Comunidad de Madrid. Si ten\u00e9is dudas, pod\u00e9is consultar con Secretar\u00eda: Adjuntamos el enlace [&hellip;]<\/p>\n","protected":false},"author":2,"featured_media":0,"parent":361,"menu_order":0,"comment_status":"closed","ping_status":"closed","template":"","meta":{"footnotes":""},"folder":[],"class_list":["post-2112","page","type-page","status-publish","hentry"],"rttpg_featured_image_url":null,"rttpg_author":{"display_name":"tic.cp.montelindo.bustarviejo","author_link":"https:\/\/site.educa.madrid.org\/cp.montelindo.bustarviejo\/index.php\/author\/cuenta_tic-cp-montelindo-bustarviejo\/"},"rttpg_comment":0,"rttpg_category":false,"rttpg_excerpt":"Desde el 18 de junio al 15 de julio, ambos inclusive, las familias interesadas pod\u00e9is solicitar la beca para comedor escolar. Toda la informaci\u00f3n relativa a esta convocatoria, as\u00ed como el modelo de solicitud, est\u00e1 disponible en la p\u00e1gina web de la Comunidad de Madrid. Si ten\u00e9is dudas, pod\u00e9is consultar con Secretar\u00eda: Adjuntamos el enlace&hellip;","post_mailing_queue_ids":[],"_links":{"self":[{"href":"https:\/\/site.educa.madrid.org\/cp.montelindo.bustarviejo\/index.php\/wp-json\/wp\/v2\/pages\/2112","targetHints":{"allow":["GET"]}}],"collection":[{"href":"https:\/\/site.educa.madrid.org\/cp.montelindo.bustarviejo\/index.php\/wp-json\/wp\/v2\/pages"}],"about":[{"href":"https:\/\/site.educa.madrid.org\/cp.montelindo.bustarviejo\/index.php\/wp-json\/wp\/v2\/types\/page"}],"author":[{"embeddable":true,"href":"https:\/\/site.educa.madrid.org\/cp.montelindo.bustarviejo\/index.php\/wp-json\/wp\/v2\/users\/2"}],"replies":[{"embeddable":true,"href":"https:\/\/site.educa.madrid.org\/cp.montelindo.bustarviejo\/index.php\/wp-json\/wp\/v2\/comments?post=2112"}],"version-history":[{"count":4,"href":"https:\/\/site.educa.madrid.org\/cp.montelindo.bustarviejo\/index.php\/wp-json\/wp\/v2\/pages\/2112\/revisions"}],"predecessor-version":[{"id":2657,"href":"https:\/\/site.educa.madrid.org\/cp.montelindo.bustarviejo\/index.php\/wp-json\/wp\/v2\/pages\/2112\/revisions\/2657"}],"up":[{"embeddable":true,"href":"https:\/\/site.educa.madrid.org\/cp.montelindo.bustarviejo\/index.php\/wp-json\/wp\/v2\/pages\/361"}],"wp:attachment":[{"href":"https:\/\/site.educa.madrid.org\/cp.montelindo.bustarviejo\/index.php\/wp-json\/wp\/v2\/media?parent=2112"}],"wp:term":[{"taxonomy":"folder","embeddable":true,"href":"https:\/\/site.educa.madrid.org\/cp.montelindo.bustarviejo\/index.php\/wp-json\/wp\/v2\/folder?post=2112"}],"curies":[{"name":"wp","href":"https:\/\/api.w.org\/{rel}","templated":true}]}}