{"id":233,"date":"2020-08-29T11:01:54","date_gmt":"2020-08-29T11:01:54","guid":{"rendered":"https:\/\/site.educa.madrid.org\/cp.montelindo.bustarviejo\/?page_id=233"},"modified":"2020-09-14T17:13:48","modified_gmt":"2020-09-14T17:13:48","slug":"cajon-de-sastre","status":"publish","type":"page","link":"https:\/\/site.educa.madrid.org\/cp.montelindo.bustarviejo\/index.php\/cajon-de-sastre\/","title":{"rendered":"CAJ\u00d3N DE SASTRE"},"content":{"rendered":"\n<blockquote class=\"wp-block-quote is-layout-flow wp-block-quote-is-layout-flow\"><p><strong>Limpieza y desinfecci\u00f3n del colegio<\/strong><\/p><cite><a href=\"https:\/\/site.educa.madrid.org\/cp.montelindo.bustarviejo\/\/wp-content\/uploads\/cp.montelindo.bustarviejo\/2020\/09\/Limpieza-y-desinfeccio\u0301n-del-colegio.pdf\" target=\"_blank\" rel=\"noreferrer noopener\">Ver PDF.<\/a><\/cite><\/blockquote>\n\n\n\n<p><\/p>\n\n\n\n<blockquote class=\"wp-block-quote is-layout-flow wp-block-quote-is-layout-flow\"><p><strong>EAT EN LA RED<\/strong><\/p><cite><strong>El Equipo de Atenci\u00f3n Temprana (EAT) de la Cabrera-Lozoyuela tiene blog y p\u00e1gina de facebook.<\/strong><br><br>Cada semana suben art\u00edculos interesantes relacionados con la educaci\u00f3n de los ni\u00f1os y ni\u00f1as de 0 a 6 a\u00f1os.<br><br>Siguelos en:<br>EAT La Cabrera-Lozoyuela (Facebook)<br><br><a rel=\"noreferrer noopener\" href=\"http:\/\/equipotempranalacabrera.blogspot.com.es\/\" target=\"_blank\">http:\/\/equipotempranalacabrera.blogspot.com.es\/<\/a><\/cite><\/blockquote>\n\n\n\n<p><\/p>\n\n\n\n<blockquote class=\"wp-block-quote is-layout-flow wp-block-quote-is-layout-flow\"><p><strong>Arte en la calle<\/strong><\/p><cite>Trabajo realizado por los ni\u00f1os y ni\u00f1as de infantil sobre el proyecto de \u00abArte en la Calle\u00bb realizado por artistas de Bustarviejo.\u00a0<br><\/cite><\/blockquote>\n\n\n\n<figure class=\"wp-block-embed-youtube wp-block-embed is-type-video is-provider-youtube wp-embed-aspect-4-3 wp-has-aspect-ratio\"><div class=\"wp-block-embed__wrapper\">\nhttps:\/\/youtu.be\/1hBr06XrprM\n<\/div><\/figure>\n","protected":false},"excerpt":{"rendered":"<p>Limpieza y desinfecci\u00f3n del colegio Ver PDF. EAT EN LA RED El Equipo de Atenci\u00f3n Temprana (EAT) de la Cabrera-Lozoyuela tiene blog y p\u00e1gina de facebook. Cada semana suben art\u00edculos interesantes relacionados con la educaci\u00f3n de los ni\u00f1os y ni\u00f1as de 0 a 6 a\u00f1os. Siguelos en:EAT La Cabrera-Lozoyuela (Facebook) http:\/\/equipotempranalacabrera.blogspot.com.es\/ Arte en la calle [&hellip;]<\/p>\n","protected":false},"author":2,"featured_media":0,"parent":0,"menu_order":0,"comment_status":"closed","ping_status":"closed","template":"","meta":{"footnotes":""},"folder":[],"class_list":["post-233","page","type-page","status-publish","hentry"],"rttpg_featured_image_url":null,"rttpg_author":{"display_name":"tic.cp.montelindo.bustarviejo","author_link":"https:\/\/site.educa.madrid.org\/cp.montelindo.bustarviejo\/index.php\/author\/cuenta_tic-cp-montelindo-bustarviejo\/"},"rttpg_comment":0,"rttpg_category":false,"rttpg_excerpt":"Limpieza y desinfecci\u00f3n del colegio Ver PDF. EAT EN LA RED El Equipo de Atenci\u00f3n Temprana (EAT) de la Cabrera-Lozoyuela tiene blog y p\u00e1gina de facebook. Cada semana suben art\u00edculos interesantes relacionados con la educaci\u00f3n de los ni\u00f1os y ni\u00f1as de 0 a 6 a\u00f1os. Siguelos en:EAT La Cabrera-Lozoyuela (Facebook) http:\/\/equipotempranalacabrera.blogspot.com.es\/ Arte en la calle&hellip;","post_mailing_queue_ids":[],"_links":{"self":[{"href":"https:\/\/site.educa.madrid.org\/cp.montelindo.bustarviejo\/index.php\/wp-json\/wp\/v2\/pages\/233","targetHints":{"allow":["GET"]}}],"collection":[{"href":"https:\/\/site.educa.madrid.org\/cp.montelindo.bustarviejo\/index.php\/wp-json\/wp\/v2\/pages"}],"about":[{"href":"https:\/\/site.educa.madrid.org\/cp.montelindo.bustarviejo\/index.php\/wp-json\/wp\/v2\/types\/page"}],"author":[{"embeddable":true,"href":"https:\/\/site.educa.madrid.org\/cp.montelindo.bustarviejo\/index.php\/wp-json\/wp\/v2\/users\/2"}],"replies":[{"embeddable":true,"href":"https:\/\/site.educa.madrid.org\/cp.montelindo.bustarviejo\/index.php\/wp-json\/wp\/v2\/comments?post=233"}],"version-history":[{"count":4,"href":"https:\/\/site.educa.madrid.org\/cp.montelindo.bustarviejo\/index.php\/wp-json\/wp\/v2\/pages\/233\/revisions"}],"predecessor-version":[{"id":554,"href":"https:\/\/site.educa.madrid.org\/cp.montelindo.bustarviejo\/index.php\/wp-json\/wp\/v2\/pages\/233\/revisions\/554"}],"wp:attachment":[{"href":"https:\/\/site.educa.madrid.org\/cp.montelindo.bustarviejo\/index.php\/wp-json\/wp\/v2\/media?parent=233"}],"wp:term":[{"taxonomy":"folder","embeddable":true,"href":"https:\/\/site.educa.madrid.org\/cp.montelindo.bustarviejo\/index.php\/wp-json\/wp\/v2\/folder?post=233"}],"curies":[{"name":"wp","href":"https:\/\/api.w.org\/{rel}","templated":true}]}}