{"id":319,"date":"2020-08-29T15:47:53","date_gmt":"2020-08-29T15:47:53","guid":{"rendered":"https:\/\/site.educa.madrid.org\/cp.montelindo.bustarviejo\/?page_id=319"},"modified":"2021-11-29T09:00:29","modified_gmt":"2021-11-29T08:00:29","slug":"junta-de-delegados","status":"publish","type":"page","link":"https:\/\/site.educa.madrid.org\/cp.montelindo.bustarviejo\/index.php\/junta-de-delegados\/","title":{"rendered":"JUNTA DE DELEGADOS"},"content":{"rendered":"\n<figure class=\"wp-block-table is-style-stripes\"><table><thead><tr><th>CURSO<\/th><th>DELEGADO\/A<\/th><th>SUBDELEGADO\/A<\/th><\/tr><\/thead><tbody><tr><td><strong>1\u00ba<\/strong><\/td><td>Vega Sanz<\/td><td>Adam Bourifaf<\/td><\/tr><tr><td><strong>2\u00ba <\/strong><\/td><td>Deva Mart\u00ednez<\/td><td>Ian Barrionuevo<\/td><\/tr><tr><td><strong>3\u00ba<\/strong><\/td><td>Daniela Gil<\/td><td>Le\u00f3n Buschi<\/td><\/tr><tr><td><strong>4\u00ba<\/strong>A<\/td><td>Rebeca<\/td><td>Irune<\/td><\/tr><tr><td><strong>4\u00ba B<\/strong><\/td><td>Jennifer S\u00e1nchez<\/td><td>Rub\u00e9n de Lucas<\/td><\/tr><tr><td><strong>5\u00ba A<\/strong><\/td><td>Alejandra Ruiz Mateo<\/td><td>Vera Mart\u00ednez<\/td><\/tr><tr><td><strong>5\u00ba B<\/strong><\/td><td>Sof\u00eda \u00c1lvarez<\/td><td>Carla Mart\u00ednez Loeches<\/td><\/tr><tr><td><strong>6\u00ba C<\/strong><\/td><td>Naia Cuesta<\/td><td>Marwam Natchit<\/td><\/tr><\/tbody><\/table><\/figure>\n","protected":false},"excerpt":{"rendered":"<p>CURSO DELEGADO\/A SUBDELEGADO\/A 1\u00ba Vega Sanz Adam Bourifaf 2\u00ba Deva Mart\u00ednez Ian Barrionuevo 3\u00ba Daniela Gil Le\u00f3n Buschi 4\u00baA Rebeca Irune 4\u00ba B Jennifer S\u00e1nchez Rub\u00e9n de Lucas 5\u00ba A Alejandra Ruiz Mateo Vera Mart\u00ednez 5\u00ba B Sof\u00eda \u00c1lvarez Carla Mart\u00ednez Loeches 6\u00ba C Naia Cuesta Marwam Natchit<\/p>\n","protected":false},"author":2,"featured_media":0,"parent":0,"menu_order":0,"comment_status":"closed","ping_status":"closed","template":"","meta":{"footnotes":""},"folder":[],"class_list":["post-319","page","type-page","status-publish","hentry"],"rttpg_featured_image_url":null,"rttpg_author":{"display_name":"tic.cp.montelindo.bustarviejo","author_link":"https:\/\/site.educa.madrid.org\/cp.montelindo.bustarviejo\/index.php\/author\/cuenta_tic-cp-montelindo-bustarviejo\/"},"rttpg_comment":0,"rttpg_category":false,"rttpg_excerpt":"CURSO DELEGADO\/A SUBDELEGADO\/A 1\u00ba Vega Sanz Adam Bourifaf 2\u00ba Deva Mart\u00ednez Ian Barrionuevo 3\u00ba Daniela Gil Le\u00f3n Buschi 4\u00baA Rebeca Irune 4\u00ba B Jennifer S\u00e1nchez Rub\u00e9n de Lucas 5\u00ba A Alejandra Ruiz Mateo Vera Mart\u00ednez 5\u00ba B Sof\u00eda \u00c1lvarez Carla Mart\u00ednez Loeches 6\u00ba C Naia Cuesta Marwam Natchit","post_mailing_queue_ids":[],"_links":{"self":[{"href":"https:\/\/site.educa.madrid.org\/cp.montelindo.bustarviejo\/index.php\/wp-json\/wp\/v2\/pages\/319","targetHints":{"allow":["GET"]}}],"collection":[{"href":"https:\/\/site.educa.madrid.org\/cp.montelindo.bustarviejo\/index.php\/wp-json\/wp\/v2\/pages"}],"about":[{"href":"https:\/\/site.educa.madrid.org\/cp.montelindo.bustarviejo\/index.php\/wp-json\/wp\/v2\/types\/page"}],"author":[{"embeddable":true,"href":"https:\/\/site.educa.madrid.org\/cp.montelindo.bustarviejo\/index.php\/wp-json\/wp\/v2\/users\/2"}],"replies":[{"embeddable":true,"href":"https:\/\/site.educa.madrid.org\/cp.montelindo.bustarviejo\/index.php\/wp-json\/wp\/v2\/comments?post=319"}],"version-history":[{"count":5,"href":"https:\/\/site.educa.madrid.org\/cp.montelindo.bustarviejo\/index.php\/wp-json\/wp\/v2\/pages\/319\/revisions"}],"predecessor-version":[{"id":1268,"href":"https:\/\/site.educa.madrid.org\/cp.montelindo.bustarviejo\/index.php\/wp-json\/wp\/v2\/pages\/319\/revisions\/1268"}],"wp:attachment":[{"href":"https:\/\/site.educa.madrid.org\/cp.montelindo.bustarviejo\/index.php\/wp-json\/wp\/v2\/media?parent=319"}],"wp:term":[{"taxonomy":"folder","embeddable":true,"href":"https:\/\/site.educa.madrid.org\/cp.montelindo.bustarviejo\/index.php\/wp-json\/wp\/v2\/folder?post=319"}],"curies":[{"name":"wp","href":"https:\/\/api.w.org\/{rel}","templated":true}]}}