{"id":356,"date":"2020-08-30T10:31:44","date_gmt":"2020-08-30T10:31:44","guid":{"rendered":"https:\/\/site.educa.madrid.org\/cp.montelindo.bustarviejo\/?page_id=356"},"modified":"2025-03-04T12:08:08","modified_gmt":"2025-03-04T11:08:08","slug":"admision","status":"publish","type":"page","link":"https:\/\/site.educa.madrid.org\/cp.montelindo.bustarviejo\/index.php\/admision\/","title":{"rendered":"ADMISI\u00d3N"},"content":{"rendered":"\n<p><\/p>\n\n\n\n<h2 class=\"wp-block-heading\">Proceso de admisi\u00f3n curso 2025-2026<\/h2>\n\n\n\n<p>Ya est\u00e1 disponible la informaci\u00f3n sobre el proceso de admisi\u00f3n de nuevo alumnado para el curso escolar 2025-2026 y es posible consultarla en la p\u00e1gina web de la Comunidad de Madrid, <a href=\"https:\/\/www.comunidad.madrid\/servicios\/educacion\/solicita-tu-admision-educacion-infantil-obligatoria-bachillerato\" target=\"_blank\" rel=\"noreferrer noopener nofollow\">siguiendo este enlace<\/a>.<\/p>\n\n\n\n<p><a href=\"https:\/\/www.comunidad.madrid\/servicios\/educacion\/solicita-tu-admision-educacion-infantil-obligatoria-bachillerato\">https:\/\/www.comunidad.madrid\/servicios\/educacion\/solicita-tu-admision-educacion-infantil-obligatoria-bachillerato<\/a><\/p>\n\n\n\n<p>Os dejamos tambi\u00e9n un documento con las actuaciones, fechas y plazos m\u00e1s importantes a tener en cuenta por las familias. <\/p>\n\n\n\n<div class=\"wp-block-buttons is-layout-flex wp-block-buttons-is-layout-flex\">\n<div class=\"wp-block-button\"><a class=\"wp-block-button__link has-text-align-center wp-element-button\" href=\"https:\/\/site.educa.madrid.org\/cp.montelindo.bustarviejo\/\/wp-content\/uploads\/cp.montelindo.bustarviejo\/2024\/01\/INFORMACION-BASICA-ADMISION-DE-ALUMNOS-2024-2025-REGIMEN-GENERAL.pdf\" target=\"_blank\" rel=\"noreferrer noopener\">Pod\u00e9is consultarlo aqu\u00ed<\/a><\/div>\n<\/div>\n\n\n\n<h2 class=\"wp-block-heading\">Fechas a tener en cuenta para el proceso de admisi\u00f3n de nuevo alumnado para el curso 2025-2026<\/h2>\n\n\n\n<p>Os dejamos tambi\u00e9n una tabla que resume las fechas m\u00e1s importantes que deb\u00e9is tener en cuenta:<\/p>\n\n\n\n<figure class=\"wp-block-table\"><table><tbody><tr><td><strong>ACTUACIONES<\/strong><\/td><td><strong>FECHA<\/strong><\/td><\/tr><tr><td>Plazo de presentaci\u00f3n de solicitudes para el proceso de admisi\u00f3n<\/td><td><strong>12 al 26 de marzo de 2025<\/strong><\/td><\/tr><tr><td>Los centros publican el listado provisional de alumnos\/as que han solicitado el centro en primera opci\u00f3n.<\/td><td><strong>4 de abril de 2025<\/strong><\/td><\/tr><tr><td>Plazo de reclamaciones a los listados provisionales de alumnos\/as solicitantes.<\/td><td><strong>7, 8 y 9 de abril de 2025<\/strong><\/td><\/tr><tr><td>Publicaci\u00f3n de los listados con la puntuaci\u00f3n provisional obtenida por el alumnado. Los listados incluir\u00e1n el resultado de las reclamaciones presentadas<\/td><td><strong>24 de abril de 2025<\/strong><\/td><\/tr><tr><td>Plazo de reclamaciones a la lista provisional de puntuaciones.<\/td><td><strong>25, 28 y 29 de abril de 2025<\/strong><\/td><\/tr><tr><td>Publicaci\u00f3n del listado definitivo de puntuaci\u00f3n de solicitudes baremadas, salvo las de alumnado con NEE, una vez revisada las reclamaciones recibidas.<\/td><td><strong>8 de mayo de 2025<\/strong><\/td><\/tr><tr><td>Fin del proceso extraordinario de escolarizaci\u00f3n para el curso 2024-2025<\/td><td><strong>16 de mayo de 2025<\/strong><\/td><\/tr><tr><td>Publicaci\u00f3n de la lista de admitidos en cada centro.<\/td><td><strong>28 de mayo de 2025<\/strong><\/td><\/tr><tr><td>Adjudicaci\u00f3n de plaza escolar por el Servicios de Apoyo a la Escolarizaci\u00f3n e alumnado no admitido.<\/td><td><strong>28 de mayo de 2025<\/strong><\/td><\/tr><tr><td>Adjudicaci\u00f3n de plaza escolar por el Servicio de Apoyo a la Escolarizaci\u00f3n de alumnado no admitido.<\/td><td><strong>Hasta el 13 de junio de 2025<\/strong><\/td><\/tr><tr><td>Plazo general de matriculaci\u00f3n en los centros de Educaci\u00f3n Infantil, primaria y Especial.<\/td><td><strong>Del 12 al 26 de junio de 2025<\/strong><\/td><\/tr><tr><td>Plazo general de matriculaci\u00f3n en los centros de Educaci\u00f3n Secundaria.<\/td><td><strong>Del 12 de junio al 4 de julio de 2025<\/strong><\/td><\/tr><tr><td>Plazo de presentaci\u00f3n de solicitudes para el proceso extraordinario de admisi\u00f3n para el curso 2025-2026<\/td><td><strong>26 de junio de 2025<\/strong><\/td><\/tr><\/tbody><\/table><\/figure>\n\n\n\n<p>Para cualquier duda o consulta que pod\u00e1is tener, pod\u00e9is contactar con la Secretar\u00eda del centro: <\/p>\n\n\n\n<p>Por <strong>email <\/strong><a href=\"mailto:cp.montelindo.bustarviejo@educa.madrid.org\">cp.montelindo.bustarviejo@educa.madrid.org<\/a> o por <strong>tel\u00e9fono<\/strong> 91 848 27 00.<\/p>\n\n\n\n<p><\/p>\n\n\n\n<h2 class=\"wp-block-heading\">Documentos para la matriculaci\u00f3n en el centro<\/h2>\n\n\n\n<p><a href=\"https:\/\/site.educa.madrid.org\/cp.montelindo.bustarviejo\/\/wp-content\/uploads\/cp.montelindo.bustarviejo\/2025\/02\/MODELO-RECOGIDA-DATOS-MATRICULA-CEIP-Montelindo.pdf\" target=\"_blank\" rel=\"noreferrer noopener\">Ficha de matr\u00edcula para el curso 2025-2026<\/a><\/p>\n\n\n\n<p>LA DOCUMENTACI\u00d3N INCLUIR\u00c1: documentos y autorizaciones para salidas al entorno, traslado a centro m\u00e9dico, optativas, protecci\u00f3n de datos y pol\u00edtica de privacidad, inscripci\u00f3n al comedor, declaraci\u00f3n responsable para un solo progenitor&#8230;<\/p>\n\n\n\n<p><\/p>\n\n\n\n<p><a href=\"https:\/\/site.educa.madrid.org\/cp.montelindo.bustarviejo\/\/wp-content\/uploads\/cp.montelindo.bustarviejo\/2024\/01\/ANEXO-V.-ALUMNADO-QUE-PRESENTA-NECESIDADES-EDUCATIVAS-ESPECIALES.pdf\" target=\"_blank\" rel=\"noreferrer noopener\">Anexo V. Alumnado que presenta necesidades educativas especiales. Informaci\u00f3n para el proceso de admisi\u00f3n. <\/a><\/p>\n\n\n\n<p><\/p>\n\n\n\n<h3 class=\"wp-block-heading\">Matriculaci\u00f3n en periodo extraordinario:<\/h3>\n\n\n\n<p>Abierto<strong> a partir del 26 de junio <\/strong>de<strong> 2025.<\/strong><\/p>\n\n\n\n<p><em>A\u00fan no est\u00e1 disponible el documento en la web de la Comunidad de Madrid.<\/em><\/p>\n\n\n\n<h3 class=\"wp-block-heading\">Documentos de informaci\u00f3n general: <\/h3>\n\n\n\n<p><a href=\"https:\/\/site.educa.madrid.org\/cp.montelindo.bustarviejo\/\/wp-content\/uploads\/cp.montelindo.bustarviejo\/2024\/04\/INFORMACION-BASICA-ADMISION-24-25.pdf\" target=\"_blank\" rel=\"noreferrer noopener\">Informaci\u00f3n b\u00e1sica sobre el proceso de admisi\u00f3n y criterios complementarios<\/a> 2024-2025<\/p>\n\n\n\n<p><a href=\"https:\/\/site.educa.madrid.org\/cp.montelindo.bustarviejo\/\/wp-content\/uploads\/cp.montelindo.bustarviejo\/2025\/02\/SERVICIOS-COMPELMENTARIOS.pdf\">Informaci\u00f3n b\u00e1sica sobre el proceso de admisi\u00f3n y criterios complementarios<\/a> 2025-2026<\/p>\n\n\n\n<p><a href=\"https:\/\/www.educa2.madrid.org\/web\/direcciones-de-area\/comision-de-escolarizacion\" target=\"_blank\" rel=\"noreferrer noopener\">Informaci\u00f3n sobre el Servicio de Apoyo a la Escolarizaci\u00f3n (SAE)<\/a><\/p>\n\n\n\n<p><a href=\"https:\/\/site.educa.madrid.org\/cp.montelindo.bustarviejo\/\/wp-content\/uploads\/cp.montelindo.bustarviejo\/2025\/02\/CENTROS-ADSCRITOS-A-NIVEL-INFERIOR-A-EFECTOS-DE-ESCOLARIZACION.pdf\" target=\"_blank\" rel=\"noreferrer noopener\">Centros adscritos a nivel inferior a efectos de escolarizaci\u00f3n<\/a><\/p>\n\n\n\n<p><a href=\"https:\/\/site.educa.madrid.org\/cp.montelindo.bustarviejo\/\/wp-content\/uploads\/cp.montelindo.bustarviejo\/2025\/02\/CENTROS-ADSCRITOS-A-NIVEL-SUPERIOR-A-EFECTOS-DE-ESCOLARIZACION.pdf\" target=\"_blank\" rel=\"noreferrer noopener\">Centros adscritos a nivel superior a efectos de escolarizaci\u00f3n<\/a><\/p>\n\n\n\n<p><a href=\"https:\/\/site.educa.madrid.org\/cp.montelindo.bustarviejo\/\/wp-content\/uploads\/cp.montelindo.bustarviejo\/2025\/03\/BustarviejoJE2526_CEIP-Montelindo_50127983.pdf\" data-type=\"link\" data-id=\"https:\/\/site.educa.madrid.org\/cp.montelindo.bustarviejo\/\/wp-content\/uploads\/cp.montelindo.bustarviejo\/2025\/03\/BustarviejoJE2526_CEIP-Montelindo_50127983.pdf\" target=\"_blank\" rel=\"noreferrer noopener\">Jornada escolar curso 2025-2026<\/a><\/p>\n\n\n\n<p><a href=\"https:\/\/site.educa.madrid.org\/cp.montelindo.bustarviejo\/\/wp-content\/uploads\/cp.montelindo.bustarviejo\/2024\/04\/PLAZAS-VACANTES-24-25.pdf\" target=\"_blank\" rel=\"noreferrer noopener\">Plazas vacantes ofertadas por curso<\/a><\/p>\n\n\n\n<p><\/p>\n\n\n\n<p><a href=\"https:\/\/site.educa.madrid.org\/cp.montelindo.bustarviejo\/\/wp-content\/uploads\/cp.montelindo.bustarviejo\/2024\/02\/OFERTA-EDUCATIVA_OK.pdf\" target=\"_blank\" rel=\"noreferrer noopener\">OFERTA EDUCATIVA<\/a><\/p>\n\n\n\n<p><a href=\"https:\/\/site.educa.madrid.org\/cp.montelindo.bustarviejo\/\/wp-content\/uploads\/cp.montelindo.bustarviejo\/2024\/02\/PROGRAMAS-Y-PROYECTOS_OK.pdf.pdf\" data-type=\"URL\" target=\"_blank\" rel=\"noreferrer noopener\">PROGRAMAS Y PROYECTOS<\/a><\/p>\n\n\n\n<p><a href=\"https:\/\/site.educa.madrid.org\/cp.montelindo.bustarviejo\/\/wp-content\/uploads\/cp.montelindo.bustarviejo\/2024\/02\/PEC-Y-SENAS-DE-IDENTIDAD.pdf\" data-type=\"URL\" data-id=\"https:\/\/site.educa.madrid.org\/cp.montelindo.bustarviejo\/\/wp-content\/uploads\/cp.montelindo.bustarviejo\/2024\/02\/PEC-Y-SENAS-DE-IDENTIDAD.pdf\" target=\"_blank\" rel=\"noreferrer noopener\">PROYECTO EDUCATIVO<\/a><\/p>\n\n\n\n<p><a href=\"https:\/\/site.educa.madrid.org\/cp.montelindo.bustarviejo\/\/wp-content\/uploads\/cp.montelindo.bustarviejo\/2024\/02\/ORGANIZACION_ok.pdf.pdf\" data-type=\"URL\" target=\"_blank\" rel=\"noreferrer noopener\">ORGANIZACI\u00d3N Y FUNCIONAMIENTO<\/a><\/p>\n\n\n\n<p><a href=\"https:\/\/site.educa.madrid.org\/cp.montelindo.bustarviejo\/\/wp-content\/uploads\/cp.montelindo.bustarviejo\/2024\/02\/CONTACTO_ok.pdf.pdf\" data-type=\"URL\" target=\"_blank\" rel=\"noreferrer noopener\">CONTACTO<\/a><\/p>\n\n\n\n<p><a href=\"https:\/\/site.educa.madrid.org\/cp.montelindo.bustarviejo\/index.php\/2025\/02\/27\/oferta-de-vacantes-prevista\/\" data-type=\"link\" data-id=\"https:\/\/site.educa.madrid.org\/cp.montelindo.bustarviejo\/index.php\/2025\/02\/27\/oferta-de-vacantes-prevista\/\">OFERTA DE VACANTES PREVISTA<\/a><\/p>\n\n\n\n<p><a href=\"http:\/\/resultados-del-centro-en-pruebas-externas\">RESULTADOS DEL CENTRO EN PRUEBAS EXTERNAS<\/a> <\/p>\n\n\n\n<ul class=\"wp-block-list\">\n<li>Resultados pruebas externas de la Comunidad de Madrid<\/li>\n\n\n\n<li>Resultados de otras pruebas externas<\/li>\n<\/ul>\n\n\n\n<p><a href=\"https:\/\/site.educa.madrid.org\/cp.montelindo.bustarviejo\/index.php\/2025\/02\/27\/actividades-complementarias\/\">ACTIVIDADES COMPLEMENTARIAS<\/a><\/p>\n\n\n\n<ul class=\"wp-block-list\">\n<li><a href=\"https:\/\/site.educa.madrid.org\/cp.montelindo.bustarviejo\/\/wp-content\/uploads\/cp.montelindo.bustarviejo\/2025\/02\/SERVICIOS-COMPELMENTARIOS.pdf\">Servicios complementarios y extraescolares<\/a><\/li>\n\n\n\n<li><a href=\"https:\/\/site.educa.madrid.org\/cp.montelindo.bustarviejo\/\/wp-content\/uploads\/cp.montelindo.bustarviejo\/2025\/02\/LISTADO-Y-PRECIO-DE-ACTIVIDADES-COMPLEMENTARIAS-CURSO-2024.25.PAGINA-WEB.pdf\">Actividades complementarias<\/a> curso 2024-2025<\/li>\n<\/ul>\n\n\n\n<ul class=\"wp-block-list\">\n<li>Actividades complementarias previstas para curso 2025-2026<\/li>\n<\/ul>\n\n\n\n<h3 class=\"wp-block-heading\">Para alumnado de Educaci\u00f3n Infantil: <\/h3>\n\n\n\n<p><a href=\"https:\/\/site.educa.madrid.org\/cp.montelindo.bustarviejo\/\/wp-content\/uploads\/cp.montelindo.bustarviejo\/2025\/02\/Encuesta-inicial-Infantil.pdf\" data-type=\"link\" data-id=\"https:\/\/site.educa.madrid.org\/cp.montelindo.bustarviejo\/\/wp-content\/uploads\/cp.montelindo.bustarviejo\/2025\/02\/Encuesta-inicial-Infantil.pdf\" target=\"_blank\" rel=\"noreferrer noopener\">Encuesta inicial para alumnado que se incorpora a Educaci\u00f3n Infantil<\/a><\/p>\n\n\n\n<p><a href=\"https:\/\/site.educa.madrid.org\/cp.montelindo.bustarviejo\/\/wp-content\/uploads\/cp.montelindo.bustarviejo\/2024\/01\/Periodo-de-adaptacion.pdf\" target=\"_blank\" rel=\"noreferrer noopener\">Informaci\u00f3n sobre el periodo de adaptaci\u00f3n<\/a><\/p>\n\n\n\n<h3 class=\"wp-block-heading\">Para alumnado de Educaci\u00f3n Primaria: <\/h3>\n\n\n\n<p><a href=\"https:\/\/site.educa.madrid.org\/cp.montelindo.bustarviejo\/\/wp-content\/uploads\/cp.montelindo.bustarviejo\/2025\/02\/8.Salida-solo-del-centro-a-partir-3o.pdf\" data-type=\"link\" data-id=\"https:\/\/site.educa.madrid.org\/cp.montelindo.bustarviejo\/\/wp-content\/uploads\/cp.montelindo.bustarviejo\/2025\/02\/8.Salida-solo-del-centro-a-partir-3o.pdf\" target=\"_blank\" rel=\"noreferrer noopener\">Autorizaci\u00f3n para salir solo del centro (a partir de 3\u00ba de Primaria)<\/a><\/p>\n","protected":false},"excerpt":{"rendered":"<p>Proceso de admisi\u00f3n curso 2025-2026 Ya est\u00e1 disponible la informaci\u00f3n sobre el proceso de admisi\u00f3n de nuevo alumnado para el curso escolar 2025-2026 y es posible consultarla en la p\u00e1gina web de la Comunidad de Madrid, siguiendo este enlace. https:\/\/www.comunidad.madrid\/servicios\/educacion\/solicita-tu-admision-educacion-infantil-obligatoria-bachillerato Os dejamos tambi\u00e9n un documento con las actuaciones, fechas y plazos m\u00e1s importantes a tener [&hellip;]<\/p>\n","protected":false},"author":2,"featured_media":0,"parent":0,"menu_order":0,"comment_status":"closed","ping_status":"closed","template":"","meta":{"footnotes":""},"folder":[],"class_list":["post-356","page","type-page","status-publish","hentry"],"rttpg_featured_image_url":null,"rttpg_author":{"display_name":"tic.cp.montelindo.bustarviejo","author_link":"https:\/\/site.educa.madrid.org\/cp.montelindo.bustarviejo\/index.php\/author\/cuenta_tic-cp-montelindo-bustarviejo\/"},"rttpg_comment":0,"rttpg_category":false,"rttpg_excerpt":"Proceso de admisi\u00f3n curso 2025-2026 Ya est\u00e1 disponible la informaci\u00f3n sobre el proceso de admisi\u00f3n de nuevo alumnado para el curso escolar 2025-2026 y es posible consultarla en la p\u00e1gina web de la Comunidad de Madrid, siguiendo este enlace. https:\/\/www.comunidad.madrid\/servicios\/educacion\/solicita-tu-admision-educacion-infantil-obligatoria-bachillerato Os dejamos tambi\u00e9n un documento con las actuaciones, fechas y plazos m\u00e1s importantes a tener&hellip;","post_mailing_queue_ids":[],"_links":{"self":[{"href":"https:\/\/site.educa.madrid.org\/cp.montelindo.bustarviejo\/index.php\/wp-json\/wp\/v2\/pages\/356","targetHints":{"allow":["GET"]}}],"collection":[{"href":"https:\/\/site.educa.madrid.org\/cp.montelindo.bustarviejo\/index.php\/wp-json\/wp\/v2\/pages"}],"about":[{"href":"https:\/\/site.educa.madrid.org\/cp.montelindo.bustarviejo\/index.php\/wp-json\/wp\/v2\/types\/page"}],"author":[{"embeddable":true,"href":"https:\/\/site.educa.madrid.org\/cp.montelindo.bustarviejo\/index.php\/wp-json\/wp\/v2\/users\/2"}],"replies":[{"embeddable":true,"href":"https:\/\/site.educa.madrid.org\/cp.montelindo.bustarviejo\/index.php\/wp-json\/wp\/v2\/comments?post=356"}],"version-history":[{"count":50,"href":"https:\/\/site.educa.madrid.org\/cp.montelindo.bustarviejo\/index.php\/wp-json\/wp\/v2\/pages\/356\/revisions"}],"predecessor-version":[{"id":2593,"href":"https:\/\/site.educa.madrid.org\/cp.montelindo.bustarviejo\/index.php\/wp-json\/wp\/v2\/pages\/356\/revisions\/2593"}],"wp:attachment":[{"href":"https:\/\/site.educa.madrid.org\/cp.montelindo.bustarviejo\/index.php\/wp-json\/wp\/v2\/media?parent=356"}],"wp:term":[{"taxonomy":"folder","embeddable":true,"href":"https:\/\/site.educa.madrid.org\/cp.montelindo.bustarviejo\/index.php\/wp-json\/wp\/v2\/folder?post=356"}],"curies":[{"name":"wp","href":"https:\/\/api.w.org\/{rel}","templated":true}]}}