{"id":358,"date":"2020-08-30T10:32:02","date_gmt":"2020-08-30T10:32:02","guid":{"rendered":"https:\/\/site.educa.madrid.org\/cp.montelindo.bustarviejo\/?page_id=358"},"modified":"2025-06-13T13:16:16","modified_gmt":"2025-06-13T11:16:16","slug":"matriculas","status":"publish","type":"page","link":"https:\/\/site.educa.madrid.org\/cp.montelindo.bustarviejo\/index.php\/matriculas\/","title":{"rendered":"MATR\u00cdCULAS Y DOCUMENTOS"},"content":{"rendered":"\n<p><\/p>\n\n\n\n<p>Aqu\u00ed puedes encontrar la documentaci\u00f3n que tienes que entregar:<\/p>\n\n\n\n<p>* Las familias que matriculen alumnos\/as en Educaci\u00f3n Infantil, deben traer relleno el <a href=\"https:\/\/site.educa.madrid.org\/cp.montelindo.bustarviejo\/\/wp-content\/uploads\/cp.montelindo.bustarviejo\/2024\/01\/Encuesta-inicial-Infantil.pdf\" target=\"_blank\" rel=\"noreferrer noopener\">cuestionario inicial a las familias<\/a> para que podamos conocer h\u00e1bitos de alimentaci\u00f3n, sue\u00f1o, vestido y aseo, lenguaje, movimiento, relaciones sociales&#8230; y datos de escolarizaci\u00f3n y m\u00e9dicos que nos ayuden a conocer mejor a vuestr@s hij@s y poder darles la mejor atenci\u00f3n y cuidados.<\/p>\n\n\n\n<p>Es necesario presentarla rellena en el momento de formalizar la matr\u00edcula junto con las fotocopias del&nbsp;&nbsp;<strong>libro de familia<\/strong>&nbsp;o certificado de nacimiento, &nbsp;<strong>DNI<\/strong>s de los progenitores&nbsp; y&nbsp;<strong>certificado de empadronamiento<\/strong>.<\/p>\n\n\n\n<p><\/p>\n\n\n\n<h2 class=\"wp-block-heading\">Documentos para la matriculaci\u00f3n<\/h2>\n\n\n\n<p>En <a href=\"https:\/\/site.educa.madrid.org\/cp.montelindo.bustarviejo\/index.php\/admision\/\" target=\"_blank\" rel=\"noreferrer noopener\">esta p\u00e1gina<\/a> pod\u00e9is conocer el proceso, fechas y plazos de nuevas admisiones para el curso 2025-2026. En esta secci\u00f3n os dejamos los documentos relativos al curso actual.<\/p>\n\n\n\n<figure class=\"wp-block-table is-style-stripes\"><table class=\"has-text-color has-background\" style=\"color:#181a19;background-color:#e9fbe5\"><thead><tr><th class=\"has-text-align-left\" data-align=\"left\">DOCUMENTOS DE MATRICULACI\u00d3N E INSCRIPCIONES<\/th><\/tr><\/thead><tbody><tr><td class=\"has-text-align-left\" data-align=\"left\"><a href=\"https:\/\/site.educa.madrid.org\/cp.montelindo.bustarviejo\/\/wp-content\/uploads\/cp.montelindo.bustarviejo\/2025\/06\/Proteccion-de-datos.-Politica-de-privacidad.pdf\" target=\"_blank\" rel=\"noreferrer noopener\"><strong>Protecci\u00f3n de datos (firmar y entregar con documentos de matr\u00edcula)<\/strong><\/a><br><br><a href=\"https:\/\/site.educa.madrid.org\/cp.montelindo.bustarviejo\/\/wp-content\/uploads\/cp.montelindo.bustarviejo\/2025\/06\/MATRICULA-25-26-CEIP-Montelindo.pdf\" target=\"_blank\" rel=\"noreferrer noopener\"><strong>Ficha de recogida de datos para matr\u00edcula 2025-2026<\/strong><\/a><br><br><em>Una vez cumplimentados deben enviarse al correo electr\u00f3nico del colegio junto con una copia de los documentos de identidad de los progenitores, del libro de familia o certificado de nacimiento, y del certificado de empadronamiento. <\/em><br><\/td><\/tr><tr><td class=\"has-text-align-left\" data-align=\"left\"><a href=\"https:\/\/site.educa.madrid.org\/cp.montelindo.bustarviejo\/\/wp-content\/uploads\/cp.montelindo.bustarviejo\/2024\/01\/ANEXO-V.-ALUMNADO-QUE-PRESENTA-NECESIDADES-EDUCATIVAS-ESPECIALES.pdf\" target=\"_blank\" rel=\"noreferrer noopener\">Anexo V. Alumnado que presenta Necesidades educativas especiales.<\/a><\/td><\/tr><tr><td class=\"has-text-align-left\" data-align=\"left\"><a href=\"https:\/\/site.educa.madrid.org\/cp.montelindo.bustarviejo\/\/wp-content\/uploads\/cp.montelindo.bustarviejo\/2024\/06\/DECLARACION-RESPONSABLE.pdf\" target=\"_blank\" rel=\"noreferrer noopener\">Declaraci\u00f3n responsable a rellenar solo en caso de realizar la matr\u00edcula por parte de uno de los dos progenitores<\/a><\/td><\/tr><tr><td class=\"has-text-align-left\" data-align=\"left\"><a rel=\"noreferrer noopener\" href=\"https:\/\/site.educa.madrid.org\/cp.montelindo.bustarviejo\/\/wp-content\/uploads\/cp.montelindo.bustarviejo\/2024\/01\/5.-Inscripcion-al-comedor.pdf\" target=\"_blank\">Inscripci\u00f3n al comedor<\/a><\/td><\/tr><tr><td class=\"has-text-align-left\" data-align=\"left\"><a rel=\"noreferrer noopener\" href=\"https:\/\/site.educa.madrid.org\/cp.montelindo.bustarviejo\/\/wp-content\/uploads\/cp.montelindo.bustarviejo\/2024\/01\/3.-Informe-medico.pdf\" target=\"_blank\">Informaci\u00f3n de datos m\u00e9dicos<\/a><\/td><\/tr><\/tbody><\/table><\/figure>\n\n\n\n<p><\/p>\n\n\n\n<h2 class=\"wp-block-heading\">Autorizaciones<\/h2>\n\n\n\n<figure class=\"wp-block-table is-style-stripes\"><table class=\"has-text-color has-background\" style=\"color:#181a19;background-color:#e9fbe5\"><thead><tr><th>AUTORIZACIONES<\/th><\/tr><\/thead><tbody><tr><td><a rel=\"noreferrer noopener\" href=\"https:\/\/site.educa.madrid.org\/cp.montelindo.bustarviejo\/\/wp-content\/uploads\/cp.montelindo.bustarviejo\/2024\/01\/2.-Autorizaciones-salidas-reli-centro-salud.pdf\" target=\"_blank\">Autorizaci\u00f3n salidas al entorno, elecci\u00f3n optativa y traslado a centro m\u00e9dico<\/a><\/td><\/tr><tr><td><a rel=\"noreferrer noopener\" href=\"https:\/\/site.educa.madrid.org\/cp.montelindo.bustarviejo\/\/wp-content\/uploads\/cp.montelindo.bustarviejo\/2024\/01\/4.-Autorizacion-Fotos-y-WEB.pdf\" target=\"_blank\">Autorizaci\u00f3n fotos y web<\/a><\/td><\/tr><tr><td><a rel=\"noreferrer noopener\" href=\"https:\/\/site.educa.madrid.org\/cp.montelindo.bustarviejo\/\/wp-content\/uploads\/cp.montelindo.bustarviejo\/2024\/01\/6.-Proteccion-de-datos.-Politica-de-privacidad.pdf\" target=\"_blank\">Pol\u00edtica de privacidad<\/a><\/td><\/tr><tr><td><a rel=\"noreferrer noopener\" href=\"https:\/\/site.educa.madrid.org\/cp.montelindo.bustarviejo\/\/wp-content\/uploads\/cp.montelindo.bustarviejo\/2024\/01\/9.-Recogida-del-centro-por-otras-personas.pdf\" target=\"_blank\">Recogida del centro por otras personas<\/a><\/td><\/tr><\/tbody><\/table><\/figure>\n\n\n\n<h2 class=\"wp-block-heading\">Documentos solo para alumnado de Educaci\u00f3n Infantil<\/h2>\n\n\n\n<p><\/p>\n\n\n\n<figure class=\"wp-block-table is-style-stripes\"><table class=\"has-text-color has-background\" style=\"color:#181a19;background-color:#e9fbe5\"><thead><tr><th>EDUCACI\u00d3N INFANTIL<\/th><\/tr><\/thead><tbody><tr><td><a rel=\"noreferrer noopener\" href=\"https:\/\/site.educa.madrid.org\/cp.montelindo.bustarviejo\/\/wp-content\/uploads\/cp.montelindo.bustarviejo\/2024\/01\/Encuesta-inicial-Infantil.pdf\" target=\"_blank\">Encuesta inicial Infantil<\/a><\/td><\/tr><tr><td><a rel=\"noreferrer noopener\" href=\"https:\/\/site.educa.madrid.org\/cp.montelindo.bustarviejo\/\/wp-content\/uploads\/cp.montelindo.bustarviejo\/2024\/01\/Periodo-de-adaptacion.pdf\" target=\"_blank\">Informaci\u00f3n sobre el p<\/a><a rel=\"noreferrer noopener\" href=\"https:\/\/site.educa.madrid.org\/cp.montelindo.bustarviejo\/\/wp-content\/uploads\/cp.montelindo.bustarviejo\/2024\/01\/Periodo-de-adaptacion.pdf\" target=\"_blank\">eriodo de adaptaci\u00f3n<\/a><\/td><\/tr><\/tbody><\/table><\/figure>\n\n\n\n<h2 class=\"wp-block-heading\">Documentos solo para alumnado de Educaci\u00f3n Primaria (a partir de 3\u00ba)<\/h2>\n\n\n\n<p><\/p>\n\n\n\n<figure class=\"wp-block-table is-style-stripes\"><table class=\"has-text-color has-background\" style=\"color:#181a19;background-color:#e9fbe5\"><thead><tr><th>EDUCACI\u00d3N PRIMARIA<\/th><\/tr><\/thead><tbody><tr><td><a rel=\"noreferrer noopener\" href=\"https:\/\/site.educa.madrid.org\/cp.montelindo.bustarviejo\/\/wp-content\/uploads\/cp.montelindo.bustarviejo\/2024\/01\/8.Salida-solo-del-centro-a-partir-3o.pdf\" target=\"_blank\">Autorizaci\u00f3n para salir solo del centro (a partir de 3\u00ba<\/a>)<\/td><\/tr><\/tbody><\/table><\/figure>\n","protected":false},"excerpt":{"rendered":"<p>Aqu\u00ed puedes encontrar la documentaci\u00f3n que tienes que entregar: * Las familias que matriculen alumnos\/as en Educaci\u00f3n Infantil, deben traer relleno el cuestionario inicial a las familias para que podamos conocer h\u00e1bitos de alimentaci\u00f3n, sue\u00f1o, vestido y aseo, lenguaje, movimiento, relaciones sociales&#8230; y datos de escolarizaci\u00f3n y m\u00e9dicos que nos ayuden a conocer mejor a [&hellip;]<\/p>\n","protected":false},"author":2,"featured_media":0,"parent":0,"menu_order":0,"comment_status":"closed","ping_status":"closed","template":"","meta":{"footnotes":""},"folder":[],"class_list":["post-358","page","type-page","status-publish","hentry"],"rttpg_featured_image_url":null,"rttpg_author":{"display_name":"tic.cp.montelindo.bustarviejo","author_link":"https:\/\/site.educa.madrid.org\/cp.montelindo.bustarviejo\/index.php\/author\/cuenta_tic-cp-montelindo-bustarviejo\/"},"rttpg_comment":0,"rttpg_category":false,"rttpg_excerpt":"Aqu\u00ed puedes encontrar la documentaci\u00f3n que tienes que entregar: * Las familias que matriculen alumnos\/as en Educaci\u00f3n Infantil, deben traer relleno el cuestionario inicial a las familias para que podamos conocer h\u00e1bitos de alimentaci\u00f3n, sue\u00f1o, vestido y aseo, lenguaje, movimiento, relaciones sociales&#8230; y datos de escolarizaci\u00f3n y m\u00e9dicos que nos ayuden a conocer mejor a&hellip;","post_mailing_queue_ids":[],"_links":{"self":[{"href":"https:\/\/site.educa.madrid.org\/cp.montelindo.bustarviejo\/index.php\/wp-json\/wp\/v2\/pages\/358","targetHints":{"allow":["GET"]}}],"collection":[{"href":"https:\/\/site.educa.madrid.org\/cp.montelindo.bustarviejo\/index.php\/wp-json\/wp\/v2\/pages"}],"about":[{"href":"https:\/\/site.educa.madrid.org\/cp.montelindo.bustarviejo\/index.php\/wp-json\/wp\/v2\/types\/page"}],"author":[{"embeddable":true,"href":"https:\/\/site.educa.madrid.org\/cp.montelindo.bustarviejo\/index.php\/wp-json\/wp\/v2\/users\/2"}],"replies":[{"embeddable":true,"href":"https:\/\/site.educa.madrid.org\/cp.montelindo.bustarviejo\/index.php\/wp-json\/wp\/v2\/comments?post=358"}],"version-history":[{"count":43,"href":"https:\/\/site.educa.madrid.org\/cp.montelindo.bustarviejo\/index.php\/wp-json\/wp\/v2\/pages\/358\/revisions"}],"predecessor-version":[{"id":2645,"href":"https:\/\/site.educa.madrid.org\/cp.montelindo.bustarviejo\/index.php\/wp-json\/wp\/v2\/pages\/358\/revisions\/2645"}],"wp:attachment":[{"href":"https:\/\/site.educa.madrid.org\/cp.montelindo.bustarviejo\/index.php\/wp-json\/wp\/v2\/media?parent=358"}],"wp:term":[{"taxonomy":"folder","embeddable":true,"href":"https:\/\/site.educa.madrid.org\/cp.montelindo.bustarviejo\/index.php\/wp-json\/wp\/v2\/folder?post=358"}],"curies":[{"name":"wp","href":"https:\/\/api.w.org\/{rel}","templated":true}]}}