{"id":444,"date":"2020-09-02T13:04:36","date_gmt":"2020-09-02T13:04:36","guid":{"rendered":"https:\/\/site.educa.madrid.org\/cp.montelindo.bustarviejo\/?page_id=444"},"modified":"2025-09-19T09:06:04","modified_gmt":"2025-09-19T07:06:04","slug":"personal-del-comedor","status":"publish","type":"page","link":"https:\/\/site.educa.madrid.org\/cp.montelindo.bustarviejo\/index.php\/personal-del-comedor\/","title":{"rendered":"PERSONAL DEL COMEDOR"},"content":{"rendered":"\n<p>El comedor est\u00e1 atendido por:<\/p>\n\n\n\n<p><strong>Cocinera: <\/strong>Sonia Reina<\/p>\n\n\n\n<p><strong>Desayunos:<\/strong> Sonia P\u00e9rez<\/p>\n\n\n\n<p><strong>Cuidadoras: <\/strong>Sonia Gonz\u00e1lez, Cristina Rusu y Cristina Luis<\/p>\n\n\n\n<h3 class=\"wp-block-heading\">Aunque el equipo va renov\u00e1ndose son varias profesionales las que nos acompa\u00f1an en este servicio desde hace a\u00f1os, lo que supone que conocen a los ni\u00f1os y ni\u00f1as y tienen con ellos y ellas una relaci\u00f3n personalizada.<\/h3>\n\n\n\n<p><\/p>\n","protected":false},"excerpt":{"rendered":"<p>El comedor est\u00e1 atendido por: Cocinera: Sonia Reina Desayunos: Sonia P\u00e9rez Cuidadoras: Sonia Gonz\u00e1lez, Cristina Rusu y Cristina Luis Aunque el equipo va renov\u00e1ndose son varias profesionales las que nos acompa\u00f1an en este servicio desde hace a\u00f1os, lo que supone que conocen a los ni\u00f1os y ni\u00f1as y tienen con ellos y ellas una relaci\u00f3n [&hellip;]<\/p>\n","protected":false},"author":2,"featured_media":0,"parent":0,"menu_order":0,"comment_status":"closed","ping_status":"closed","template":"","meta":{"footnotes":""},"folder":[],"class_list":["post-444","page","type-page","status-publish","hentry"],"rttpg_featured_image_url":null,"rttpg_author":{"display_name":"tic.cp.montelindo.bustarviejo","author_link":"https:\/\/site.educa.madrid.org\/cp.montelindo.bustarviejo\/index.php\/author\/cuenta_tic-cp-montelindo-bustarviejo\/"},"rttpg_comment":0,"rttpg_category":false,"rttpg_excerpt":"El comedor est\u00e1 atendido por: Cocinera: Sonia Reina Desayunos: Sonia P\u00e9rez Cuidadoras: Sonia Gonz\u00e1lez, Cristina Rusu y Cristina Luis Aunque el equipo va renov\u00e1ndose son varias profesionales las que nos acompa\u00f1an en este servicio desde hace a\u00f1os, lo que supone que conocen a los ni\u00f1os y ni\u00f1as y tienen con ellos y ellas una relaci\u00f3n&hellip;","post_mailing_queue_ids":[],"_links":{"self":[{"href":"https:\/\/site.educa.madrid.org\/cp.montelindo.bustarviejo\/index.php\/wp-json\/wp\/v2\/pages\/444","targetHints":{"allow":["GET"]}}],"collection":[{"href":"https:\/\/site.educa.madrid.org\/cp.montelindo.bustarviejo\/index.php\/wp-json\/wp\/v2\/pages"}],"about":[{"href":"https:\/\/site.educa.madrid.org\/cp.montelindo.bustarviejo\/index.php\/wp-json\/wp\/v2\/types\/page"}],"author":[{"embeddable":true,"href":"https:\/\/site.educa.madrid.org\/cp.montelindo.bustarviejo\/index.php\/wp-json\/wp\/v2\/users\/2"}],"replies":[{"embeddable":true,"href":"https:\/\/site.educa.madrid.org\/cp.montelindo.bustarviejo\/index.php\/wp-json\/wp\/v2\/comments?post=444"}],"version-history":[{"count":6,"href":"https:\/\/site.educa.madrid.org\/cp.montelindo.bustarviejo\/index.php\/wp-json\/wp\/v2\/pages\/444\/revisions"}],"predecessor-version":[{"id":2717,"href":"https:\/\/site.educa.madrid.org\/cp.montelindo.bustarviejo\/index.php\/wp-json\/wp\/v2\/pages\/444\/revisions\/2717"}],"wp:attachment":[{"href":"https:\/\/site.educa.madrid.org\/cp.montelindo.bustarviejo\/index.php\/wp-json\/wp\/v2\/media?parent=444"}],"wp:term":[{"taxonomy":"folder","embeddable":true,"href":"https:\/\/site.educa.madrid.org\/cp.montelindo.bustarviejo\/index.php\/wp-json\/wp\/v2\/folder?post=444"}],"curies":[{"name":"wp","href":"https:\/\/api.w.org\/{rel}","templated":true}]}}