{"id":448,"date":"2020-09-02T13:05:13","date_gmt":"2020-09-02T13:05:13","guid":{"rendered":"https:\/\/site.educa.madrid.org\/cp.montelindo.bustarviejo\/?page_id=448"},"modified":"2023-11-08T14:57:57","modified_gmt":"2023-11-08T13:57:57","slug":"comedor","status":"publish","type":"page","link":"https:\/\/site.educa.madrid.org\/cp.montelindo.bustarviejo\/index.php\/comedor\/","title":{"rendered":"COMEDOR"},"content":{"rendered":"\n<figure class=\"wp-block-image size-large\"><img loading=\"lazy\" decoding=\"async\" width=\"1024\" height=\"473\" src=\"https:\/\/site.educa.madrid.org\/cp.montelindo.bustarviejo\/\/wp-content\/uploads\/cp.montelindo.bustarviejo\/2022\/05\/01-vasos-comedor-1024x473.jpg\" alt=\"\" class=\"wp-image-1579\" srcset=\"https:\/\/site.educa.madrid.org\/cp.montelindo.bustarviejo\/\/wp-content\/uploads\/cp.montelindo.bustarviejo\/2022\/05\/01-vasos-comedor-1024x473.jpg 1024w, https:\/\/site.educa.madrid.org\/cp.montelindo.bustarviejo\/\/wp-content\/uploads\/cp.montelindo.bustarviejo\/2022\/05\/01-vasos-comedor-300x138.jpg 300w, https:\/\/site.educa.madrid.org\/cp.montelindo.bustarviejo\/\/wp-content\/uploads\/cp.montelindo.bustarviejo\/2022\/05\/01-vasos-comedor-768x354.jpg 768w, https:\/\/site.educa.madrid.org\/cp.montelindo.bustarviejo\/\/wp-content\/uploads\/cp.montelindo.bustarviejo\/2022\/05\/01-vasos-comedor-1536x709.jpg 1536w, https:\/\/site.educa.madrid.org\/cp.montelindo.bustarviejo\/\/wp-content\/uploads\/cp.montelindo.bustarviejo\/2022\/05\/01-vasos-comedor-2048x945.jpg 2048w\" sizes=\"auto, (max-width: 1024px) 100vw, 1024px\" \/><\/figure>\n\n\n\n<p>El servicio de comedor escolar se sirve \u00fanicamente en el espacio acondicionado como comedor. Existen <strong>dos turnos<\/strong>, dividiendo al alumnado de infantil a 2\u00ba de primaria en el primer turno y de 3\u00ba a 6\u00ba de primaria en el segundo turno.<\/p>\n\n\n\n<p>El <strong>horario <\/strong>de comedor es de 13 a 15 horas en septiembre y junio y de 14 a 16 horas el resto del curso. Una vez los ni\u00f1os y las ni\u00f1as hayan comido, las respectivas familias pod\u00e9is pasar a recogerles por delante o por detr\u00e1s y pod\u00e9is pasar a buscarles al patio. Eso s\u00ed, os pedimos que al entrar y salir cerr\u00e9is la puerta y, tambi\u00e9n, que se\u00e1is <strong>puntuales <\/strong>en la recogida, respetando el horario de las monitoras de comedor. <\/p>\n\n\n\n<p>Las<strong> comunicaciones de la recogida<\/strong> de vuestros\/as hijos\/as deb\u00e9is informarlas al equipo directivo del centro, bien por tel\u00e9fono en el <a href=\"tel:+34918482308\">91.848.23.08<\/a> o el <a href=\"tel:+34918482700\">91.848.27.00<\/a>, bien por <a href=\"mailto:cp.montelindo.bustarviejo@educa.madrid.org\" data-type=\"mailto\" data-id=\"mailto:cp.montelindo.bustarviejo@educa.madrid.org\">email<\/a>, y no a las cuidadoras a trav\u00e9s de su tel\u00e9fono m\u00f3vil.<\/p>\n\n\n\n<p>A partir de 3\u00ba de Primaria es necesario que las ni\u00f1as y los ni\u00f1os tengan <strong>autorizaci\u00f3n para salir solas\/os<\/strong> despu\u00e9s del comedor.  Si necesit\u00e1is dicha autorizaci\u00f3n pod\u00e9is<a href=\"mailto:cp.montelindo.bustarviejo@educa.madrid.org\" data-type=\"mailto\" data-id=\"mailto:cp.montelindo.bustarviejo@educa.madrid.org\"> solicitarla al correo del centro.<\/a><\/p>\n\n\n\n<p>En caso de que de manera peri\u00f3dica o puntual las familias dese\u00e9is <strong>ampliar el horario<\/strong> de 16 a 17, cont\u00e1is con el servicio de <a href=\"https:\/\/site.educa.madrid.org\/cp.montelindo.bustarviejo\/index.php\/ludoteca\/\">ludoteca<\/a>, que se gestiona gracias a la AMPA del cole.<\/p>\n\n\n\n<figure class=\"wp-block-image size-large\"><img loading=\"lazy\" decoding=\"async\" width=\"1024\" height=\"473\" src=\"https:\/\/site.educa.madrid.org\/cp.montelindo.bustarviejo\/\/wp-content\/uploads\/cp.montelindo.bustarviejo\/2022\/05\/04-comedor-pared-fondo-1024x473.jpg\" alt=\"\" class=\"wp-image-1582\" srcset=\"https:\/\/site.educa.madrid.org\/cp.montelindo.bustarviejo\/\/wp-content\/uploads\/cp.montelindo.bustarviejo\/2022\/05\/04-comedor-pared-fondo-1024x473.jpg 1024w, https:\/\/site.educa.madrid.org\/cp.montelindo.bustarviejo\/\/wp-content\/uploads\/cp.montelindo.bustarviejo\/2022\/05\/04-comedor-pared-fondo-300x138.jpg 300w, https:\/\/site.educa.madrid.org\/cp.montelindo.bustarviejo\/\/wp-content\/uploads\/cp.montelindo.bustarviejo\/2022\/05\/04-comedor-pared-fondo-768x354.jpg 768w, https:\/\/site.educa.madrid.org\/cp.montelindo.bustarviejo\/\/wp-content\/uploads\/cp.montelindo.bustarviejo\/2022\/05\/04-comedor-pared-fondo-1536x709.jpg 1536w, https:\/\/site.educa.madrid.org\/cp.montelindo.bustarviejo\/\/wp-content\/uploads\/cp.montelindo.bustarviejo\/2022\/05\/04-comedor-pared-fondo-2048x945.jpg 2048w\" sizes=\"auto, (max-width: 1024px) 100vw, 1024px\" \/><\/figure>\n\n\n\n<h2 class=\"wp-block-heading\">Precios del comedor<\/h2>\n\n\n\n<p>Seg\u00fan la Orden 1877\/2023 del 5 de junio, los precios del comedor para el curso 2023\/24 ser\u00e1n de <strong>5,50\u20ac\/d\u00eda para comensales fijos y 6,10\u20ac\/d\u00eda para comensales eventuales<\/strong>. <\/p>\n\n\n\n<p>Las <strong>faltas <\/strong>a este servicio solo se descontar\u00e1n cuando sean superiores a tres d\u00edas consecutivos y siempre que se haya avisado como m\u00ednimo con una semana de antelaci\u00f3n. El descuento solo es de la mitad del precio diario porque solo se descuenta la comida, no el servicio de cuidadoras. <\/p>\n\n\n\n<p>Los recibos al cobro se pasar\u00e1n por el banco <strong>antes del d\u00eda 10 <\/strong>del mes siguiente al recibo que se cobra.<\/p>\n\n\n\n<p>Todos los recibos (independientemente de que sean comensales fijos y eventuales) <strong>deben ser domiciliados<\/strong>. Si alguna familia no ha entregado los datos bancarios o los ha modificado deber\u00e1 notificarlo en Secretar\u00eda. <\/p>\n\n\n\n<figure class=\"wp-block-image size-large\"><img loading=\"lazy\" decoding=\"async\" width=\"1024\" height=\"473\" src=\"https:\/\/site.educa.madrid.org\/cp.montelindo.bustarviejo\/\/wp-content\/uploads\/cp.montelindo.bustarviejo\/2022\/05\/03-comedor-general-1024x473.jpg\" alt=\"\" class=\"wp-image-1581\" srcset=\"https:\/\/site.educa.madrid.org\/cp.montelindo.bustarviejo\/\/wp-content\/uploads\/cp.montelindo.bustarviejo\/2022\/05\/03-comedor-general-1024x473.jpg 1024w, https:\/\/site.educa.madrid.org\/cp.montelindo.bustarviejo\/\/wp-content\/uploads\/cp.montelindo.bustarviejo\/2022\/05\/03-comedor-general-300x138.jpg 300w, https:\/\/site.educa.madrid.org\/cp.montelindo.bustarviejo\/\/wp-content\/uploads\/cp.montelindo.bustarviejo\/2022\/05\/03-comedor-general-768x354.jpg 768w, https:\/\/site.educa.madrid.org\/cp.montelindo.bustarviejo\/\/wp-content\/uploads\/cp.montelindo.bustarviejo\/2022\/05\/03-comedor-general-1536x709.jpg 1536w, https:\/\/site.educa.madrid.org\/cp.montelindo.bustarviejo\/\/wp-content\/uploads\/cp.montelindo.bustarviejo\/2022\/05\/03-comedor-general-2048x945.jpg 2048w\" sizes=\"auto, (max-width: 1024px) 100vw, 1024px\" \/><\/figure>\n\n\n\n<p><\/p>\n\n\n\n<h2 class=\"wp-block-heading\">Comensales eventuales<\/h2>\n\n\n\n<p>Para este curso 2023\/24 deb\u00e9is <strong>avisar el d\u00eda anterior o antes de las 11:00 <\/strong>del mismo d\u00eda que quer\u00e1is que vuestro\/a hijo\/a se quede a comedor. No se garantizar\u00e1 la comida que est\u00e9 planteada en el men\u00fa al alumnado que no avise en esta franja horaria y por lo tanto se le dar\u00e1 otra alternativa. <\/p>\n\n\n\n<p><strong>Si se hace uso de este servicio la mitad de los d\u00edas del mes <\/strong>se considerar\u00e1 al\/a la alumno\/a como comensal fijo\/a en ese mes y deber\u00e1 pagar del resto de los d\u00edas la mitad de la minuta.<\/p>\n\n\n\n<p><\/p>\n","protected":false},"excerpt":{"rendered":"<p>El servicio de comedor escolar se sirve \u00fanicamente en el espacio acondicionado como comedor. Existen dos turnos, dividiendo al alumnado de infantil a 2\u00ba de primaria en el primer turno y de 3\u00ba a 6\u00ba de primaria en el segundo turno. El horario de comedor es de 13 a 15 horas en septiembre y junio [&hellip;]<\/p>\n","protected":false},"author":2,"featured_media":0,"parent":0,"menu_order":0,"comment_status":"closed","ping_status":"closed","template":"","meta":{"footnotes":""},"folder":[],"class_list":["post-448","page","type-page","status-publish","hentry"],"rttpg_featured_image_url":null,"rttpg_author":{"display_name":"tic.cp.montelindo.bustarviejo","author_link":"https:\/\/site.educa.madrid.org\/cp.montelindo.bustarviejo\/index.php\/author\/cuenta_tic-cp-montelindo-bustarviejo\/"},"rttpg_comment":0,"rttpg_category":false,"rttpg_excerpt":"El servicio de comedor escolar se sirve \u00fanicamente en el espacio acondicionado como comedor. Existen dos turnos, dividiendo al alumnado de infantil a 2\u00ba de primaria en el primer turno y de 3\u00ba a 6\u00ba de primaria en el segundo turno. El horario de comedor es de 13 a 15 horas en septiembre y junio&hellip;","post_mailing_queue_ids":[],"_links":{"self":[{"href":"https:\/\/site.educa.madrid.org\/cp.montelindo.bustarviejo\/index.php\/wp-json\/wp\/v2\/pages\/448","targetHints":{"allow":["GET"]}}],"collection":[{"href":"https:\/\/site.educa.madrid.org\/cp.montelindo.bustarviejo\/index.php\/wp-json\/wp\/v2\/pages"}],"about":[{"href":"https:\/\/site.educa.madrid.org\/cp.montelindo.bustarviejo\/index.php\/wp-json\/wp\/v2\/types\/page"}],"author":[{"embeddable":true,"href":"https:\/\/site.educa.madrid.org\/cp.montelindo.bustarviejo\/index.php\/wp-json\/wp\/v2\/users\/2"}],"replies":[{"embeddable":true,"href":"https:\/\/site.educa.madrid.org\/cp.montelindo.bustarviejo\/index.php\/wp-json\/wp\/v2\/comments?post=448"}],"version-history":[{"count":11,"href":"https:\/\/site.educa.madrid.org\/cp.montelindo.bustarviejo\/index.php\/wp-json\/wp\/v2\/pages\/448\/revisions"}],"predecessor-version":[{"id":1800,"href":"https:\/\/site.educa.madrid.org\/cp.montelindo.bustarviejo\/index.php\/wp-json\/wp\/v2\/pages\/448\/revisions\/1800"}],"wp:attachment":[{"href":"https:\/\/site.educa.madrid.org\/cp.montelindo.bustarviejo\/index.php\/wp-json\/wp\/v2\/media?parent=448"}],"wp:term":[{"taxonomy":"folder","embeddable":true,"href":"https:\/\/site.educa.madrid.org\/cp.montelindo.bustarviejo\/index.php\/wp-json\/wp\/v2\/folder?post=448"}],"curies":[{"name":"wp","href":"https:\/\/api.w.org\/{rel}","templated":true}]}}