{"id":1006,"date":"2023-11-20T12:02:48","date_gmt":"2023-11-20T11:02:48","guid":{"rendered":"https:\/\/site.educa.madrid.org\/cp.navalazarza.sanagustin\/?page_id=1006"},"modified":"2024-06-27T09:34:52","modified_gmt":"2024-06-27T07:34:52","slug":"informacion-secretaria","status":"publish","type":"page","link":"https:\/\/site.educa.madrid.org\/cp.navalazarza.sanagustin\/index.php\/informacion-secretaria\/","title":{"rendered":"Informaci\u00f3n Secretar\u00eda"},"content":{"rendered":"\n<p>Desde la Secretar\u00eda podr\u00e1s realizar la mayor\u00eda de las gestiones relacionadas con el centro: solicitud de becas y ayudas, gestiones de comedor, petici\u00f3n de ex\u00e1menes (tambi\u00e9n online), informaci\u00f3n sobre los libros de texto, etc. Adem\u00e1s, ante cualquier consulta que tengas te ayudar\u00e1n a resolverla o te pondr\u00e1n en contacto con la persona indicada.<\/p>\n\n\n\n<h3 class=\"wp-block-heading has-text-align-center\"><strong>Secretaria:<\/strong>\u00a0Milagros Cotrina Medina<br>91 841 86 43<br><a href=\"mailto:milagros.cotrina@educa.madrid.org\">milagros.cotrina@educa.madrid.org<\/a><\/h3>\n\n\n\n<h3 class=\"wp-block-heading\"><strong>Horario:<\/strong><\/h3>\n\n\n\n<figure class=\"wp-block-table\"><table><tbody><tr><th><\/th><th class=\"has-text-align-center\" data-align=\"center\">Lunes, martes, jueves y viernes<\/th><th class=\"has-text-align-center\" data-align=\"center\">Lunes y mi\u00e9rcoles<\/th><\/tr><tr><td><strong>Septiembre y junio<\/strong><\/td><td class=\"has-text-align-center\" data-align=\"center\">9:15 \u2013 10:30<\/td><td class=\"has-text-align-center\" data-align=\"center\">13:10 \u2013 14:00<\/td><\/tr><tr><td><strong>De octubre a mayo<\/strong><\/td><td class=\"has-text-align-center\" data-align=\"center\">9:15 \u2013 10:30<\/td><td class=\"has-text-align-center\" data-align=\"center\">14:10 \u2013 15:00<\/td><\/tr><\/tbody><\/table><\/figure>\n","protected":false},"excerpt":{"rendered":"<p>Desde la Secretar\u00eda podr\u00e1s realizar la mayor\u00eda de las gestiones relacionadas con el centro: solicitud de becas y ayudas, gestiones [&hellip;]<\/p>\n","protected":false},"author":3,"featured_media":0,"parent":0,"menu_order":12,"comment_status":"closed","ping_status":"closed","template":"page-templates\/page_fullwidth.php","meta":{"footnotes":""},"folder":[10],"class_list":["post-1006","page","type-page","status-publish","hentry"],"rttpg_featured_image_url":null,"rttpg_author":{"display_name":"cp.navalazarza.sanagustin","author_link":"https:\/\/site.educa.madrid.org\/cp.navalazarza.sanagustin\/index.php\/author\/cuenta_cp-navalazarza-sanagustin\/"},"rttpg_comment":0,"rttpg_category":" <a href=\"https:\/\/site.educa.madrid.org\/cp.navalazarza.sanagustin\/?taxonomy=folder&#038;term=secretaria-1700472319-3\" rel=\"tag\">Secretar\u00eda<\/a>","rttpg_excerpt":"Desde la Secretar\u00eda podr\u00e1s realizar la mayor\u00eda de las gestiones relacionadas con el centro: solicitud de becas y ayudas, gestiones [&hellip;]","post_mailing_queue_ids":[],"_links":{"self":[{"href":"https:\/\/site.educa.madrid.org\/cp.navalazarza.sanagustin\/index.php\/wp-json\/wp\/v2\/pages\/1006","targetHints":{"allow":["GET"]}}],"collection":[{"href":"https:\/\/site.educa.madrid.org\/cp.navalazarza.sanagustin\/index.php\/wp-json\/wp\/v2\/pages"}],"about":[{"href":"https:\/\/site.educa.madrid.org\/cp.navalazarza.sanagustin\/index.php\/wp-json\/wp\/v2\/types\/page"}],"author":[{"embeddable":true,"href":"https:\/\/site.educa.madrid.org\/cp.navalazarza.sanagustin\/index.php\/wp-json\/wp\/v2\/users\/3"}],"replies":[{"embeddable":true,"href":"https:\/\/site.educa.madrid.org\/cp.navalazarza.sanagustin\/index.php\/wp-json\/wp\/v2\/comments?post=1006"}],"version-history":[{"count":3,"href":"https:\/\/site.educa.madrid.org\/cp.navalazarza.sanagustin\/index.php\/wp-json\/wp\/v2\/pages\/1006\/revisions"}],"predecessor-version":[{"id":1303,"href":"https:\/\/site.educa.madrid.org\/cp.navalazarza.sanagustin\/index.php\/wp-json\/wp\/v2\/pages\/1006\/revisions\/1303"}],"wp:attachment":[{"href":"https:\/\/site.educa.madrid.org\/cp.navalazarza.sanagustin\/index.php\/wp-json\/wp\/v2\/media?parent=1006"}],"wp:term":[{"taxonomy":"folder","embeddable":true,"href":"https:\/\/site.educa.madrid.org\/cp.navalazarza.sanagustin\/index.php\/wp-json\/wp\/v2\/folder?post=1006"}],"curies":[{"name":"wp","href":"https:\/\/api.w.org\/{rel}","templated":true}]}}