{"id":1029,"date":"2023-11-20T12:15:05","date_gmt":"2023-11-20T11:15:05","guid":{"rendered":"https:\/\/site.educa.madrid.org\/cp.navalazarza.sanagustin\/?page_id=1029"},"modified":"2025-02-03T10:13:36","modified_gmt":"2025-02-03T09:13:36","slug":"escuela-de-padres","status":"publish","type":"page","link":"https:\/\/site.educa.madrid.org\/cp.navalazarza.sanagustin\/index.php\/escuela-de-padres\/","title":{"rendered":"Escuela de Padres"},"content":{"rendered":"\n<div class=\"wp-block-columns is-layout-flex wp-container-core-columns-is-layout-9d6595d7 wp-block-columns-is-layout-flex\">\n<div class=\"wp-block-column is-layout-flow wp-block-column-is-layout-flow\">\n<p><strong>Art\u00edculos y documentos de inter\u00e9s para las familias<\/strong><\/p>\n\n\n\n<ul class=\"wp-block-list\">\n<li><a href=\"https:\/\/site.educa.madrid.org\/cp.navalazarza.sanagustin\/\/wp-content\/uploads\/cp.navalazarza.sanagustin\/2023\/11\/Consejo-padres-ESO.pdf\" target=\"_blank\" rel=\"noreferrer noopener\">5 Consejos para el paso a la ESO<\/a><\/li>\n\n\n\n<li><a href=\"https:\/\/elpais.com\/elpais\/2019\/01\/21\/buenavida\/1548082633_438670.html\" target=\"_blank\" rel=\"noreferrer noopener\">As\u00ed se ense\u00f1a a un ni\u00f1o a tener empat\u00eda<\/a><\/li>\n\n\n\n<li><a href=\"https:\/\/site.educa.madrid.org\/cp.navalazarza.sanagustin\/\/wp-content\/uploads\/cp.navalazarza.sanagustin\/2023\/11\/Dislexia-no-soy-vago-articulo.pdf\" target=\"_blank\" rel=\"noreferrer noopener\">Art\u00edculo: No soy vago, tengo dislexia<\/a><\/li>\n\n\n\n<li><a href=\"https:\/\/site.educa.madrid.org\/cp.navalazarza.sanagustin\/\/wp-content\/uploads\/cp.navalazarza.sanagustin\/2023\/11\/Acoso-escolar-y-la-convivencia-en-los-centros-educativos-El.-Guia-para-el-profesorado-y-las-familias.pdf\" target=\"_blank\" rel=\"noreferrer noopener\">El acoso escolar y la convivencia en los centros educativos<\/a><\/li>\n\n\n\n<li><a href=\"https:\/\/site.educa.madrid.org\/cp.navalazarza.sanagustin\/\/wp-content\/uploads\/cp.navalazarza.sanagustin\/2024\/07\/guia-control-parental-videojuegos-familias.pdf\" target=\"_blank\" rel=\"noreferrer noopener\">Gu\u00eda Control Parental de videojuegos<\/a><\/li>\n\n\n\n<li><a href=\"https:\/\/site.educa.madrid.org\/cp.navalazarza.sanagustin\/\/wp-content\/uploads\/cp.navalazarza.sanagustin\/2023\/11\/la-guia-que-no-viene-con-el-movil.pdf\" target=\"_blank\" rel=\"noreferrer noopener\">Gu\u00eda \u201cM\u00e1s que un M\u00f3vil\u201d<\/a><\/li>\n\n\n\n<li><a href=\"https:\/\/site.educa.madrid.org\/cp.navalazarza.sanagustin\/\/wp-content\/uploads\/cp.navalazarza.sanagustin\/2023\/11\/guia-primeros-auxilios-para-padres-y-madres.pdf\" target=\"_blank\" rel=\"noreferrer noopener\">Gu\u00eda Primeros Auxilios para padres y madres<\/a><\/li>\n\n\n\n<li><a href=\"https:\/\/site.educa.madrid.org\/cp.navalazarza.sanagustin\/\/wp-content\/uploads\/cp.navalazarza.sanagustin\/2023\/11\/cuidate-guia_padres_nuevas_tecnologias.pdf\" target=\"_blank\" rel=\"noreferrer noopener\">Gu\u00eda para padres sobre las nuevas tecnolog\u00edas<\/a><\/li>\n\n\n\n<li><a href=\"https:\/\/www.educa2.madrid.org\/web\/centro.eoep.alteracionesdesarrollo.madrid\/servicios-de-apoyo-a-la-familia\" target=\"_blank\" rel=\"noreferrer noopener\">Gu\u00edas del equipo espec\u00edfico de alteraciones graves del desarrollo<\/a><\/li>\n\n\n\n<li><a href=\"https:\/\/site.educa.madrid.org\/cp.navalazarza.sanagustin\/\/wp-content\/uploads\/cp.navalazarza.sanagustin\/2024\/07\/Habitos-Saludables.pdf\" target=\"_blank\" rel=\"noreferrer noopener\">H\u00e1bitos saludables<\/a><\/li>\n\n\n\n<li><a href=\"https:\/\/site.educa.madrid.org\/cp.navalazarza.sanagustin\/\/wp-content\/uploads\/cp.navalazarza.sanagustin\/2023\/11\/Guia_publicidad_version_padres.pdf\" target=\"_blank\" rel=\"noreferrer noopener\">Los ni\u00f1os ante la publicidad<\/a><\/li>\n\n\n\n<li><a href=\"https:\/\/view.genial.ly\/609ba7e269af6e0d35337523\/presentation-copia-riesgos-de-las-rrss\" target=\"_blank\" rel=\"noreferrer noopener\">Los riesgos de las redes sociales<\/a><\/li>\n\n\n\n<li><a href=\"https:\/\/site.educa.madrid.org\/cp.navalazarza.sanagustin\/\/wp-content\/uploads\/cp.navalazarza.sanagustin\/2023\/11\/OBJETIVO-INSTITUTO.pdf\" target=\"_blank\" rel=\"noreferrer noopener\">Objetivo Instituto<\/a><\/li>\n\n\n\n<li><a href=\"https:\/\/site.educa.madrid.org\/cp.navalazarza.sanagustin\/\/wp-content\/uploads\/cp.navalazarza.sanagustin\/2023\/11\/orienta1-tareas-escolares-despues-escuela.pdf\" target=\"_blank\" rel=\"noreferrer noopener\">Orienta 1: Tareas escolares despu\u00e9s de la escuela<\/a><\/li>\n\n\n\n<li><a href=\"https:\/\/elpais.com\/elpais\/2017\/04\/24\/mamas_papas\/1493021002_268544.html\" target=\"_blank\" rel=\"noreferrer noopener\">\u00bfPor qu\u00e9 debes dejar de hacer las cosas por tus hijos?<\/a><\/li>\n\n\n\n<li><a href=\"https:\/\/goo.gl\/BnJg7B\" target=\"_blank\" rel=\"noreferrer noopener\">Servicio de Atenci\u00f3n en Adicciones Tecnol\u00f3gicas<\/a><\/li>\n\n\n\n<li><a href=\"https:\/\/www.comunidad.madrid\/servicios\/servicios-sociales\/servicio-psicopedagogico-intervencion-especializada-adicciones-nuevas-tecnologias-adolescentes-familias\" target=\"_blank\" rel=\"noreferrer noopener\">Servicio de adicciones a las tecnolog\u00edas<\/a><\/li>\n\n\n\n<li><a href=\"https:\/\/www.comunidad.madrid\/servicios\/salud\/adcom-madrid\" target=\"_blank\" rel=\"noreferrer noopener\">Servicio de Adicciones Comportamentales<\/a><\/li>\n\n\n\n<li><a href=\"https:\/\/site.educa.madrid.org\/cp.navalazarza.sanagustin\/\/wp-content\/uploads\/cp.navalazarza.sanagustin\/2024\/07\/uso-responsable-tecnologias-en-hogar.pdf\" target=\"_blank\" rel=\"noreferrer noopener\">Uso responsable de las tecnolog\u00edas en el hogar<\/a><\/li>\n<\/ul>\n<\/div>\n\n\n\n<div class=\"wp-block-column is-layout-flow wp-block-column-is-layout-flow\">\n<p><strong>Taller para familias sobre redes sociales<\/strong><\/p>\n\n\n\n<ul class=\"wp-block-list\">\n<li><a href=\"https:\/\/mediateca.educa.madrid.org\/video\/ykrn2jztgdp39jo8?jwsource=cl\" target=\"_blank\" rel=\"noreferrer noopener\">PARTE 1: Familias y RRSS<\/a><\/li>\n\n\n\n<li><a href=\"https:\/\/mediateca.educa.madrid.org\/video\/4355t1co54txglk8?jwsource=cl\" target=\"_blank\" rel=\"noreferrer noopener\">PARTE&nbsp;2: Familias, menores y RRSS: Grooming<\/a><\/li>\n\n\n\n<li><a href=\"https:\/\/mediateca.educa.madrid.org\/video\/qzrxjuck63h1qfv1?jwsource=cl\" target=\"_blank\" rel=\"noreferrer noopener\">PARTE 3: Ciberacoso<\/a><\/li>\n\n\n\n<li><a href=\"https:\/\/mediateca.educa.madrid.org\/video\/adv5xc3qr6qnn5d9?jwsource=cl\" target=\"_blank\" rel=\"noreferrer noopener\">PARTE 4: Adicci\u00f3n y RRS<\/a><\/li>\n\n\n\n<li><a href=\"https:\/\/mediateca.educa.madrid.org\/video\/y6cb81o85hl3ldsq?jwsource=cl\" target=\"_blank\" rel=\"noreferrer noopener\">PARTE 5: TikTok<\/a><\/li>\n<\/ul>\n\n\n\n<p><strong>Gu\u00edas para una navegaci\u00f3n segura<\/strong><\/p>\n\n\n\n<ul class=\"wp-block-list\">\n<li><a href=\"https:\/\/gestiona3.madrid.org\/bvirtual\/BVCM050703.pdf\" target=\"_blank\" rel=\"noreferrer noopener\">Gu\u00eda para el alumnado<\/a><\/li>\n\n\n\n<li><a href=\"https:\/\/gestiona3.madrid.org\/bvirtual\/BVCM050705.pdf\" target=\"_blank\" rel=\"noreferrer noopener\">Gu\u00eda para familias<\/a><\/li>\n\n\n\n<li><a href=\"https:\/\/gestiona3.madrid.org\/bvirtual\/BVCM050704.pdf\" target=\"_blank\" rel=\"noreferrer noopener\">Gu\u00eda para docentes<\/a><\/li>\n\n\n\n<li><a href=\"https:\/\/www.educa2.madrid.org\/web\/eventos-consejo-escolar\/jornada_guias\" target=\"_blank\" rel=\"noreferrer noopener\">Gu\u00edas<\/a><\/li>\n\n\n\n<li><a href=\"https:\/\/www.educa2.madrid.org\/web\/eventos-consejo-escolar\/jornada_guias\/-\/visor\/infografias-descargables?p_p_col_pos=2\">Enlace a Infograf\u00edas<\/a><\/li>\n<\/ul>\n<\/div>\n<\/div>\n","protected":false},"excerpt":{"rendered":"<p>Art\u00edculos y documentos de inter\u00e9s para las familias Taller para familias sobre redes sociales Gu\u00edas para una navegaci\u00f3n segura<\/p>\n","protected":false},"author":3,"featured_media":0,"parent":0,"menu_order":18,"comment_status":"closed","ping_status":"closed","template":"page-templates\/page_fullwidth.php","meta":{"footnotes":""},"folder":[11],"class_list":["post-1029","page","type-page","status-publish","hentry"],"rttpg_featured_image_url":null,"rttpg_author":{"display_name":"cp.navalazarza.sanagustin","author_link":"https:\/\/site.educa.madrid.org\/cp.navalazarza.sanagustin\/index.php\/author\/cuenta_cp-navalazarza-sanagustin\/"},"rttpg_comment":0,"rttpg_category":" <a href=\"https:\/\/site.educa.madrid.org\/cp.navalazarza.sanagustin\/?taxonomy=folder&#038;term=descargas-1700472319-3\" rel=\"tag\">Circulares<\/a>","rttpg_excerpt":"Art\u00edculos y documentos de inter\u00e9s para las familias Taller para familias sobre redes sociales Gu\u00edas para una navegaci\u00f3n segura","post_mailing_queue_ids":[],"_links":{"self":[{"href":"https:\/\/site.educa.madrid.org\/cp.navalazarza.sanagustin\/index.php\/wp-json\/wp\/v2\/pages\/1029","targetHints":{"allow":["GET"]}}],"collection":[{"href":"https:\/\/site.educa.madrid.org\/cp.navalazarza.sanagustin\/index.php\/wp-json\/wp\/v2\/pages"}],"about":[{"href":"https:\/\/site.educa.madrid.org\/cp.navalazarza.sanagustin\/index.php\/wp-json\/wp\/v2\/types\/page"}],"author":[{"embeddable":true,"href":"https:\/\/site.educa.madrid.org\/cp.navalazarza.sanagustin\/index.php\/wp-json\/wp\/v2\/users\/3"}],"replies":[{"embeddable":true,"href":"https:\/\/site.educa.madrid.org\/cp.navalazarza.sanagustin\/index.php\/wp-json\/wp\/v2\/comments?post=1029"}],"version-history":[{"count":24,"href":"https:\/\/site.educa.madrid.org\/cp.navalazarza.sanagustin\/index.php\/wp-json\/wp\/v2\/pages\/1029\/revisions"}],"predecessor-version":[{"id":4143,"href":"https:\/\/site.educa.madrid.org\/cp.navalazarza.sanagustin\/index.php\/wp-json\/wp\/v2\/pages\/1029\/revisions\/4143"}],"wp:attachment":[{"href":"https:\/\/site.educa.madrid.org\/cp.navalazarza.sanagustin\/index.php\/wp-json\/wp\/v2\/media?parent=1029"}],"wp:term":[{"taxonomy":"folder","embeddable":true,"href":"https:\/\/site.educa.madrid.org\/cp.navalazarza.sanagustin\/index.php\/wp-json\/wp\/v2\/folder?post=1029"}],"curies":[{"name":"wp","href":"https:\/\/api.w.org\/{rel}","templated":true}]}}