{"id":1049,"date":"2023-11-20T12:20:27","date_gmt":"2023-11-20T11:20:27","guid":{"rendered":"https:\/\/site.educa.madrid.org\/cp.navalazarza.sanagustin\/?page_id=1049"},"modified":"2025-09-22T08:57:52","modified_gmt":"2025-09-22T06:57:52","slug":"extraescolares-ampa","status":"publish","type":"page","link":"https:\/\/site.educa.madrid.org\/cp.navalazarza.sanagustin\/index.php\/extraescolares\/extraescolares-ampa\/","title":{"rendered":"Extraescolares AMPA"},"content":{"rendered":"\n<div class=\"wp-block-columns is-layout-flex wp-container-core-columns-is-layout-9d6595d7 wp-block-columns-is-layout-flex\">\n<div class=\"wp-block-column is-layout-flow wp-block-column-is-layout-flow\">\n<p><strong>Descubriendo <strong>Montessori<\/strong><\/strong><\/p>\n\n\n\n<ul class=\"wp-block-list\">\n<li><a href=\"https:\/\/shre.ink\/S7Nc\" target=\"_blank\" rel=\"noreferrer noopener\">Inscripci\u00f3n<\/a><\/li>\n<\/ul>\n\n\n\n<p><strong>Disciplina Positiva<\/strong><\/p>\n\n\n\n<ul class=\"wp-block-list\">\n<li><a href=\"https:\/\/shre.ink\/S7Na\" target=\"_blank\" rel=\"noreferrer noopener\">Inscripci\u00f3n<\/a><\/li>\n<\/ul>\n\n\n\n<p><strong>Fitness<\/strong><\/p>\n\n\n\n<ul class=\"wp-block-list\">\n<li><a href=\"https:\/\/docs.google.com\/forms\/d\/e\/1FAIpQLSf-Ir92wGkS-wGjL4SMJmnhz5io_3q6IJbTOqLnyiFNfrMvag\/viewform\" target=\"_blank\" rel=\"noreferrer noopener\">Inscripci\u00f3n<\/a><\/li>\n\n\n\n<li><a href=\"https:\/\/www.ampanavalazarza.es\/actividades-para-familias\/fitness-2025-2026\/\" target=\"_blank\" rel=\"noreferrer noopener\">Informaci\u00f3n<\/a><\/li>\n<\/ul>\n\n\n\n<p><strong>Inform\u00e1tica<\/strong> &#8211; <strong>Entre TIC<\/strong><\/p>\n\n\n\n<ul class=\"wp-block-list\">\n<li><a href=\"https:\/\/docs.google.com\/forms\/d\/e\/1FAIpQLSd-zSuwhWp_3WHiC3m5GuI1h9g9i63dK5plXk7AK3mcfn93cA\/viewform\" target=\"_blank\" rel=\"noreferrer noopener\">Inscripci\u00f3n<\/a><\/li>\n\n\n\n<li><a href=\"https:\/\/www.ampanavalazarza.es\/actividades-extraescolares\/informatica-entretic-2025-2026\/\" target=\"_blank\" rel=\"noreferrer noopener\">Informaci\u00f3n<\/a><\/li>\n<\/ul>\n\n\n\n<p><strong>Ingl\u00e9s &#8211; Improving<\/strong><\/p>\n\n\n\n<ul class=\"wp-block-list\">\n<li><a href=\"https:\/\/docs.google.com\/forms\/d\/e\/1FAIpQLSfKiFr3CzAsT9QSPiP7-Au1vq8r77ST5tEyLeliNH-JAmEfrg\/viewform\" target=\"_blank\" rel=\"noreferrer noopener\">Inscripci\u00f3n<\/a><\/li>\n\n\n\n<li><a href=\"https:\/\/www.ampanavalazarza.es\/actividades-extraescolares\/ingles-improving-2025-2026\/\" target=\"_blank\" rel=\"noreferrer noopener\">Informaci\u00f3n<\/a><\/li>\n<\/ul>\n\n\n\n<p><strong>Judo<\/strong><\/p>\n\n\n\n<ul class=\"wp-block-list\">\n<li><a href=\"https:\/\/forms.gle\/1j5dVz5nNGNix5QH8\" target=\"_blank\" rel=\"noreferrer noopener\">Inscripci\u00f3n<\/a><\/li>\n\n\n\n<li><a href=\"https:\/\/forms.gle\/wayKoKS6i8aJEXag7\" target=\"_blank\" rel=\"noreferrer noopener\">Alta nuevo socio<\/a><\/li>\n\n\n\n<li><a href=\"https:\/\/www.ampanavalazarza.es\/actividades-extraescolares\/judo-2025-2026\/\" target=\"_blank\" rel=\"noreferrer noopener\">Informaci\u00f3n<\/a><\/li>\n<\/ul>\n<\/div>\n\n\n\n<div class=\"wp-block-column is-layout-flow wp-block-column-is-layout-flow\">\n<p><strong>Madrugadores<\/strong><\/p>\n\n\n\n<ul class=\"wp-block-list\">\n<li><a href=\"https:\/\/forms.gle\/eDvkjPDHNFhnhzEt7\" target=\"_blank\" rel=\"noreferrer noopener\">Inscripci\u00f3n<\/a><\/li>\n\n\n\n<li><a href=\"https:\/\/www.ampanavalazarza.es\/actividades-extraescolares\/madrugadores-2025-2026\/\" target=\"_blank\" rel=\"noreferrer noopener\">Informaci\u00f3n<\/a><\/li>\n<\/ul>\n\n\n\n<p><strong>Multideporte<\/strong><\/p>\n\n\n\n<ul class=\"wp-block-list\">\n<li><a href=\"https:\/\/forms.gle\/VsLq2rp14xC8McNx5\" target=\"_blank\" rel=\"noreferrer noopener\">Inscripci\u00f3n<\/a><\/li>\n\n\n\n<li><a href=\"https:\/\/www.ampanavalazarza.es\/actividades-extraescolares\/multideporte-2025-2026\/\" target=\"_blank\" rel=\"noreferrer noopener\">Informaci\u00f3n<\/a><\/li>\n<\/ul>\n\n\n\n<p><strong>Proyecto Aprende<\/strong><\/p>\n\n\n\n<ul class=\"wp-block-list\">\n<li><a href=\"https:\/\/forms.gle\/Y5feeBDfnNKkMSnL6\" target=\"_blank\" rel=\"noreferrer noopener\">Inscripci\u00f3n<\/a><\/li>\n\n\n\n<li><a href=\"https:\/\/www.ampanavalazarza.es\/proyecto-aprende-2025-2026\/\" target=\"_blank\" rel=\"noreferrer noopener\">Informaci\u00f3n<\/a><\/li>\n<\/ul>\n\n\n\n<p><strong>Programaci\u00f3n Videojuegos<\/strong><\/p>\n\n\n\n<ul class=\"wp-block-list\">\n<li><a href=\"https:\/\/forms.gle\/g3coxCuaBm5cTWgZ9\" target=\"_blank\" rel=\"noreferrer noopener\">Inscripci\u00f3n<\/a><\/li>\n\n\n\n<li><a href=\"https:\/\/www.ampanavalazarza.es\/programacion-videojuegos-2025-2026\/\" target=\"_blank\" rel=\"noreferrer noopener\">Informaci\u00f3n<\/a><\/li>\n<\/ul>\n\n\n\n<p><strong>Rob\u00f3tica &#8211; IA<\/strong><\/p>\n\n\n\n<ul class=\"wp-block-list\">\n<li><a href=\"https:\/\/forms.gle\/t55BZMShb39T36pb7\" target=\"_blank\" rel=\"noreferrer noopener\">Inscripci\u00f3n<\/a><\/li>\n\n\n\n<li><a href=\"https:\/\/www.ampanavalazarza.es\/robotica-ia-2025-2026\/\" target=\"_blank\" rel=\"noreferrer noopener\">Informaci\u00f3n<\/a><\/li>\n\n\n\n<li><a href=\"https:\/\/site.educa.madrid.org\/cp.navalazarza.sanagustin\/\/wp-content\/uploads\/cp.navalazarza.sanagustin\/2025\/09\/INVITACION-ROBOTICA.pdf\" target=\"_blank\" rel=\"noreferrer noopener\">Cartel<\/a><\/li>\n<\/ul>\n\n\n\n<p><strong>Tardes del Cole<\/strong><\/p>\n\n\n\n<ul class=\"wp-block-list\">\n<li><a href=\"https:\/\/forms.gle\/V6KgnjmyBM9DMeti9\" target=\"_blank\" rel=\"noreferrer noopener\">Inscripci\u00f3n<\/a><\/li>\n\n\n\n<li><a href=\"https:\/\/www.ampanavalazarza.es\/actividades-extraescolares\/tardes-del-cole-2025-2026\/\" target=\"_blank\" rel=\"noreferrer noopener\">Informaci\u00f3n<\/a><\/li>\n<\/ul>\n<\/div>\n\n\n\n<div class=\"wp-block-column is-layout-flow wp-block-column-is-layout-flow\">\n<h2 class=\"wp-block-heading\">Otros<\/h2>\n\n\n\n<ul class=\"wp-block-list\">\n<li><a href=\"https:\/\/forms.gle\/wayKoKS6i8aJEXag7\" target=\"_blank\" rel=\"noreferrer noopener\">Alta como socio de la AMPA<\/a><\/li>\n\n\n\n<li><a href=\"https:\/\/forms.gle\/ma613xy2LMKpXuDa9\" target=\"_blank\" rel=\"noreferrer noopener\">Baja de socio o de cualquier actividad<\/a><\/li>\n\n\n\n<li><a href=\"https:\/\/site.educa.madrid.org\/cp.navalazarza.sanagustin\/\/wp-content\/uploads\/cp.navalazarza.sanagustin\/2023\/11\/Circular-cambios-en-el-RRI-sobre-las-salidas-del-alumnado.pdf\" target=\"_blank\" rel=\"noreferrer noopener\">Cambios RRI sobre salidas de alumnos<\/a><\/li>\n<\/ul>\n<\/div>\n<\/div>\n","protected":false},"excerpt":{"rendered":"<p>Descubriendo Montessori Disciplina Positiva Fitness Inform\u00e1tica &#8211; Entre TIC Ingl\u00e9s &#8211; Improving Judo Madrugadores Multideporte Proyecto Aprende Programaci\u00f3n Videojuegos Rob\u00f3tica [&hellip;]<\/p>\n","protected":false},"author":3,"featured_media":0,"parent":179,"menu_order":1,"comment_status":"closed","ping_status":"closed","template":"page-templates\/page_fullwidth.php","meta":{"footnotes":""},"folder":[33,9],"class_list":["post-1049","page","type-page","status-publish","hentry"],"rttpg_featured_image_url":null,"rttpg_author":{"display_name":"cp.navalazarza.sanagustin","author_link":"https:\/\/site.educa.madrid.org\/cp.navalazarza.sanagustin\/index.php\/author\/cuenta_cp-navalazarza-sanagustin\/"},"rttpg_comment":0,"rttpg_category":" <a href=\"https:\/\/site.educa.madrid.org\/cp.navalazarza.sanagustin\/?taxonomy=folder&#038;term=extraescolares-1719471754-3\" rel=\"tag\">Extraescolares<\/a><a href=\"https:\/\/site.educa.madrid.org\/cp.navalazarza.sanagustin\/?taxonomy=folder&#038;term=servicios-1700472319-3\" rel=\"tag\">Servicios<\/a>","rttpg_excerpt":"Descubriendo Montessori Disciplina Positiva Fitness Inform\u00e1tica &#8211; Entre TIC Ingl\u00e9s &#8211; Improving Judo Madrugadores Multideporte Proyecto Aprende Programaci\u00f3n Videojuegos Rob\u00f3tica [&hellip;]","post_mailing_queue_ids":[],"_links":{"self":[{"href":"https:\/\/site.educa.madrid.org\/cp.navalazarza.sanagustin\/index.php\/wp-json\/wp\/v2\/pages\/1049","targetHints":{"allow":["GET"]}}],"collection":[{"href":"https:\/\/site.educa.madrid.org\/cp.navalazarza.sanagustin\/index.php\/wp-json\/wp\/v2\/pages"}],"about":[{"href":"https:\/\/site.educa.madrid.org\/cp.navalazarza.sanagustin\/index.php\/wp-json\/wp\/v2\/types\/page"}],"author":[{"embeddable":true,"href":"https:\/\/site.educa.madrid.org\/cp.navalazarza.sanagustin\/index.php\/wp-json\/wp\/v2\/users\/3"}],"replies":[{"embeddable":true,"href":"https:\/\/site.educa.madrid.org\/cp.navalazarza.sanagustin\/index.php\/wp-json\/wp\/v2\/comments?post=1049"}],"version-history":[{"count":47,"href":"https:\/\/site.educa.madrid.org\/cp.navalazarza.sanagustin\/index.php\/wp-json\/wp\/v2\/pages\/1049\/revisions"}],"predecessor-version":[{"id":5587,"href":"https:\/\/site.educa.madrid.org\/cp.navalazarza.sanagustin\/index.php\/wp-json\/wp\/v2\/pages\/1049\/revisions\/5587"}],"up":[{"embeddable":true,"href":"https:\/\/site.educa.madrid.org\/cp.navalazarza.sanagustin\/index.php\/wp-json\/wp\/v2\/pages\/179"}],"wp:attachment":[{"href":"https:\/\/site.educa.madrid.org\/cp.navalazarza.sanagustin\/index.php\/wp-json\/wp\/v2\/media?parent=1049"}],"wp:term":[{"taxonomy":"folder","embeddable":true,"href":"https:\/\/site.educa.madrid.org\/cp.navalazarza.sanagustin\/index.php\/wp-json\/wp\/v2\/folder?post=1049"}],"curies":[{"name":"wp","href":"https:\/\/api.w.org\/{rel}","templated":true}]}}