{"id":113,"date":"2022-05-30T16:22:35","date_gmt":"2022-05-30T14:22:35","guid":{"rendered":"https:\/\/site.educa.madrid.org\/cp.navalazarza.sanagustin\/?page_id=113"},"modified":"2026-03-16T11:48:05","modified_gmt":"2026-03-16T10:48:05","slug":"profesorado","status":"publish","type":"page","link":"https:\/\/site.educa.madrid.org\/cp.navalazarza.sanagustin\/index.php\/profesorado\/","title":{"rendered":"Profesorado"},"content":{"rendered":"\n<p>El principal activo de nuestro colegio es su claustro de profesores. Ellos son los&nbsp;<strong>gu\u00edas<\/strong>&nbsp;del itinerario educativo de cada alumno al que le proponen no s\u00f3lo conocimientos sino m\u00e9todos y ejemplo de personas respetuosas y comprometidas.<\/p>\n\n\n\n<div class=\"wp-block-columns are-vertically-aligned-center is-layout-flex wp-container-core-columns-is-layout-9d6595d7 wp-block-columns-is-layout-flex\">\n<div class=\"wp-block-column is-vertically-aligned-center is-layout-flow wp-block-column-is-layout-flow\">\n<p>Los rasgos fundamentales del profesorado del virgen de Navalazarza son:<\/p>\n\n\n\n<ul class=\"wp-block-list\">\n<li>Trabajo en equipo.<\/li>\n\n\n\n<li>Formaci\u00f3n permanente; enorme curiosidad por nuevas metodolog\u00edas.<\/li>\n\n\n\n<li>Apertura e intercambio de experiencias educativas tanto nacionales como internacionales.<\/li>\n<\/ul>\n\n\n\n<p>Destaca sobre todo la figura de los tutores como interlocutores entre profesorado, familia y alumnado.<\/p>\n<\/div>\n\n\n\n<div class=\"wp-block-column is-vertically-aligned-center is-layout-flow wp-block-column-is-layout-flow\"><div class=\"wp-block-image\">\n<figure class=\"aligncenter size-full\"><img loading=\"lazy\" decoding=\"async\" width=\"600\" height=\"267\" src=\"https:\/\/site.educa.madrid.org\/cp.navalazarza.sanagustin\/\/wp-content\/uploads\/cp.navalazarza.sanagustin\/2023\/11\/profesores-navalazarza.jpg\" alt=\"\" class=\"wp-image-1207\" srcset=\"https:\/\/site.educa.madrid.org\/cp.navalazarza.sanagustin\/\/wp-content\/uploads\/cp.navalazarza.sanagustin\/2023\/11\/profesores-navalazarza.jpg 600w, https:\/\/site.educa.madrid.org\/cp.navalazarza.sanagustin\/\/wp-content\/uploads\/cp.navalazarza.sanagustin\/2023\/11\/profesores-navalazarza-300x134.jpg 300w\" sizes=\"auto, (max-width: 600px) 100vw, 600px\" \/><\/figure>\n<\/div><\/div>\n<\/div>\n\n\n\n<div style=\"height:20px\" aria-hidden=\"true\" class=\"wp-block-spacer\"><\/div>\n\n\n\n<h2 class=\"wp-block-heading has-text-align-center\">Equipo directivo<\/h2>\n\n\n\n<div class=\"wp-block-columns are-vertically-aligned-center has-background is-layout-flex wp-container-core-columns-is-layout-9d6595d7 wp-block-columns-is-layout-flex\" style=\"background-color:#0432541a\">\n<div class=\"wp-block-column is-layout-flow wp-block-column-is-layout-flow\">\n<p class=\"has-text-align-center\"><strong>Directora<\/strong><br>M\u00aa Soledad D\u00edaz Serrano&nbsp;<\/p>\n\n\n\n<p class=\"has-text-align-center has-small-font-size\"><a href=\"mailto:soledad.diaz@educa.madrid.org\">soledad.diaz@educa.madrid.org<\/a><\/p>\n<\/div>\n\n\n\n<div class=\"wp-block-column is-layout-flow wp-block-column-is-layout-flow\">\n<p class=\"has-text-align-center\"><strong>Jefa de Estudios<\/strong><br>M\u00aa Dolores Gin\u00e9s Mateos<\/p>\n\n\n\n<p class=\"has-text-align-center has-small-font-size\"><a href=\"mailto:maria.gines@educa.madrid.org\">maria.gines@educa.madrid.org<\/a><\/p>\n<\/div>\n\n\n\n<div class=\"wp-block-column is-layout-flow wp-block-column-is-layout-flow\">\n<p class=\"has-text-align-center\"><strong>Secretaria<\/strong><br>Milagros Cotrina Medina<\/p>\n\n\n\n<p class=\"has-text-align-center has-small-font-size\"><a href=\"mailto:milagros.cotrina@educa.madrid.org\">milagros.cotrina@educa.madrid.org<\/a><\/p>\n<\/div>\n<\/div>\n\n\n\n<h2 class=\"wp-block-heading has-text-align-center\"><strong>Distribuci\u00f3n del profesorado en tutor\u00edas<\/strong><\/h2>\n\n\n\n<h2 class=\"wp-block-heading has-text-align-center\">Infantil<\/h2>\n\n\n\n<div class=\"wp-block-group\"><div class=\"wp-block-group__inner-container is-layout-flow wp-block-group-is-layout-flow\">\n<p class=\"has-text-align-center\"><strong>INFANTIL 3 A\u00d1OS<\/strong><\/p>\n\n\n\n<div class=\"wp-block-columns has-background is-layout-flex wp-container-core-columns-is-layout-9d6595d7 wp-block-columns-is-layout-flex\" style=\"background-color:#f7f7f7\">\n<div class=\"wp-block-column is-layout-flow wp-block-column-is-layout-flow\">\n<p class=\"has-text-align-center has-small-font-size\"><strong>A<\/strong><br>Bego\u00f1a Velasco Picaza<br><a href=\"mailto:begona.velasco@educa.madrid.org\">begona.velasco@educa.madrid.org<\/a><\/p>\n<\/div>\n\n\n\n<div class=\"wp-block-column is-layout-flow wp-block-column-is-layout-flow\">\n<p class=\"has-text-align-center has-small-font-size\"><strong>B<\/strong><br>\u00c1ngeles Morata Contreras<br><a href=\"mailto:angeles.morata@educa.madrid.org\">angeles.morata@educa.madrid.org<\/a><\/p>\n<\/div>\n\n\n\n<div class=\"wp-block-column is-layout-flow wp-block-column-is-layout-flow\"><\/div>\n<\/div>\n<\/div><\/div>\n\n\n\n<div class=\"wp-block-group\"><div class=\"wp-block-group__inner-container is-layout-flow wp-block-group-is-layout-flow\">\n<p class=\"has-text-align-center\"><strong>INFANTIL 4 A\u00d1OS<\/strong><\/p>\n\n\n\n<div class=\"wp-block-columns has-background is-layout-flex wp-container-core-columns-is-layout-9d6595d7 wp-block-columns-is-layout-flex\" style=\"background-color:#f7f7f7\">\n<div class=\"wp-block-column is-layout-flow wp-block-column-is-layout-flow\">\n<p class=\"has-text-align-center has-small-font-size\"><strong>A<\/strong><br>Kebia Nodar De la Cierva<br><a href=\"mailto:kebia.nodar@educa.madrid.org\">kebia.nodar@educa.madrid.org<\/a><\/p>\n<\/div>\n\n\n\n<div class=\"wp-block-column is-layout-flow wp-block-column-is-layout-flow\">\n<p class=\"has-text-align-center has-small-font-size\"><strong>B<\/strong><br>Laura Sanz Borrell<br><a href=\"mailto:laura.sanz@educa.madrid.org\">laura.sanz@educa.madrid.org<\/a><\/p>\n<\/div>\n\n\n\n<div class=\"wp-block-column is-layout-flow wp-block-column-is-layout-flow\"><\/div>\n<\/div>\n<\/div><\/div>\n\n\n\n<div class=\"wp-block-group\"><div class=\"wp-block-group__inner-container is-layout-flow wp-block-group-is-layout-flow\">\n<p class=\"has-text-align-center\"><strong>INFANTIL 5 A\u00d1OS<\/strong><\/p>\n\n\n\n<div class=\"wp-block-columns has-background is-layout-flex wp-container-core-columns-is-layout-9d6595d7 wp-block-columns-is-layout-flex\" style=\"background-color:#f7f7f7\">\n<div class=\"wp-block-column is-layout-flow wp-block-column-is-layout-flow\">\n<p class=\"has-text-align-center has-small-font-size\"><strong>A<\/strong><br>Ver\u00f3nica Siabra Fraile<br><a href=\"mailto:veronica.siabra@educa.madrid.org\">veronica.siabra@educa.madrid.org<\/a><\/p>\n<\/div>\n\n\n\n<div class=\"wp-block-column is-layout-flow wp-block-column-is-layout-flow\">\n<p class=\"has-text-align-center has-small-font-size\"><strong>B<\/strong><br>Marisa Hidalgo Mu\u00f1oz<br><a href=\"mailto:luisa.hidalgo@educa.madrid.org\">luisa.hidalgo@educa.madrid.org<\/a><\/p>\n<\/div>\n\n\n\n<div class=\"wp-block-column is-layout-flow wp-block-column-is-layout-flow\"><\/div>\n<\/div>\n<\/div><\/div>\n\n\n\n<h2 class=\"wp-block-heading has-text-align-center\">Primaria<\/h2>\n\n\n\n<div class=\"wp-block-group\"><div class=\"wp-block-group__inner-container is-layout-constrained wp-block-group-is-layout-constrained\">\n<p class=\"has-text-align-center\"><strong>1\u00ba DE PRIMARIA<\/strong><\/p>\n\n\n\n<div class=\"wp-block-columns has-background is-layout-flex wp-container-core-columns-is-layout-9d6595d7 wp-block-columns-is-layout-flex\" style=\"background-color:#f7f7f7\">\n<div class=\"wp-block-column is-layout-flow wp-block-column-is-layout-flow\">\n<p class=\"has-text-align-center has-small-font-size\"><strong>A<\/strong><br>Raquel Olivar Merchante<br><a href=\"mailto:raquel.olivar@educa.madrid.org\">raquel.olivar@educa.madrid.org<\/a><\/p>\n<\/div>\n\n\n\n<div class=\"wp-block-column is-layout-flow wp-block-column-is-layout-flow\">\n<p class=\"has-text-align-center has-small-font-size\"><strong>B<\/strong><br>Raquel Vega Carretero<br><a href=\"mailto:raquel.vegacarretero@educa.madrid.org\">raquel.vegacarretero@educa.madrid.org<\/a><\/p>\n<\/div>\n\n\n\n<div class=\"wp-block-column is-layout-flow wp-block-column-is-layout-flow\"><\/div>\n<\/div>\n<\/div><\/div>\n\n\n\n<div class=\"wp-block-group\"><div class=\"wp-block-group__inner-container is-layout-constrained wp-block-group-is-layout-constrained\">\n<p class=\"has-text-align-center\"><strong>2\u00ba DE PRIMARIA<\/strong><\/p>\n\n\n\n<div class=\"wp-block-columns has-background is-layout-flex wp-container-core-columns-is-layout-9d6595d7 wp-block-columns-is-layout-flex\" style=\"background-color:#f7f7f7\">\n<div class=\"wp-block-column is-layout-flow wp-block-column-is-layout-flow\">\n<p class=\"has-text-align-center has-small-font-size\"><strong>A<\/strong><br>Nuria Sueiro Montero<br><a href=\"mailto:nuria.sueiro@educa.madrid.org\">nuria.sueiro@educa.madrid.org<\/a><\/p>\n<\/div>\n\n\n\n<div class=\"wp-block-column is-layout-flow wp-block-column-is-layout-flow\">\n<p class=\"has-text-align-center has-small-font-size\"><strong>B<\/strong><br>Marina Grasso Caubet<br><a href=\"mailto:marina.grasso@educa.madrid.org\">marina.grasso@educa.madrid.org<\/a><\/p>\n<\/div>\n\n\n\n<div class=\"wp-block-column is-layout-flow wp-block-column-is-layout-flow\"><\/div>\n<\/div>\n<\/div><\/div>\n\n\n\n<div class=\"wp-block-group\"><div class=\"wp-block-group__inner-container is-layout-constrained wp-block-group-is-layout-constrained\">\n<p class=\"has-text-align-center\"><strong>3\u00ba DE PRIMARIA<\/strong><\/p>\n\n\n\n<div class=\"wp-block-columns has-background is-layout-flex wp-container-core-columns-is-layout-9d6595d7 wp-block-columns-is-layout-flex\" style=\"background-color:#f7f7f7\">\n<div class=\"wp-block-column is-layout-flow wp-block-column-is-layout-flow\">\n<p class=\"has-text-align-center has-small-font-size\"><strong>A<\/strong><br>Alba Lizondo Peris<br><a href=\"mailto:alba.lizondo@educa.madrid.org\">alba.lizondo@educa.madrid.org<\/a><br><\/p>\n<\/div>\n\n\n\n<div class=\"wp-block-column is-layout-flow wp-block-column-is-layout-flow\">\n<p class=\"has-text-align-center has-small-font-size\"><strong>B<\/strong><br>Adela Morcillo Gabriel<br><a href=\"mailto:adela.morcillo@educa.madrid.org\">adela.morcillo@educa.madrid.org<\/a><\/p>\n<\/div>\n\n\n\n<div class=\"wp-block-column is-layout-flow wp-block-column-is-layout-flow\"><\/div>\n<\/div>\n<\/div><\/div>\n\n\n\n<div class=\"wp-block-group\"><div class=\"wp-block-group__inner-container is-layout-constrained wp-block-group-is-layout-constrained\">\n<p class=\"has-text-align-center\"><strong>4\u00ba DE PRIMARIA<\/strong><\/p>\n\n\n\n<div class=\"wp-block-columns has-background is-layout-flex wp-container-core-columns-is-layout-9d6595d7 wp-block-columns-is-layout-flex\" style=\"background-color:#f7f7f7\">\n<div class=\"wp-block-column is-layout-flow wp-block-column-is-layout-flow\">\n<p class=\"has-text-align-center has-small-font-size\"><strong>A<\/strong><br>Carmen Muriel Calatayud<br><a href=\"mailto:carmen.muriel@educa.madrid.org\">carmen.muriel@educa.madrid.org<\/a><\/p>\n<\/div>\n\n\n\n<div class=\"wp-block-column is-layout-flow wp-block-column-is-layout-flow\">\n<p class=\"has-text-align-center has-small-font-size\"><strong>B<\/strong><br>Estibaliz Medina Mart\u00edn<br><a href=\"mailto:estibaliz.medina@educa.madrid.org\">estibaliz.medina@educa.madrid.org<\/a><\/p>\n<\/div>\n\n\n\n<div class=\"wp-block-column is-layout-flow wp-block-column-is-layout-flow\">\n<p class=\"has-text-align-center has-small-font-size\"><strong>C<\/strong><br>In\u00e9s Vargas Nodar<br><a href=\"mailto:ines.vargas@educa.madrid.org\">ines.vargas@educa.madrid.org<\/a><\/p>\n<\/div>\n<\/div>\n<\/div><\/div>\n\n\n\n<div class=\"wp-block-group\"><div class=\"wp-block-group__inner-container is-layout-constrained wp-block-group-is-layout-constrained\">\n<p class=\"has-text-align-center\"><strong>5\u00ba DE PRIMARIA<\/strong><\/p>\n\n\n\n<div class=\"wp-block-columns has-background is-layout-flex wp-container-core-columns-is-layout-9d6595d7 wp-block-columns-is-layout-flex\" style=\"background-color:#f7f7f7\">\n<div class=\"wp-block-column is-layout-flow wp-block-column-is-layout-flow\">\n<p class=\"has-text-align-center has-small-font-size\"><strong>A<\/strong><br>M\u00aa Jos\u00e9 Izquierdo Mart\u00ednez <br><a href=\"mailto:mariajose.izquierdo@educa.madrid.org\">mariajose.izquierdo@educa.madrid.org<\/a><\/p>\n<\/div>\n\n\n\n<div class=\"wp-block-column is-layout-flow wp-block-column-is-layout-flow\">\n<p class=\"has-text-align-center has-small-font-size\"><strong>B<\/strong><br>Nathan Emery Arnaiz<br><a href=\"mailto:nathancarlos.emeryarnaiz@educa.madrid.org\">nathancarlos.emeryarnaiz@educa.madrid.org<\/a><\/p>\n<\/div>\n\n\n\n<div class=\"wp-block-column is-layout-flow wp-block-column-is-layout-flow\">\n<p class=\"has-text-align-center has-small-font-size\"><strong>C<\/strong><br>Eva Pedrera Elvira <br><a href=\"mailto:epedreraelvira@educa.madrid.org\">epedreraelvira@educa.madrid.org<\/a><\/p>\n<\/div>\n<\/div>\n<\/div><\/div>\n\n\n\n<div class=\"wp-block-group\"><div class=\"wp-block-group__inner-container is-layout-constrained wp-block-group-is-layout-constrained\">\n<p class=\"has-text-align-center\"><strong>6\u00ba DE PRIMARIA<\/strong><\/p>\n\n\n\n<div class=\"wp-block-columns has-background is-layout-flex wp-container-core-columns-is-layout-9d6595d7 wp-block-columns-is-layout-flex\" style=\"background-color:#f7f7f7\">\n<div class=\"wp-block-column is-layout-flow wp-block-column-is-layout-flow\">\n<p class=\"has-text-align-center has-small-font-size\"><strong>A<\/strong><br>Lourdes S\u00e1nchez S\u00e1nchez<br><a href=\"mailto:lourdes.sanchez1@educa.madrid.org\">lourdes.sanchez1@educa.madrid.org<\/a><\/p>\n<\/div>\n\n\n\n<div class=\"wp-block-column is-layout-flow wp-block-column-is-layout-flow\">\n<p class=\"has-text-align-center has-small-font-size\"><strong>B<\/strong><br>Beatriz Milano Dom\u00ednguez<br><a href=\"mailto:beatriz.milano@educa.madrid.org\">beatriz.milano@educa.madrid.org<\/a><\/p>\n<\/div>\n\n\n\n<div class=\"wp-block-column is-layout-flow wp-block-column-is-layout-flow\">\n<p class=\"has-text-align-center has-small-font-size\"><strong>C<\/strong><br>Zaida Del Valle D\u00edaz<br><a href=\"mailto:zdelvalle@educa.madrid.org\">zdelvalle@educa.madrid.org<\/a><\/p>\n<\/div>\n\n\n\n<div class=\"wp-block-column is-layout-flow wp-block-column-is-layout-flow\">\n<p class=\"has-text-align-center has-small-font-size\"><strong>D<\/strong><br>Teresa Centenera Mansino<br><a href=\"mailto:teresa.centena@educa.madrid.org\">teresa.centena@educa.madrid.org<\/a><\/p>\n<\/div>\n<\/div>\n<\/div><\/div>\n\n\n\n<h2 class=\"wp-block-heading has-text-align-center\"><br>Profesores sin Tutor\u00eda y otros<\/h2>\n\n\n\n<div style=\"height:30px\" aria-hidden=\"true\" class=\"wp-block-spacer\"><\/div>\n\n\n\n<div class=\"wp-block-columns is-layout-flex wp-container-core-columns-is-layout-9d6595d7 wp-block-columns-is-layout-flex\">\n<div class=\"wp-block-column is-layout-flow wp-block-column-is-layout-flow\">\n<p class=\"has-text-align-center has-small-font-size\"><strong>Apoyo Educaci\u00f3n Infantil<\/strong><br>M\u00aa Cristina Bernardo Devesa<br><a href=\"mailto:cristina.bernardo2@educa.madrid.org\">cristina.bernardo2@educa.madrid.org<\/a><\/p>\n<\/div>\n\n\n\n<div class=\"wp-block-column is-layout-flow wp-block-column-is-layout-flow\">\n<p class=\"has-text-align-center has-small-font-size\"><strong>Apoyo Educaci\u00f3n Infantil<\/strong><br>Virginia M\u00aa Ballesteros S\u00e1nchez<br><a href=\"mailto:virginiamaria.ballesteros@educa.madrid.org\">virginiamaria.ballesteros@educa.madrid.org<\/a><\/p>\n<\/div>\n\n\n\n<div class=\"wp-block-column is-layout-flow wp-block-column-is-layout-flow\">\n<p class=\"has-text-align-center has-small-font-size\"><strong>Ingl\u00e9s Educaci\u00f3n Infantil<\/strong><br>Mar\u00eda Miranda Avezuela<br><a href=\"mailto:mmirandaavezuela@educa.madrid.org\">mmirandaavezuela@educa.madrid.org<\/a><\/p>\n<\/div>\n<\/div>\n\n\n\n<div class=\"wp-block-columns is-layout-flex wp-container-core-columns-is-layout-9d6595d7 wp-block-columns-is-layout-flex\">\n<div class=\"wp-block-column is-layout-flow wp-block-column-is-layout-flow\">\n<p class=\"has-text-align-center has-small-font-size\"><strong>M\u00fasica Educaci\u00f3n Primaria<\/strong><br>Ana M\u00aa Gallego Carbajo<br><a href=\"mailto:agallego7@educa.madrid.org\">agallego7@educa.madrid.org<\/a><\/p>\n<\/div>\n\n\n\n<div class=\"wp-block-column is-layout-flow wp-block-column-is-layout-flow\">\n<p class=\"has-text-align-center has-small-font-size\"><strong>Educaci\u00f3n F\u00edsica<\/strong><br>In\u00e9s Mart\u00ednez \u00c1rias<br><a href=\"mailto:ines.martinez@educa.madrid.org\">ines.martinez@educa.madrid.org<\/a><\/p>\n<\/div>\n\n\n\n<div class=\"wp-block-column is-layout-flow wp-block-column-is-layout-flow\">\n<p class=\"has-text-align-center has-small-font-size\"><strong>Educaci\u00f3n F\u00edsica<\/strong><br>Juan Pablo V\u00e1llez G\u00f3mez<br><a href=\"mailto:juan.vallez@educa.madrid.org\">juan.vallez@educa.madrid.org<\/a><\/p>\n<\/div>\n<\/div>\n\n\n\n<div class=\"wp-block-columns is-layout-flex wp-container-core-columns-is-layout-9d6595d7 wp-block-columns-is-layout-flex\">\n<div class=\"wp-block-column is-layout-flow wp-block-column-is-layout-flow\">\n<p class=\"has-text-align-center has-small-font-size\"><strong>Educaci\u00f3n F\u00edsica<\/strong><br>Pedro Eliecer Puente S\u00e1nchez<br><a href=\"mailto:ppuentesanchez@educa.madrid.org\">ppuentesanchez@educa.madrid.org<\/a><\/p>\n<\/div>\n\n\n\n<div class=\"wp-block-column is-layout-flow wp-block-column-is-layout-flow\">\n<p class=\"has-text-align-center has-small-font-size\"><strong>Audici\u00f3n y Lenguaje<\/strong><br>Cristina Villegas D\u00edaz<br><a href=\"mailto:Cristina.villegas1@educa.madrid.org\">cristina.villegas1@educa.madrid.org<\/a><\/p>\n<\/div>\n\n\n\n<div class=\"wp-block-column is-layout-flow wp-block-column-is-layout-flow\">\n<p class=\"has-text-align-center has-small-font-size\"><strong>Audici\u00f3n y Lenguaje (Aula TGD 1: Faro)<\/strong><br>Silvia Hern\u00e1ndez Fern\u00e1ndez<br><a href=\"mailto:tmacias@educa.madrid.org\"><\/a><a href=\"mailto:silvia.hernandezfernandez@educa.madrid.org\">silvia.hernandezfernandez@educa.madrid.org<\/a><\/p>\n<\/div>\n<\/div>\n\n\n\n<div class=\"wp-block-columns is-layout-flex wp-container-core-columns-is-layout-9d6595d7 wp-block-columns-is-layout-flex\">\n<div class=\"wp-block-column is-layout-flow wp-block-column-is-layout-flow\">\n<p class=\"has-text-align-center has-small-font-size\"><strong>Audici\u00f3n y Lenguaje (Aula TGD 2: Ancla)<\/strong><br>Santiago Pozuelo Ordo\u00f1ez<br><a href=\"mailto:santiago.pozueloordonez@educa.madrid.org\">santiago.pozueloordonez@educa.madrid.org<\/a><\/p>\n<\/div>\n\n\n\n<div class=\"wp-block-column is-layout-flow wp-block-column-is-layout-flow\">\n<p class=\"has-text-align-center has-small-font-size\"><strong>Pedagog\u00eda Terap\u00e9utica<\/strong><br>Mar\u00eda Cabo Repila<br><a href=\"mailto:maria.cabo@educa.madrid.org\">maria.cabo@educa.madrid.org<\/a><\/p>\n<\/div>\n\n\n\n<div class=\"wp-block-column is-layout-flow wp-block-column-is-layout-flow\">\n<p class=\"has-text-align-center has-small-font-size\"><strong>Pedagog\u00eda Terap\u00e9utica<\/strong><br>Raquel Barradas Achaques<br><a href=\"mailto:rbarradas@educa.madrid.org\">rbarradas@educa.madrid.org<\/a><br>Sustituye a Blanca Espinosa Mart\u00ednez<\/p>\n<\/div>\n<\/div>\n\n\n\n<div class=\"wp-block-columns is-layout-flex wp-container-core-columns-is-layout-9d6595d7 wp-block-columns-is-layout-flex\">\n<div class=\"wp-block-column is-layout-flow wp-block-column-is-layout-flow\">\n<p class=\"has-text-align-center has-small-font-size\"><strong>Educaci\u00f3n Compensatoria<\/strong><br>Isabel Rey Castell\u00f3<br><a href=\"mailto:isabel.rey1@educa.madrid.org\">isabel.rey1@educa.madrid.org<\/a><\/p>\n<\/div>\n\n\n\n<div class=\"wp-block-column is-layout-flow wp-block-column-is-layout-flow\">\n<p class=\"has-text-align-center has-small-font-size\"><strong>Servicio de Atenci\u00f3n Domiciliaria<\/strong><br>Patricia Cazorla Cerezo<br><a href=\"mailto:patricia.cazorla@educa.madrid.org\">patricia.cazorla@educa.madrid.org<\/a><\/p>\n<\/div>\n\n\n\n<div class=\"wp-block-column is-layout-flow wp-block-column-is-layout-flow\">\n<p class=\"has-text-align-center has-small-font-size\"><strong>Religi\u00f3n<\/strong><br>Gerardo Jos\u00e9 Fern\u00e1ndez Olayo<br><a href=\"mailto:gerardo.fernandez@educa.madrid.org\">gerardo.fernandez@educa.madrid.org<\/a><\/p>\n<\/div>\n<\/div>\n\n\n\n<div class=\"wp-block-columns is-layout-flex wp-container-core-columns-is-layout-9d6595d7 wp-block-columns-is-layout-flex\">\n<div class=\"wp-block-column is-layout-flow wp-block-column-is-layout-flow\">\n<p class=\"has-text-align-center has-small-font-size\"><strong>Religi\u00f3n<\/strong><br>Marta Garc\u00eda Ca\u00ednzos<br><a href=\"mailto:svelazquez@educa.madrid.org\"><\/a><a href=\"mailto:marta.garciacainzos@educa.madrid.org\">marta.garciacainzos@educa.madrid.org<\/a><\/p>\n<\/div>\n\n\n\n<div class=\"wp-block-column is-layout-flow wp-block-column-is-layout-flow\">\n<p class=\"has-text-align-center has-small-font-size\"><strong>Programa de Cooperaci\u00f3n Territorial <\/strong><br>(<strong>Refuerzo Matem\u00e1ticas<\/strong>)<br>Marina Pozuelo Ferreiro<br><a href=\"mailto:marina.pozuelo1@educa.madrid.org\">marina.pozuelo1@educa.madrid.org<\/a><br><\/p>\n<\/div>\n\n\n\n<div class=\"wp-block-column is-layout-flow wp-block-column-is-layout-flow\">\n<p class=\"has-text-align-center has-small-font-size\"><strong>Orientadora<\/strong><br>\u00c1ngela Gal\u00e1n<br><a href=\"mailto:angela.galan@educa.madrid.org\">angela.galan@educa.madrid.org<\/a><\/p>\n<\/div>\n<\/div>\n\n\n\n<div class=\"wp-block-columns is-layout-flex wp-container-core-columns-is-layout-9d6595d7 wp-block-columns-is-layout-flex\">\n<div class=\"wp-block-column is-layout-flow wp-block-column-is-layout-flow\">\n<p class=\"has-text-align-center has-small-font-size\"><strong>Profesor Servicios a la Comunidad (PSC)<\/strong><br>In\u00e9s Bermejo Palacios<br><a href=\"mailto:ines.bermejopalacios@educa.madrid.org\">ines.bermejopalacios@educa.madrid.org<\/a><\/p>\n<\/div>\n\n\n\n<div class=\"wp-block-column is-layout-flow wp-block-column-is-layout-flow\"><\/div>\n\n\n\n<div class=\"wp-block-column is-layout-flow wp-block-column-is-layout-flow\"><\/div>\n<\/div>\n","protected":false},"excerpt":{"rendered":"<p>El principal activo de nuestro colegio es su claustro de profesores. Ellos son los&nbsp;gu\u00edas&nbsp;del itinerario educativo de cada alumno al [&hellip;]<\/p>\n","protected":false},"author":6,"featured_media":0,"parent":0,"menu_order":4,"comment_status":"closed","ping_status":"closed","template":"page-templates\/page_fullwidth.php","meta":{"footnotes":""},"folder":[8,29],"class_list":["post-113","page","type-page","status-publish","hentry"],"rttpg_featured_image_url":null,"rttpg_author":{"display_name":"Cuenta Admin-educamadrid","author_link":"https:\/\/site.educa.madrid.org\/cp.navalazarza.sanagustin\/index.php\/author\/cuenta_admin-educamadrid\/"},"rttpg_comment":0,"rttpg_category":" <a href=\"https:\/\/site.educa.madrid.org\/cp.navalazarza.sanagustin\/?taxonomy=folder&#038;term=nuestro-centro-1700472291-3\" rel=\"tag\">El Centro<\/a><a href=\"https:\/\/site.educa.madrid.org\/cp.navalazarza.sanagustin\/?taxonomy=folder&#038;term=equipo-humano-1719471687-3\" rel=\"tag\">Equipo Humano<\/a>","rttpg_excerpt":"El principal activo de nuestro colegio es su claustro de profesores. Ellos son los&nbsp;gu\u00edas&nbsp;del itinerario educativo de cada alumno al [&hellip;]","post_mailing_queue_ids":[],"_links":{"self":[{"href":"https:\/\/site.educa.madrid.org\/cp.navalazarza.sanagustin\/index.php\/wp-json\/wp\/v2\/pages\/113","targetHints":{"allow":["GET"]}}],"collection":[{"href":"https:\/\/site.educa.madrid.org\/cp.navalazarza.sanagustin\/index.php\/wp-json\/wp\/v2\/pages"}],"about":[{"href":"https:\/\/site.educa.madrid.org\/cp.navalazarza.sanagustin\/index.php\/wp-json\/wp\/v2\/types\/page"}],"author":[{"embeddable":true,"href":"https:\/\/site.educa.madrid.org\/cp.navalazarza.sanagustin\/index.php\/wp-json\/wp\/v2\/users\/6"}],"replies":[{"embeddable":true,"href":"https:\/\/site.educa.madrid.org\/cp.navalazarza.sanagustin\/index.php\/wp-json\/wp\/v2\/comments?post=113"}],"version-history":[{"count":49,"href":"https:\/\/site.educa.madrid.org\/cp.navalazarza.sanagustin\/index.php\/wp-json\/wp\/v2\/pages\/113\/revisions"}],"predecessor-version":[{"id":6770,"href":"https:\/\/site.educa.madrid.org\/cp.navalazarza.sanagustin\/index.php\/wp-json\/wp\/v2\/pages\/113\/revisions\/6770"}],"wp:attachment":[{"href":"https:\/\/site.educa.madrid.org\/cp.navalazarza.sanagustin\/index.php\/wp-json\/wp\/v2\/media?parent=113"}],"wp:term":[{"taxonomy":"folder","embeddable":true,"href":"https:\/\/site.educa.madrid.org\/cp.navalazarza.sanagustin\/index.php\/wp-json\/wp\/v2\/folder?post=113"}],"curies":[{"name":"wp","href":"https:\/\/api.w.org\/{rel}","templated":true}]}}