{"id":115,"date":"2022-05-30T16:22:35","date_gmt":"2022-05-30T14:22:35","guid":{"rendered":"https:\/\/site.educa.madrid.org\/cp.navalazarza.sanagustin\/?page_id=115"},"modified":"2026-02-02T09:24:38","modified_gmt":"2026-02-02T08:24:38","slug":"consejo-escolar","status":"publish","type":"page","link":"https:\/\/site.educa.madrid.org\/cp.navalazarza.sanagustin\/index.php\/consejo-escolar\/","title":{"rendered":"Consejo Escolar"},"content":{"rendered":"\n<p><strong><em>El Consejo Escolar<\/em><\/strong>&nbsp;es el \u00f3rgano de participaci\u00f3n en el control y gesti\u00f3n del centro. En \u00e9l est\u00e1n representados los distintos sectores que constituyen la comunidad educativa: profesores, padres, personal de administraci\u00f3n y servicios y el Ayuntamiento de la localidad.<\/p>\n\n\n\n<p>Su composici\u00f3n y competencias est\u00e1n recogidas en los art\u00edculos 126 y 127 de la LOE.<\/p>\n\n\n\n<p>El Consejo Escolar de nuestro colegio est\u00e1 constituido por la directora, la jefe de estudios, la secretaria (con voz, pero sin voto), cinco profesores, cinco padres (uno de ellos designado directamente por la AMPA) y un representante del Ayuntamiento de San Agustin del Guadalix.<\/p>\n\n\n\n<p><strong>\u00bfPara qu\u00e9 sirve el Consejo Escolar?<\/strong>&nbsp;Las decisiones que se toman en un colegio no son solo patrimonio de la direcci\u00f3n, sino responsabilidad de todos los que nos sentimos comprometidos con la educaci\u00f3n en el m\u00e1s amplio sentido de la palabra. Quejarnos es un derecho, pero colaborar es nuestro deber.<\/p>\n\n\n\n<h2 class=\"wp-block-heading has-text-align-center has-medium-font-size\">Equipo Directivo<\/h2>\n\n\n\n<div class=\"wp-block-columns has-background is-layout-flex wp-container-core-columns-is-layout-9d6595d7 wp-block-columns-is-layout-flex\" style=\"background-color:#0432541a\">\n<div class=\"wp-block-column is-layout-flow wp-block-column-is-layout-flow\">\n<p class=\"has-text-align-center\"><strong>Presidente<\/strong><br>D\u00aa M\u00aa Soledad D\u00edaz Serrano<\/p>\n<\/div>\n\n\n\n<div class=\"wp-block-column is-layout-flow wp-block-column-is-layout-flow\">\n<p class=\"has-text-align-center\"><strong>Jefa de Estudios<\/strong><br>D\u00aa M\u00aa Dolores Gin\u00e9s Mateos<\/p>\n<\/div>\n\n\n\n<div class=\"wp-block-column is-layout-flow wp-block-column-is-layout-flow\">\n<p class=\"has-text-align-center\"><strong>Secretaria<\/strong><br>D\u00aa Milagros Cotrina Medina<\/p>\n<\/div>\n<\/div>\n\n\n\n<div class=\"wp-block-columns has-background is-layout-flex wp-container-core-columns-is-layout-9d6595d7 wp-block-columns-is-layout-flex\" style=\"background-color:#f7f7f7\">\n<div class=\"wp-block-column is-layout-flow wp-block-column-is-layout-flow\">\n<p><strong>Sector de Maestros:<\/strong><\/p>\n\n\n\n<ul class=\"wp-block-list\">\n<li>D\u00aa In\u00e9s Mart\u00ednez \u00c1rias<\/li>\n\n\n\n<li>D\u00aa Estibaliz Medina Mart\u00edn<\/li>\n\n\n\n<li>D\u00aa \u00c1ngeles Morata Contreras<\/li>\n\n\n\n<li>D\u00aa Beatriz Milano Dom\u00ednguez<\/li>\n\n\n\n<li>D\u00aa Bego\u00f1a Velasco Picaza<\/li>\n<\/ul>\n<\/div>\n\n\n\n<div class=\"wp-block-column is-layout-flow wp-block-column-is-layout-flow\">\n<p><strong>Sector Familias:<\/strong><\/p>\n\n\n\n<ul class=\"wp-block-list\">\n<li>D\u00aa Gemma Cucurella Vila<\/li>\n\n\n\n<li>D\u00aa Rebeca Cano Garc\u00eda<\/li>\n\n\n\n<li>D\u00aa Ainara Sanz Baonza<\/li>\n\n\n\n<li>D. Gonzalo Nieto Mart\u00edn<\/li>\n\n\n\n<li>D\u00aa Cristina Mart\u00ednez Alc\u00e1zar<\/li>\n\n\n\n<li>D. \u00d3scar Mir\u00f3 Alonso<\/li>\n\n\n\n<li>Contacto Familias:<br><a href=\"mailto:familias_consejoescolar@colegionavalazarza.com\">familias_consejoescolar@<\/a><br><a href=\"mailto:familias_consejoescolar@colegionavalazarza.com\">colegionavalazarza.com<\/a><\/li>\n<\/ul>\n<\/div>\n\n\n\n<div class=\"wp-block-column is-layout-flow wp-block-column-is-layout-flow\">\n<p><strong>Representante del Ayto:<\/strong><\/p>\n\n\n\n<ul class=\"wp-block-list\">\n<li>D\u00aa Roc\u00edo Espinosa Riquelme<\/li>\n<\/ul>\n\n\n\n<p><strong>Administraci\u00f3n y servicios:<\/strong><\/p>\n\n\n\n<ul class=\"wp-block-list\">\n<li><\/li>\n<\/ul>\n<\/div>\n<\/div>\n\n\n\n<div class=\"wp-block-columns has-background is-layout-flex wp-container-core-columns-is-layout-9d6595d7 wp-block-columns-is-layout-flex\" style=\"background-color:#f7f7f7\">\n<div class=\"wp-block-column is-layout-flow wp-block-column-is-layout-flow\">\n<p><strong>Comisi\u00f3n Permanente:<\/strong><\/p>\n\n\n\n<ul class=\"wp-block-list\">\n<li>D\u00aa M\u00aa Dolores Gin\u00e9s Mateos<\/li>\n\n\n\n<li>D\u00aa Milagros Cotrina Medina<\/li>\n\n\n\n<li>D\u00aa In\u00e9s Mart\u00ednez \u00c1rias<\/li>\n\n\n\n<li>D\u00aa Bego\u00f1a Velasco Picaza<\/li>\n\n\n\n<li>D\u00aa Rebeca Cano Garc\u00eda<\/li>\n<\/ul>\n<\/div>\n\n\n\n<div class=\"wp-block-column is-layout-flow wp-block-column-is-layout-flow\">\n<p><strong>Convivencia y Absentismo:<\/strong><\/p>\n\n\n\n<ul class=\"wp-block-list\">\n<li>D\u00aa M\u00aa Soledad D\u00edaz Serrano<\/li>\n\n\n\n<li>D\u00aa M\u00aa Dolores Gin\u00e9s Mateos<\/li>\n\n\n\n<li>D\u00aa Beatriz Milano Dom\u00ednguez<\/li>\n\n\n\n<li>D\u00aa Gemma Cucurella Vila<\/li>\n\n\n\n<li>D\u00aa Cristina Mart\u00ednez Alc\u00e1zar<\/li>\n\n\n\n<li>D. \u00d3scar Mir\u00f3 Alonso<\/li>\n<\/ul>\n<\/div>\n\n\n\n<div class=\"wp-block-column is-layout-flow wp-block-column-is-layout-flow\">\n<p><strong>Comisi\u00f3n de Comedor:<\/strong><\/p>\n\n\n\n<ul class=\"wp-block-list\">\n<li>D\u00aa M\u00aa Soledad D\u00edaz Serrano<\/li>\n\n\n\n<li>D\u00aa M\u00aa Dolores Gin\u00e9s Mateos<\/li>\n\n\n\n<li>D\u00aa Estibaliz Medina Mart\u00edn<\/li>\n\n\n\n<li>D\u00aa Ainara Sanz Baonza<\/li>\n<\/ul>\n<\/div>\n\n\n\n<div class=\"wp-block-column is-layout-flow wp-block-column-is-layout-flow\">\n<p><strong>Comisi\u00f3n Econ\u00f3mica:<\/strong><\/p>\n\n\n\n<ul class=\"wp-block-list\">\n<li>D\u00aa M\u00aa Soledad D\u00edaz Serrano<\/li>\n\n\n\n<li>D\u00aa Milagros Cotrina Medina<\/li>\n\n\n\n<li>D\u00aa \u00c1ngeles Morata Contreras<\/li>\n\n\n\n<li>D. Gonzalo Nieto Mart\u00edn<\/li>\n<\/ul>\n<\/div>\n<\/div>\n","protected":false},"excerpt":{"rendered":"<p>El Consejo Escolar&nbsp;es el \u00f3rgano de participaci\u00f3n en el control y gesti\u00f3n del centro. En \u00e9l est\u00e1n representados los distintos [&hellip;]<\/p>\n","protected":false},"author":6,"featured_media":0,"parent":0,"menu_order":4,"comment_status":"closed","ping_status":"closed","template":"page-templates\/page_fullwidth.php","meta":{"footnotes":""},"folder":[8,29],"class_list":["post-115","page","type-page","status-publish","hentry"],"rttpg_featured_image_url":null,"rttpg_author":{"display_name":"Cuenta Admin-educamadrid","author_link":"https:\/\/site.educa.madrid.org\/cp.navalazarza.sanagustin\/index.php\/author\/cuenta_admin-educamadrid\/"},"rttpg_comment":0,"rttpg_category":" <a href=\"https:\/\/site.educa.madrid.org\/cp.navalazarza.sanagustin\/?taxonomy=folder&#038;term=nuestro-centro-1700472291-3\" rel=\"tag\">El Centro<\/a><a href=\"https:\/\/site.educa.madrid.org\/cp.navalazarza.sanagustin\/?taxonomy=folder&#038;term=equipo-humano-1719471687-3\" rel=\"tag\">Equipo Humano<\/a>","rttpg_excerpt":"El Consejo Escolar&nbsp;es el \u00f3rgano de participaci\u00f3n en el control y gesti\u00f3n del centro. En \u00e9l est\u00e1n representados los distintos [&hellip;]","post_mailing_queue_ids":[],"_links":{"self":[{"href":"https:\/\/site.educa.madrid.org\/cp.navalazarza.sanagustin\/index.php\/wp-json\/wp\/v2\/pages\/115","targetHints":{"allow":["GET"]}}],"collection":[{"href":"https:\/\/site.educa.madrid.org\/cp.navalazarza.sanagustin\/index.php\/wp-json\/wp\/v2\/pages"}],"about":[{"href":"https:\/\/site.educa.madrid.org\/cp.navalazarza.sanagustin\/index.php\/wp-json\/wp\/v2\/types\/page"}],"author":[{"embeddable":true,"href":"https:\/\/site.educa.madrid.org\/cp.navalazarza.sanagustin\/index.php\/wp-json\/wp\/v2\/users\/6"}],"replies":[{"embeddable":true,"href":"https:\/\/site.educa.madrid.org\/cp.navalazarza.sanagustin\/index.php\/wp-json\/wp\/v2\/comments?post=115"}],"version-history":[{"count":47,"href":"https:\/\/site.educa.madrid.org\/cp.navalazarza.sanagustin\/index.php\/wp-json\/wp\/v2\/pages\/115\/revisions"}],"predecessor-version":[{"id":6434,"href":"https:\/\/site.educa.madrid.org\/cp.navalazarza.sanagustin\/index.php\/wp-json\/wp\/v2\/pages\/115\/revisions\/6434"}],"wp:attachment":[{"href":"https:\/\/site.educa.madrid.org\/cp.navalazarza.sanagustin\/index.php\/wp-json\/wp\/v2\/media?parent=115"}],"wp:term":[{"taxonomy":"folder","embeddable":true,"href":"https:\/\/site.educa.madrid.org\/cp.navalazarza.sanagustin\/index.php\/wp-json\/wp\/v2\/folder?post=115"}],"curies":[{"name":"wp","href":"https:\/\/api.w.org\/{rel}","templated":true}]}}